{"id":1229,"date":"2025-06-05T15:16:30","date_gmt":"2025-06-05T14:16:30","guid":{"rendered":"https:\/\/workboot.fr\/ciela\/?page_id=1229"},"modified":"2025-11-12T09:38:10","modified_gmt":"2025-11-12T08:38:10","slug":"proxy-du-lycee","status":"publish","type":"page","link":"https:\/\/workboot.fr\/ciela\/proxy-du-lycee\/","title":{"rendered":"Proxy du lyc\u00e9e"},"content":{"rendered":"\n<nav aria-label=\"Table des mati\u00e8res\" class=\"wp-block-table-of-contents\"><ol><li><a class=\"wp-block-table-of-contents__entry\" href=\"https:\/\/workboot.fr\/ciela\/proxy-du-lycee\/#qu-est-ce-qu-un-proxy\">\ud83d\udd10 Qu&rsquo;est-ce qu&rsquo;un proxy ?<\/a><ol><li><a class=\"wp-block-table-of-contents__entry\" href=\"https:\/\/workboot.fr\/ciela\/proxy-du-lycee\/#quand-vous-ouvrez-un-site-web\">\ud83d\udce5 Quand vous ouvrez un site web :<\/a><\/li><\/ol><\/li><li><a class=\"wp-block-table-of-contents__entry\" href=\"https:\/\/workboot.fr\/ciela\/proxy-du-lycee\/#pourquoi-utiliser-un-proxy-dans-un-lycee\">\ud83c\udfeb Pourquoi utiliser un proxy dans un lyc\u00e9e ?<\/a><\/li><li><a class=\"wp-block-table-of-contents__entry\" href=\"https:\/\/workboot.fr\/ciela\/proxy-du-lycee\/#details-techniques-de-votre-proxy\">\ud83d\udd27 D\u00e9tails techniques de votre proxy<\/a><\/li><li><a class=\"wp-block-table-of-contents__entry\" href=\"https:\/\/workboot.fr\/ciela\/proxy-du-lycee\/#configurer-le-proxy-sur-un-ordinateur-exemple\">\ud83d\udda5\ufe0f Configurer le proxy sur un ordinateur (exemple)<\/a><\/li><li><a class=\"wp-block-table-of-contents__entry\" href=\"https:\/\/workboot.fr\/ciela\/proxy-du-lycee\/#sous-linux-debian-et-ses-derivees\">Sous linux (debian , et ses d\u00e9riv\u00e9es ) <\/a><ol><li><a class=\"wp-block-table-of-contents__entry\" href=\"https:\/\/workboot.fr\/ciela\/proxy-du-lycee\/#h.spfpwigbdb2g_l\">le fichier \/etc\/environment<\/a><\/li><li><a class=\"wp-block-table-of-contents__entry\" href=\"https:\/\/workboot.fr\/ciela\/proxy-du-lycee\/#h.kjueiu5q949_l\">le fichier \/etc\/apt\/apt.conf.d\/10proxy<\/a><\/li><\/ol><\/li><li><a class=\"wp-block-table-of-contents__entry\" href=\"https:\/\/workboot.fr\/ciela\/proxy-du-lycee\/#si-vous-utilisez-wget-ou-git-uniquement\">Si vous utilisez wget , ou git uniquement !<\/a><ol><li><a class=\"wp-block-table-of-contents__entry\" href=\"https:\/\/workboot.fr\/ciela\/proxy-du-lycee\/#wget-et-proxy\">wget et Proxy<\/a><\/li><li><a class=\"wp-block-table-of-contents__entry\" href=\"https:\/\/workboot.fr\/ciela\/proxy-du-lycee\/#git-et-proxy\">git et proxy<\/a><\/li><\/ol><\/li><\/ol><\/nav>\n\n\n\n<h2 class=\"wp-block-heading\" id=\"qu-est-ce-qu-un-proxy\">\ud83d\udd10 <strong>Qu&rsquo;est-ce qu&rsquo;un proxy ?<\/strong><\/h2>\n\n\n\n<p class=\"wp-block-paragraph\">Un <strong>proxy<\/strong> (ou serveur mandataire) est un <strong>interm\u00e9diaire<\/strong> entre un ordinateur (comme celui d\u2019un \u00e9l\u00e8ve) et Internet.<\/p>\n\n\n\n<h4 class=\"wp-block-heading\" id=\"quand-vous-ouvrez-un-site-web\">\ud83d\udce5 Quand vous ouvrez un site web :<\/h4>\n\n\n\n<ul class=\"wp-block-list\">\n<li>Sans proxy : votre ordinateur contacte directement le site.<\/li>\n\n\n\n<li>Avec un proxy : votre ordinateur envoie d&rsquo;abord la requ\u00eate <strong>au proxy<\/strong>, qui la transmet ensuite au site. Puis, le proxy vous renvoie la r\u00e9ponse.<\/li>\n<\/ul>\n\n\n\n<hr class=\"wp-block-separator has-alpha-channel-opacity\"\/>\n\n\n\n<h2 class=\"wp-block-heading\" id=\"pourquoi-utiliser-un-proxy-dans-un-lycee\">\ud83c\udfeb <strong>Pourquoi utiliser un proxy dans un lyc\u00e9e ?<\/strong><\/h2>\n\n\n\n<ul class=\"wp-block-list\">\n<li><strong>Filtrage de contenu<\/strong> : bloque certains sites (r\u00e9seaux sociaux, streaming, etc.)<\/li>\n\n\n\n<li><strong>Contr\u00f4le et surveillance<\/strong> : le proxy peut enregistrer les sites consult\u00e9s.<\/li>\n\n\n\n<li><strong>S\u00e9curit\u00e9<\/strong> : il peut d\u00e9tecter des menaces ou virus.<\/li>\n\n\n\n<li><strong>\u00c9conomie de bande passante<\/strong> : en mettant en cache certaines pages.<\/li>\n<\/ul>\n\n\n\n<hr class=\"wp-block-separator has-alpha-channel-opacity\"\/>\n\n\n\n<h2 class=\"wp-block-heading\" id=\"details-techniques-de-votre-proxy\">\ud83d\udd27 <strong>D\u00e9tails techniques de votre proxy<\/strong><\/h2>\n\n\n\n<ul class=\"wp-block-list\">\n<li><strong>Adresse IP<\/strong> : <code>10.0.0.1<\/code><\/li>\n\n\n\n<li><strong>Port<\/strong> : <code>3128<\/code><\/li>\n\n\n\n<li>Ce proxy est probablement un <strong>Squid<\/strong>, un logiciel courant pour ce genre d\u2019usage.<\/li>\n<\/ul>\n\n\n\n<hr class=\"wp-block-separator has-alpha-channel-opacity\"\/>\n\n\n\n<h2 class=\"wp-block-heading\" id=\"configurer-le-proxy-sur-un-ordinateur-exemple\">\ud83d\udda5\ufe0f <strong>Configurer le proxy sur un ordinateur (exemple)<\/strong><\/h2>\n\n\n\n<p class=\"wp-block-paragraph\">Sur un navigateur ou un syst\u00e8me, voici comment le configurer :<\/p>\n\n\n\n<ol class=\"wp-block-list\">\n<li>Aller dans les param\u00e8tres r\u00e9seau.<\/li>\n\n\n\n<li>Choisir \u201cConfiguration manuelle du proxy\u201d.<\/li>\n\n\n\n<li>Entrer :\n<ul class=\"wp-block-list\">\n<li><strong>Adresse<\/strong> : <code>10.0.0.1<\/code><\/li>\n\n\n\n<li><strong>Port<\/strong> : <code>3128<\/code><\/li>\n<\/ul>\n<\/li>\n\n\n\n<li>Valider.<\/li>\n<\/ol>\n\n\n\n<h2 class=\"wp-block-heading\" id=\"sous-linux-debian-et-ses-derivees\">Sous linux (debian , et ses d\u00e9riv\u00e9es ) <\/h2>\n\n\n\n<p class=\"wp-block-paragraph\">Au lyc\u00e9e nous passons \u00e0 travers un proxy et pour que tout se passe bien , il faut mettre ces 2 fichiers sur nos machines linux&nbsp;, car m\u00eame si vous \u00eates surveill\u00e9s par ce proxy , il nous permet de travailler en acc\u00e9dant \u00e0 internet.<\/p>\n\n\n\n<h3 class=\"wp-block-heading\" id=\"h.spfpwigbdb2g_l\"><a href=\"https:\/\/sites.google.com\/view\/snir1\/ateliers\/proxy-lyc%C3%A9e#h.spfpwigbdb2g\"><\/a><a href=\"https:\/\/sites.google.com\/view\/snir1\/ateliers\/proxy-lyc%C3%A9e#h.spfpwigbdb2g\"><\/a>le fichier \/etc\/environment<\/h3>\n\n\n\n<p class=\"wp-block-paragraph\">Ce fichier est lu \u00e0 chaque connexion d\u2019un utilisateur.<\/p>\n\n\n\n<pre class=\"wp-block-code\"><code>\/etc\/environment<\/code><\/pre>\n\n\n\n<p class=\"wp-block-paragraph\">Ces variables d\u2019environnement indiquent au syst\u00e8me par quel serveur proxy passer pour chaque protocole.<\/p>\n\n\n\n<pre class=\"wp-block-code\"><code>export http_proxy=\"http:\/\/10.0.0.1:3128\/\"\nexport https_proxy=\"https:\/\/10.0.0.1:3128\/\"\nexport ftp=\"ftp:\/\/10.0.0.1:3128\/\"\nexport no_proxy=\"172.22.1.1,172.22.1.2,172.22.1.3\" &nbsp; #pas de proxy pour linux1,linux2 et linux3<\/code><\/pre>\n\n\n\n<h3 class=\"wp-block-heading\" id=\"h.kjueiu5q949_l\"><a href=\"https:\/\/sites.google.com\/view\/snir1\/ateliers\/proxy-lyc%C3%A9e#h.kjueiu5q949\"><\/a><a href=\"https:\/\/sites.google.com\/view\/snir1\/ateliers\/proxy-lyc%C3%A9e#h.kjueiu5q949\"><\/a>le fichier \/etc\/apt\/apt.conf.d\/10proxy<\/h3>\n\n\n\n<blockquote class=\"wp-block-quote is-layout-flow wp-block-quote-is-layout-flow\">\n<p class=\"wp-block-paragraph\">\u2705 \u00ab Ce fichier est lu automatiquement par APT \u00e0 chaque utilisation. Il permet de d\u00e9finir un proxy uniquement pour les t\u00e9l\u00e9chargements de paquets, sans affecter les autres logiciels. \u00bb<\/p>\n<\/blockquote>\n\n\n\n<pre class=\"wp-block-code\"><code>\/etc\/apt\/apt.conf.d\/10proxy<\/code><\/pre>\n\n\n\n<pre class=\"wp-block-code\"><code>Acquire::http::Proxy \"http:\/\/10.0.0.1:3128\";\nAcquire::https::Proxy \"https:\/\/10.0.0.1:3128\";\nAcquire::ftp::Proxy \"ftp:\/\/10.0.0.1:3128\";<\/code><\/pre>\n\n\n\n<h2 class=\"wp-block-heading\" id=\"si-vous-utilisez-wget-ou-git-uniquement\">Si vous utilisez wget , ou git uniquement !<\/h2>\n\n\n\n<hr class=\"wp-block-separator has-alpha-channel-opacity\"\/>\n\n\n\n<h3 class=\"wp-block-heading\" id=\"wget-et-proxy\">wget et Proxy<\/h3>\n\n\n\n<p class=\"wp-block-paragraph\"><a href=\"https:\/\/workboot.fr\/ciela\/wget_proxy\/\">utiliser wget avec le proxy <\/a><\/p>\n\n\n\n<hr class=\"wp-block-separator has-alpha-channel-opacity\"\/>\n\n\n\n<h3 class=\"wp-block-heading\" id=\"git-et-proxy\">git et proxy<\/h3>\n\n\n\n<pre class=\"wp-block-code\"><code>git config --global http.proxy 10.0.0.1:3128  \n#si proxy comme au lyc\u00e9e uniquement!\n<\/code><\/pre>\n","protected":false},"excerpt":{"rendered":"<p>\ud83d\udd10 Qu&rsquo;est-ce qu&rsquo;un proxy ? Un proxy (ou serveur mandataire) est un interm\u00e9diaire entre un ordinateur (comme celui d\u2019un \u00e9l\u00e8ve) et Internet. \ud83d\udce5 Quand vous ouvrez un site web : [&hellip;]<\/p>\n","protected":false},"author":1,"featured_media":0,"parent":0,"menu_order":0,"comment_status":"closed","ping_status":"closed","template":"","meta":{"_crdt_document":"","_uag_custom_page_level_css":"","footnotes":""},"class_list":["post-1229","page","type-page","status-publish","hentry"],"yoast_head":"<!-- This site is optimized with the Yoast SEO plugin v27.3 - https:\/\/yoast.com\/product\/yoast-seo-wordpress\/ -->\n<title>Proxy du lyc\u00e9e - workboot<\/title>\n<meta name=\"robots\" content=\"index, follow, max-snippet:-1, max-image-preview:large, max-video-preview:-1\" \/>\n<link rel=\"canonical\" href=\"https:\/\/workboot.fr\/ciela\/proxy-du-lycee\/\" \/>\n<meta property=\"og:locale\" content=\"fr_FR\" \/>\n<meta property=\"og:type\" content=\"article\" \/>\n<meta property=\"og:title\" content=\"Proxy du lyc\u00e9e - workboot\" \/>\n<meta property=\"og:description\" content=\"\ud83d\udd10 Qu&rsquo;est-ce qu&rsquo;un proxy ? Un proxy (ou serveur mandataire) est un interm\u00e9diaire entre un ordinateur (comme celui d\u2019un \u00e9l\u00e8ve) et Internet. \ud83d\udce5 Quand vous ouvrez un site web : [&hellip;]\" \/>\n<meta property=\"og:url\" content=\"https:\/\/workboot.fr\/ciela\/proxy-du-lycee\/\" \/>\n<meta property=\"og:site_name\" content=\"workboot\" \/>\n<meta property=\"article:modified_time\" content=\"2025-11-12T08:38:10+00:00\" \/>\n<meta name=\"twitter:label1\" content=\"Dur\u00e9e de lecture estim\u00e9e\" \/>\n\t<meta name=\"twitter:data1\" content=\"2 minutes\" \/>\n<script type=\"application\/ld+json\" class=\"yoast-schema-graph\">{\"@context\":\"https:\\\/\\\/schema.org\",\"@graph\":[{\"@type\":\"WebPage\",\"@id\":\"https:\\\/\\\/workboot.fr\\\/ciela\\\/proxy-du-lycee\\\/\",\"url\":\"https:\\\/\\\/workboot.fr\\\/ciela\\\/proxy-du-lycee\\\/\",\"name\":\"Proxy du lyc\u00e9e - workboot\",\"isPartOf\":{\"@id\":\"https:\\\/\\\/workboot.fr\\\/ciela\\\/#website\"},\"datePublished\":\"2025-06-05T14:16:30+00:00\",\"dateModified\":\"2025-11-12T08:38:10+00:00\",\"inLanguage\":\"fr-FR\",\"potentialAction\":[{\"@type\":\"ReadAction\",\"target\":[\"https:\\\/\\\/workboot.fr\\\/ciela\\\/proxy-du-lycee\\\/\"]}]},{\"@type\":\"WebSite\",\"@id\":\"https:\\\/\\\/workboot.fr\\\/ciela\\\/#website\",\"url\":\"https:\\\/\\\/workboot.fr\\\/ciela\\\/\",\"name\":\"workboot\",\"description\":\"Open Source, Open Minds \",\"publisher\":{\"@id\":\"https:\\\/\\\/workboot.fr\\\/ciela\\\/#organization\"},\"potentialAction\":[{\"@type\":\"SearchAction\",\"target\":{\"@type\":\"EntryPoint\",\"urlTemplate\":\"https:\\\/\\\/workboot.fr\\\/ciela\\\/?s={search_term_string}\"},\"query-input\":{\"@type\":\"PropertyValueSpecification\",\"valueRequired\":true,\"valueName\":\"search_term_string\"}}],\"inLanguage\":\"fr-FR\"},{\"@type\":\"Organization\",\"@id\":\"https:\\\/\\\/workboot.fr\\\/ciela\\\/#organization\",\"name\":\"workboot\",\"url\":\"https:\\\/\\\/workboot.fr\\\/ciela\\\/\",\"logo\":{\"@type\":\"ImageObject\",\"inLanguage\":\"fr-FR\",\"@id\":\"https:\\\/\\\/workboot.fr\\\/ciela\\\/#\\\/schema\\\/logo\\\/image\\\/\",\"url\":\"https:\\\/\\\/workboot.fr\\\/ciela\\\/wp-content\\\/uploads\\\/2025\\\/05\\\/logo_ciel-dorian-1.png\",\"contentUrl\":\"https:\\\/\\\/workboot.fr\\\/ciela\\\/wp-content\\\/uploads\\\/2025\\\/05\\\/logo_ciel-dorian-1.png\",\"width\":1024,\"height\":950,\"caption\":\"workboot\"},\"image\":{\"@id\":\"https:\\\/\\\/workboot.fr\\\/ciela\\\/#\\\/schema\\\/logo\\\/image\\\/\"}}]}<\/script>\n<!-- \/ Yoast SEO plugin. -->","yoast_head_json":{"title":"Proxy du lyc\u00e9e - workboot","robots":{"index":"index","follow":"follow","max-snippet":"max-snippet:-1","max-image-preview":"max-image-preview:large","max-video-preview":"max-video-preview:-1"},"canonical":"https:\/\/workboot.fr\/ciela\/proxy-du-lycee\/","og_locale":"fr_FR","og_type":"article","og_title":"Proxy du lyc\u00e9e - workboot","og_description":"\ud83d\udd10 Qu&rsquo;est-ce qu&rsquo;un proxy ? Un proxy (ou serveur mandataire) est un interm\u00e9diaire entre un ordinateur (comme celui d\u2019un \u00e9l\u00e8ve) et Internet. \ud83d\udce5 Quand vous ouvrez un site web : [&hellip;]","og_url":"https:\/\/workboot.fr\/ciela\/proxy-du-lycee\/","og_site_name":"workboot","article_modified_time":"2025-11-12T08:38:10+00:00","twitter_misc":{"Dur\u00e9e de lecture estim\u00e9e":"2 minutes"},"schema":{"@context":"https:\/\/schema.org","@graph":[{"@type":"WebPage","@id":"https:\/\/workboot.fr\/ciela\/proxy-du-lycee\/","url":"https:\/\/workboot.fr\/ciela\/proxy-du-lycee\/","name":"Proxy du lyc\u00e9e - workboot","isPartOf":{"@id":"https:\/\/workboot.fr\/ciela\/#website"},"datePublished":"2025-06-05T14:16:30+00:00","dateModified":"2025-11-12T08:38:10+00:00","inLanguage":"fr-FR","potentialAction":[{"@type":"ReadAction","target":["https:\/\/workboot.fr\/ciela\/proxy-du-lycee\/"]}]},{"@type":"WebSite","@id":"https:\/\/workboot.fr\/ciela\/#website","url":"https:\/\/workboot.fr\/ciela\/","name":"workboot","description":"Open Source, Open Minds ","publisher":{"@id":"https:\/\/workboot.fr\/ciela\/#organization"},"potentialAction":[{"@type":"SearchAction","target":{"@type":"EntryPoint","urlTemplate":"https:\/\/workboot.fr\/ciela\/?s={search_term_string}"},"query-input":{"@type":"PropertyValueSpecification","valueRequired":true,"valueName":"search_term_string"}}],"inLanguage":"fr-FR"},{"@type":"Organization","@id":"https:\/\/workboot.fr\/ciela\/#organization","name":"workboot","url":"https:\/\/workboot.fr\/ciela\/","logo":{"@type":"ImageObject","inLanguage":"fr-FR","@id":"https:\/\/workboot.fr\/ciela\/#\/schema\/logo\/image\/","url":"https:\/\/workboot.fr\/ciela\/wp-content\/uploads\/2025\/05\/logo_ciel-dorian-1.png","contentUrl":"https:\/\/workboot.fr\/ciela\/wp-content\/uploads\/2025\/05\/logo_ciel-dorian-1.png","width":1024,"height":950,"caption":"workboot"},"image":{"@id":"https:\/\/workboot.fr\/ciela\/#\/schema\/logo\/image\/"}}]}},"uagb_featured_image_src":{"full":false,"thumbnail":false,"medium":false,"medium_large":false,"large":false,"1536x1536":false,"2048x2048":false},"uagb_author_info":{"display_name":"admin","author_link":"https:\/\/workboot.fr\/ciela\/author\/admin\/"},"uagb_comment_info":0,"uagb_excerpt":"\ud83d\udd10 Qu&rsquo;est-ce qu&rsquo;un proxy ? Un proxy (ou serveur mandataire) est un interm\u00e9diaire entre un ordinateur (comme celui d\u2019un \u00e9l\u00e8ve) et Internet. \ud83d\udce5 Quand vous ouvrez un site web : [&hellip;]","_links":{"self":[{"href":"https:\/\/workboot.fr\/ciela\/wp-json\/wp\/v2\/pages\/1229","targetHints":{"allow":["GET"]}}],"collection":[{"href":"https:\/\/workboot.fr\/ciela\/wp-json\/wp\/v2\/pages"}],"about":[{"href":"https:\/\/workboot.fr\/ciela\/wp-json\/wp\/v2\/types\/page"}],"author":[{"embeddable":true,"href":"https:\/\/workboot.fr\/ciela\/wp-json\/wp\/v2\/users\/1"}],"replies":[{"embeddable":true,"href":"https:\/\/workboot.fr\/ciela\/wp-json\/wp\/v2\/comments?post=1229"}],"version-history":[{"count":10,"href":"https:\/\/workboot.fr\/ciela\/wp-json\/wp\/v2\/pages\/1229\/revisions"}],"predecessor-version":[{"id":5051,"href":"https:\/\/workboot.fr\/ciela\/wp-json\/wp\/v2\/pages\/1229\/revisions\/5051"}],"wp:attachment":[{"href":"https:\/\/workboot.fr\/ciela\/wp-json\/wp\/v2\/media?parent=1229"}],"curies":[{"name":"wp","href":"https:\/\/api.w.org\/{rel}","templated":true}]}}