{"id":1236,"date":"2025-06-05T15:31:21","date_gmt":"2025-06-05T14:31:21","guid":{"rendered":"https:\/\/workboot.fr\/ciela\/?page_id=1236"},"modified":"2025-08-08T12:57:02","modified_gmt":"2025-08-08T11:57:02","slug":"minicom","status":"publish","type":"page","link":"https:\/\/workboot.fr\/ciela\/minicom\/","title":{"rendered":"Minicom"},"content":{"rendered":"\n<h3 class=\"wp-block-heading\">\ud83d\udd27 <strong>Minicom \u2014 Terminal S\u00e9rie pour Linux<\/strong><\/h3>\n\n\n\n<p class=\"wp-block-paragraph\"><strong>Minicom<\/strong> est un logiciel libre de communication s\u00e9rie (RS-232), fonctionnant en mode texte, principalement utilis\u00e9 sur les syst\u00e8mes <strong>Linux<\/strong> et <strong>Unix<\/strong>. Il permet d&rsquo;\u00e9tablir une communication entre un ordinateur et un autre appareil (comme un microcontr\u00f4leur, une carte de d\u00e9veloppement type Arduino\/Raspberry Pi, ou un modem) via un <strong>port s\u00e9rie<\/strong> (souvent <code>\/dev\/ttyS0<\/code>, <code>\/dev\/ttyUSB0<\/code>, etc.).<\/p>\n\n\n\n<p class=\"wp-block-paragraph\"><a href=\"https:\/\/sites.google.com\/view\/minicom-serial\/accueil\">https:\/\/sites.google.com\/view\/minicom-serial\/accueil<\/a><\/p>\n","protected":false},"excerpt":{"rendered":"<p>\ud83d\udd27 Minicom \u2014 Terminal S\u00e9rie pour Linux Minicom est un logiciel libre de communication s\u00e9rie (RS-232), fonctionnant en mode texte, principalement utilis\u00e9 sur les syst\u00e8mes Linux et Unix. Il permet [&hellip;]<\/p>\n","protected":false},"author":1,"featured_media":0,"parent":0,"menu_order":0,"comment_status":"closed","ping_status":"closed","template":"","meta":{"_crdt_document":"","_uag_custom_page_level_css":"","footnotes":""},"class_list":["post-1236","page","type-page","status-publish","hentry"],"yoast_head":"<!-- This site is optimized with the Yoast SEO plugin v27.3 - https:\/\/yoast.com\/product\/yoast-seo-wordpress\/ -->\n<title>Minicom - workboot<\/title>\n<meta name=\"robots\" content=\"index, follow, max-snippet:-1, max-image-preview:large, max-video-preview:-1\" \/>\n<link rel=\"canonical\" href=\"https:\/\/workboot.fr\/ciela\/minicom\/\" \/>\n<meta property=\"og:locale\" content=\"fr_FR\" \/>\n<meta property=\"og:type\" content=\"article\" \/>\n<meta property=\"og:title\" content=\"Minicom - workboot\" \/>\n<meta property=\"og:description\" content=\"\ud83d\udd27 Minicom \u2014 Terminal S\u00e9rie pour Linux Minicom est un logiciel libre de communication s\u00e9rie (RS-232), fonctionnant en mode texte, principalement utilis\u00e9 sur les syst\u00e8mes Linux et Unix. Il permet [&hellip;]\" \/>\n<meta property=\"og:url\" content=\"https:\/\/workboot.fr\/ciela\/minicom\/\" \/>\n<meta property=\"og:site_name\" content=\"workboot\" \/>\n<meta property=\"article:modified_time\" content=\"2025-08-08T11:57:02+00:00\" \/>\n<meta name=\"twitter:label1\" content=\"Dur\u00e9e de lecture estim\u00e9e\" \/>\n\t<meta name=\"twitter:data1\" content=\"1 minute\" \/>\n<script type=\"application\/ld+json\" class=\"yoast-schema-graph\">{\"@context\":\"https:\\\/\\\/schema.org\",\"@graph\":[{\"@type\":\"WebPage\",\"@id\":\"https:\\\/\\\/workboot.fr\\\/ciela\\\/minicom\\\/\",\"url\":\"https:\\\/\\\/workboot.fr\\\/ciela\\\/minicom\\\/\",\"name\":\"Minicom - workboot\",\"isPartOf\":{\"@id\":\"https:\\\/\\\/workboot.fr\\\/ciela\\\/#website\"},\"datePublished\":\"2025-06-05T14:31:21+00:00\",\"dateModified\":\"2025-08-08T11:57:02+00:00\",\"inLanguage\":\"fr-FR\",\"potentialAction\":[{\"@type\":\"ReadAction\",\"target\":[\"https:\\\/\\\/workboot.fr\\\/ciela\\\/minicom\\\/\"]}]},{\"@type\":\"WebSite\",\"@id\":\"https:\\\/\\\/workboot.fr\\\/ciela\\\/#website\",\"url\":\"https:\\\/\\\/workboot.fr\\\/ciela\\\/\",\"name\":\"workboot\",\"description\":\"Open Source, Open Minds \",\"publisher\":{\"@id\":\"https:\\\/\\\/workboot.fr\\\/ciela\\\/#organization\"},\"potentialAction\":[{\"@type\":\"SearchAction\",\"target\":{\"@type\":\"EntryPoint\",\"urlTemplate\":\"https:\\\/\\\/workboot.fr\\\/ciela\\\/?s={search_term_string}\"},\"query-input\":{\"@type\":\"PropertyValueSpecification\",\"valueRequired\":true,\"valueName\":\"search_term_string\"}}],\"inLanguage\":\"fr-FR\"},{\"@type\":\"Organization\",\"@id\":\"https:\\\/\\\/workboot.fr\\\/ciela\\\/#organization\",\"name\":\"workboot\",\"url\":\"https:\\\/\\\/workboot.fr\\\/ciela\\\/\",\"logo\":{\"@type\":\"ImageObject\",\"inLanguage\":\"fr-FR\",\"@id\":\"https:\\\/\\\/workboot.fr\\\/ciela\\\/#\\\/schema\\\/logo\\\/image\\\/\",\"url\":\"https:\\\/\\\/workboot.fr\\\/ciela\\\/wp-content\\\/uploads\\\/2025\\\/05\\\/logo_ciel-dorian-1.png\",\"contentUrl\":\"https:\\\/\\\/workboot.fr\\\/ciela\\\/wp-content\\\/uploads\\\/2025\\\/05\\\/logo_ciel-dorian-1.png\",\"width\":1024,\"height\":950,\"caption\":\"workboot\"},\"image\":{\"@id\":\"https:\\\/\\\/workboot.fr\\\/ciela\\\/#\\\/schema\\\/logo\\\/image\\\/\"}}]}<\/script>\n<!-- \/ Yoast SEO plugin. -->","yoast_head_json":{"title":"Minicom - workboot","robots":{"index":"index","follow":"follow","max-snippet":"max-snippet:-1","max-image-preview":"max-image-preview:large","max-video-preview":"max-video-preview:-1"},"canonical":"https:\/\/workboot.fr\/ciela\/minicom\/","og_locale":"fr_FR","og_type":"article","og_title":"Minicom - workboot","og_description":"\ud83d\udd27 Minicom \u2014 Terminal S\u00e9rie pour Linux Minicom est un logiciel libre de communication s\u00e9rie (RS-232), fonctionnant en mode texte, principalement utilis\u00e9 sur les syst\u00e8mes Linux et Unix. Il permet [&hellip;]","og_url":"https:\/\/workboot.fr\/ciela\/minicom\/","og_site_name":"workboot","article_modified_time":"2025-08-08T11:57:02+00:00","twitter_misc":{"Dur\u00e9e de lecture estim\u00e9e":"1 minute"},"schema":{"@context":"https:\/\/schema.org","@graph":[{"@type":"WebPage","@id":"https:\/\/workboot.fr\/ciela\/minicom\/","url":"https:\/\/workboot.fr\/ciela\/minicom\/","name":"Minicom - workboot","isPartOf":{"@id":"https:\/\/workboot.fr\/ciela\/#website"},"datePublished":"2025-06-05T14:31:21+00:00","dateModified":"2025-08-08T11:57:02+00:00","inLanguage":"fr-FR","potentialAction":[{"@type":"ReadAction","target":["https:\/\/workboot.fr\/ciela\/minicom\/"]}]},{"@type":"WebSite","@id":"https:\/\/workboot.fr\/ciela\/#website","url":"https:\/\/workboot.fr\/ciela\/","name":"workboot","description":"Open Source, Open Minds ","publisher":{"@id":"https:\/\/workboot.fr\/ciela\/#organization"},"potentialAction":[{"@type":"SearchAction","target":{"@type":"EntryPoint","urlTemplate":"https:\/\/workboot.fr\/ciela\/?s={search_term_string}"},"query-input":{"@type":"PropertyValueSpecification","valueRequired":true,"valueName":"search_term_string"}}],"inLanguage":"fr-FR"},{"@type":"Organization","@id":"https:\/\/workboot.fr\/ciela\/#organization","name":"workboot","url":"https:\/\/workboot.fr\/ciela\/","logo":{"@type":"ImageObject","inLanguage":"fr-FR","@id":"https:\/\/workboot.fr\/ciela\/#\/schema\/logo\/image\/","url":"https:\/\/workboot.fr\/ciela\/wp-content\/uploads\/2025\/05\/logo_ciel-dorian-1.png","contentUrl":"https:\/\/workboot.fr\/ciela\/wp-content\/uploads\/2025\/05\/logo_ciel-dorian-1.png","width":1024,"height":950,"caption":"workboot"},"image":{"@id":"https:\/\/workboot.fr\/ciela\/#\/schema\/logo\/image\/"}}]}},"uagb_featured_image_src":{"full":false,"thumbnail":false,"medium":false,"medium_large":false,"large":false,"1536x1536":false,"2048x2048":false},"uagb_author_info":{"display_name":"admin","author_link":"https:\/\/workboot.fr\/ciela\/author\/admin\/"},"uagb_comment_info":0,"uagb_excerpt":"\ud83d\udd27 Minicom \u2014 Terminal S\u00e9rie pour Linux Minicom est un logiciel libre de communication s\u00e9rie (RS-232), fonctionnant en mode texte, principalement utilis\u00e9 sur les syst\u00e8mes Linux et Unix. Il permet [&hellip;]","_links":{"self":[{"href":"https:\/\/workboot.fr\/ciela\/wp-json\/wp\/v2\/pages\/1236","targetHints":{"allow":["GET"]}}],"collection":[{"href":"https:\/\/workboot.fr\/ciela\/wp-json\/wp\/v2\/pages"}],"about":[{"href":"https:\/\/workboot.fr\/ciela\/wp-json\/wp\/v2\/types\/page"}],"author":[{"embeddable":true,"href":"https:\/\/workboot.fr\/ciela\/wp-json\/wp\/v2\/users\/1"}],"replies":[{"embeddable":true,"href":"https:\/\/workboot.fr\/ciela\/wp-json\/wp\/v2\/comments?post=1236"}],"version-history":[{"count":2,"href":"https:\/\/workboot.fr\/ciela\/wp-json\/wp\/v2\/pages\/1236\/revisions"}],"predecessor-version":[{"id":3652,"href":"https:\/\/workboot.fr\/ciela\/wp-json\/wp\/v2\/pages\/1236\/revisions\/3652"}],"wp:attachment":[{"href":"https:\/\/workboot.fr\/ciela\/wp-json\/wp\/v2\/media?parent=1236"}],"curies":[{"name":"wp","href":"https:\/\/api.w.org\/{rel}","templated":true}]}}