{"id":1318,"date":"2025-06-08T16:05:57","date_gmt":"2025-06-08T15:05:57","guid":{"rendered":"https:\/\/workboot.fr\/ciela\/?page_id=1318"},"modified":"2025-06-23T10:28:14","modified_gmt":"2025-06-23T09:28:14","slug":"microcontroleur","status":"publish","type":"page","link":"https:\/\/workboot.fr\/ciela\/microcontroleur\/","title":{"rendered":"Microcontr\u00f4leur"},"content":{"rendered":"\n<p class=\"wp-block-paragraph\"><a href=\"https:\/\/workboot.fr\/ciela\/atmega328p\/\" data-type=\"page\" data-id=\"1274\">ATMEGA328P<\/a>  est un microcontroleur utilis\u00e9 sur <a href=\"https:\/\/workboot.fr\/ciela\/arduino-uno\/\" data-type=\"page\" data-id=\"1256\">l&rsquo;arduino UNO<\/a><\/p>\n\n\n\n<p class=\"wp-block-paragraph\">Un <strong>microcontr\u00f4leur<\/strong> est un <strong>circuit int\u00e9gr\u00e9<\/strong> (ou puce \u00e9lectronique) qui regroupe les \u00e9l\u00e9ments essentiels d\u2019un petit ordinateur sur une seule puce. Il comprend g\u00e9n\u00e9ralement :<\/p>\n\n\n\n<ul class=\"wp-block-list\">\n<li><strong>un processeur (CPU)<\/strong> : pour ex\u00e9cuter des instructions,<\/li>\n\n\n\n<li><strong>de la m\u00e9moire<\/strong> : RAM (m\u00e9moire vive) et ROM\/Flash (m\u00e9moire de stockage pour le programme),<\/li>\n\n\n\n<li><strong>des p\u00e9riph\u00e9riques d\u2019entr\u00e9e\/sortie (I\/O)<\/strong> : pour communiquer avec d\u2019autres composants (capteurs, moteurs, boutons, etc.),<\/li>\n\n\n\n<li><strong>des minuteries, convertisseurs analogique\/num\u00e9rique (ADC), interfaces de communication (UART, I2C, SPI, etc.)<\/strong>, selon le mod\u00e8le.<\/li>\n<\/ul>\n\n\n\n<h3 class=\"wp-block-heading\">En r\u00e9sum\u00e9 :<\/h3>\n\n\n\n<p class=\"wp-block-paragraph\">Un microcontr\u00f4leur est une sorte de <strong>\u00ab\u00a0cerveau\u00a0\u00bb embarqu\u00e9<\/strong> dans des syst\u00e8mes \u00e9lectroniques pour automatiser des t\u00e2ches sp\u00e9cifiques, comme contr\u00f4ler un \u00e9lectrom\u00e9nager, une voiture, une montre connect\u00e9e, ou un robot.<\/p>\n\n\n\n<h3 class=\"wp-block-heading\">Exemple :<\/h3>\n\n\n\n<p class=\"wp-block-paragraph\">Un <strong><a href=\"https:\/\/workboot.fr\/ciela\/arduino-uno\/\" data-type=\"page\" data-id=\"1256\">Arduino uno<\/a> <\/strong> est une carte \u00e9lectronique qui contient 2 microcontr\u00f4leurs (comme l\u2019ATmega328P).<\/p>\n\n\n\n<p class=\"wp-block-paragraph\"><\/p>\n","protected":false},"excerpt":{"rendered":"<p>ATMEGA328P est un microcontroleur utilis\u00e9 sur l&rsquo;arduino UNO Un microcontr\u00f4leur est un circuit int\u00e9gr\u00e9 (ou puce \u00e9lectronique) qui regroupe les \u00e9l\u00e9ments essentiels d\u2019un petit ordinateur sur une seule puce. Il [&hellip;]<\/p>\n","protected":false},"author":1,"featured_media":0,"parent":0,"menu_order":0,"comment_status":"closed","ping_status":"closed","template":"","meta":{"_crdt_document":"","_uag_custom_page_level_css":"","footnotes":""},"class_list":["post-1318","page","type-page","status-publish","hentry"],"yoast_head":"<!-- This site is optimized with the Yoast SEO plugin v27.3 - https:\/\/yoast.com\/product\/yoast-seo-wordpress\/ -->\n<title>Microcontr\u00f4leur - workboot<\/title>\n<meta name=\"robots\" content=\"index, follow, max-snippet:-1, max-image-preview:large, max-video-preview:-1\" \/>\n<link rel=\"canonical\" href=\"https:\/\/workboot.fr\/ciela\/microcontroleur\/\" \/>\n<meta property=\"og:locale\" content=\"fr_FR\" \/>\n<meta property=\"og:type\" content=\"article\" \/>\n<meta property=\"og:title\" content=\"Microcontr\u00f4leur - workboot\" \/>\n<meta property=\"og:description\" content=\"ATMEGA328P est un microcontroleur utilis\u00e9 sur l&rsquo;arduino UNO Un microcontr\u00f4leur est un circuit int\u00e9gr\u00e9 (ou puce \u00e9lectronique) qui regroupe les \u00e9l\u00e9ments essentiels d\u2019un petit ordinateur sur une seule puce. Il [&hellip;]\" \/>\n<meta property=\"og:url\" content=\"https:\/\/workboot.fr\/ciela\/microcontroleur\/\" \/>\n<meta property=\"og:site_name\" content=\"workboot\" \/>\n<meta property=\"article:modified_time\" content=\"2025-06-23T09:28:14+00:00\" \/>\n<meta name=\"twitter:label1\" content=\"Dur\u00e9e de lecture estim\u00e9e\" \/>\n\t<meta name=\"twitter:data1\" content=\"1 minute\" \/>\n<script type=\"application\/ld+json\" class=\"yoast-schema-graph\">{\"@context\":\"https:\\\/\\\/schema.org\",\"@graph\":[{\"@type\":\"WebPage\",\"@id\":\"https:\\\/\\\/workboot.fr\\\/ciela\\\/microcontroleur\\\/\",\"url\":\"https:\\\/\\\/workboot.fr\\\/ciela\\\/microcontroleur\\\/\",\"name\":\"Microcontr\u00f4leur - workboot\",\"isPartOf\":{\"@id\":\"https:\\\/\\\/workboot.fr\\\/ciela\\\/#website\"},\"datePublished\":\"2025-06-08T15:05:57+00:00\",\"dateModified\":\"2025-06-23T09:28:14+00:00\",\"inLanguage\":\"fr-FR\",\"potentialAction\":[{\"@type\":\"ReadAction\",\"target\":[\"https:\\\/\\\/workboot.fr\\\/ciela\\\/microcontroleur\\\/\"]}]},{\"@type\":\"WebSite\",\"@id\":\"https:\\\/\\\/workboot.fr\\\/ciela\\\/#website\",\"url\":\"https:\\\/\\\/workboot.fr\\\/ciela\\\/\",\"name\":\"workboot\",\"description\":\"Open Source, Open Minds \",\"publisher\":{\"@id\":\"https:\\\/\\\/workboot.fr\\\/ciela\\\/#organization\"},\"potentialAction\":[{\"@type\":\"SearchAction\",\"target\":{\"@type\":\"EntryPoint\",\"urlTemplate\":\"https:\\\/\\\/workboot.fr\\\/ciela\\\/?s={search_term_string}\"},\"query-input\":{\"@type\":\"PropertyValueSpecification\",\"valueRequired\":true,\"valueName\":\"search_term_string\"}}],\"inLanguage\":\"fr-FR\"},{\"@type\":\"Organization\",\"@id\":\"https:\\\/\\\/workboot.fr\\\/ciela\\\/#organization\",\"name\":\"workboot\",\"url\":\"https:\\\/\\\/workboot.fr\\\/ciela\\\/\",\"logo\":{\"@type\":\"ImageObject\",\"inLanguage\":\"fr-FR\",\"@id\":\"https:\\\/\\\/workboot.fr\\\/ciela\\\/#\\\/schema\\\/logo\\\/image\\\/\",\"url\":\"https:\\\/\\\/workboot.fr\\\/ciela\\\/wp-content\\\/uploads\\\/2025\\\/05\\\/logo_ciel-dorian-1.png\",\"contentUrl\":\"https:\\\/\\\/workboot.fr\\\/ciela\\\/wp-content\\\/uploads\\\/2025\\\/05\\\/logo_ciel-dorian-1.png\",\"width\":1024,\"height\":950,\"caption\":\"workboot\"},\"image\":{\"@id\":\"https:\\\/\\\/workboot.fr\\\/ciela\\\/#\\\/schema\\\/logo\\\/image\\\/\"}}]}<\/script>\n<!-- \/ Yoast SEO plugin. -->","yoast_head_json":{"title":"Microcontr\u00f4leur - workboot","robots":{"index":"index","follow":"follow","max-snippet":"max-snippet:-1","max-image-preview":"max-image-preview:large","max-video-preview":"max-video-preview:-1"},"canonical":"https:\/\/workboot.fr\/ciela\/microcontroleur\/","og_locale":"fr_FR","og_type":"article","og_title":"Microcontr\u00f4leur - workboot","og_description":"ATMEGA328P est un microcontroleur utilis\u00e9 sur l&rsquo;arduino UNO Un microcontr\u00f4leur est un circuit int\u00e9gr\u00e9 (ou puce \u00e9lectronique) qui regroupe les \u00e9l\u00e9ments essentiels d\u2019un petit ordinateur sur une seule puce. Il [&hellip;]","og_url":"https:\/\/workboot.fr\/ciela\/microcontroleur\/","og_site_name":"workboot","article_modified_time":"2025-06-23T09:28:14+00:00","twitter_misc":{"Dur\u00e9e de lecture estim\u00e9e":"1 minute"},"schema":{"@context":"https:\/\/schema.org","@graph":[{"@type":"WebPage","@id":"https:\/\/workboot.fr\/ciela\/microcontroleur\/","url":"https:\/\/workboot.fr\/ciela\/microcontroleur\/","name":"Microcontr\u00f4leur - workboot","isPartOf":{"@id":"https:\/\/workboot.fr\/ciela\/#website"},"datePublished":"2025-06-08T15:05:57+00:00","dateModified":"2025-06-23T09:28:14+00:00","inLanguage":"fr-FR","potentialAction":[{"@type":"ReadAction","target":["https:\/\/workboot.fr\/ciela\/microcontroleur\/"]}]},{"@type":"WebSite","@id":"https:\/\/workboot.fr\/ciela\/#website","url":"https:\/\/workboot.fr\/ciela\/","name":"workboot","description":"Open Source, Open Minds ","publisher":{"@id":"https:\/\/workboot.fr\/ciela\/#organization"},"potentialAction":[{"@type":"SearchAction","target":{"@type":"EntryPoint","urlTemplate":"https:\/\/workboot.fr\/ciela\/?s={search_term_string}"},"query-input":{"@type":"PropertyValueSpecification","valueRequired":true,"valueName":"search_term_string"}}],"inLanguage":"fr-FR"},{"@type":"Organization","@id":"https:\/\/workboot.fr\/ciela\/#organization","name":"workboot","url":"https:\/\/workboot.fr\/ciela\/","logo":{"@type":"ImageObject","inLanguage":"fr-FR","@id":"https:\/\/workboot.fr\/ciela\/#\/schema\/logo\/image\/","url":"https:\/\/workboot.fr\/ciela\/wp-content\/uploads\/2025\/05\/logo_ciel-dorian-1.png","contentUrl":"https:\/\/workboot.fr\/ciela\/wp-content\/uploads\/2025\/05\/logo_ciel-dorian-1.png","width":1024,"height":950,"caption":"workboot"},"image":{"@id":"https:\/\/workboot.fr\/ciela\/#\/schema\/logo\/image\/"}}]}},"uagb_featured_image_src":{"full":false,"thumbnail":false,"medium":false,"medium_large":false,"large":false,"1536x1536":false,"2048x2048":false},"uagb_author_info":{"display_name":"admin","author_link":"https:\/\/workboot.fr\/ciela\/author\/admin\/"},"uagb_comment_info":0,"uagb_excerpt":"ATMEGA328P est un microcontroleur utilis\u00e9 sur l&rsquo;arduino UNO Un microcontr\u00f4leur est un circuit int\u00e9gr\u00e9 (ou puce \u00e9lectronique) qui regroupe les \u00e9l\u00e9ments essentiels d\u2019un petit ordinateur sur une seule puce. Il [&hellip;]","_links":{"self":[{"href":"https:\/\/workboot.fr\/ciela\/wp-json\/wp\/v2\/pages\/1318","targetHints":{"allow":["GET"]}}],"collection":[{"href":"https:\/\/workboot.fr\/ciela\/wp-json\/wp\/v2\/pages"}],"about":[{"href":"https:\/\/workboot.fr\/ciela\/wp-json\/wp\/v2\/types\/page"}],"author":[{"embeddable":true,"href":"https:\/\/workboot.fr\/ciela\/wp-json\/wp\/v2\/users\/1"}],"replies":[{"embeddable":true,"href":"https:\/\/workboot.fr\/ciela\/wp-json\/wp\/v2\/comments?post=1318"}],"version-history":[{"count":6,"href":"https:\/\/workboot.fr\/ciela\/wp-json\/wp\/v2\/pages\/1318\/revisions"}],"predecessor-version":[{"id":1472,"href":"https:\/\/workboot.fr\/ciela\/wp-json\/wp\/v2\/pages\/1318\/revisions\/1472"}],"wp:attachment":[{"href":"https:\/\/workboot.fr\/ciela\/wp-json\/wp\/v2\/media?parent=1318"}],"curies":[{"name":"wp","href":"https:\/\/api.w.org\/{rel}","templated":true}]}}