{"id":1375,"date":"2025-06-12T11:26:01","date_gmt":"2025-06-12T10:26:01","guid":{"rendered":"https:\/\/workboot.fr\/ciela\/?page_id=1375"},"modified":"2025-08-11T16:10:23","modified_gmt":"2025-08-11T15:10:23","slug":"tp-vi","status":"publish","type":"page","link":"https:\/\/workboot.fr\/ciela\/tp-vi\/","title":{"rendered":"TP_LINUX VI_\u00c9diteur_texte"},"content":{"rendered":"\n<p class=\"wp-block-paragraph\">\ud83d\udd52 : 3 h maximum<\/p>\n\n\n\n<nav aria-label=\"Table des mati\u00e8res\" class=\"wp-block-table-of-contents\"><ol><li><a class=\"wp-block-table-of-contents__entry\" href=\"https:\/\/workboot.fr\/ciela\/tp-vi\/#prerequis\">Pr\u00e9requis:<\/a><\/li><li><a class=\"wp-block-table-of-contents__entry\" href=\"https:\/\/workboot.fr\/ciela\/tp-vi\/#but\">But:<\/a><\/li><li><a class=\"wp-block-table-of-contents__entry\" href=\"https:\/\/workboot.fr\/ciela\/tp-vi\/#repertoire-du-travail\">R\u00e9pertoire du travail:<\/a><\/li><li><a class=\"wp-block-table-of-contents__entry\" href=\"https:\/\/workboot.fr\/ciela\/tp-vi\/#1-apprentissage-avec-vimtutor\">1- Apprentissage avec vimtutor<\/a><\/li><li><a class=\"wp-block-table-of-contents__entry\" href=\"https:\/\/workboot.fr\/ciela\/tp-vi\/#2-recapitulatif-des-choses-importantes-a-connaitre\">2- R\u00e9capitulatif des choses importantes (a connaitre)<\/a><\/li><li><a class=\"wp-block-table-of-contents__entry\" href=\"https:\/\/workboot.fr\/ciela\/tp-vi\/#commandes-essentielles-de-vi-vim\">\ud83e\udded Commandes Essentielles de Vi \/ Vim<\/a><ol><li><a class=\"wp-block-table-of-contents__entry\" href=\"https:\/\/workboot.fr\/ciela\/tp-vi\/#1-modes-de-base\">\ud83c\udfaf 1. Modes de base<\/a><\/li><li><a class=\"wp-block-table-of-contents__entry\" href=\"https:\/\/workboot.fr\/ciela\/tp-vi\/#2-insertion-de-texte\">\u270d\ufe0f 2. Insertion de texte<\/a><\/li><li><a class=\"wp-block-table-of-contents__entry\" href=\"https:\/\/workboot.fr\/ciela\/tp-vi\/#3-sauvegarder-et-quitter\">\ud83d\ude80 3. Sauvegarder et quitter<\/a><\/li><li><a class=\"wp-block-table-of-contents__entry\" href=\"https:\/\/workboot.fr\/ciela\/tp-vi\/#4-deplacements-rapides-en-mode-normal\">\ud83e\udded 4. D\u00e9placements rapides (en mode normal)<\/a><\/li><li><a class=\"wp-block-table-of-contents__entry\" href=\"https:\/\/workboot.fr\/ciela\/tp-vi\/#5-copier-couper-coller\">\u2702\ufe0f 5. Copier, couper, coller<\/a><\/li><li><a class=\"wp-block-table-of-contents__entry\" href=\"https:\/\/workboot.fr\/ciela\/tp-vi\/#6-rechercher-et-remplacer\">\ud83d\udd0d 6. Rechercher et remplacer<\/a><\/li><li><a class=\"wp-block-table-of-contents__entry\" href=\"https:\/\/workboot.fr\/ciela\/tp-vi\/#7-annuler-repeter\">\ud83d\udca5 7. Annuler \/ R\u00e9p\u00e9ter<\/a><\/li><li><a class=\"wp-block-table-of-contents__entry\" href=\"https:\/\/workboot.fr\/ciela\/tp-vi\/#astuce\">\ud83d\udca1 Astuce :<\/a><\/li><\/ol><\/li><\/ol><\/nav>\n\n\n\n<h2 class=\"wp-block-heading\" id=\"prerequis\">Pr\u00e9requis:<\/h2>\n\n\n\n<p class=\"wp-block-paragraph\"><\/p>\n\n\n\n<ul class=\"wp-block-list\">\n<li>Cours d\u00e9couverte de Linux au lyc\u00e9e<\/li>\n\n\n\n<li>Le terminal , la ligne de <a href=\"https:\/\/workboot.fr\/ciela\/commandes-linux\/\" data-type=\"page\" data-id=\"1499\">commande<\/a>.<\/li>\n\n\n\n<li>Cours<a href=\"https:\/\/workboot.fr\/ciela\/les-codages\/\" data-type=\"page\" data-id=\"1136\"> Codage <\/a><\/li>\n\n\n\n<li><a href=\"https:\/\/workboot.fr\/ciela\/bash-shell\/\" data-type=\"page\" data-id=\"1687\">bash shell <\/a><\/li>\n\n\n\n<li><a href=\"https:\/\/workboot.fr\/ciela\/le-noyau-kernel\/\" data-type=\"page\" data-id=\"1181\">kernel <\/a><\/li>\n<\/ul>\n\n\n\n<h2 class=\"wp-block-heading\" id=\"but\">But:<\/h2>\n\n\n\n<ul class=\"wp-block-list\">\n<li>gestion des fichiers sous linux<\/li>\n\n\n\n<li>utilisation de vi<\/li>\n<\/ul>\n\n\n\n<h2 class=\"wp-block-heading\" id=\"repertoire-du-travail\">R\u00e9pertoire du travail:<\/h2>\n\n\n\n<p class=\"wp-block-paragraph\">~\/Works\/TP_VI<\/p>\n\n\n\n<p class=\"wp-block-paragraph\">Travail \u00e0 renvoyer :<\/p>\n\n\n\n<p class=\"wp-block-paragraph\">\ud83d\udce9 Faire une r\u00e9daction avec libre office (format odt)  qui reste votre propri\u00e9t\u00e9 , mais envoyer avant la fin de la s\u00e9ance <a href=\"https:\/\/workboot.fr\/ciela\/compte-rendu\/\" data-type=\"page\" data-id=\"1017\">votre r\u00e9daction<\/a> , comme un devoir , au format PDF , attention si pas PDF ,  \u00e7a ne vaudra rien !<\/p>\n\n\n\n<hr class=\"wp-block-separator has-alpha-channel-opacity is-style-wide\"\/>\n\n\n\n<p class=\"wp-block-paragraph\"><strong>vi<\/strong>&nbsp;est un \u00e9diteur de texte en mode ligne de commande, puissant et l\u00e9ger, pr\u00e9sent par d\u00e9faut sur presque tous les syst\u00e8mes Unix\/Linux. Il existe en deux versions principales :<\/p>\n\n\n\n<ul class=\"wp-block-list\">\n<li><strong>vi<\/strong>\u00a0(l&rsquo;original, plus minimaliste)<\/li>\n\n\n\n<li><strong>vim<\/strong>\u00a0(<strong>Vi IMproved<\/strong>, une version \u00e9tendue avec plus de fonctionnalit\u00e9s).<\/li>\n<\/ul>\n\n\n\n<h2 class=\"wp-block-heading\" id=\"1-apprentissage-avec-vimtutor\">1- Apprentissage avec vimtutor<\/h2>\n\n\n\n<p class=\"wp-block-paragraph\">Nous allons utiliser vimtutor pour d\u00e9couvrir la puissance de cet \u00e9diteur, il n&rsquo;est pas obligatoire de tout connaitre. Mais le minimum et le reste vient en pratiquant !<\/p>\n\n\n\n<p class=\"wp-block-paragraph\">C&rsquo;est un moyen d&rsquo;apprendre \u00e0 utiliser vim<\/p>\n\n\n<div class=\"wp-block-image\">\n<figure class=\"aligncenter size-full\"><a href=\"https:\/\/workboot.fr\/ciela\/wp-content\/uploads\/2025\/06\/vimtutor0.png\"><img loading=\"lazy\" decoding=\"async\" width=\"739\" height=\"533\" src=\"https:\/\/workboot.fr\/ciela\/wp-content\/uploads\/2025\/06\/vimtutor0.png\" alt=\"\" class=\"wp-image-1384\" srcset=\"https:\/\/workboot.fr\/ciela\/wp-content\/uploads\/2025\/06\/vimtutor0.png 739w, https:\/\/workboot.fr\/ciela\/wp-content\/uploads\/2025\/06\/vimtutor0-300x216.png 300w\" sizes=\"auto, (max-width: 739px) 100vw, 739px\" \/><\/a><\/figure>\n<\/div>\n\n\n<p class=\"wp-block-paragraph\">il faut juste r\u00e9aliser le vimtutor , en fait vous \u00eates dans vi (vim)  et il vous fait d\u00e9couvrir toute la puissance de cet  \u00e9diteur.<\/p>\n\n\n<div class=\"wp-block-image\">\n<figure class=\"aligncenter size-full\"><a href=\"https:\/\/workboot.fr\/ciela\/wp-content\/uploads\/2025\/06\/vimtutor1.png\"><img loading=\"lazy\" decoding=\"async\" width=\"739\" height=\"533\" src=\"https:\/\/workboot.fr\/ciela\/wp-content\/uploads\/2025\/06\/vimtutor1.png\" alt=\"\" class=\"wp-image-1385\" srcset=\"https:\/\/workboot.fr\/ciela\/wp-content\/uploads\/2025\/06\/vimtutor1.png 739w, https:\/\/workboot.fr\/ciela\/wp-content\/uploads\/2025\/06\/vimtutor1-300x216.png 300w\" sizes=\"auto, (max-width: 739px) 100vw, 739px\" \/><\/a><\/figure>\n<\/div>\n\n\n<h2 class=\"wp-block-heading\" id=\"2-recapitulatif-des-choses-importantes-a-connaitre\">2- R\u00e9capitulatif des choses <mark style=\"background-color:rgba(0, 0, 0, 0);color:#cf2e2e\" class=\"has-inline-color\">importantes<\/mark> (a connaitre)<\/h2>\n\n\n\n<h2 class=\"wp-block-heading\" id=\"commandes-essentielles-de-vi-vim\">\ud83e\udded Commandes Essentielles de Vi \/ Vim<\/h2>\n\n\n\n<h3 class=\"wp-block-heading\" id=\"1-modes-de-base\">\ud83c\udfaf 1. <strong>Modes de base<\/strong><\/h3>\n\n\n\n<p class=\"wp-block-paragraph\">Vi\/Vim fonctionne en <strong>modes<\/strong>. C\u2019est ce qui le rend puissant.<\/p>\n\n\n\n<figure class=\"wp-block-table\"><table class=\"has-fixed-layout\"><thead><tr><th>Mode<\/th><th>Description<\/th><\/tr><\/thead><tbody><tr><td><code>Normal<\/code><\/td><td>Mode par d\u00e9faut pour naviguer et ex\u00e9cuter des commandes<\/td><\/tr><tr><td><code>Insertion<\/code><\/td><td>Pour \u00e9crire du texte (comme dans un \u00e9diteur classique)<\/td><\/tr><tr><td><code>Command-line<\/code><\/td><td>Pour sauvegarder, quitter, chercher, etc.<\/td><\/tr><\/tbody><\/table><\/figure>\n\n\n\n<ul class=\"wp-block-list\">\n<li><code>i<\/code> \u2192 Passer en <strong>mode insertion<\/strong><\/li>\n\n\n\n<li><code>Esc<\/code> \u2192 Revenir en <strong>mode normal<\/strong><\/li>\n\n\n\n<li><code>:<\/code> \u2192 Passer en <strong>mode commande<\/strong><\/li>\n<\/ul>\n\n\n\n<hr class=\"wp-block-separator has-alpha-channel-opacity\"\/>\n\n\n\n<h3 class=\"wp-block-heading\" id=\"2-insertion-de-texte\">\u270d\ufe0f 2. <strong>Insertion de texte<\/strong><\/h3>\n\n\n\n<figure class=\"wp-block-table\"><table class=\"has-fixed-layout\"><thead><tr><th>Commande<\/th><th>Action<\/th><\/tr><\/thead><tbody><tr><td><code>i<\/code><\/td><td>Ins\u00e9rer avant le curseur<\/td><\/tr><tr><td><code>I<\/code><\/td><td>Ins\u00e9rer au d\u00e9but de la ligne<\/td><\/tr><tr><td><code>a<\/code><\/td><td>Ajouter apr\u00e8s le curseur<\/td><\/tr><tr><td><code>A<\/code><\/td><td>Ajouter \u00e0 la fin de la ligne<\/td><\/tr><tr><td><code>o<\/code><\/td><td>Nouvelle ligne en dessous<\/td><\/tr><tr><td><code>O<\/code><\/td><td>Nouvelle ligne au-dessus<\/td><\/tr><\/tbody><\/table><\/figure>\n\n\n\n<hr class=\"wp-block-separator has-alpha-channel-opacity\"\/>\n\n\n\n<h3 class=\"wp-block-heading\" id=\"3-sauvegarder-et-quitter\">\ud83d\ude80 3. <strong>Sauvegarder et quitter<\/strong><\/h3>\n\n\n\n<figure class=\"wp-block-table\"><table class=\"has-fixed-layout\"><thead><tr><th>Commande<\/th><th>Action<\/th><\/tr><\/thead><tbody><tr><td><code>:w<\/code><\/td><td>Sauvegarder<\/td><\/tr><tr><td><code>:q<\/code><\/td><td>Quitter<\/td><\/tr><tr><td><code>:wq<\/code> ou <code>ZZ<\/code><\/td><td>Sauvegarder et quitter<\/td><\/tr><tr><td><code>:q!<\/code><\/td><td>Quitter sans sauvegarder<\/td><\/tr><\/tbody><\/table><\/figure>\n\n\n\n<hr class=\"wp-block-separator has-alpha-channel-opacity\"\/>\n\n\n\n<h3 class=\"wp-block-heading\" id=\"4-deplacements-rapides-en-mode-normal\">\ud83e\udded 4. <strong>D\u00e9placements rapides (en mode normal)<\/strong><\/h3>\n\n\n\n<figure class=\"wp-block-table\"><table class=\"has-fixed-layout\"><thead><tr><th>Commande<\/th><th>Action<\/th><\/tr><\/thead><tbody><tr><td><code>h<\/code> \/ <code>l<\/code><\/td><td>Gauche \/ Droite<\/td><\/tr><tr><td><code>j<\/code> \/ <code>k<\/code><\/td><td>Bas \/ Haut<\/td><\/tr><tr><td><code>0<\/code> \/ <code>^<\/code> \/ <code>$<\/code><\/td><td>D\u00e9but \/ premier mot \/ fin de ligne<\/td><\/tr><tr><td><code>w<\/code> \/ <code>b<\/code><\/td><td>Mot suivant \/ pr\u00e9c\u00e9dent<\/td><\/tr><tr><td><code>gg<\/code> \/ <code>G<\/code><\/td><td>D\u00e9but \/ fin du fichier<\/td><\/tr><tr><td><code>:n<\/code><\/td><td>Aller \u00e0 la ligne n<\/td><\/tr><\/tbody><\/table><\/figure>\n\n\n\n<hr class=\"wp-block-separator has-alpha-channel-opacity\"\/>\n\n\n\n<h3 class=\"wp-block-heading\" id=\"5-copier-couper-coller\">\u2702\ufe0f 5. <strong>Copier, couper, coller<\/strong><\/h3>\n\n\n\n<figure class=\"wp-block-table\"><table class=\"has-fixed-layout\"><thead><tr><th>Commande<\/th><th>Action<\/th><\/tr><\/thead><tbody><tr><td><code>yy<\/code><\/td><td>Copier la ligne<\/td><\/tr><tr><td><code>dd<\/code><\/td><td>Supprimer la ligne (\u00e9quivalent \u00ab\u00a0couper\u00a0\u00bb)<\/td><\/tr><tr><td><code>p<\/code><\/td><td>Coller apr\u00e8s<\/td><\/tr><tr><td><code>P<\/code><\/td><td>Coller avant<\/td><\/tr><\/tbody><\/table><\/figure>\n\n\n\n<hr class=\"wp-block-separator has-alpha-channel-opacity\"\/>\n\n\n\n<h3 class=\"wp-block-heading\" id=\"6-rechercher-et-remplacer\">\ud83d\udd0d 6. <strong>Rechercher et remplacer<\/strong><\/h3>\n\n\n\n<figure class=\"wp-block-table\"><table class=\"has-fixed-layout\"><thead><tr><th>Commande<\/th><th>Action<\/th><\/tr><\/thead><tbody><tr><td><code>\/mot<\/code><\/td><td>Rechercher \u00ab\u00a0mot\u00a0\u00bb<\/td><\/tr><tr><td><code>n<\/code> \/ <code>N<\/code><\/td><td>R\u00e9sultat suivant \/ pr\u00e9c\u00e9dent<\/td><\/tr><tr><td><code>:%s\/ancien\/nouveau\/g<\/code><\/td><td>Remplacer tous les \u00ab\u00a0ancien\u00a0\u00bb par \u00ab\u00a0nouveau\u00a0\u00bb<\/td><\/tr><\/tbody><\/table><\/figure>\n\n\n\n<hr class=\"wp-block-separator has-alpha-channel-opacity\"\/>\n\n\n\n<h3 class=\"wp-block-heading\" id=\"7-annuler-repeter\">\ud83d\udca5 7. <strong>Annuler \/ R\u00e9p\u00e9ter<\/strong><\/h3>\n\n\n\n<figure class=\"wp-block-table\"><table class=\"has-fixed-layout\"><thead><tr><th>Commande<\/th><th>Action<\/th><\/tr><\/thead><tbody><tr><td><code>u<\/code><\/td><td>Annuler derni\u00e8re action<\/td><\/tr><tr><td><code>U<\/code><\/td><td>Annuler toute la ligne<\/td><\/tr><tr><td><code>Ctrl + r<\/code><\/td><td>Refaire (undo de l&rsquo;undo)<\/td><\/tr><\/tbody><\/table><\/figure>\n\n\n\n<hr class=\"wp-block-separator has-alpha-channel-opacity\"\/>\n\n\n\n<h3 class=\"wp-block-heading\" id=\"astuce\">\ud83d\udca1 Astuce :<\/h3>\n\n\n\n<ul class=\"wp-block-list\">\n<li>Tape <code>vimtutor<\/code> dans un terminal pour une initiation interactive rapide (environ 30 minutes).<\/li>\n<\/ul>\n\n\n\n<p class=\"wp-block-paragraph\"><\/p>\n","protected":false},"excerpt":{"rendered":"<p>\ud83d\udd52 : 3 h maximum Pr\u00e9requis: But: R\u00e9pertoire du travail: ~\/Works\/TP_VI Travail \u00e0 renvoyer : \ud83d\udce9 Faire une r\u00e9daction avec libre office (format odt) qui reste votre propri\u00e9t\u00e9 , mais [&hellip;]<\/p>\n","protected":false},"author":1,"featured_media":0,"parent":0,"menu_order":0,"comment_status":"closed","ping_status":"closed","template":"","meta":{"_crdt_document":"","_uag_custom_page_level_css":"","footnotes":""},"class_list":["post-1375","page","type-page","status-publish","hentry"],"yoast_head":"<!-- This site is optimized with the Yoast SEO plugin v27.3 - https:\/\/yoast.com\/product\/yoast-seo-wordpress\/ -->\n<title>TP_LINUX VI_\u00c9diteur_texte - workboot<\/title>\n<meta name=\"robots\" content=\"index, follow, max-snippet:-1, max-image-preview:large, max-video-preview:-1\" \/>\n<link rel=\"canonical\" href=\"https:\/\/workboot.fr\/ciela\/tp-vi\/\" \/>\n<meta property=\"og:locale\" content=\"fr_FR\" \/>\n<meta property=\"og:type\" content=\"article\" \/>\n<meta property=\"og:title\" content=\"TP_LINUX VI_\u00c9diteur_texte - workboot\" \/>\n<meta property=\"og:description\" content=\"\ud83d\udd52 : 3 h maximum Pr\u00e9requis: But: R\u00e9pertoire du travail: ~\/Works\/TP_VI Travail \u00e0 renvoyer : \ud83d\udce9 Faire une r\u00e9daction avec libre office (format odt) qui reste votre propri\u00e9t\u00e9 , mais [&hellip;]\" \/>\n<meta property=\"og:url\" content=\"https:\/\/workboot.fr\/ciela\/tp-vi\/\" \/>\n<meta property=\"og:site_name\" content=\"workboot\" \/>\n<meta property=\"article:modified_time\" content=\"2025-08-11T15:10:23+00:00\" \/>\n<meta property=\"og:image\" content=\"https:\/\/workboot.fr\/ciela\/wp-content\/uploads\/2025\/06\/vimtutor0.png\" \/>\n\t<meta property=\"og:image:width\" content=\"739\" \/>\n\t<meta property=\"og:image:height\" content=\"533\" \/>\n\t<meta property=\"og:image:type\" content=\"image\/png\" \/>\n<meta name=\"twitter:label1\" content=\"Dur\u00e9e de lecture estim\u00e9e\" \/>\n\t<meta name=\"twitter:data1\" content=\"3 minutes\" \/>\n<script type=\"application\/ld+json\" class=\"yoast-schema-graph\">{\"@context\":\"https:\\\/\\\/schema.org\",\"@graph\":[{\"@type\":\"WebPage\",\"@id\":\"https:\\\/\\\/workboot.fr\\\/ciela\\\/tp-vi\\\/\",\"url\":\"https:\\\/\\\/workboot.fr\\\/ciela\\\/tp-vi\\\/\",\"name\":\"TP_LINUX VI_\u00c9diteur_texte - workboot\",\"isPartOf\":{\"@id\":\"https:\\\/\\\/workboot.fr\\\/ciela\\\/#website\"},\"primaryImageOfPage\":{\"@id\":\"https:\\\/\\\/workboot.fr\\\/ciela\\\/tp-vi\\\/#primaryimage\"},\"image\":{\"@id\":\"https:\\\/\\\/workboot.fr\\\/ciela\\\/tp-vi\\\/#primaryimage\"},\"thumbnailUrl\":\"https:\\\/\\\/workboot.fr\\\/ciela\\\/wp-content\\\/uploads\\\/2025\\\/06\\\/vimtutor0.png\",\"datePublished\":\"2025-06-12T10:26:01+00:00\",\"dateModified\":\"2025-08-11T15:10:23+00:00\",\"inLanguage\":\"fr-FR\",\"potentialAction\":[{\"@type\":\"ReadAction\",\"target\":[\"https:\\\/\\\/workboot.fr\\\/ciela\\\/tp-vi\\\/\"]}]},{\"@type\":\"ImageObject\",\"inLanguage\":\"fr-FR\",\"@id\":\"https:\\\/\\\/workboot.fr\\\/ciela\\\/tp-vi\\\/#primaryimage\",\"url\":\"https:\\\/\\\/workboot.fr\\\/ciela\\\/wp-content\\\/uploads\\\/2025\\\/06\\\/vimtutor0.png\",\"contentUrl\":\"https:\\\/\\\/workboot.fr\\\/ciela\\\/wp-content\\\/uploads\\\/2025\\\/06\\\/vimtutor0.png\",\"width\":739,\"height\":533},{\"@type\":\"WebSite\",\"@id\":\"https:\\\/\\\/workboot.fr\\\/ciela\\\/#website\",\"url\":\"https:\\\/\\\/workboot.fr\\\/ciela\\\/\",\"name\":\"workboot\",\"description\":\"Open Source, Open Minds \",\"publisher\":{\"@id\":\"https:\\\/\\\/workboot.fr\\\/ciela\\\/#organization\"},\"potentialAction\":[{\"@type\":\"SearchAction\",\"target\":{\"@type\":\"EntryPoint\",\"urlTemplate\":\"https:\\\/\\\/workboot.fr\\\/ciela\\\/?s={search_term_string}\"},\"query-input\":{\"@type\":\"PropertyValueSpecification\",\"valueRequired\":true,\"valueName\":\"search_term_string\"}}],\"inLanguage\":\"fr-FR\"},{\"@type\":\"Organization\",\"@id\":\"https:\\\/\\\/workboot.fr\\\/ciela\\\/#organization\",\"name\":\"workboot\",\"url\":\"https:\\\/\\\/workboot.fr\\\/ciela\\\/\",\"logo\":{\"@type\":\"ImageObject\",\"inLanguage\":\"fr-FR\",\"@id\":\"https:\\\/\\\/workboot.fr\\\/ciela\\\/#\\\/schema\\\/logo\\\/image\\\/\",\"url\":\"https:\\\/\\\/workboot.fr\\\/ciela\\\/wp-content\\\/uploads\\\/2025\\\/05\\\/logo_ciel-dorian-1.png\",\"contentUrl\":\"https:\\\/\\\/workboot.fr\\\/ciela\\\/wp-content\\\/uploads\\\/2025\\\/05\\\/logo_ciel-dorian-1.png\",\"width\":1024,\"height\":950,\"caption\":\"workboot\"},\"image\":{\"@id\":\"https:\\\/\\\/workboot.fr\\\/ciela\\\/#\\\/schema\\\/logo\\\/image\\\/\"}}]}<\/script>\n<!-- \/ Yoast SEO plugin. -->","yoast_head_json":{"title":"TP_LINUX VI_\u00c9diteur_texte - workboot","robots":{"index":"index","follow":"follow","max-snippet":"max-snippet:-1","max-image-preview":"max-image-preview:large","max-video-preview":"max-video-preview:-1"},"canonical":"https:\/\/workboot.fr\/ciela\/tp-vi\/","og_locale":"fr_FR","og_type":"article","og_title":"TP_LINUX VI_\u00c9diteur_texte - workboot","og_description":"\ud83d\udd52 : 3 h maximum Pr\u00e9requis: But: R\u00e9pertoire du travail: ~\/Works\/TP_VI Travail \u00e0 renvoyer : \ud83d\udce9 Faire une r\u00e9daction avec libre office (format odt) qui reste votre propri\u00e9t\u00e9 , mais [&hellip;]","og_url":"https:\/\/workboot.fr\/ciela\/tp-vi\/","og_site_name":"workboot","article_modified_time":"2025-08-11T15:10:23+00:00","og_image":[{"width":739,"height":533,"url":"https:\/\/workboot.fr\/ciela\/wp-content\/uploads\/2025\/06\/vimtutor0.png","type":"image\/png"}],"twitter_misc":{"Dur\u00e9e de lecture estim\u00e9e":"3 minutes"},"schema":{"@context":"https:\/\/schema.org","@graph":[{"@type":"WebPage","@id":"https:\/\/workboot.fr\/ciela\/tp-vi\/","url":"https:\/\/workboot.fr\/ciela\/tp-vi\/","name":"TP_LINUX VI_\u00c9diteur_texte - workboot","isPartOf":{"@id":"https:\/\/workboot.fr\/ciela\/#website"},"primaryImageOfPage":{"@id":"https:\/\/workboot.fr\/ciela\/tp-vi\/#primaryimage"},"image":{"@id":"https:\/\/workboot.fr\/ciela\/tp-vi\/#primaryimage"},"thumbnailUrl":"https:\/\/workboot.fr\/ciela\/wp-content\/uploads\/2025\/06\/vimtutor0.png","datePublished":"2025-06-12T10:26:01+00:00","dateModified":"2025-08-11T15:10:23+00:00","inLanguage":"fr-FR","potentialAction":[{"@type":"ReadAction","target":["https:\/\/workboot.fr\/ciela\/tp-vi\/"]}]},{"@type":"ImageObject","inLanguage":"fr-FR","@id":"https:\/\/workboot.fr\/ciela\/tp-vi\/#primaryimage","url":"https:\/\/workboot.fr\/ciela\/wp-content\/uploads\/2025\/06\/vimtutor0.png","contentUrl":"https:\/\/workboot.fr\/ciela\/wp-content\/uploads\/2025\/06\/vimtutor0.png","width":739,"height":533},{"@type":"WebSite","@id":"https:\/\/workboot.fr\/ciela\/#website","url":"https:\/\/workboot.fr\/ciela\/","name":"workboot","description":"Open Source, Open Minds ","publisher":{"@id":"https:\/\/workboot.fr\/ciela\/#organization"},"potentialAction":[{"@type":"SearchAction","target":{"@type":"EntryPoint","urlTemplate":"https:\/\/workboot.fr\/ciela\/?s={search_term_string}"},"query-input":{"@type":"PropertyValueSpecification","valueRequired":true,"valueName":"search_term_string"}}],"inLanguage":"fr-FR"},{"@type":"Organization","@id":"https:\/\/workboot.fr\/ciela\/#organization","name":"workboot","url":"https:\/\/workboot.fr\/ciela\/","logo":{"@type":"ImageObject","inLanguage":"fr-FR","@id":"https:\/\/workboot.fr\/ciela\/#\/schema\/logo\/image\/","url":"https:\/\/workboot.fr\/ciela\/wp-content\/uploads\/2025\/05\/logo_ciel-dorian-1.png","contentUrl":"https:\/\/workboot.fr\/ciela\/wp-content\/uploads\/2025\/05\/logo_ciel-dorian-1.png","width":1024,"height":950,"caption":"workboot"},"image":{"@id":"https:\/\/workboot.fr\/ciela\/#\/schema\/logo\/image\/"}}]}},"uagb_featured_image_src":{"full":false,"thumbnail":false,"medium":false,"medium_large":false,"large":false,"1536x1536":false,"2048x2048":false},"uagb_author_info":{"display_name":"admin","author_link":"https:\/\/workboot.fr\/ciela\/author\/admin\/"},"uagb_comment_info":0,"uagb_excerpt":"\ud83d\udd52 : 3 h maximum Pr\u00e9requis: But: R\u00e9pertoire du travail: ~\/Works\/TP_VI Travail \u00e0 renvoyer : \ud83d\udce9 Faire une r\u00e9daction avec libre office (format odt) qui reste votre propri\u00e9t\u00e9 , mais [&hellip;]","_links":{"self":[{"href":"https:\/\/workboot.fr\/ciela\/wp-json\/wp\/v2\/pages\/1375","targetHints":{"allow":["GET"]}}],"collection":[{"href":"https:\/\/workboot.fr\/ciela\/wp-json\/wp\/v2\/pages"}],"about":[{"href":"https:\/\/workboot.fr\/ciela\/wp-json\/wp\/v2\/types\/page"}],"author":[{"embeddable":true,"href":"https:\/\/workboot.fr\/ciela\/wp-json\/wp\/v2\/users\/1"}],"replies":[{"embeddable":true,"href":"https:\/\/workboot.fr\/ciela\/wp-json\/wp\/v2\/comments?post=1375"}],"version-history":[{"count":16,"href":"https:\/\/workboot.fr\/ciela\/wp-json\/wp\/v2\/pages\/1375\/revisions"}],"predecessor-version":[{"id":3744,"href":"https:\/\/workboot.fr\/ciela\/wp-json\/wp\/v2\/pages\/1375\/revisions\/3744"}],"wp:attachment":[{"href":"https:\/\/workboot.fr\/ciela\/wp-json\/wp\/v2\/media?parent=1375"}],"curies":[{"name":"wp","href":"https:\/\/api.w.org\/{rel}","templated":true}]}}