{"id":1489,"date":"2025-06-25T16:49:36","date_gmt":"2025-06-25T15:49:36","guid":{"rendered":"https:\/\/workboot.fr\/ciela\/?page_id=1489"},"modified":"2025-06-25T16:52:18","modified_gmt":"2025-06-25T15:52:18","slug":"schema-reseau","status":"publish","type":"page","link":"https:\/\/workboot.fr\/ciela\/schema-reseau\/","title":{"rendered":"Sch\u00e9ma r\u00e9seau"},"content":{"rendered":"\n<p class=\"wp-block-paragraph\">Je conseil d&rsquo;utiliser libre office , qui est un outil libre et gratuit et fiable<\/p>\n\n\n\n<p class=\"wp-block-paragraph\">Utilisation de libre office draw pour r\u00e9aliser des sch\u00e9mas<\/p>\n\n\n\n<p class=\"wp-block-paragraph\">extension r\u00e9seau<\/p>\n\n\n\n<p class=\"wp-block-paragraph\"><a href=\"https:\/\/extensions.libreoffice.org\/en\/extensions\/show\/vrt-network-equipment\">https:\/\/extensions.libreoffice.org\/en\/extensions\/show\/vrt-network-equipment<\/a><\/p>\n\n\n\n<p class=\"wp-block-paragraph\">puis dans galerie : on va disposer d&rsquo;ordinateurs, switchs ,distribuer des IP ..etc <\/p>\n\n\n\n<p class=\"wp-block-paragraph\"><\/p>\n\n\n\n<figure class=\"wp-block-image size-large\"><a href=\"https:\/\/workboot.fr\/ciela\/wp-content\/uploads\/2025\/06\/libreofficevrt.png\"><img loading=\"lazy\" decoding=\"async\" width=\"1024\" height=\"576\" src=\"https:\/\/workboot.fr\/ciela\/wp-content\/uploads\/2025\/06\/libreofficevrt-1024x576.png\" alt=\"\" class=\"wp-image-1494\" srcset=\"https:\/\/workboot.fr\/ciela\/wp-content\/uploads\/2025\/06\/libreofficevrt-1024x576.png 1024w, https:\/\/workboot.fr\/ciela\/wp-content\/uploads\/2025\/06\/libreofficevrt-300x169.png 300w, https:\/\/workboot.fr\/ciela\/wp-content\/uploads\/2025\/06\/libreofficevrt-768x432.png 768w, https:\/\/workboot.fr\/ciela\/wp-content\/uploads\/2025\/06\/libreofficevrt.png 1280w\" sizes=\"auto, (max-width: 1024px) 100vw, 1024px\" \/><\/a><\/figure>\n","protected":false},"excerpt":{"rendered":"<p>Je conseil d&rsquo;utiliser libre office , qui est un outil libre et gratuit et fiable Utilisation de libre office draw pour r\u00e9aliser des sch\u00e9mas extension r\u00e9seau https:\/\/extensions.libreoffice.org\/en\/extensions\/show\/vrt-network-equipment puis dans galerie [&hellip;]<\/p>\n","protected":false},"author":1,"featured_media":0,"parent":0,"menu_order":0,"comment_status":"closed","ping_status":"closed","template":"","meta":{"_crdt_document":"","_uag_custom_page_level_css":"","footnotes":""},"class_list":["post-1489","page","type-page","status-publish","hentry"],"yoast_head":"<!-- This site is optimized with the Yoast SEO plugin v27.3 - https:\/\/yoast.com\/product\/yoast-seo-wordpress\/ -->\n<title>Sch\u00e9ma r\u00e9seau - workboot<\/title>\n<meta name=\"robots\" content=\"index, follow, max-snippet:-1, max-image-preview:large, max-video-preview:-1\" \/>\n<link rel=\"canonical\" href=\"https:\/\/workboot.fr\/ciela\/schema-reseau\/\" \/>\n<meta property=\"og:locale\" content=\"fr_FR\" \/>\n<meta property=\"og:type\" content=\"article\" \/>\n<meta property=\"og:title\" content=\"Sch\u00e9ma r\u00e9seau - workboot\" \/>\n<meta property=\"og:description\" content=\"Je conseil d&rsquo;utiliser libre office , qui est un outil libre et gratuit et fiable Utilisation de libre office draw pour r\u00e9aliser des sch\u00e9mas extension r\u00e9seau https:\/\/extensions.libreoffice.org\/en\/extensions\/show\/vrt-network-equipment puis dans galerie [&hellip;]\" \/>\n<meta property=\"og:url\" content=\"https:\/\/workboot.fr\/ciela\/schema-reseau\/\" \/>\n<meta property=\"og:site_name\" content=\"workboot\" \/>\n<meta property=\"article:modified_time\" content=\"2025-06-25T15:52:18+00:00\" \/>\n<meta property=\"og:image\" content=\"https:\/\/workboot.fr\/ciela\/wp-content\/uploads\/2025\/06\/libreofficevrt-1024x576.png\" \/>\n<script type=\"application\/ld+json\" class=\"yoast-schema-graph\">{\"@context\":\"https:\\\/\\\/schema.org\",\"@graph\":[{\"@type\":\"WebPage\",\"@id\":\"https:\\\/\\\/workboot.fr\\\/ciela\\\/schema-reseau\\\/\",\"url\":\"https:\\\/\\\/workboot.fr\\\/ciela\\\/schema-reseau\\\/\",\"name\":\"Sch\u00e9ma r\u00e9seau - workboot\",\"isPartOf\":{\"@id\":\"https:\\\/\\\/workboot.fr\\\/ciela\\\/#website\"},\"primaryImageOfPage\":{\"@id\":\"https:\\\/\\\/workboot.fr\\\/ciela\\\/schema-reseau\\\/#primaryimage\"},\"image\":{\"@id\":\"https:\\\/\\\/workboot.fr\\\/ciela\\\/schema-reseau\\\/#primaryimage\"},\"thumbnailUrl\":\"https:\\\/\\\/workboot.fr\\\/ciela\\\/wp-content\\\/uploads\\\/2025\\\/06\\\/libreofficevrt-1024x576.png\",\"datePublished\":\"2025-06-25T15:49:36+00:00\",\"dateModified\":\"2025-06-25T15:52:18+00:00\",\"inLanguage\":\"fr-FR\",\"potentialAction\":[{\"@type\":\"ReadAction\",\"target\":[\"https:\\\/\\\/workboot.fr\\\/ciela\\\/schema-reseau\\\/\"]}]},{\"@type\":\"ImageObject\",\"inLanguage\":\"fr-FR\",\"@id\":\"https:\\\/\\\/workboot.fr\\\/ciela\\\/schema-reseau\\\/#primaryimage\",\"url\":\"https:\\\/\\\/workboot.fr\\\/ciela\\\/wp-content\\\/uploads\\\/2025\\\/06\\\/libreofficevrt.png\",\"contentUrl\":\"https:\\\/\\\/workboot.fr\\\/ciela\\\/wp-content\\\/uploads\\\/2025\\\/06\\\/libreofficevrt.png\",\"width\":1280,\"height\":720},{\"@type\":\"WebSite\",\"@id\":\"https:\\\/\\\/workboot.fr\\\/ciela\\\/#website\",\"url\":\"https:\\\/\\\/workboot.fr\\\/ciela\\\/\",\"name\":\"workboot\",\"description\":\"Open Source, Open Minds \",\"publisher\":{\"@id\":\"https:\\\/\\\/workboot.fr\\\/ciela\\\/#organization\"},\"potentialAction\":[{\"@type\":\"SearchAction\",\"target\":{\"@type\":\"EntryPoint\",\"urlTemplate\":\"https:\\\/\\\/workboot.fr\\\/ciela\\\/?s={search_term_string}\"},\"query-input\":{\"@type\":\"PropertyValueSpecification\",\"valueRequired\":true,\"valueName\":\"search_term_string\"}}],\"inLanguage\":\"fr-FR\"},{\"@type\":\"Organization\",\"@id\":\"https:\\\/\\\/workboot.fr\\\/ciela\\\/#organization\",\"name\":\"workboot\",\"url\":\"https:\\\/\\\/workboot.fr\\\/ciela\\\/\",\"logo\":{\"@type\":\"ImageObject\",\"inLanguage\":\"fr-FR\",\"@id\":\"https:\\\/\\\/workboot.fr\\\/ciela\\\/#\\\/schema\\\/logo\\\/image\\\/\",\"url\":\"https:\\\/\\\/workboot.fr\\\/ciela\\\/wp-content\\\/uploads\\\/2025\\\/05\\\/logo_ciel-dorian-1.png\",\"contentUrl\":\"https:\\\/\\\/workboot.fr\\\/ciela\\\/wp-content\\\/uploads\\\/2025\\\/05\\\/logo_ciel-dorian-1.png\",\"width\":1024,\"height\":950,\"caption\":\"workboot\"},\"image\":{\"@id\":\"https:\\\/\\\/workboot.fr\\\/ciela\\\/#\\\/schema\\\/logo\\\/image\\\/\"}}]}<\/script>\n<!-- \/ Yoast SEO plugin. -->","yoast_head_json":{"title":"Sch\u00e9ma r\u00e9seau - workboot","robots":{"index":"index","follow":"follow","max-snippet":"max-snippet:-1","max-image-preview":"max-image-preview:large","max-video-preview":"max-video-preview:-1"},"canonical":"https:\/\/workboot.fr\/ciela\/schema-reseau\/","og_locale":"fr_FR","og_type":"article","og_title":"Sch\u00e9ma r\u00e9seau - workboot","og_description":"Je conseil d&rsquo;utiliser libre office , qui est un outil libre et gratuit et fiable Utilisation de libre office draw pour r\u00e9aliser des sch\u00e9mas extension r\u00e9seau https:\/\/extensions.libreoffice.org\/en\/extensions\/show\/vrt-network-equipment puis dans galerie [&hellip;]","og_url":"https:\/\/workboot.fr\/ciela\/schema-reseau\/","og_site_name":"workboot","article_modified_time":"2025-06-25T15:52:18+00:00","og_image":[{"url":"https:\/\/workboot.fr\/ciela\/wp-content\/uploads\/2025\/06\/libreofficevrt-1024x576.png","type":"","width":"","height":""}],"schema":{"@context":"https:\/\/schema.org","@graph":[{"@type":"WebPage","@id":"https:\/\/workboot.fr\/ciela\/schema-reseau\/","url":"https:\/\/workboot.fr\/ciela\/schema-reseau\/","name":"Sch\u00e9ma r\u00e9seau - workboot","isPartOf":{"@id":"https:\/\/workboot.fr\/ciela\/#website"},"primaryImageOfPage":{"@id":"https:\/\/workboot.fr\/ciela\/schema-reseau\/#primaryimage"},"image":{"@id":"https:\/\/workboot.fr\/ciela\/schema-reseau\/#primaryimage"},"thumbnailUrl":"https:\/\/workboot.fr\/ciela\/wp-content\/uploads\/2025\/06\/libreofficevrt-1024x576.png","datePublished":"2025-06-25T15:49:36+00:00","dateModified":"2025-06-25T15:52:18+00:00","inLanguage":"fr-FR","potentialAction":[{"@type":"ReadAction","target":["https:\/\/workboot.fr\/ciela\/schema-reseau\/"]}]},{"@type":"ImageObject","inLanguage":"fr-FR","@id":"https:\/\/workboot.fr\/ciela\/schema-reseau\/#primaryimage","url":"https:\/\/workboot.fr\/ciela\/wp-content\/uploads\/2025\/06\/libreofficevrt.png","contentUrl":"https:\/\/workboot.fr\/ciela\/wp-content\/uploads\/2025\/06\/libreofficevrt.png","width":1280,"height":720},{"@type":"WebSite","@id":"https:\/\/workboot.fr\/ciela\/#website","url":"https:\/\/workboot.fr\/ciela\/","name":"workboot","description":"Open Source, Open Minds ","publisher":{"@id":"https:\/\/workboot.fr\/ciela\/#organization"},"potentialAction":[{"@type":"SearchAction","target":{"@type":"EntryPoint","urlTemplate":"https:\/\/workboot.fr\/ciela\/?s={search_term_string}"},"query-input":{"@type":"PropertyValueSpecification","valueRequired":true,"valueName":"search_term_string"}}],"inLanguage":"fr-FR"},{"@type":"Organization","@id":"https:\/\/workboot.fr\/ciela\/#organization","name":"workboot","url":"https:\/\/workboot.fr\/ciela\/","logo":{"@type":"ImageObject","inLanguage":"fr-FR","@id":"https:\/\/workboot.fr\/ciela\/#\/schema\/logo\/image\/","url":"https:\/\/workboot.fr\/ciela\/wp-content\/uploads\/2025\/05\/logo_ciel-dorian-1.png","contentUrl":"https:\/\/workboot.fr\/ciela\/wp-content\/uploads\/2025\/05\/logo_ciel-dorian-1.png","width":1024,"height":950,"caption":"workboot"},"image":{"@id":"https:\/\/workboot.fr\/ciela\/#\/schema\/logo\/image\/"}}]}},"uagb_featured_image_src":{"full":false,"thumbnail":false,"medium":false,"medium_large":false,"large":false,"1536x1536":false,"2048x2048":false},"uagb_author_info":{"display_name":"admin","author_link":"https:\/\/workboot.fr\/ciela\/author\/admin\/"},"uagb_comment_info":0,"uagb_excerpt":"Je conseil d&rsquo;utiliser libre office , qui est un outil libre et gratuit et fiable Utilisation de libre office draw pour r\u00e9aliser des sch\u00e9mas extension r\u00e9seau https:\/\/extensions.libreoffice.org\/en\/extensions\/show\/vrt-network-equipment puis dans galerie [&hellip;]","_links":{"self":[{"href":"https:\/\/workboot.fr\/ciela\/wp-json\/wp\/v2\/pages\/1489","targetHints":{"allow":["GET"]}}],"collection":[{"href":"https:\/\/workboot.fr\/ciela\/wp-json\/wp\/v2\/pages"}],"about":[{"href":"https:\/\/workboot.fr\/ciela\/wp-json\/wp\/v2\/types\/page"}],"author":[{"embeddable":true,"href":"https:\/\/workboot.fr\/ciela\/wp-json\/wp\/v2\/users\/1"}],"replies":[{"embeddable":true,"href":"https:\/\/workboot.fr\/ciela\/wp-json\/wp\/v2\/comments?post=1489"}],"version-history":[{"count":3,"href":"https:\/\/workboot.fr\/ciela\/wp-json\/wp\/v2\/pages\/1489\/revisions"}],"predecessor-version":[{"id":1495,"href":"https:\/\/workboot.fr\/ciela\/wp-json\/wp\/v2\/pages\/1489\/revisions\/1495"}],"wp:attachment":[{"href":"https:\/\/workboot.fr\/ciela\/wp-json\/wp\/v2\/media?parent=1489"}],"curies":[{"name":"wp","href":"https:\/\/api.w.org\/{rel}","templated":true}]}}