{"id":1499,"date":"2025-06-25T16:57:48","date_gmt":"2025-06-25T15:57:48","guid":{"rendered":"https:\/\/workboot.fr\/ciela\/?page_id=1499"},"modified":"2025-06-25T16:57:49","modified_gmt":"2025-06-25T15:57:49","slug":"commandes-linux","status":"publish","type":"page","link":"https:\/\/workboot.fr\/ciela\/commandes-linux\/","title":{"rendered":"Commandes Linux"},"content":{"rendered":"\n<p class=\"wp-block-paragraph\"><strong>\u26a0\ufe0f Attention : le paquet Net-tools est obsol\u00e8te depuis plus de 10 ans<\/strong><\/p>\n\n\n\n<p class=\"wp-block-paragraph\">Net-tools, qui contient notamment la c\u00e9l\u00e8bre commande <code>ifconfig<\/code>, est d\u00e9sormais consid\u00e9r\u00e9 comme obsol\u00e8te sous Linux.<\/p>\n\n\n\n<p class=\"wp-block-paragraph\">La commande <code>ifconfig<\/code> est <strong>d\u00e9pr\u00e9ci\u00e9e<\/strong> et vou\u00e9e \u00e0 dispara\u00eetre. Elle est progressivement remplac\u00e9e par les outils plus modernes du paquet <strong>iproute2<\/strong>, notamment la commande <code>ip<\/code>.<\/p>\n\n\n\n<p class=\"wp-block-paragraph\">\ud83d\udc49 Pour en savoir plus sur cette transition, consultez ces ressources utiles :<\/p>\n\n\n\n<ul class=\"wp-block-list\">\n<li>Tutoriel Linux Tricks : <a class=\"\" href=\"https:\/\/www.linuxtricks.fr\/wiki\/reseau-il-ne-faut-plus-utiliser-ifconfig-mais-la-commande-ip\">Il ne faut plus utiliser ifconfig, mais la commande ip<\/a><\/li>\n\n\n\n<li>Wiki iproute2 : <a class=\"\" href=\"https:\/\/fr.wikipedia.org\/wiki\/Iproute2\">https:\/\/fr.wikipedia.org\/wiki\/Iproute2<\/a><\/li>\n<\/ul>\n\n\n\n<p class=\"wp-block-paragraph\">\ud83d\udd27 <strong>Conclusion<\/strong> : le TP reste pertinent, mais il faudra utiliser les outils du paquet <code>iproute2<\/code>.<\/p>\n\n\n\n<p class=\"wp-block-paragraph\">Voici quelques <strong>\u00e9quivalences entre les commandes de Net-tools et iproute2<\/strong> :<\/p>\n\n\n\n<p class=\"wp-block-paragraph\">quelques exemples de commandes:<\/p>\n\n\n\n<figure class=\"wp-block-table\"><table class=\"has-fixed-layout\"><thead><tr><th>Net-tools (<code>ifconfig<\/code> &amp; cie)<\/th><th>iproute2 (<code>ip<\/code>)<\/th><\/tr><\/thead><tbody><tr><td><code>ifconfig<\/code><\/td><td><code>ip addr<\/code> ou <code>ip a<\/code><\/td><\/tr><tr><td><code>ifconfig eth0 up<\/code><\/td><td><code>ip link set eth0 up<\/code><\/td><\/tr><tr><td><code>ifconfig eth0 down<\/code><\/td><td><code>ip link set eth0 down<\/code><\/td><\/tr><tr><td><code>route -n<\/code><\/td><td><code>ip route<\/code><\/td><\/tr><tr><td><code>netstat -tulpn<\/code><\/td><td><code>ss -tulpn<\/code><\/td><\/tr><tr><td><code>arp -a<\/code><\/td><td><code>ip neigh<\/code><\/td><\/tr><\/tbody><\/table><\/figure>\n","protected":false},"excerpt":{"rendered":"<p>\u26a0\ufe0f Attention : le paquet Net-tools est obsol\u00e8te depuis plus de 10 ans Net-tools, qui contient notamment la c\u00e9l\u00e8bre commande ifconfig, est d\u00e9sormais consid\u00e9r\u00e9 comme obsol\u00e8te sous Linux. La commande [&hellip;]<\/p>\n","protected":false},"author":1,"featured_media":0,"parent":0,"menu_order":0,"comment_status":"closed","ping_status":"closed","template":"","meta":{"_crdt_document":"","_uag_custom_page_level_css":"","footnotes":""},"class_list":["post-1499","page","type-page","status-publish","hentry"],"yoast_head":"<!-- This site is optimized with the Yoast SEO plugin v27.3 - https:\/\/yoast.com\/product\/yoast-seo-wordpress\/ -->\n<title>Commandes Linux - workboot<\/title>\n<meta name=\"robots\" content=\"index, follow, max-snippet:-1, max-image-preview:large, max-video-preview:-1\" \/>\n<link rel=\"canonical\" href=\"https:\/\/workboot.fr\/ciela\/commandes-linux\/\" \/>\n<meta property=\"og:locale\" content=\"fr_FR\" \/>\n<meta property=\"og:type\" content=\"article\" \/>\n<meta property=\"og:title\" content=\"Commandes Linux - workboot\" \/>\n<meta property=\"og:description\" content=\"\u26a0\ufe0f Attention : le paquet Net-tools est obsol\u00e8te depuis plus de 10 ans Net-tools, qui contient notamment la c\u00e9l\u00e8bre commande ifconfig, est d\u00e9sormais consid\u00e9r\u00e9 comme obsol\u00e8te sous Linux. La commande [&hellip;]\" \/>\n<meta property=\"og:url\" content=\"https:\/\/workboot.fr\/ciela\/commandes-linux\/\" \/>\n<meta property=\"og:site_name\" content=\"workboot\" \/>\n<meta property=\"article:modified_time\" content=\"2025-06-25T15:57:49+00:00\" \/>\n<meta name=\"twitter:label1\" content=\"Dur\u00e9e de lecture estim\u00e9e\" \/>\n\t<meta name=\"twitter:data1\" content=\"1 minute\" \/>\n<script type=\"application\/ld+json\" class=\"yoast-schema-graph\">{\"@context\":\"https:\\\/\\\/schema.org\",\"@graph\":[{\"@type\":\"WebPage\",\"@id\":\"https:\\\/\\\/workboot.fr\\\/ciela\\\/commandes-linux\\\/\",\"url\":\"https:\\\/\\\/workboot.fr\\\/ciela\\\/commandes-linux\\\/\",\"name\":\"Commandes Linux - workboot\",\"isPartOf\":{\"@id\":\"https:\\\/\\\/workboot.fr\\\/ciela\\\/#website\"},\"datePublished\":\"2025-06-25T15:57:48+00:00\",\"dateModified\":\"2025-06-25T15:57:49+00:00\",\"inLanguage\":\"fr-FR\",\"potentialAction\":[{\"@type\":\"ReadAction\",\"target\":[\"https:\\\/\\\/workboot.fr\\\/ciela\\\/commandes-linux\\\/\"]}]},{\"@type\":\"WebSite\",\"@id\":\"https:\\\/\\\/workboot.fr\\\/ciela\\\/#website\",\"url\":\"https:\\\/\\\/workboot.fr\\\/ciela\\\/\",\"name\":\"workboot\",\"description\":\"Open Source, Open Minds \",\"publisher\":{\"@id\":\"https:\\\/\\\/workboot.fr\\\/ciela\\\/#organization\"},\"potentialAction\":[{\"@type\":\"SearchAction\",\"target\":{\"@type\":\"EntryPoint\",\"urlTemplate\":\"https:\\\/\\\/workboot.fr\\\/ciela\\\/?s={search_term_string}\"},\"query-input\":{\"@type\":\"PropertyValueSpecification\",\"valueRequired\":true,\"valueName\":\"search_term_string\"}}],\"inLanguage\":\"fr-FR\"},{\"@type\":\"Organization\",\"@id\":\"https:\\\/\\\/workboot.fr\\\/ciela\\\/#organization\",\"name\":\"workboot\",\"url\":\"https:\\\/\\\/workboot.fr\\\/ciela\\\/\",\"logo\":{\"@type\":\"ImageObject\",\"inLanguage\":\"fr-FR\",\"@id\":\"https:\\\/\\\/workboot.fr\\\/ciela\\\/#\\\/schema\\\/logo\\\/image\\\/\",\"url\":\"https:\\\/\\\/workboot.fr\\\/ciela\\\/wp-content\\\/uploads\\\/2025\\\/05\\\/logo_ciel-dorian-1.png\",\"contentUrl\":\"https:\\\/\\\/workboot.fr\\\/ciela\\\/wp-content\\\/uploads\\\/2025\\\/05\\\/logo_ciel-dorian-1.png\",\"width\":1024,\"height\":950,\"caption\":\"workboot\"},\"image\":{\"@id\":\"https:\\\/\\\/workboot.fr\\\/ciela\\\/#\\\/schema\\\/logo\\\/image\\\/\"}}]}<\/script>\n<!-- \/ Yoast SEO plugin. -->","yoast_head_json":{"title":"Commandes Linux - workboot","robots":{"index":"index","follow":"follow","max-snippet":"max-snippet:-1","max-image-preview":"max-image-preview:large","max-video-preview":"max-video-preview:-1"},"canonical":"https:\/\/workboot.fr\/ciela\/commandes-linux\/","og_locale":"fr_FR","og_type":"article","og_title":"Commandes Linux - workboot","og_description":"\u26a0\ufe0f Attention : le paquet Net-tools est obsol\u00e8te depuis plus de 10 ans Net-tools, qui contient notamment la c\u00e9l\u00e8bre commande ifconfig, est d\u00e9sormais consid\u00e9r\u00e9 comme obsol\u00e8te sous Linux. La commande [&hellip;]","og_url":"https:\/\/workboot.fr\/ciela\/commandes-linux\/","og_site_name":"workboot","article_modified_time":"2025-06-25T15:57:49+00:00","twitter_misc":{"Dur\u00e9e de lecture estim\u00e9e":"1 minute"},"schema":{"@context":"https:\/\/schema.org","@graph":[{"@type":"WebPage","@id":"https:\/\/workboot.fr\/ciela\/commandes-linux\/","url":"https:\/\/workboot.fr\/ciela\/commandes-linux\/","name":"Commandes Linux - workboot","isPartOf":{"@id":"https:\/\/workboot.fr\/ciela\/#website"},"datePublished":"2025-06-25T15:57:48+00:00","dateModified":"2025-06-25T15:57:49+00:00","inLanguage":"fr-FR","potentialAction":[{"@type":"ReadAction","target":["https:\/\/workboot.fr\/ciela\/commandes-linux\/"]}]},{"@type":"WebSite","@id":"https:\/\/workboot.fr\/ciela\/#website","url":"https:\/\/workboot.fr\/ciela\/","name":"workboot","description":"Open Source, Open Minds ","publisher":{"@id":"https:\/\/workboot.fr\/ciela\/#organization"},"potentialAction":[{"@type":"SearchAction","target":{"@type":"EntryPoint","urlTemplate":"https:\/\/workboot.fr\/ciela\/?s={search_term_string}"},"query-input":{"@type":"PropertyValueSpecification","valueRequired":true,"valueName":"search_term_string"}}],"inLanguage":"fr-FR"},{"@type":"Organization","@id":"https:\/\/workboot.fr\/ciela\/#organization","name":"workboot","url":"https:\/\/workboot.fr\/ciela\/","logo":{"@type":"ImageObject","inLanguage":"fr-FR","@id":"https:\/\/workboot.fr\/ciela\/#\/schema\/logo\/image\/","url":"https:\/\/workboot.fr\/ciela\/wp-content\/uploads\/2025\/05\/logo_ciel-dorian-1.png","contentUrl":"https:\/\/workboot.fr\/ciela\/wp-content\/uploads\/2025\/05\/logo_ciel-dorian-1.png","width":1024,"height":950,"caption":"workboot"},"image":{"@id":"https:\/\/workboot.fr\/ciela\/#\/schema\/logo\/image\/"}}]}},"uagb_featured_image_src":{"full":false,"thumbnail":false,"medium":false,"medium_large":false,"large":false,"1536x1536":false,"2048x2048":false},"uagb_author_info":{"display_name":"admin","author_link":"https:\/\/workboot.fr\/ciela\/author\/admin\/"},"uagb_comment_info":0,"uagb_excerpt":"\u26a0\ufe0f Attention : le paquet Net-tools est obsol\u00e8te depuis plus de 10 ans Net-tools, qui contient notamment la c\u00e9l\u00e8bre commande ifconfig, est d\u00e9sormais consid\u00e9r\u00e9 comme obsol\u00e8te sous Linux. La commande [&hellip;]","_links":{"self":[{"href":"https:\/\/workboot.fr\/ciela\/wp-json\/wp\/v2\/pages\/1499","targetHints":{"allow":["GET"]}}],"collection":[{"href":"https:\/\/workboot.fr\/ciela\/wp-json\/wp\/v2\/pages"}],"about":[{"href":"https:\/\/workboot.fr\/ciela\/wp-json\/wp\/v2\/types\/page"}],"author":[{"embeddable":true,"href":"https:\/\/workboot.fr\/ciela\/wp-json\/wp\/v2\/users\/1"}],"replies":[{"embeddable":true,"href":"https:\/\/workboot.fr\/ciela\/wp-json\/wp\/v2\/comments?post=1499"}],"version-history":[{"count":1,"href":"https:\/\/workboot.fr\/ciela\/wp-json\/wp\/v2\/pages\/1499\/revisions"}],"predecessor-version":[{"id":1501,"href":"https:\/\/workboot.fr\/ciela\/wp-json\/wp\/v2\/pages\/1499\/revisions\/1501"}],"wp:attachment":[{"href":"https:\/\/workboot.fr\/ciela\/wp-json\/wp\/v2\/media?parent=1499"}],"curies":[{"name":"wp","href":"https:\/\/api.w.org\/{rel}","templated":true}]}}