{"id":1506,"date":"2025-06-25T17:06:10","date_gmt":"2025-06-25T16:06:10","guid":{"rendered":"https:\/\/workboot.fr\/ciela\/?page_id=1506"},"modified":"2025-06-25T17:15:08","modified_gmt":"2025-06-25T16:15:08","slug":"adresse-mac","status":"publish","type":"page","link":"https:\/\/workboot.fr\/ciela\/adresse-mac\/","title":{"rendered":"Adresse MAC"},"content":{"rendered":"\n<figure class=\"wp-block-image size-large is-resized\"><a href=\"https:\/\/workboot.fr\/ciela\/wp-content\/uploads\/2025\/06\/MACAD.png\"><img loading=\"lazy\" decoding=\"async\" width=\"1024\" height=\"576\" src=\"https:\/\/workboot.fr\/ciela\/wp-content\/uploads\/2025\/06\/MACAD-1024x576.png\" alt=\"\" class=\"wp-image-1509\" style=\"width:1200px;height:auto\" srcset=\"https:\/\/workboot.fr\/ciela\/wp-content\/uploads\/2025\/06\/MACAD-1024x576.png 1024w, https:\/\/workboot.fr\/ciela\/wp-content\/uploads\/2025\/06\/MACAD-300x169.png 300w, https:\/\/workboot.fr\/ciela\/wp-content\/uploads\/2025\/06\/MACAD-768x432.png 768w, https:\/\/workboot.fr\/ciela\/wp-content\/uploads\/2025\/06\/MACAD.png 1280w\" sizes=\"auto, (max-width: 1024px) 100vw, 1024px\" \/><\/a><\/figure>\n\n\n\n<p class=\"wp-block-paragraph\">Codage sur 6 x 8 bits = 48 bits ( 2^48 = 2,814749767\u00d710\u00b9\u2074 )  beaucoup !!<\/p>\n\n\n\n<figure class=\"wp-block-table\"><table class=\"has-fixed-layout\"><thead><tr><th>Adresse MAC<\/th><th>Fabricant<\/th><\/tr><\/thead><tbody><tr><td><code>00:1A:2B:3C:4D:5E<\/code><\/td><td>Cisco Systems, Inc.<\/td><\/tr><tr><td><code>F0:27:65:12:34:56<\/code><\/td><td>Apple, Inc.<\/td><\/tr><tr><td><code>3C:5A:B4:11:22:33<\/code><\/td><td>Hewlett-Packard (HP)<\/td><\/tr><tr><td><code>00:0C:29:AB:CD:EF<\/code><\/td><td>VMware, Inc.<\/td><\/tr><tr><td><code>BC:92:6B:44:55:66<\/code><\/td><td>Samsung Electronics Co., Ltd<\/td><\/tr><tr><td><code>FC:FB:FB:78:9A:BC<\/code><\/td><td>Google, Inc. (Chromecast)<\/td><\/tr><tr><td><code>D4:F5:47:AA:BB:CC<\/code><\/td><td>Intel Corporate<\/td><\/tr><tr><td><code>00:14:22:01:23:45<\/code><\/td><td>Dell Inc.<\/td><\/tr><\/tbody><\/table><\/figure>\n\n\n\n<ul class=\"wp-block-list\">\n<li><code>00:1A:2B<\/code> \u2192 c\u2019est l\u2019OUI (Organizationally Unique Identifier)<\/li>\n\n\n\n<li><code>3C:4D:5E<\/code> \u2192 partie sp\u00e9cifique au p\u00e9riph\u00e9rique, attribu\u00e9e par le fabricant<\/li>\n<\/ul>\n\n\n\n<hr class=\"wp-block-separator has-alpha-channel-opacity\"\/>\n\n\n\n<h3 class=\"wp-block-heading\">\ud83d\udd27 En r\u00e9sum\u00e9 :<\/h3>\n\n\n\n<figure class=\"wp-block-table\"><table class=\"has-fixed-layout\"><thead><tr><th>\u00c9l\u00e9ment<\/th><th>Taille<\/th><th>R\u00f4le<\/th><\/tr><\/thead><tbody><tr><td><strong>OUI<\/strong><\/td><td>24 bits (3 octets)<\/td><td>Identifie le constructeur<\/td><\/tr><tr><td><strong>NIC Specific<\/strong><\/td><td>24 bits (3 octets)<\/td><td>Identifie le p\u00e9riph\u00e9rique (unique chez le fabricant)<\/td><\/tr><tr><td><strong>Adresse MAC<\/strong><\/td><td>48 bits (6 octets)<\/td><td>Identifie une interface r\u00e9seau<\/td><\/tr><\/tbody><\/table><\/figure>\n\n\n\n<p class=\"wp-block-paragraph\"><a href=\"https:\/\/macaddress.io\">https:\/\/macaddress.io<\/a><\/p>\n\n\n\n<p class=\"wp-block-paragraph\"><a href=\"https:\/\/standards-oui.ieee.org\/oui\/oui.txt\">https:\/\/standards-oui.ieee.org\/oui\/oui.txt<\/a><\/p>\n","protected":false},"excerpt":{"rendered":"<p>Codage sur 6 x 8 bits = 48 bits ( 2^48 = 2,814749767\u00d710\u00b9\u2074 ) beaucoup !! Adresse MAC Fabricant 00:1A:2B:3C:4D:5E Cisco Systems, Inc. F0:27:65:12:34:56 Apple, Inc. 3C:5A:B4:11:22:33 Hewlett-Packard (HP) 00:0C:29:AB:CD:EF [&hellip;]<\/p>\n","protected":false},"author":1,"featured_media":0,"parent":0,"menu_order":0,"comment_status":"closed","ping_status":"closed","template":"","meta":{"_crdt_document":"","_uag_custom_page_level_css":"","footnotes":""},"class_list":["post-1506","page","type-page","status-publish","hentry"],"yoast_head":"<!-- This site is optimized with the Yoast SEO plugin v27.3 - https:\/\/yoast.com\/product\/yoast-seo-wordpress\/ -->\n<title>Adresse MAC - workboot<\/title>\n<meta name=\"robots\" content=\"index, follow, max-snippet:-1, max-image-preview:large, max-video-preview:-1\" \/>\n<link rel=\"canonical\" href=\"https:\/\/workboot.fr\/ciela\/adresse-mac\/\" \/>\n<meta property=\"og:locale\" content=\"fr_FR\" \/>\n<meta property=\"og:type\" content=\"article\" \/>\n<meta property=\"og:title\" content=\"Adresse MAC - workboot\" \/>\n<meta property=\"og:description\" content=\"Codage sur 6 x 8 bits = 48 bits ( 2^48 = 2,814749767\u00d710\u00b9\u2074 ) beaucoup !! Adresse MAC Fabricant 00:1A:2B:3C:4D:5E Cisco Systems, Inc. F0:27:65:12:34:56 Apple, Inc. 3C:5A:B4:11:22:33 Hewlett-Packard (HP) 00:0C:29:AB:CD:EF [&hellip;]\" \/>\n<meta property=\"og:url\" content=\"https:\/\/workboot.fr\/ciela\/adresse-mac\/\" \/>\n<meta property=\"og:site_name\" content=\"workboot\" \/>\n<meta property=\"article:modified_time\" content=\"2025-06-25T16:15:08+00:00\" \/>\n<meta property=\"og:image\" content=\"https:\/\/workboot.fr\/ciela\/wp-content\/uploads\/2025\/06\/MACAD-1024x576.png\" \/>\n<meta name=\"twitter:label1\" content=\"Dur\u00e9e de lecture estim\u00e9e\" \/>\n\t<meta name=\"twitter:data1\" content=\"1 minute\" \/>\n<script type=\"application\/ld+json\" class=\"yoast-schema-graph\">{\"@context\":\"https:\\\/\\\/schema.org\",\"@graph\":[{\"@type\":\"WebPage\",\"@id\":\"https:\\\/\\\/workboot.fr\\\/ciela\\\/adresse-mac\\\/\",\"url\":\"https:\\\/\\\/workboot.fr\\\/ciela\\\/adresse-mac\\\/\",\"name\":\"Adresse MAC - workboot\",\"isPartOf\":{\"@id\":\"https:\\\/\\\/workboot.fr\\\/ciela\\\/#website\"},\"primaryImageOfPage\":{\"@id\":\"https:\\\/\\\/workboot.fr\\\/ciela\\\/adresse-mac\\\/#primaryimage\"},\"image\":{\"@id\":\"https:\\\/\\\/workboot.fr\\\/ciela\\\/adresse-mac\\\/#primaryimage\"},\"thumbnailUrl\":\"https:\\\/\\\/workboot.fr\\\/ciela\\\/wp-content\\\/uploads\\\/2025\\\/06\\\/MACAD-1024x576.png\",\"datePublished\":\"2025-06-25T16:06:10+00:00\",\"dateModified\":\"2025-06-25T16:15:08+00:00\",\"inLanguage\":\"fr-FR\",\"potentialAction\":[{\"@type\":\"ReadAction\",\"target\":[\"https:\\\/\\\/workboot.fr\\\/ciela\\\/adresse-mac\\\/\"]}]},{\"@type\":\"ImageObject\",\"inLanguage\":\"fr-FR\",\"@id\":\"https:\\\/\\\/workboot.fr\\\/ciela\\\/adresse-mac\\\/#primaryimage\",\"url\":\"https:\\\/\\\/workboot.fr\\\/ciela\\\/wp-content\\\/uploads\\\/2025\\\/06\\\/MACAD.png\",\"contentUrl\":\"https:\\\/\\\/workboot.fr\\\/ciela\\\/wp-content\\\/uploads\\\/2025\\\/06\\\/MACAD.png\",\"width\":1280,\"height\":720},{\"@type\":\"WebSite\",\"@id\":\"https:\\\/\\\/workboot.fr\\\/ciela\\\/#website\",\"url\":\"https:\\\/\\\/workboot.fr\\\/ciela\\\/\",\"name\":\"workboot\",\"description\":\"Open Source, Open Minds \",\"publisher\":{\"@id\":\"https:\\\/\\\/workboot.fr\\\/ciela\\\/#organization\"},\"potentialAction\":[{\"@type\":\"SearchAction\",\"target\":{\"@type\":\"EntryPoint\",\"urlTemplate\":\"https:\\\/\\\/workboot.fr\\\/ciela\\\/?s={search_term_string}\"},\"query-input\":{\"@type\":\"PropertyValueSpecification\",\"valueRequired\":true,\"valueName\":\"search_term_string\"}}],\"inLanguage\":\"fr-FR\"},{\"@type\":\"Organization\",\"@id\":\"https:\\\/\\\/workboot.fr\\\/ciela\\\/#organization\",\"name\":\"workboot\",\"url\":\"https:\\\/\\\/workboot.fr\\\/ciela\\\/\",\"logo\":{\"@type\":\"ImageObject\",\"inLanguage\":\"fr-FR\",\"@id\":\"https:\\\/\\\/workboot.fr\\\/ciela\\\/#\\\/schema\\\/logo\\\/image\\\/\",\"url\":\"https:\\\/\\\/workboot.fr\\\/ciela\\\/wp-content\\\/uploads\\\/2025\\\/05\\\/logo_ciel-dorian-1.png\",\"contentUrl\":\"https:\\\/\\\/workboot.fr\\\/ciela\\\/wp-content\\\/uploads\\\/2025\\\/05\\\/logo_ciel-dorian-1.png\",\"width\":1024,\"height\":950,\"caption\":\"workboot\"},\"image\":{\"@id\":\"https:\\\/\\\/workboot.fr\\\/ciela\\\/#\\\/schema\\\/logo\\\/image\\\/\"}}]}<\/script>\n<!-- \/ Yoast SEO plugin. -->","yoast_head_json":{"title":"Adresse MAC - workboot","robots":{"index":"index","follow":"follow","max-snippet":"max-snippet:-1","max-image-preview":"max-image-preview:large","max-video-preview":"max-video-preview:-1"},"canonical":"https:\/\/workboot.fr\/ciela\/adresse-mac\/","og_locale":"fr_FR","og_type":"article","og_title":"Adresse MAC - workboot","og_description":"Codage sur 6 x 8 bits = 48 bits ( 2^48 = 2,814749767\u00d710\u00b9\u2074 ) beaucoup !! Adresse MAC Fabricant 00:1A:2B:3C:4D:5E Cisco Systems, Inc. F0:27:65:12:34:56 Apple, Inc. 3C:5A:B4:11:22:33 Hewlett-Packard (HP) 00:0C:29:AB:CD:EF [&hellip;]","og_url":"https:\/\/workboot.fr\/ciela\/adresse-mac\/","og_site_name":"workboot","article_modified_time":"2025-06-25T16:15:08+00:00","og_image":[{"url":"https:\/\/workboot.fr\/ciela\/wp-content\/uploads\/2025\/06\/MACAD-1024x576.png","type":"","width":"","height":""}],"twitter_misc":{"Dur\u00e9e de lecture estim\u00e9e":"1 minute"},"schema":{"@context":"https:\/\/schema.org","@graph":[{"@type":"WebPage","@id":"https:\/\/workboot.fr\/ciela\/adresse-mac\/","url":"https:\/\/workboot.fr\/ciela\/adresse-mac\/","name":"Adresse MAC - workboot","isPartOf":{"@id":"https:\/\/workboot.fr\/ciela\/#website"},"primaryImageOfPage":{"@id":"https:\/\/workboot.fr\/ciela\/adresse-mac\/#primaryimage"},"image":{"@id":"https:\/\/workboot.fr\/ciela\/adresse-mac\/#primaryimage"},"thumbnailUrl":"https:\/\/workboot.fr\/ciela\/wp-content\/uploads\/2025\/06\/MACAD-1024x576.png","datePublished":"2025-06-25T16:06:10+00:00","dateModified":"2025-06-25T16:15:08+00:00","inLanguage":"fr-FR","potentialAction":[{"@type":"ReadAction","target":["https:\/\/workboot.fr\/ciela\/adresse-mac\/"]}]},{"@type":"ImageObject","inLanguage":"fr-FR","@id":"https:\/\/workboot.fr\/ciela\/adresse-mac\/#primaryimage","url":"https:\/\/workboot.fr\/ciela\/wp-content\/uploads\/2025\/06\/MACAD.png","contentUrl":"https:\/\/workboot.fr\/ciela\/wp-content\/uploads\/2025\/06\/MACAD.png","width":1280,"height":720},{"@type":"WebSite","@id":"https:\/\/workboot.fr\/ciela\/#website","url":"https:\/\/workboot.fr\/ciela\/","name":"workboot","description":"Open Source, Open Minds ","publisher":{"@id":"https:\/\/workboot.fr\/ciela\/#organization"},"potentialAction":[{"@type":"SearchAction","target":{"@type":"EntryPoint","urlTemplate":"https:\/\/workboot.fr\/ciela\/?s={search_term_string}"},"query-input":{"@type":"PropertyValueSpecification","valueRequired":true,"valueName":"search_term_string"}}],"inLanguage":"fr-FR"},{"@type":"Organization","@id":"https:\/\/workboot.fr\/ciela\/#organization","name":"workboot","url":"https:\/\/workboot.fr\/ciela\/","logo":{"@type":"ImageObject","inLanguage":"fr-FR","@id":"https:\/\/workboot.fr\/ciela\/#\/schema\/logo\/image\/","url":"https:\/\/workboot.fr\/ciela\/wp-content\/uploads\/2025\/05\/logo_ciel-dorian-1.png","contentUrl":"https:\/\/workboot.fr\/ciela\/wp-content\/uploads\/2025\/05\/logo_ciel-dorian-1.png","width":1024,"height":950,"caption":"workboot"},"image":{"@id":"https:\/\/workboot.fr\/ciela\/#\/schema\/logo\/image\/"}}]}},"uagb_featured_image_src":{"full":false,"thumbnail":false,"medium":false,"medium_large":false,"large":false,"1536x1536":false,"2048x2048":false},"uagb_author_info":{"display_name":"admin","author_link":"https:\/\/workboot.fr\/ciela\/author\/admin\/"},"uagb_comment_info":0,"uagb_excerpt":"Codage sur 6 x 8 bits = 48 bits ( 2^48 = 2,814749767\u00d710\u00b9\u2074 ) beaucoup !! Adresse MAC Fabricant 00:1A:2B:3C:4D:5E Cisco Systems, Inc. F0:27:65:12:34:56 Apple, Inc. 3C:5A:B4:11:22:33 Hewlett-Packard (HP) 00:0C:29:AB:CD:EF [&hellip;]","_links":{"self":[{"href":"https:\/\/workboot.fr\/ciela\/wp-json\/wp\/v2\/pages\/1506","targetHints":{"allow":["GET"]}}],"collection":[{"href":"https:\/\/workboot.fr\/ciela\/wp-json\/wp\/v2\/pages"}],"about":[{"href":"https:\/\/workboot.fr\/ciela\/wp-json\/wp\/v2\/types\/page"}],"author":[{"embeddable":true,"href":"https:\/\/workboot.fr\/ciela\/wp-json\/wp\/v2\/users\/1"}],"replies":[{"embeddable":true,"href":"https:\/\/workboot.fr\/ciela\/wp-json\/wp\/v2\/comments?post=1506"}],"version-history":[{"count":3,"href":"https:\/\/workboot.fr\/ciela\/wp-json\/wp\/v2\/pages\/1506\/revisions"}],"predecessor-version":[{"id":1512,"href":"https:\/\/workboot.fr\/ciela\/wp-json\/wp\/v2\/pages\/1506\/revisions\/1512"}],"wp:attachment":[{"href":"https:\/\/workboot.fr\/ciela\/wp-json\/wp\/v2\/media?parent=1506"}],"curies":[{"name":"wp","href":"https:\/\/api.w.org\/{rel}","templated":true}]}}