{"id":1565,"date":"2025-06-26T09:36:43","date_gmt":"2025-06-26T08:36:43","guid":{"rendered":"https:\/\/workboot.fr\/ciela\/?page_id=1565"},"modified":"2025-06-26T10:17:30","modified_gmt":"2025-06-26T09:17:30","slug":"connecteur-rj45","status":"publish","type":"page","link":"https:\/\/workboot.fr\/ciela\/connecteur-rj45\/","title":{"rendered":"Connecteur RJ45"},"content":{"rendered":"<div class=\"wp-block-image\">\n<figure class=\"aligncenter size-full\"><a href=\"https:\/\/workboot.fr\/ciela\/wp-content\/uploads\/2025\/06\/RJ45con.jpg\"><img loading=\"lazy\" decoding=\"async\" width=\"334\" height=\"355\" src=\"https:\/\/workboot.fr\/ciela\/wp-content\/uploads\/2025\/06\/RJ45con.jpg\" alt=\"\" class=\"wp-image-1569\" srcset=\"https:\/\/workboot.fr\/ciela\/wp-content\/uploads\/2025\/06\/RJ45con.jpg 334w, https:\/\/workboot.fr\/ciela\/wp-content\/uploads\/2025\/06\/RJ45con-282x300.jpg 282w\" sizes=\"auto, (max-width: 334px) 100vw, 334px\" \/><\/a><\/figure>\n<\/div>\n\n\n<p class=\"wp-block-paragraph\">Le c\u00e2ble&nbsp; dispose 4&nbsp;<a href=\"https:\/\/fr.wikipedia.org\/wiki\/Paire_torsad%C3%A9e\" target=\"_blank\" rel=\"noreferrer noopener\">paires de fils torsad\u00e9s<\/a>&nbsp;, important qu&rsquo;ils soient torsad\u00e9es pour des minimiser&nbsp; les effets des ondes \u00e9lectromagn\u00e9tiques.&nbsp;<\/p>\n\n\n\n<p class=\"wp-block-paragraph\">Un blindage peut aussi exister (reli\u00e9 \u00e0 la masse GND) qui va permettre d&rsquo;augmenter le d\u00e9bit et ou la distance du c\u00e2ble.<\/p>\n\n\n\n<div class=\"wp-block-columns is-layout-flex wp-container-core-columns-is-layout-8f761849 wp-block-columns-is-layout-flex\">\n<div class=\"wp-block-column is-layout-flow wp-block-column-is-layout-flow\" style=\"flex-basis:100%\">\n<div class=\"wp-block-group is-layout-grid wp-container-core-group-is-layout-9d260ee2 wp-block-group-is-layout-grid\">\n<p class=\"wp-block-paragraph\">1 &#8211; Blanc-<mark style=\"background-color:rgba(0, 0, 0, 0);color:#ff6900\" class=\"has-inline-color\">Orange<\/mark><\/p>\n\n\n\n<p class=\"wp-block-paragraph\">2 &#8211; <mark style=\"background-color:rgba(0, 0, 0, 0);color:#ff6900\" class=\"has-inline-color\">Orange<\/mark><\/p>\n\n\n\n<p class=\"wp-block-paragraph\">3 &#8211; Blanc-<mark style=\"background-color:rgba(0, 0, 0, 0);color:#00d084\" class=\"has-inline-color\">Vert<\/mark><\/p>\n\n\n\n<p class=\"wp-block-paragraph\">4 &#8211; <mark style=\"background-color:rgba(0, 0, 0, 0)\" class=\"has-inline-color has-ast-global-color-0-color\">Bleu<\/mark><\/p>\n\n\n\n<p class=\"wp-container-content-69bc4bdf wp-block-paragraph\"><\/p>\n\n\n\n<p class=\"wp-container-content-69bc4bdf wp-block-paragraph\">5 &#8211; Blanc<mark style=\"background-color:rgba(0, 0, 0, 0)\" class=\"has-inline-color has-ast-global-color-1-color\">-Bleu<\/mark><\/p>\n\n\n\n<p class=\"wp-container-content-69bc4bdf wp-block-paragraph\">6 &#8211; <mark style=\"background-color:rgba(0, 0, 0, 0);color:#00d084\" class=\"has-inline-color\">Vert<\/mark><\/p>\n\n\n\n<p class=\"wp-container-content-69bc4bdf wp-block-paragraph\">7 &#8211; Blanc-Marron<\/p>\n\n\n\n<p class=\"wp-container-content-69bc4bdf wp-block-paragraph\">8 &#8211; Marron<\/p>\n<\/div>\n<\/div>\n<\/div>\n\n\n<div class=\"wp-block-image\">\n<figure class=\"aligncenter size-full\"><a href=\"https:\/\/workboot.fr\/ciela\/wp-content\/uploads\/2025\/06\/paires_filaires.jpg\"><img loading=\"lazy\" decoding=\"async\" width=\"298\" height=\"233\" src=\"https:\/\/workboot.fr\/ciela\/wp-content\/uploads\/2025\/06\/paires_filaires.jpg\" alt=\"\" class=\"wp-image-1573\"\/><\/a><figcaption class=\"wp-element-caption\">Exemple de c\u00e2bles r\u00e9seaux, on y voit bien les paires torsad\u00e9es.<br><br><\/figcaption><\/figure>\n<\/div>\n\n<div class=\"wp-block-image\">\n<figure class=\"aligncenter size-full\"><a href=\"https:\/\/workboot.fr\/ciela\/wp-content\/uploads\/2025\/06\/droit_croix.png\"><img loading=\"lazy\" decoding=\"async\" width=\"548\" height=\"494\" src=\"https:\/\/workboot.fr\/ciela\/wp-content\/uploads\/2025\/06\/droit_croix.png\" alt=\"\" class=\"wp-image-1578\" srcset=\"https:\/\/workboot.fr\/ciela\/wp-content\/uploads\/2025\/06\/droit_croix.png 548w, https:\/\/workboot.fr\/ciela\/wp-content\/uploads\/2025\/06\/droit_croix-300x270.png 300w\" sizes=\"auto, (max-width: 548px) 100vw, 548px\" \/><\/a><\/figure>\n<\/div>\n\n\n<p class=\"wp-block-paragraph\"><a href=\"https:\/\/youtu.be\/ig9s6SjyWIk\">Lien youtube pour c\u00e2bler les RJ45<\/a><\/p>\n\n\n\n<figure class=\"wp-block-embed is-type-video is-provider-youtube wp-block-embed-youtube wp-embed-aspect-16-9 wp-has-aspect-ratio\"><div class=\"wp-block-embed__wrapper\">\n<iframe loading=\"lazy\" title=\"Comment monter, sertir et tester un connecteur RJ45 sur c\u00e2ble r\u00e9seau CAT5\/CAT6\" width=\"1170\" height=\"658\" src=\"https:\/\/www.youtube.com\/embed\/ig9s6SjyWIk?feature=oembed\" frameborder=\"0\" allow=\"accelerometer; autoplay; clipboard-write; encrypted-media; gyroscope; picture-in-picture; web-share\" referrerpolicy=\"strict-origin-when-cross-origin\" allowfullscreen><\/iframe>\n<\/div><\/figure>\n","protected":false},"excerpt":{"rendered":"<p>Le c\u00e2ble&nbsp; dispose 4&nbsp;paires de fils torsad\u00e9s&nbsp;, important qu&rsquo;ils soient torsad\u00e9es pour des minimiser&nbsp; les effets des ondes \u00e9lectromagn\u00e9tiques.&nbsp; Un blindage peut aussi exister (reli\u00e9 \u00e0 la masse GND) qui [&hellip;]<\/p>\n","protected":false},"author":1,"featured_media":0,"parent":0,"menu_order":0,"comment_status":"closed","ping_status":"closed","template":"","meta":{"_crdt_document":"","_uag_custom_page_level_css":"","footnotes":""},"class_list":["post-1565","page","type-page","status-publish","hentry"],"yoast_head":"<!-- This site is optimized with the Yoast SEO plugin v27.3 - https:\/\/yoast.com\/product\/yoast-seo-wordpress\/ -->\n<title>Connecteur RJ45 - workboot<\/title>\n<meta name=\"robots\" content=\"index, follow, max-snippet:-1, max-image-preview:large, max-video-preview:-1\" \/>\n<link rel=\"canonical\" href=\"https:\/\/workboot.fr\/ciela\/connecteur-rj45\/\" \/>\n<meta property=\"og:locale\" content=\"fr_FR\" \/>\n<meta property=\"og:type\" content=\"article\" \/>\n<meta property=\"og:title\" content=\"Connecteur RJ45 - workboot\" \/>\n<meta property=\"og:description\" content=\"Le c\u00e2ble&nbsp; dispose 4&nbsp;paires de fils torsad\u00e9s&nbsp;, important qu&rsquo;ils soient torsad\u00e9es pour des minimiser&nbsp; les effets des ondes \u00e9lectromagn\u00e9tiques.&nbsp; Un blindage peut aussi exister (reli\u00e9 \u00e0 la masse GND) qui [&hellip;]\" \/>\n<meta property=\"og:url\" content=\"https:\/\/workboot.fr\/ciela\/connecteur-rj45\/\" \/>\n<meta property=\"og:site_name\" content=\"workboot\" \/>\n<meta property=\"article:modified_time\" content=\"2025-06-26T09:17:30+00:00\" \/>\n<meta property=\"og:image\" content=\"https:\/\/workboot.fr\/ciela\/wp-content\/uploads\/2025\/06\/RJ45con.jpg\" \/>\n<script type=\"application\/ld+json\" class=\"yoast-schema-graph\">{\"@context\":\"https:\\\/\\\/schema.org\",\"@graph\":[{\"@type\":\"WebPage\",\"@id\":\"https:\\\/\\\/workboot.fr\\\/ciela\\\/connecteur-rj45\\\/\",\"url\":\"https:\\\/\\\/workboot.fr\\\/ciela\\\/connecteur-rj45\\\/\",\"name\":\"Connecteur RJ45 - workboot\",\"isPartOf\":{\"@id\":\"https:\\\/\\\/workboot.fr\\\/ciela\\\/#website\"},\"primaryImageOfPage\":{\"@id\":\"https:\\\/\\\/workboot.fr\\\/ciela\\\/connecteur-rj45\\\/#primaryimage\"},\"image\":{\"@id\":\"https:\\\/\\\/workboot.fr\\\/ciela\\\/connecteur-rj45\\\/#primaryimage\"},\"thumbnailUrl\":\"https:\\\/\\\/workboot.fr\\\/ciela\\\/wp-content\\\/uploads\\\/2025\\\/06\\\/RJ45con.jpg\",\"datePublished\":\"2025-06-26T08:36:43+00:00\",\"dateModified\":\"2025-06-26T09:17:30+00:00\",\"inLanguage\":\"fr-FR\",\"potentialAction\":[{\"@type\":\"ReadAction\",\"target\":[\"https:\\\/\\\/workboot.fr\\\/ciela\\\/connecteur-rj45\\\/\"]}]},{\"@type\":\"ImageObject\",\"inLanguage\":\"fr-FR\",\"@id\":\"https:\\\/\\\/workboot.fr\\\/ciela\\\/connecteur-rj45\\\/#primaryimage\",\"url\":\"https:\\\/\\\/workboot.fr\\\/ciela\\\/wp-content\\\/uploads\\\/2025\\\/06\\\/RJ45con.jpg\",\"contentUrl\":\"https:\\\/\\\/workboot.fr\\\/ciela\\\/wp-content\\\/uploads\\\/2025\\\/06\\\/RJ45con.jpg\",\"width\":334,\"height\":355},{\"@type\":\"WebSite\",\"@id\":\"https:\\\/\\\/workboot.fr\\\/ciela\\\/#website\",\"url\":\"https:\\\/\\\/workboot.fr\\\/ciela\\\/\",\"name\":\"workboot\",\"description\":\"Open Source, Open Minds \",\"publisher\":{\"@id\":\"https:\\\/\\\/workboot.fr\\\/ciela\\\/#organization\"},\"potentialAction\":[{\"@type\":\"SearchAction\",\"target\":{\"@type\":\"EntryPoint\",\"urlTemplate\":\"https:\\\/\\\/workboot.fr\\\/ciela\\\/?s={search_term_string}\"},\"query-input\":{\"@type\":\"PropertyValueSpecification\",\"valueRequired\":true,\"valueName\":\"search_term_string\"}}],\"inLanguage\":\"fr-FR\"},{\"@type\":\"Organization\",\"@id\":\"https:\\\/\\\/workboot.fr\\\/ciela\\\/#organization\",\"name\":\"workboot\",\"url\":\"https:\\\/\\\/workboot.fr\\\/ciela\\\/\",\"logo\":{\"@type\":\"ImageObject\",\"inLanguage\":\"fr-FR\",\"@id\":\"https:\\\/\\\/workboot.fr\\\/ciela\\\/#\\\/schema\\\/logo\\\/image\\\/\",\"url\":\"https:\\\/\\\/workboot.fr\\\/ciela\\\/wp-content\\\/uploads\\\/2025\\\/05\\\/logo_ciel-dorian-1.png\",\"contentUrl\":\"https:\\\/\\\/workboot.fr\\\/ciela\\\/wp-content\\\/uploads\\\/2025\\\/05\\\/logo_ciel-dorian-1.png\",\"width\":1024,\"height\":950,\"caption\":\"workboot\"},\"image\":{\"@id\":\"https:\\\/\\\/workboot.fr\\\/ciela\\\/#\\\/schema\\\/logo\\\/image\\\/\"}}]}<\/script>\n<!-- \/ Yoast SEO plugin. -->","yoast_head_json":{"title":"Connecteur RJ45 - workboot","robots":{"index":"index","follow":"follow","max-snippet":"max-snippet:-1","max-image-preview":"max-image-preview:large","max-video-preview":"max-video-preview:-1"},"canonical":"https:\/\/workboot.fr\/ciela\/connecteur-rj45\/","og_locale":"fr_FR","og_type":"article","og_title":"Connecteur RJ45 - workboot","og_description":"Le c\u00e2ble&nbsp; dispose 4&nbsp;paires de fils torsad\u00e9s&nbsp;, important qu&rsquo;ils soient torsad\u00e9es pour des minimiser&nbsp; les effets des ondes \u00e9lectromagn\u00e9tiques.&nbsp; Un blindage peut aussi exister (reli\u00e9 \u00e0 la masse GND) qui [&hellip;]","og_url":"https:\/\/workboot.fr\/ciela\/connecteur-rj45\/","og_site_name":"workboot","article_modified_time":"2025-06-26T09:17:30+00:00","og_image":[{"url":"https:\/\/workboot.fr\/ciela\/wp-content\/uploads\/2025\/06\/RJ45con.jpg","type":"","width":"","height":""}],"schema":{"@context":"https:\/\/schema.org","@graph":[{"@type":"WebPage","@id":"https:\/\/workboot.fr\/ciela\/connecteur-rj45\/","url":"https:\/\/workboot.fr\/ciela\/connecteur-rj45\/","name":"Connecteur RJ45 - workboot","isPartOf":{"@id":"https:\/\/workboot.fr\/ciela\/#website"},"primaryImageOfPage":{"@id":"https:\/\/workboot.fr\/ciela\/connecteur-rj45\/#primaryimage"},"image":{"@id":"https:\/\/workboot.fr\/ciela\/connecteur-rj45\/#primaryimage"},"thumbnailUrl":"https:\/\/workboot.fr\/ciela\/wp-content\/uploads\/2025\/06\/RJ45con.jpg","datePublished":"2025-06-26T08:36:43+00:00","dateModified":"2025-06-26T09:17:30+00:00","inLanguage":"fr-FR","potentialAction":[{"@type":"ReadAction","target":["https:\/\/workboot.fr\/ciela\/connecteur-rj45\/"]}]},{"@type":"ImageObject","inLanguage":"fr-FR","@id":"https:\/\/workboot.fr\/ciela\/connecteur-rj45\/#primaryimage","url":"https:\/\/workboot.fr\/ciela\/wp-content\/uploads\/2025\/06\/RJ45con.jpg","contentUrl":"https:\/\/workboot.fr\/ciela\/wp-content\/uploads\/2025\/06\/RJ45con.jpg","width":334,"height":355},{"@type":"WebSite","@id":"https:\/\/workboot.fr\/ciela\/#website","url":"https:\/\/workboot.fr\/ciela\/","name":"workboot","description":"Open Source, Open Minds ","publisher":{"@id":"https:\/\/workboot.fr\/ciela\/#organization"},"potentialAction":[{"@type":"SearchAction","target":{"@type":"EntryPoint","urlTemplate":"https:\/\/workboot.fr\/ciela\/?s={search_term_string}"},"query-input":{"@type":"PropertyValueSpecification","valueRequired":true,"valueName":"search_term_string"}}],"inLanguage":"fr-FR"},{"@type":"Organization","@id":"https:\/\/workboot.fr\/ciela\/#organization","name":"workboot","url":"https:\/\/workboot.fr\/ciela\/","logo":{"@type":"ImageObject","inLanguage":"fr-FR","@id":"https:\/\/workboot.fr\/ciela\/#\/schema\/logo\/image\/","url":"https:\/\/workboot.fr\/ciela\/wp-content\/uploads\/2025\/05\/logo_ciel-dorian-1.png","contentUrl":"https:\/\/workboot.fr\/ciela\/wp-content\/uploads\/2025\/05\/logo_ciel-dorian-1.png","width":1024,"height":950,"caption":"workboot"},"image":{"@id":"https:\/\/workboot.fr\/ciela\/#\/schema\/logo\/image\/"}}]}},"uagb_featured_image_src":{"full":false,"thumbnail":false,"medium":false,"medium_large":false,"large":false,"1536x1536":false,"2048x2048":false},"uagb_author_info":{"display_name":"admin","author_link":"https:\/\/workboot.fr\/ciela\/author\/admin\/"},"uagb_comment_info":0,"uagb_excerpt":"Le c\u00e2ble&nbsp; dispose 4&nbsp;paires de fils torsad\u00e9s&nbsp;, important qu&rsquo;ils soient torsad\u00e9es pour des minimiser&nbsp; les effets des ondes \u00e9lectromagn\u00e9tiques.&nbsp; Un blindage peut aussi exister (reli\u00e9 \u00e0 la masse GND) qui [&hellip;]","_links":{"self":[{"href":"https:\/\/workboot.fr\/ciela\/wp-json\/wp\/v2\/pages\/1565","targetHints":{"allow":["GET"]}}],"collection":[{"href":"https:\/\/workboot.fr\/ciela\/wp-json\/wp\/v2\/pages"}],"about":[{"href":"https:\/\/workboot.fr\/ciela\/wp-json\/wp\/v2\/types\/page"}],"author":[{"embeddable":true,"href":"https:\/\/workboot.fr\/ciela\/wp-json\/wp\/v2\/users\/1"}],"replies":[{"embeddable":true,"href":"https:\/\/workboot.fr\/ciela\/wp-json\/wp\/v2\/comments?post=1565"}],"version-history":[{"count":12,"href":"https:\/\/workboot.fr\/ciela\/wp-json\/wp\/v2\/pages\/1565\/revisions"}],"predecessor-version":[{"id":1586,"href":"https:\/\/workboot.fr\/ciela\/wp-json\/wp\/v2\/pages\/1565\/revisions\/1586"}],"wp:attachment":[{"href":"https:\/\/workboot.fr\/ciela\/wp-json\/wp\/v2\/media?parent=1565"}],"curies":[{"name":"wp","href":"https:\/\/api.w.org\/{rel}","templated":true}]}}