{"id":1878,"date":"2025-07-03T11:40:19","date_gmt":"2025-07-03T10:40:19","guid":{"rendered":"https:\/\/workboot.fr\/ciela\/?page_id=1878"},"modified":"2025-07-03T18:48:54","modified_gmt":"2025-07-03T17:48:54","slug":"signaux-clavier-dans-le-terminal-linux","status":"publish","type":"page","link":"https:\/\/workboot.fr\/ciela\/signaux-clavier-dans-le-terminal-linux\/","title":{"rendered":"Signaux clavier dans le terminal Linux"},"content":{"rendered":"\n<h2 class=\"wp-block-heading\">\ud83c\udfb9 Signaux clavier dans un terminal Linux<\/h2>\n\n\n\n<figure class=\"wp-block-table\"><table class=\"has-fixed-layout\"><thead><tr><th><strong>Combinaison<\/strong><\/th><th><strong>Nom du signal<\/strong><\/th><th><strong>Description<\/strong><\/th><\/tr><\/thead><tbody><tr><td><code>Ctrl+C<\/code><\/td><td><code>SIGINT<\/code> (2)<\/td><td>Interrompt (interruption) le processus en cours. C\u2019est le classique \u201cstopper un programme\u201d.<\/td><\/tr><tr><td><code>Ctrl+Z<\/code><\/td><td><code>SIGTSTP<\/code> (20)<\/td><td>Suspend (pause) le processus courant (le met en arri\u00e8re-plan, stopp\u00e9). Peut \u00eatre repris avec <code>fg<\/code>.<\/td><\/tr><tr><td><code>Ctrl+\\<\/code><\/td><td><code>SIGQUIT<\/code> (3)<\/td><td>Termine le processus <strong>et cr\u00e9e un core dump<\/strong> (utile en d\u00e9bogage).<\/td><\/tr><tr><td><code>Ctrl+D<\/code><\/td><td><strong>EOF (End Of File)<\/strong><\/td><td>Ce n\u2019est <strong>pas un signal<\/strong> mais une indication d\u2019entr\u00e9e termin\u00e9e (fin de fichier). Elle peut arr\u00eater <code>cat<\/code>, <code>read<\/code>, etc.<\/td><\/tr><tr><td><code>Ctrl+S<\/code><\/td><td>(XOFF)<\/td><td><strong>Fige<\/strong> le terminal (pause de l&rsquo;affichage).<\/td><\/tr><tr><td><code>Ctrl+Q<\/code><\/td><td>(XON)<\/td><td><strong>Reprend<\/strong> l&rsquo;affichage apr\u00e8s un <code>Ctrl+S<\/code>.<\/td><\/tr><tr><td><code>Ctrl+L<\/code><\/td><td>(aucun signal)<\/td><td>Efface l&rsquo;\u00e9cran du terminal (\u00e9quivalent \u00e0 <code>clear<\/code>).<\/td><\/tr><tr><td><code>Ctrl+U<\/code><\/td><td>(aucun signal)<\/td><td>Supprime tout ce que tu as tap\u00e9 sur la ligne actuelle.<\/td><\/tr><tr><td><code>Ctrl+W<\/code><\/td><td>(aucun signal)<\/td><td>Supprime le dernier mot tap\u00e9.<\/td><\/tr><tr><td><code>Ctrl+A<\/code><\/td><td>(aucun signal)<\/td><td>D\u00e9place le curseur au <strong>d\u00e9but<\/strong> de la ligne.<\/td><\/tr><tr><td><code>Ctrl+E<\/code><\/td><td>(aucun signal)<\/td><td>D\u00e9place le curseur \u00e0 la <strong>fin<\/strong> de la ligne.<\/td><\/tr><tr><td><code>Ctrl+K<\/code><\/td><td>(aucun signal)<\/td><td>Supprime du curseur jusqu\u2019\u00e0 la fin de la ligne.<\/td><\/tr><\/tbody><\/table><\/figure>\n\n\n\n<h2 class=\"wp-block-heading\">Ctrl+C<\/h2>\n\n\n\n<p class=\"wp-block-paragraph\">arr\u00eate d\u00e9finitivement le processus en cours! <\/p>\n\n\n\n<pre class=\"wp-block-code\"><code>etudiant@ordi:~\/Works\/TP0_LINUX$ sleep 300\n\n<mark style=\"background-color:rgba(0, 0, 0, 0);color:#cf2e2e\" class=\"has-inline-color\">^C<\/mark>\netudiant@ordi:~\/Works\/TP0_LINUX$ <\/code><\/pre>\n\n\n\n<p class=\"wp-block-paragraph\">on voit que le travail , ici dormir 300 secondes est interrompu pour toujours avec SIGINT <\/p>\n\n\n\n<p class=\"wp-block-paragraph\">autre d\u00e9mo avec la commande yes , qui permet de boucler \u00e0 l&rsquo;infini soit y avec yes seul , ici surprise:<\/p>\n\n\n\n<pre class=\"wp-block-code\"><code>etudiant@ordi:~\/Works\/TP0_LINUX$ yes \"Caroline Dorian\"\nCaroline Dorian\n...\nCaroline Dorian\nCaroline Dorian\nCaroline Dorian\nCaroline Dorian\nCaroline Dorian\nCaroline Dorian\nCaroline Do<mark style=\"background-color:rgba(0, 0, 0, 0);color:#cf2e2e\" class=\"has-inline-color\">^C<\/mark>\netudiant@ordi:~\/Works\/TP0_LINUX$ <\/code><\/pre>\n\n\n\n<p class=\"wp-block-paragraph\">Permet d\u2019arr\u00eater totalement le processus <\/p>\n\n\n\n<h2 class=\"wp-block-heading\">Ctrl+Z<\/h2>\n\n\n\n<p class=\"wp-block-paragraph\">Stop le processus en cours .. mais pas d\u00e9finitivement !<\/p>\n\n\n\n<pre class=\"wp-block-code\"><code>etudiant@ordi:~\/Works\/TP0_LINUX$ yes \"Caroline Dorian\"\nCaroline Dorian\n..\n..\nCaroline Dorian\nCaroline Dorian\nCaroline Dorian\nCaroline Dorian\nCaroline Dorian\nCaroline Dorian^Z\n&#91;1]+  Arr\u00eat\u00e9                yes \"Caroline Dorian\"\netudiant@ordi:~\/Works\/TP0_LINUX$<\/code><\/pre>\n\n\n\n<p class=\"wp-block-paragraph\">on a repris la main !! mais le processus est juste stopp\u00e9 <\/p>\n\n\n\n<p class=\"wp-block-paragraph\">la preuve :<\/p>\n\n\n\n<pre class=\"wp-block-code\"><code>etudiant@ordi:~\/Works\/TP0_LINUX$ jobs\n&#91;1]+  Arr\u00eat\u00e9                yes \"Caroline Dorian\"\netudiant@ordi:~\/Works\/TP0_LINUX$ <\/code><\/pre>\n\n\n\n<p class=\"wp-block-paragraph\">int\u00e9r\u00eat c&rsquo;est qu&rsquo;on repris la main !<\/p>\n\n\n\n<p class=\"wp-block-paragraph\">et maintenant on dispose de 2 fonctions <strong>bg<\/strong> (background)  <strong>fg<\/strong> (foreground)<\/p>\n\n\n\n<pre class=\"wp-block-code\"><code>etudiant@ordi:~\/Works\/TP0_LINUX$ jobs\n&#91;1]+  Arr\u00eat\u00e9                yes \"Caroline Dorian\"\netudiant@ordi:~\/Works\/TP0_LINUX$ fg %1  #%1 job 1\nCaroline Dorian\nCaroline Dorian\nCaroline Dorian\n.....\nCaroline Dorian\nCaroline Dorian\nCaroline Dorian\nCaroline Dorian\nCaroline Dorian\nCaroline Dorian\nCaroline Dorian\nCaroline Dorian\nCaroline Do^Z\n&#91;1]+  Arr\u00eat\u00e9                yes \"Caroline Dorian\"\netudiant@ordi:~\/Works\/TP0_LINUX$ <\/code><\/pre>\n\n\n\n<pre class=\"wp-block-code\"><code>etudiant@ordi:~\/Works\/TP0_LINUX$ jobs\n&#91;1]+  Arr\u00eat\u00e9                yes \"Caroline Dorian\"\netudiant@ordi:~\/Works\/TP0_LINUX$ jobs\n&#91;1]+  Arr\u00eat\u00e9                yes \"Caroline Dorian\"\netudiant@ordi:~\/Works\/TP0_LINUX$ bg %1<\/code><\/pre>\n\n\n\n<p class=\"wp-block-paragraph\">il passe en background mais \u00e7a affiche tellement qu&rsquo;on a plus la main<\/p>\n\n\n\n<p class=\"wp-block-paragraph\">Solution: ouvrir un <mark style=\"background-color:rgba(0, 0, 0, 0);color:#cf2e2e\" class=\"has-inline-color\">autre terminal<\/mark> ! et avec la fonction kill (tuer)  on va envoyer le <a href=\"https:\/\/workboot.fr\/ciela\/processus\/\">signal <\/a>9 a ce processus<\/p>\n\n\n\n<pre class=\"wp-block-code\"><code>etudiant@ordi:~$ ps -ax\n    PID TTY      STAT   TIME COMMAND\n      1 ?        Ss     0:04 \/sbin\/init splash\n      2 ?        S      0:00 &#91;kthreadd]\n      3 ?        S      0:00 &#91;pool_workqueue_release]\n...\n   6673 pts\/4    Ss     0:00 -bash\n   6698 ?        R      0:00 &#91;kworker\/u2:2-events_unbound]\n   <mark style=\"background-color:rgba(0, 0, 0, 0);color:#cf2e2e\" class=\"has-inline-color\">6712<\/mark> pts\/3    R      0:01 yes Caroline Dorian\n   6714 pts\/4    R+     0:00 ps -ax\netudiant@ordi:~$ kill -9 <mark style=\"background-color:rgba(0, 0, 0, 0);color:#cf2e2e\" class=\"has-inline-color\">6712<\/mark>\netudiant@ordi:~$ <\/code><\/pre>\n\n\n\n<p class=\"wp-block-paragraph\">on retrouve la main ! sur l&rsquo;autre OUF ! on garde le contr\u00f4le<\/p>\n\n\n\n<p class=\"wp-block-paragraph\">si on fait -20 , c&rsquo;est juste un stop !! <\/p>\n\n\n\n<p class=\"wp-block-paragraph\">Amusant tout \u00e7a non ?<\/p>\n\n\n\n<p class=\"wp-block-paragraph\"><\/p>\n","protected":false},"excerpt":{"rendered":"<p>\ud83c\udfb9 Signaux clavier dans un terminal Linux Combinaison Nom du signal Description Ctrl+C SIGINT (2) Interrompt (interruption) le processus en cours. C\u2019est le classique \u201cstopper un programme\u201d. Ctrl+Z SIGTSTP (20) [&hellip;]<\/p>\n","protected":false},"author":1,"featured_media":0,"parent":0,"menu_order":0,"comment_status":"closed","ping_status":"closed","template":"","meta":{"_crdt_document":"","_uag_custom_page_level_css":"","footnotes":""},"class_list":["post-1878","page","type-page","status-publish","hentry"],"yoast_head":"<!-- This site is optimized with the Yoast SEO plugin v27.3 - https:\/\/yoast.com\/product\/yoast-seo-wordpress\/ -->\n<title>Signaux clavier dans le terminal Linux - workboot<\/title>\n<meta name=\"robots\" content=\"index, follow, max-snippet:-1, max-image-preview:large, max-video-preview:-1\" \/>\n<link rel=\"canonical\" href=\"https:\/\/workboot.fr\/ciela\/signaux-clavier-dans-le-terminal-linux\/\" \/>\n<meta property=\"og:locale\" content=\"fr_FR\" \/>\n<meta property=\"og:type\" content=\"article\" \/>\n<meta property=\"og:title\" content=\"Signaux clavier dans le terminal Linux - workboot\" \/>\n<meta property=\"og:description\" content=\"\ud83c\udfb9 Signaux clavier dans un terminal Linux Combinaison Nom du signal Description Ctrl+C SIGINT (2) Interrompt (interruption) le processus en cours. C\u2019est le classique \u201cstopper un programme\u201d. Ctrl+Z SIGTSTP (20) [&hellip;]\" \/>\n<meta property=\"og:url\" content=\"https:\/\/workboot.fr\/ciela\/signaux-clavier-dans-le-terminal-linux\/\" \/>\n<meta property=\"og:site_name\" content=\"workboot\" \/>\n<meta property=\"article:modified_time\" content=\"2025-07-03T17:48:54+00:00\" \/>\n<meta name=\"twitter:label1\" content=\"Dur\u00e9e de lecture estim\u00e9e\" \/>\n\t<meta name=\"twitter:data1\" content=\"2 minutes\" \/>\n<script type=\"application\/ld+json\" class=\"yoast-schema-graph\">{\"@context\":\"https:\\\/\\\/schema.org\",\"@graph\":[{\"@type\":\"WebPage\",\"@id\":\"https:\\\/\\\/workboot.fr\\\/ciela\\\/signaux-clavier-dans-le-terminal-linux\\\/\",\"url\":\"https:\\\/\\\/workboot.fr\\\/ciela\\\/signaux-clavier-dans-le-terminal-linux\\\/\",\"name\":\"Signaux clavier dans le terminal Linux - workboot\",\"isPartOf\":{\"@id\":\"https:\\\/\\\/workboot.fr\\\/ciela\\\/#website\"},\"datePublished\":\"2025-07-03T10:40:19+00:00\",\"dateModified\":\"2025-07-03T17:48:54+00:00\",\"inLanguage\":\"fr-FR\",\"potentialAction\":[{\"@type\":\"ReadAction\",\"target\":[\"https:\\\/\\\/workboot.fr\\\/ciela\\\/signaux-clavier-dans-le-terminal-linux\\\/\"]}]},{\"@type\":\"WebSite\",\"@id\":\"https:\\\/\\\/workboot.fr\\\/ciela\\\/#website\",\"url\":\"https:\\\/\\\/workboot.fr\\\/ciela\\\/\",\"name\":\"workboot\",\"description\":\"Open Source, Open Minds \",\"publisher\":{\"@id\":\"https:\\\/\\\/workboot.fr\\\/ciela\\\/#organization\"},\"potentialAction\":[{\"@type\":\"SearchAction\",\"target\":{\"@type\":\"EntryPoint\",\"urlTemplate\":\"https:\\\/\\\/workboot.fr\\\/ciela\\\/?s={search_term_string}\"},\"query-input\":{\"@type\":\"PropertyValueSpecification\",\"valueRequired\":true,\"valueName\":\"search_term_string\"}}],\"inLanguage\":\"fr-FR\"},{\"@type\":\"Organization\",\"@id\":\"https:\\\/\\\/workboot.fr\\\/ciela\\\/#organization\",\"name\":\"workboot\",\"url\":\"https:\\\/\\\/workboot.fr\\\/ciela\\\/\",\"logo\":{\"@type\":\"ImageObject\",\"inLanguage\":\"fr-FR\",\"@id\":\"https:\\\/\\\/workboot.fr\\\/ciela\\\/#\\\/schema\\\/logo\\\/image\\\/\",\"url\":\"https:\\\/\\\/workboot.fr\\\/ciela\\\/wp-content\\\/uploads\\\/2025\\\/05\\\/logo_ciel-dorian-1.png\",\"contentUrl\":\"https:\\\/\\\/workboot.fr\\\/ciela\\\/wp-content\\\/uploads\\\/2025\\\/05\\\/logo_ciel-dorian-1.png\",\"width\":1024,\"height\":950,\"caption\":\"workboot\"},\"image\":{\"@id\":\"https:\\\/\\\/workboot.fr\\\/ciela\\\/#\\\/schema\\\/logo\\\/image\\\/\"}}]}<\/script>\n<!-- \/ Yoast SEO plugin. -->","yoast_head_json":{"title":"Signaux clavier dans le terminal Linux - workboot","robots":{"index":"index","follow":"follow","max-snippet":"max-snippet:-1","max-image-preview":"max-image-preview:large","max-video-preview":"max-video-preview:-1"},"canonical":"https:\/\/workboot.fr\/ciela\/signaux-clavier-dans-le-terminal-linux\/","og_locale":"fr_FR","og_type":"article","og_title":"Signaux clavier dans le terminal Linux - workboot","og_description":"\ud83c\udfb9 Signaux clavier dans un terminal Linux Combinaison Nom du signal Description Ctrl+C SIGINT (2) Interrompt (interruption) le processus en cours. C\u2019est le classique \u201cstopper un programme\u201d. Ctrl+Z SIGTSTP (20) [&hellip;]","og_url":"https:\/\/workboot.fr\/ciela\/signaux-clavier-dans-le-terminal-linux\/","og_site_name":"workboot","article_modified_time":"2025-07-03T17:48:54+00:00","twitter_misc":{"Dur\u00e9e de lecture estim\u00e9e":"2 minutes"},"schema":{"@context":"https:\/\/schema.org","@graph":[{"@type":"WebPage","@id":"https:\/\/workboot.fr\/ciela\/signaux-clavier-dans-le-terminal-linux\/","url":"https:\/\/workboot.fr\/ciela\/signaux-clavier-dans-le-terminal-linux\/","name":"Signaux clavier dans le terminal Linux - workboot","isPartOf":{"@id":"https:\/\/workboot.fr\/ciela\/#website"},"datePublished":"2025-07-03T10:40:19+00:00","dateModified":"2025-07-03T17:48:54+00:00","inLanguage":"fr-FR","potentialAction":[{"@type":"ReadAction","target":["https:\/\/workboot.fr\/ciela\/signaux-clavier-dans-le-terminal-linux\/"]}]},{"@type":"WebSite","@id":"https:\/\/workboot.fr\/ciela\/#website","url":"https:\/\/workboot.fr\/ciela\/","name":"workboot","description":"Open Source, Open Minds ","publisher":{"@id":"https:\/\/workboot.fr\/ciela\/#organization"},"potentialAction":[{"@type":"SearchAction","target":{"@type":"EntryPoint","urlTemplate":"https:\/\/workboot.fr\/ciela\/?s={search_term_string}"},"query-input":{"@type":"PropertyValueSpecification","valueRequired":true,"valueName":"search_term_string"}}],"inLanguage":"fr-FR"},{"@type":"Organization","@id":"https:\/\/workboot.fr\/ciela\/#organization","name":"workboot","url":"https:\/\/workboot.fr\/ciela\/","logo":{"@type":"ImageObject","inLanguage":"fr-FR","@id":"https:\/\/workboot.fr\/ciela\/#\/schema\/logo\/image\/","url":"https:\/\/workboot.fr\/ciela\/wp-content\/uploads\/2025\/05\/logo_ciel-dorian-1.png","contentUrl":"https:\/\/workboot.fr\/ciela\/wp-content\/uploads\/2025\/05\/logo_ciel-dorian-1.png","width":1024,"height":950,"caption":"workboot"},"image":{"@id":"https:\/\/workboot.fr\/ciela\/#\/schema\/logo\/image\/"}}]}},"uagb_featured_image_src":{"full":false,"thumbnail":false,"medium":false,"medium_large":false,"large":false,"1536x1536":false,"2048x2048":false},"uagb_author_info":{"display_name":"admin","author_link":"https:\/\/workboot.fr\/ciela\/author\/admin\/"},"uagb_comment_info":0,"uagb_excerpt":"\ud83c\udfb9 Signaux clavier dans un terminal Linux Combinaison Nom du signal Description Ctrl+C SIGINT (2) Interrompt (interruption) le processus en cours. C\u2019est le classique \u201cstopper un programme\u201d. Ctrl+Z SIGTSTP (20) [&hellip;]","_links":{"self":[{"href":"https:\/\/workboot.fr\/ciela\/wp-json\/wp\/v2\/pages\/1878","targetHints":{"allow":["GET"]}}],"collection":[{"href":"https:\/\/workboot.fr\/ciela\/wp-json\/wp\/v2\/pages"}],"about":[{"href":"https:\/\/workboot.fr\/ciela\/wp-json\/wp\/v2\/types\/page"}],"author":[{"embeddable":true,"href":"https:\/\/workboot.fr\/ciela\/wp-json\/wp\/v2\/users\/1"}],"replies":[{"embeddable":true,"href":"https:\/\/workboot.fr\/ciela\/wp-json\/wp\/v2\/comments?post=1878"}],"version-history":[{"count":7,"href":"https:\/\/workboot.fr\/ciela\/wp-json\/wp\/v2\/pages\/1878\/revisions"}],"predecessor-version":[{"id":1897,"href":"https:\/\/workboot.fr\/ciela\/wp-json\/wp\/v2\/pages\/1878\/revisions\/1897"}],"wp:attachment":[{"href":"https:\/\/workboot.fr\/ciela\/wp-json\/wp\/v2\/media?parent=1878"}],"curies":[{"name":"wp","href":"https:\/\/api.w.org\/{rel}","templated":true}]}}