{"id":1916,"date":"2025-07-04T15:25:38","date_gmt":"2025-07-04T14:25:38","guid":{"rendered":"https:\/\/workboot.fr\/ciela\/?page_id=1916"},"modified":"2025-08-30T16:41:00","modified_gmt":"2025-08-30T15:41:00","slug":"ajouter-un-utilisateur","status":"publish","type":"page","link":"https:\/\/workboot.fr\/ciela\/ajouter-un-utilisateur\/","title":{"rendered":"Ajouter un utilisateur"},"content":{"rendered":"\n<p class=\"wp-block-paragraph\">Il faut connaitre l&rsquo;usage de vi pour pouvoir faire ces manipulations.<\/p>\n\n\n\n<p class=\"wp-block-paragraph\">Il est important avant de modifier un fichier syst\u00e8me , de le dupliquer en .old ou .bak , car si on a doit revenir en arri\u00e8re c&rsquo;est plus facile ! surtout en phase d&rsquo;apprentissage<\/p>\n\n\n\n<h1 class=\"wp-block-heading\" id=\"h.i09a5as8p6d2_l\">Cr\u00e9ation de compte utilisateur<\/h1>\n\n\n\n<p class=\"wp-block-paragraph\">Nous allons apprendre \u00e0 cr\u00e9er un compte utilisateur&nbsp;, un utilisateur n&rsquo;a pas la possibilit\u00e9 par d\u00e9faut d&rsquo;avoir des pouvoirs &lsquo;root&rsquo;<\/p>\n\n\n\n<p class=\"wp-block-paragraph\">la d\u00e9monstration va vous permettre de r\u00e9aliser un compte utilisateur avec votre pr\u00e9nom.<\/p>\n\n\n\n<p class=\"wp-block-paragraph\">Et par la suite nous allons le mettre dans des groupes , pour lui fournir des \u00ab\u00a0supers pouvoirs root\u00a0\u00bb comme \u00e9tudiant ! car nos \u00e9tudiant on ses supers pouvoirs!<\/p>\n\n\n\n<p class=\"wp-block-paragraph\">D&rsquo;ailleurs je vous d\u00e9conseille d&rsquo;enlever le compte \u00e9tudiant, juste \u00e9ventuellement le s\u00e9curiser en lui changeant son mot de passe.<\/p>\n\n\n\n<h2 class=\"wp-block-heading\" id=\"h.rhmuzagffmxw_l\">adduser<\/h2>\n\n\n\n<p class=\"wp-block-paragraph\">Vous \u00eates actuellement connect\u00e9 en tant qu&rsquo; &lsquo;etudiant&rsquo;<\/p>\n\n\n\n<p class=\"wp-block-paragraph\">Ce compte dispose des droits de root de fa\u00e7on temporaire gr\u00e2ce a la commande sudo<\/p>\n\n\n\n<p class=\"wp-block-paragraph\">\u26a0\ufe0fattention prenom sera votre prenom , nom votre nom<\/p>\n\n\n\n<p class=\"wp-block-paragraph\">Depuis un terminal&nbsp;<\/p>\n\n\n\n<pre class=\"wp-block-code\"><code>sudo -i #On devient root, car seul root a le droit d'ajouter un utilisateur !\n&#91;sudo] Mot de passe de etudiant : \n<mark style=\"background-color:rgba(0, 0, 0, 0);color:#cf2e2e\" class=\"has-inline-color\">root<\/mark>@ordi:~# <strong>adduser<\/strong> prenom\nAjout de l'utilisateur \u00ab prenom \u00bb ...\nAjout du nouveau groupe \u00ab prenom \u00bb (1002) ...\nAjout du nouvel utilisateur \u00ab prenom \u00bb (1002) avec le groupe \u00ab prenom \u00bb ...\nCr\u00e9ation du r\u00e9pertoire personnel \u00ab \/home\/prenom \u00bb...\nCopie des fichiers depuis \u00ab \/etc\/skel \u00bb...\nEntrez le nouveau mot de passe UNIX : \nRetapez le nouveau mot de passe UNIX : \npasswd : le mot de passe a \u00e9t\u00e9 mis \u00e0 jour avec succ\u00e8s\nModification des informations relatives \u00e0 l'utilisateur prenom\nEntrez la nouvelle valeur ou \u00ab Entr\u00e9e \u00bb pour conserver la valeur propos\u00e9e\n\tNom complet &#91;]: nom   \n\tN\u00b0 de bureau &#91;]: E301\n\tT\u00e9l\u00e9phone professionnel &#91;]: 0605040203\n\tT\u00e9l\u00e9phone personnel &#91;]: 0605040203\n\tAutre &#91;]: etudiant DORIAN CIELA1\nCes informations sont-elles correctes ? &#91;O\/n] <\/code><\/pre>\n\n\n\n<p class=\"wp-block-paragraph\">Valider avec&nbsp;<strong>O<\/strong>&nbsp;pour oui !<\/p>\n\n\n\n<p class=\"wp-block-paragraph\">voila le compte avec votre prenom est accessible \u00e0 condition de se souvenir du mot de passe entr\u00e9 !<\/p>\n\n\n\n<p class=\"wp-block-paragraph\">relancer la machine , et vous allez voir que vous pouvez acc\u00e9der \u00e0 ce nouveau compte avec votre pr\u00e9nom !<\/p>\n\n\n\n<p class=\"wp-block-paragraph\">Mais sans aucun pouvoir , il va falloir redevenir etudiant pour devenir root.. et donner les pouvoirs \u00e0 prenom (le votre)<\/p>\n\n\n\n<pre class=\"wp-block-code\"><code>etudiant@ordi:~$ sudo -i #je deviens root\n&#91;sudo] Mot de passe de etudiant&nbsp;: \nroot@ordi:~# <\/code><\/pre>\n\n\n\n<p class=\"wp-block-paragraph\">\u26a0\ufe0fattention , ne pas abuser de <a href=\"https:\/\/workboot.fr\/ciela\/root\/\">root<\/a> !! car \u00ab\u00a0Un grand pouvoir implique de grandes responsabilit\u00e9s\u00a0\u00bb<\/p>\n\n\n\n<p class=\"wp-block-paragraph\">il faut vous ajouter , la ou etudiant  est , surtout les lignes rouges pour pouvoir devenir root<\/p>\n\n\n\n<details class=\"wp-block-details is-layout-flow wp-block-details-is-layout-flow\"><summary>\/etc\/group<\/summary>\n<pre class=\"wp-block-code\"><code>root:x:0:\ndaemon:x:1:\nbin:x:2:\nsys:x:3:\n<mark style=\"background-color:rgba(0, 0, 0, 0);color:#cf2e2e\" class=\"has-inline-color\">adm:x:4:syslog,etudiant,dorian<\/mark>,<mark style=\"background-color:rgba(0, 0, 0, 0)\" class=\"has-inline-color has-ast-global-color-1-color\">prenom<\/mark>\ntty:x:5:\ndisk:x:6:\nlp:x:7:\nmail:x:8:\nnews:x:9:\nuucp:x:10:\nman:x:12:\nproxy:x:13:\nkmem:x:15:\ndialout:x:20:prenom\nfax:x:21:\nvoice:x:22:\ncdrom:x:24:etudiant,dorian\nfloppy:x:25:\ntape:x:26:\n<mark style=\"background-color:rgba(0, 0, 0, 0);color:#cf2e2e\" class=\"has-inline-color\">sudo:x:27:etudiant,dorian<\/mark>,<mark style=\"background-color:rgba(0, 0, 0, 0)\" class=\"has-inline-color has-ast-global-color-1-color\">prenom<\/mark>\naudio:x:29:pulse\ndip:x:30:etudiant,dorian\nwww-data:x:33:\nbackup:x:34:\noperator:x:37:\nlist:x:38:\nirc:x:39:\nsrc:x:40:\ngnats:x:41:\nshadow:x:42:\nutmp:x:43:\nvideo:x:44:\nsasl:x:45:\nplugdev:x:46:etudiant,dorian,<mark style=\"background-color:rgba(0, 0, 0, 0)\" class=\"has-inline-color has-ast-global-color-1-color\">prenom<\/mark>\nstaff:x:50:\ngames:x:60:\nusers:x:100:\nnogroup:x:65534:\nsystemd-journal:x:101:\nsystemd-network:x:102:\nsystemd-resolve:x:103:\ncrontab:x:104:\nmessagebus:x:105:\nsystemd-timesync:x:106:\ninput:x:107:\nsgx:x:108:\nkvm:x:109:\nrender:x:110:\nsyslog:x:111:\n_ssh:x:112:\ntss:x:113:\nbluetooth:x:114:\nssl-cert:x:115:\n                                                                                                             1,9          Hau<\/code><\/pre>\n\n\n\n<p class=\"wp-block-paragraph\">sauvegarder&nbsp;<\/p>\n\n\n\n<p class=\"wp-block-paragraph\">et red\u00e9marrer la machine votre compte est devenu utilisable!<\/p>\n\n\n\n<p class=\"wp-block-paragraph\">votre compte graphique sera personnalisable dans le respect du r\u00e8glement int\u00e9rieur.<\/p>\n<\/details>\n","protected":false},"excerpt":{"rendered":"<p>Il faut connaitre l&rsquo;usage de vi pour pouvoir faire ces manipulations. Il est important avant de modifier un fichier syst\u00e8me , de le dupliquer en .old ou .bak , car [&hellip;]<\/p>\n","protected":false},"author":1,"featured_media":0,"parent":0,"menu_order":0,"comment_status":"closed","ping_status":"closed","template":"","meta":{"_crdt_document":"","_uag_custom_page_level_css":"","footnotes":""},"class_list":["post-1916","page","type-page","status-publish","hentry"],"yoast_head":"<!-- This site is optimized with the Yoast SEO plugin v27.3 - https:\/\/yoast.com\/product\/yoast-seo-wordpress\/ -->\n<title>Ajouter un utilisateur - workboot<\/title>\n<meta name=\"robots\" content=\"index, follow, max-snippet:-1, max-image-preview:large, max-video-preview:-1\" \/>\n<link rel=\"canonical\" href=\"https:\/\/workboot.fr\/ciela\/ajouter-un-utilisateur\/\" \/>\n<meta property=\"og:locale\" content=\"fr_FR\" \/>\n<meta property=\"og:type\" content=\"article\" \/>\n<meta property=\"og:title\" content=\"Ajouter un utilisateur - workboot\" \/>\n<meta property=\"og:description\" content=\"Il faut connaitre l&rsquo;usage de vi pour pouvoir faire ces manipulations. Il est important avant de modifier un fichier syst\u00e8me , de le dupliquer en .old ou .bak , car [&hellip;]\" \/>\n<meta property=\"og:url\" content=\"https:\/\/workboot.fr\/ciela\/ajouter-un-utilisateur\/\" \/>\n<meta property=\"og:site_name\" content=\"workboot\" \/>\n<meta property=\"article:modified_time\" content=\"2025-08-30T15:41:00+00:00\" \/>\n<meta name=\"twitter:label1\" content=\"Dur\u00e9e de lecture estim\u00e9e\" \/>\n\t<meta name=\"twitter:data1\" content=\"2 minutes\" \/>\n<script type=\"application\/ld+json\" class=\"yoast-schema-graph\">{\"@context\":\"https:\\\/\\\/schema.org\",\"@graph\":[{\"@type\":\"WebPage\",\"@id\":\"https:\\\/\\\/workboot.fr\\\/ciela\\\/ajouter-un-utilisateur\\\/\",\"url\":\"https:\\\/\\\/workboot.fr\\\/ciela\\\/ajouter-un-utilisateur\\\/\",\"name\":\"Ajouter un utilisateur - workboot\",\"isPartOf\":{\"@id\":\"https:\\\/\\\/workboot.fr\\\/ciela\\\/#website\"},\"datePublished\":\"2025-07-04T14:25:38+00:00\",\"dateModified\":\"2025-08-30T15:41:00+00:00\",\"inLanguage\":\"fr-FR\",\"potentialAction\":[{\"@type\":\"ReadAction\",\"target\":[\"https:\\\/\\\/workboot.fr\\\/ciela\\\/ajouter-un-utilisateur\\\/\"]}]},{\"@type\":\"WebSite\",\"@id\":\"https:\\\/\\\/workboot.fr\\\/ciela\\\/#website\",\"url\":\"https:\\\/\\\/workboot.fr\\\/ciela\\\/\",\"name\":\"workboot\",\"description\":\"Open Source, Open Minds \",\"publisher\":{\"@id\":\"https:\\\/\\\/workboot.fr\\\/ciela\\\/#organization\"},\"potentialAction\":[{\"@type\":\"SearchAction\",\"target\":{\"@type\":\"EntryPoint\",\"urlTemplate\":\"https:\\\/\\\/workboot.fr\\\/ciela\\\/?s={search_term_string}\"},\"query-input\":{\"@type\":\"PropertyValueSpecification\",\"valueRequired\":true,\"valueName\":\"search_term_string\"}}],\"inLanguage\":\"fr-FR\"},{\"@type\":\"Organization\",\"@id\":\"https:\\\/\\\/workboot.fr\\\/ciela\\\/#organization\",\"name\":\"workboot\",\"url\":\"https:\\\/\\\/workboot.fr\\\/ciela\\\/\",\"logo\":{\"@type\":\"ImageObject\",\"inLanguage\":\"fr-FR\",\"@id\":\"https:\\\/\\\/workboot.fr\\\/ciela\\\/#\\\/schema\\\/logo\\\/image\\\/\",\"url\":\"https:\\\/\\\/workboot.fr\\\/ciela\\\/wp-content\\\/uploads\\\/2025\\\/05\\\/logo_ciel-dorian-1.png\",\"contentUrl\":\"https:\\\/\\\/workboot.fr\\\/ciela\\\/wp-content\\\/uploads\\\/2025\\\/05\\\/logo_ciel-dorian-1.png\",\"width\":1024,\"height\":950,\"caption\":\"workboot\"},\"image\":{\"@id\":\"https:\\\/\\\/workboot.fr\\\/ciela\\\/#\\\/schema\\\/logo\\\/image\\\/\"}}]}<\/script>\n<!-- \/ Yoast SEO plugin. -->","yoast_head_json":{"title":"Ajouter un utilisateur - workboot","robots":{"index":"index","follow":"follow","max-snippet":"max-snippet:-1","max-image-preview":"max-image-preview:large","max-video-preview":"max-video-preview:-1"},"canonical":"https:\/\/workboot.fr\/ciela\/ajouter-un-utilisateur\/","og_locale":"fr_FR","og_type":"article","og_title":"Ajouter un utilisateur - workboot","og_description":"Il faut connaitre l&rsquo;usage de vi pour pouvoir faire ces manipulations. Il est important avant de modifier un fichier syst\u00e8me , de le dupliquer en .old ou .bak , car [&hellip;]","og_url":"https:\/\/workboot.fr\/ciela\/ajouter-un-utilisateur\/","og_site_name":"workboot","article_modified_time":"2025-08-30T15:41:00+00:00","twitter_misc":{"Dur\u00e9e de lecture estim\u00e9e":"2 minutes"},"schema":{"@context":"https:\/\/schema.org","@graph":[{"@type":"WebPage","@id":"https:\/\/workboot.fr\/ciela\/ajouter-un-utilisateur\/","url":"https:\/\/workboot.fr\/ciela\/ajouter-un-utilisateur\/","name":"Ajouter un utilisateur - workboot","isPartOf":{"@id":"https:\/\/workboot.fr\/ciela\/#website"},"datePublished":"2025-07-04T14:25:38+00:00","dateModified":"2025-08-30T15:41:00+00:00","inLanguage":"fr-FR","potentialAction":[{"@type":"ReadAction","target":["https:\/\/workboot.fr\/ciela\/ajouter-un-utilisateur\/"]}]},{"@type":"WebSite","@id":"https:\/\/workboot.fr\/ciela\/#website","url":"https:\/\/workboot.fr\/ciela\/","name":"workboot","description":"Open Source, Open Minds ","publisher":{"@id":"https:\/\/workboot.fr\/ciela\/#organization"},"potentialAction":[{"@type":"SearchAction","target":{"@type":"EntryPoint","urlTemplate":"https:\/\/workboot.fr\/ciela\/?s={search_term_string}"},"query-input":{"@type":"PropertyValueSpecification","valueRequired":true,"valueName":"search_term_string"}}],"inLanguage":"fr-FR"},{"@type":"Organization","@id":"https:\/\/workboot.fr\/ciela\/#organization","name":"workboot","url":"https:\/\/workboot.fr\/ciela\/","logo":{"@type":"ImageObject","inLanguage":"fr-FR","@id":"https:\/\/workboot.fr\/ciela\/#\/schema\/logo\/image\/","url":"https:\/\/workboot.fr\/ciela\/wp-content\/uploads\/2025\/05\/logo_ciel-dorian-1.png","contentUrl":"https:\/\/workboot.fr\/ciela\/wp-content\/uploads\/2025\/05\/logo_ciel-dorian-1.png","width":1024,"height":950,"caption":"workboot"},"image":{"@id":"https:\/\/workboot.fr\/ciela\/#\/schema\/logo\/image\/"}}]}},"uagb_featured_image_src":{"full":false,"thumbnail":false,"medium":false,"medium_large":false,"large":false,"1536x1536":false,"2048x2048":false},"uagb_author_info":{"display_name":"admin","author_link":"https:\/\/workboot.fr\/ciela\/author\/admin\/"},"uagb_comment_info":0,"uagb_excerpt":"Il faut connaitre l&rsquo;usage de vi pour pouvoir faire ces manipulations. Il est important avant de modifier un fichier syst\u00e8me , de le dupliquer en .old ou .bak , car [&hellip;]","_links":{"self":[{"href":"https:\/\/workboot.fr\/ciela\/wp-json\/wp\/v2\/pages\/1916","targetHints":{"allow":["GET"]}}],"collection":[{"href":"https:\/\/workboot.fr\/ciela\/wp-json\/wp\/v2\/pages"}],"about":[{"href":"https:\/\/workboot.fr\/ciela\/wp-json\/wp\/v2\/types\/page"}],"author":[{"embeddable":true,"href":"https:\/\/workboot.fr\/ciela\/wp-json\/wp\/v2\/users\/1"}],"replies":[{"embeddable":true,"href":"https:\/\/workboot.fr\/ciela\/wp-json\/wp\/v2\/comments?post=1916"}],"version-history":[{"count":9,"href":"https:\/\/workboot.fr\/ciela\/wp-json\/wp\/v2\/pages\/1916\/revisions"}],"predecessor-version":[{"id":3782,"href":"https:\/\/workboot.fr\/ciela\/wp-json\/wp\/v2\/pages\/1916\/revisions\/3782"}],"wp:attachment":[{"href":"https:\/\/workboot.fr\/ciela\/wp-json\/wp\/v2\/media?parent=1916"}],"curies":[{"name":"wp","href":"https:\/\/api.w.org\/{rel}","templated":true}]}}