{"id":2042,"date":"2025-07-08T18:22:35","date_gmt":"2025-07-08T17:22:35","guid":{"rendered":"https:\/\/workboot.fr\/ciela\/?page_id=2042"},"modified":"2025-11-02T18:21:29","modified_gmt":"2025-11-02T17:21:29","slug":"root","status":"publish","type":"page","link":"https:\/\/workboot.fr\/ciela\/root\/","title":{"rendered":"root"},"content":{"rendered":"\n<blockquote class=\"wp-block-quote is-layout-flow wp-block-quote-is-layout-flow\">\n<p class=\"wp-block-paragraph\"><em><br><strong><a href=\"https:\/\/fr.wikipedia.org\/wiki\/%C3%80_grand_pouvoir,_grandes_responsabilit%C3%A9s#:~:text=%C2%AB%20Un%20grand%20pouvoir%20implique%20de,m%C3%A9diatiques%20du%20superh%C3%A9ros%20Spider%2DMan.\">\u00c0 grand pouvoir, grandes responsabilit\u00e9s<\/a><\/strong><\/em><\/p>\n\n\n\n<figure class=\"wp-block-gallery alignright has-nested-images columns-default is-cropped wp-block-gallery-1 is-layout-flex wp-block-gallery-is-layout-flex\">\n<figure class=\"wp-block-image size-large is-resized is-style-rounded\"><a href=\"https:\/\/workboot.fr\/ciela\/wp-content\/uploads\/2025\/07\/spider_root.webp\"><img loading=\"lazy\" decoding=\"async\" width=\"683\" height=\"1024\" data-id=\"2048\" src=\"https:\/\/workboot.fr\/ciela\/wp-content\/uploads\/2025\/07\/spider_root-683x1024.webp\" alt=\"\" class=\"wp-image-2048\" style=\"aspect-ratio:0.6670021808421406;width:367px;height:auto\" srcset=\"https:\/\/workboot.fr\/ciela\/wp-content\/uploads\/2025\/07\/spider_root-683x1024.webp 683w, https:\/\/workboot.fr\/ciela\/wp-content\/uploads\/2025\/07\/spider_root-200x300.webp 200w, https:\/\/workboot.fr\/ciela\/wp-content\/uploads\/2025\/07\/spider_root-768x1152.webp 768w, https:\/\/workboot.fr\/ciela\/wp-content\/uploads\/2025\/07\/spider_root.webp 1024w\" sizes=\"auto, (max-width: 683px) 100vw, 683px\" \/><\/a><figcaption class=\"wp-element-caption\"><em><strong><a href=\"https:\/\/fr.wikipedia.org\/wiki\/%C3%80_grand_pouvoir,_grandes_responsabilit%C3%A9s#:~:text=%C2%AB%20Un%20grand%20pouvoir%20implique%20de,m%C3%A9diatiques%20du%20superh%C3%A9ros%20Spider%2DMan.\">\u00c0 grand pouvoir, grandes responsabilit\u00e9s<\/a><\/strong><\/em><\/figcaption><\/figure>\n<\/figure>\n<\/blockquote>\n\n\n\n<h1 class=\"wp-block-heading\">D\u00e9finition de root (racine)<\/h1>\n\n\n<div class=\"wp-block-image\">\n<figure class=\"alignright size-large is-resized\"><a href=\"https:\/\/workboot.fr\/ciela\/wp-content\/uploads\/2025\/07\/root.png\"><img loading=\"lazy\" decoding=\"async\" width=\"1536\" height=\"1024\" src=\"https:\/\/workboot.fr\/ciela\/wp-content\/uploads\/2025\/07\/root.png\" alt=\"\" class=\"wp-image-2045\" style=\"aspect-ratio:1.500024465430347;width:373px;height:auto\" srcset=\"https:\/\/workboot.fr\/ciela\/wp-content\/uploads\/2025\/07\/root.png 1536w, https:\/\/workboot.fr\/ciela\/wp-content\/uploads\/2025\/07\/root-300x200.png 300w\" sizes=\"auto, (max-width: 1536px) 100vw, 1536px\" \/><\/a><\/figure>\n<\/div>\n\n\n<p class=\"wp-block-paragraph\">Sous Linux, <strong>root<\/strong> d\u00e9signe l\u2019utilisateur ayant tous les <strong>droits administratifs<\/strong> sur le syst\u00e8me. C\u2019est le <strong>superutilisateur<\/strong> qui peut :<\/p>\n\n\n\n<ul class=\"wp-block-list\">\n<li>acc\u00e9der \u00e0 <strong>tous les fichiers et r\u00e9pertoires<\/strong>, m\u00eame ceux des autres utilisateurs,<\/li>\n\n\n\n<li>installer, modifier ou supprimer <strong>des logiciels et des services<\/strong>,<\/li>\n\n\n\n<li>g\u00e9rer les <strong>utilisateurs et les permissions<\/strong>,<\/li>\n\n\n\n<li>effectuer des <strong>op\u00e9rations critiques<\/strong> comme le formatage de disques ou la modification du noyau.<\/li>\n<\/ul>\n\n\n\n<p class=\"wp-block-paragraph\">Le compte <code>root<\/code> est essentiel pour l\u2019administration du syst\u00e8me, mais il doit \u00eatre utilis\u00e9 avec <strong>prudence<\/strong>, car une erreur peut facilement endommager le syst\u00e8me.<\/p>\n\n\n\n<p class=\"wp-block-paragraph\">On acc\u00e8de aux privil\u00e8ges root via :<\/p>\n\n\n\n<ul class=\"wp-block-list\">\n<li>une connexion directe au compte root (s\u2019il est activ\u00e9),<\/li>\n\n\n\n<li>ou en utilisant la commande <code>sudo<\/code> avec un autre compte autoris\u00e9 (ex : <code>sudo apt update<\/code>).<\/li>\n<\/ul>\n\n\n\n<p class=\"wp-block-paragraph\"><strong>R\u00e9sum\u00e9 :<\/strong> <code>root<\/code> = l\u2019utilisateur tout-puissant du syst\u00e8me Linux.<\/p>\n\n\n\n<p class=\"wp-block-paragraph\">Celui qui poss\u00e8de la racine de l&rsquo;arbre poss\u00e8de l&rsquo;arbre !  cd \/   retour \u00e0 la racine de l&rsquo;arborescence <\/p>\n\n\n\n<h1 class=\"wp-block-heading\">root jadis avait un mot de passe !<\/h1>\n\n\n\n<p class=\"wp-block-paragraph\">C&rsquo;est toujours possible que root poss\u00e8de un mot de passe , mais dans les distributions r\u00e9centes on ne donne plus de  mot de passe pour root! Mais avec <a href=\"https:\/\/workboot.fr\/ciela\/sudo\/\">sudo<\/a> on va donner des droits (en particulier de devenir root) \u00e0 un utilisateur de la machine.<\/p>\n\n\n\n<p class=\"wp-block-paragraph\">Sur certaines distributions modernes (ex : Ubuntu), le compte root est d\u00e9sactiv\u00e9 par d\u00e9faut, c\u2019est-\u00e0-dire qu\u2019il n\u2019a <strong>pas de mot de passe d\u00e9fini<\/strong>. On utilise donc <a href=\"https:\/\/workboot.fr\/ciela\/sudo\/\">sudo<\/a> avec son compte utilisateur normal pour faire les actions administratives. Dans ce cas, on ne \u201cperd\u201d pas le mot de passe root, il n\u2019existe simplement pas.<\/p>\n\n\n\n<p class=\"wp-block-paragraph\">on peut lui en remettre mais \u00e7a n&rsquo;est pas une bonne id\u00e9e , vous allez avoir des attaques!<\/p>\n\n\n\n<pre class=\"wp-block-code\"><code>sudo passwd root  #et la !! root aura un mot de passe ! mais \u00e7a n'est pas une bonne id\u00e9e.<\/code><\/pre>\n\n\n\n<h2 class=\"wp-block-heading\">sudo est la solution !<\/h2>\n\n\n\n<p class=\"wp-block-paragraph\"><code>sudo<\/code> (abr\u00e9viation de <strong>\u00ab\u00a0superuser do\u00a0\u00bb<\/strong>) est une commande sous Unix\/Linux qui permet \u00e0 un utilisateur <strong>autoris\u00e9<\/strong> d\u2019ex\u00e9cuter une commande avec les <strong>droits d\u2019un autre utilisateur<\/strong>, g\u00e9n\u00e9ralement <strong>root<\/strong> (l\u2019administrateur syst\u00e8me).<\/p>\n\n\n\n<ul class=\"wp-block-list\">\n<li><code>sudo<\/code> donne <strong>temporairement des pouvoirs d\u2019administrateur<\/strong> \u00e0 un utilisateur normal.<\/li>\n\n\n\n<li>Il <strong>n\u2019est pas n\u00e9cessaire de conna\u00eetre le mot de passe de root<\/strong>, juste son propre mot de passe.<\/li>\n\n\n\n<li>Toutes les actions faites avec <code>sudo<\/code> sont <strong>journalis\u00e9es<\/strong> (on peut savoir qui a fait quoi et quand).<\/li>\n\n\n\n<li>L\u2019acc\u00e8s \u00e0 <code>sudo<\/code> est <strong>contr\u00f4l\u00e9<\/strong> dans un fichier sp\u00e9cial : <code>\/etc\/sudoers<\/code>.<\/li>\n<\/ul>\n\n\n\n<hr class=\"wp-block-separator has-alpha-channel-opacity\"\/>\n\n\n\n<h3 class=\"wp-block-heading\">sudo et ses options<\/h3>\n\n\n\n<h4 class=\"wp-block-heading\">sudo avec la commande<\/h4>\n\n\n\n<p class=\"wp-block-paragraph\">r\u00e9aliser une commande qui aura les droits de root <\/p>\n\n\n\n<p class=\"wp-block-paragraph\">exemple:<\/p>\n\n\n\n<pre class=\"wp-block-code\"><code>sudo apt update <\/code><\/pre>\n\n\n\n<p class=\"wp-block-paragraph\">cette commande demande au syst\u00e8me de mettre a jour la liste des d\u00e9p\u00f4ts de votre distribution (Debian et ses d\u00e9riv\u00e9es)<\/p>\n\n\n\n<h4 class=\"wp-block-heading\">sudo -s <\/h4>\n\n\n\n<p class=\"wp-block-paragraph\">permet de devenir root en restant la ou on est avec l&rsquo;environnement de  si l&rsquo;option <strong>env_reset<\/strong>  dufichier sudoers n&rsquo;est pas mise !<\/p>\n\n\n\n<p class=\"wp-block-paragraph\">l\u2019int\u00e9r\u00eat est surtout de devenir root dans le r\u00e9pertoire ou vous \u00e9tiez.<\/p>\n\n\n\n<h4 class=\"wp-block-heading\">sudo -i <\/h4>\n\n\n\n<p class=\"wp-block-paragraph\">Devenir root , \u00eatre projet\u00e9 dans l&rsquo;espace de root  \/root , on est bien totalement root !<\/p>\n\n\n\n<pre class=\"wp-block-code\"><code>etudiant@ordi:~$ sudo -i\nroot@ordi:~# pwd\n\/root<\/code><\/pre>\n\n\n\n<h2 class=\"wp-block-heading\">La commande visudo<\/h2>\n\n\n\n<p class=\"wp-block-paragraph\">permet d&rsquo;\u00e9diter avec vi ou nano le fichier  \/etc\/sudoers<\/p>\n\n\n\n<p class=\"wp-block-paragraph\">avec sudo visudo <\/p>\n\n\n\n<p class=\"wp-block-paragraph\">qu&rsquo;il faut \u00e9diter avec cette commande pour \u00e9viter de faire des erreurs.<\/p>\n\n\n\n<pre class=\"wp-block-code\"><code>#\n# This file MUST be edited with the 'visudo' command as root.\n#\n# Please consider adding local content in \/etc\/sudoers.d\/ instead of\n# directly modifying this file.\n#\n# See the man page for details on how to write a sudoers file.\n#\nDefaults\tenv_reset\nDefaults\tmail_badpass\nDefaults\tsecure_path=\"\/usr\/local\/sbin:\/usr\/local\/bin:\/usr\/sbin:\/usr\/bin:\/sbin:\/bin:\/snap\/bin\"\nDefaults\tuse_pty\n...\n# User privilege specification\nroot\tALL=(ALL:ALL) ALL\n\n# Members of the admin group may gain root privileges\n%admin ALL=(ALL) ALL\n\n# Allow members of group sudo to execute any command\n<mark style=\"background-color:rgba(0, 0, 0, 0);color:#cf2e2e\" class=\"has-inline-color\">%sudo\tALL=(ALL:ALL) ALL<\/mark>\n\n# See sudoers(5) for more information on \"@include\" directives:\n<\/code><\/pre>\n\n\n\n<p class=\"wp-block-paragraph\">ici en rouge permet au utilisateurs faisant parti du groupe sudo , Tout membre du groupe <code>sudo<\/code> peut utiliser <code>sudo<\/code> pour ex\u00e9cuter <strong>n\u2019importe quelle commande<\/strong> en tant que <strong>n\u2019importe quel utilisateur<\/strong> et <strong>n\u2019importe quel groupe<\/strong>, <strong>depuis n\u2019importe quelle machine<\/strong>.<\/p>\n","protected":false},"excerpt":{"rendered":"<p>D\u00e9finition de root (racine) Sous Linux, root d\u00e9signe l\u2019utilisateur ayant tous les droits administratifs sur le syst\u00e8me. C\u2019est le superutilisateur qui peut : Le compte root est essentiel pour l\u2019administration [&hellip;]<\/p>\n","protected":false},"author":1,"featured_media":0,"parent":0,"menu_order":0,"comment_status":"closed","ping_status":"closed","template":"","meta":{"_crdt_document":"","_uag_custom_page_level_css":"","footnotes":""},"class_list":["post-2042","page","type-page","status-publish","hentry"],"yoast_head":"<!-- This site is optimized with the Yoast SEO plugin v27.3 - https:\/\/yoast.com\/product\/yoast-seo-wordpress\/ -->\n<title>root - workboot<\/title>\n<meta name=\"robots\" content=\"index, follow, max-snippet:-1, max-image-preview:large, max-video-preview:-1\" \/>\n<link rel=\"canonical\" href=\"https:\/\/workboot.fr\/ciela\/root\/\" \/>\n<meta property=\"og:locale\" content=\"fr_FR\" \/>\n<meta property=\"og:type\" content=\"article\" \/>\n<meta property=\"og:title\" content=\"root - workboot\" \/>\n<meta property=\"og:description\" content=\"D\u00e9finition de root (racine) Sous Linux, root d\u00e9signe l\u2019utilisateur ayant tous les droits administratifs sur le syst\u00e8me. C\u2019est le superutilisateur qui peut : Le compte root est essentiel pour l\u2019administration [&hellip;]\" \/>\n<meta property=\"og:url\" content=\"https:\/\/workboot.fr\/ciela\/root\/\" \/>\n<meta property=\"og:site_name\" content=\"workboot\" \/>\n<meta property=\"article:modified_time\" content=\"2025-11-02T17:21:29+00:00\" \/>\n<meta property=\"og:image\" content=\"https:\/\/workboot.fr\/ciela\/wp-content\/uploads\/2025\/07\/spider_root.webp\" \/>\n\t<meta property=\"og:image:width\" content=\"1024\" \/>\n\t<meta property=\"og:image:height\" content=\"1536\" \/>\n\t<meta property=\"og:image:type\" content=\"image\/webp\" \/>\n<meta name=\"twitter:label1\" content=\"Dur\u00e9e de lecture estim\u00e9e\" \/>\n\t<meta name=\"twitter:data1\" content=\"3 minutes\" \/>\n<script type=\"application\/ld+json\" class=\"yoast-schema-graph\">{\"@context\":\"https:\\\/\\\/schema.org\",\"@graph\":[{\"@type\":\"WebPage\",\"@id\":\"https:\\\/\\\/workboot.fr\\\/ciela\\\/root\\\/\",\"url\":\"https:\\\/\\\/workboot.fr\\\/ciela\\\/root\\\/\",\"name\":\"root - workboot\",\"isPartOf\":{\"@id\":\"https:\\\/\\\/workboot.fr\\\/ciela\\\/#website\"},\"primaryImageOfPage\":{\"@id\":\"https:\\\/\\\/workboot.fr\\\/ciela\\\/root\\\/#primaryimage\"},\"image\":{\"@id\":\"https:\\\/\\\/workboot.fr\\\/ciela\\\/root\\\/#primaryimage\"},\"thumbnailUrl\":\"https:\\\/\\\/workboot.fr\\\/ciela\\\/wp-content\\\/uploads\\\/2025\\\/07\\\/spider_root-683x1024.webp\",\"datePublished\":\"2025-07-08T17:22:35+00:00\",\"dateModified\":\"2025-11-02T17:21:29+00:00\",\"inLanguage\":\"fr-FR\",\"potentialAction\":[{\"@type\":\"ReadAction\",\"target\":[\"https:\\\/\\\/workboot.fr\\\/ciela\\\/root\\\/\"]}]},{\"@type\":\"ImageObject\",\"inLanguage\":\"fr-FR\",\"@id\":\"https:\\\/\\\/workboot.fr\\\/ciela\\\/root\\\/#primaryimage\",\"url\":\"https:\\\/\\\/workboot.fr\\\/ciela\\\/wp-content\\\/uploads\\\/2025\\\/07\\\/spider_root-683x1024.webp\",\"contentUrl\":\"https:\\\/\\\/workboot.fr\\\/ciela\\\/wp-content\\\/uploads\\\/2025\\\/07\\\/spider_root-683x1024.webp\"},{\"@type\":\"WebSite\",\"@id\":\"https:\\\/\\\/workboot.fr\\\/ciela\\\/#website\",\"url\":\"https:\\\/\\\/workboot.fr\\\/ciela\\\/\",\"name\":\"workboot\",\"description\":\"Open Source, Open Minds \",\"publisher\":{\"@id\":\"https:\\\/\\\/workboot.fr\\\/ciela\\\/#organization\"},\"potentialAction\":[{\"@type\":\"SearchAction\",\"target\":{\"@type\":\"EntryPoint\",\"urlTemplate\":\"https:\\\/\\\/workboot.fr\\\/ciela\\\/?s={search_term_string}\"},\"query-input\":{\"@type\":\"PropertyValueSpecification\",\"valueRequired\":true,\"valueName\":\"search_term_string\"}}],\"inLanguage\":\"fr-FR\"},{\"@type\":\"Organization\",\"@id\":\"https:\\\/\\\/workboot.fr\\\/ciela\\\/#organization\",\"name\":\"workboot\",\"url\":\"https:\\\/\\\/workboot.fr\\\/ciela\\\/\",\"logo\":{\"@type\":\"ImageObject\",\"inLanguage\":\"fr-FR\",\"@id\":\"https:\\\/\\\/workboot.fr\\\/ciela\\\/#\\\/schema\\\/logo\\\/image\\\/\",\"url\":\"https:\\\/\\\/workboot.fr\\\/ciela\\\/wp-content\\\/uploads\\\/2025\\\/05\\\/logo_ciel-dorian-1.png\",\"contentUrl\":\"https:\\\/\\\/workboot.fr\\\/ciela\\\/wp-content\\\/uploads\\\/2025\\\/05\\\/logo_ciel-dorian-1.png\",\"width\":1024,\"height\":950,\"caption\":\"workboot\"},\"image\":{\"@id\":\"https:\\\/\\\/workboot.fr\\\/ciela\\\/#\\\/schema\\\/logo\\\/image\\\/\"}}]}<\/script>\n<!-- \/ Yoast SEO plugin. -->","yoast_head_json":{"title":"root - workboot","robots":{"index":"index","follow":"follow","max-snippet":"max-snippet:-1","max-image-preview":"max-image-preview:large","max-video-preview":"max-video-preview:-1"},"canonical":"https:\/\/workboot.fr\/ciela\/root\/","og_locale":"fr_FR","og_type":"article","og_title":"root - workboot","og_description":"D\u00e9finition de root (racine) Sous Linux, root d\u00e9signe l\u2019utilisateur ayant tous les droits administratifs sur le syst\u00e8me. C\u2019est le superutilisateur qui peut : Le compte root est essentiel pour l\u2019administration [&hellip;]","og_url":"https:\/\/workboot.fr\/ciela\/root\/","og_site_name":"workboot","article_modified_time":"2025-11-02T17:21:29+00:00","og_image":[{"width":1024,"height":1536,"url":"https:\/\/workboot.fr\/ciela\/wp-content\/uploads\/2025\/07\/spider_root.webp","type":"image\/webp"}],"twitter_misc":{"Dur\u00e9e de lecture estim\u00e9e":"3 minutes"},"schema":{"@context":"https:\/\/schema.org","@graph":[{"@type":"WebPage","@id":"https:\/\/workboot.fr\/ciela\/root\/","url":"https:\/\/workboot.fr\/ciela\/root\/","name":"root - workboot","isPartOf":{"@id":"https:\/\/workboot.fr\/ciela\/#website"},"primaryImageOfPage":{"@id":"https:\/\/workboot.fr\/ciela\/root\/#primaryimage"},"image":{"@id":"https:\/\/workboot.fr\/ciela\/root\/#primaryimage"},"thumbnailUrl":"https:\/\/workboot.fr\/ciela\/wp-content\/uploads\/2025\/07\/spider_root-683x1024.webp","datePublished":"2025-07-08T17:22:35+00:00","dateModified":"2025-11-02T17:21:29+00:00","inLanguage":"fr-FR","potentialAction":[{"@type":"ReadAction","target":["https:\/\/workboot.fr\/ciela\/root\/"]}]},{"@type":"ImageObject","inLanguage":"fr-FR","@id":"https:\/\/workboot.fr\/ciela\/root\/#primaryimage","url":"https:\/\/workboot.fr\/ciela\/wp-content\/uploads\/2025\/07\/spider_root-683x1024.webp","contentUrl":"https:\/\/workboot.fr\/ciela\/wp-content\/uploads\/2025\/07\/spider_root-683x1024.webp"},{"@type":"WebSite","@id":"https:\/\/workboot.fr\/ciela\/#website","url":"https:\/\/workboot.fr\/ciela\/","name":"workboot","description":"Open Source, Open Minds ","publisher":{"@id":"https:\/\/workboot.fr\/ciela\/#organization"},"potentialAction":[{"@type":"SearchAction","target":{"@type":"EntryPoint","urlTemplate":"https:\/\/workboot.fr\/ciela\/?s={search_term_string}"},"query-input":{"@type":"PropertyValueSpecification","valueRequired":true,"valueName":"search_term_string"}}],"inLanguage":"fr-FR"},{"@type":"Organization","@id":"https:\/\/workboot.fr\/ciela\/#organization","name":"workboot","url":"https:\/\/workboot.fr\/ciela\/","logo":{"@type":"ImageObject","inLanguage":"fr-FR","@id":"https:\/\/workboot.fr\/ciela\/#\/schema\/logo\/image\/","url":"https:\/\/workboot.fr\/ciela\/wp-content\/uploads\/2025\/05\/logo_ciel-dorian-1.png","contentUrl":"https:\/\/workboot.fr\/ciela\/wp-content\/uploads\/2025\/05\/logo_ciel-dorian-1.png","width":1024,"height":950,"caption":"workboot"},"image":{"@id":"https:\/\/workboot.fr\/ciela\/#\/schema\/logo\/image\/"}}]}},"uagb_featured_image_src":{"full":false,"thumbnail":false,"medium":false,"medium_large":false,"large":false,"1536x1536":false,"2048x2048":false},"uagb_author_info":{"display_name":"admin","author_link":"https:\/\/workboot.fr\/ciela\/author\/admin\/"},"uagb_comment_info":0,"uagb_excerpt":"D\u00e9finition de root (racine) Sous Linux, root d\u00e9signe l\u2019utilisateur ayant tous les droits administratifs sur le syst\u00e8me. C\u2019est le superutilisateur qui peut : Le compte root est essentiel pour l\u2019administration [&hellip;]","_links":{"self":[{"href":"https:\/\/workboot.fr\/ciela\/wp-json\/wp\/v2\/pages\/2042","targetHints":{"allow":["GET"]}}],"collection":[{"href":"https:\/\/workboot.fr\/ciela\/wp-json\/wp\/v2\/pages"}],"about":[{"href":"https:\/\/workboot.fr\/ciela\/wp-json\/wp\/v2\/types\/page"}],"author":[{"embeddable":true,"href":"https:\/\/workboot.fr\/ciela\/wp-json\/wp\/v2\/users\/1"}],"replies":[{"embeddable":true,"href":"https:\/\/workboot.fr\/ciela\/wp-json\/wp\/v2\/comments?post=2042"}],"version-history":[{"count":8,"href":"https:\/\/workboot.fr\/ciela\/wp-json\/wp\/v2\/pages\/2042\/revisions"}],"predecessor-version":[{"id":4808,"href":"https:\/\/workboot.fr\/ciela\/wp-json\/wp\/v2\/pages\/2042\/revisions\/4808"}],"wp:attachment":[{"href":"https:\/\/workboot.fr\/ciela\/wp-json\/wp\/v2\/media?parent=2042"}],"curies":[{"name":"wp","href":"https:\/\/api.w.org\/{rel}","templated":true}]}}