{"id":2062,"date":"2025-07-09T08:16:08","date_gmt":"2025-07-09T07:16:08","guid":{"rendered":"https:\/\/workboot.fr\/ciela\/?page_id=2062"},"modified":"2025-11-04T19:15:29","modified_gmt":"2025-11-04T18:15:29","slug":"admin-systeme","status":"publish","type":"page","link":"https:\/\/workboot.fr\/ciela\/admin-systeme\/","title":{"rendered":"Admin syst\u00e8me"},"content":{"rendered":"\n<p class=\"wp-block-paragraph\">Pour g\u00e9rer un syst\u00e8me linux (ici plut\u00f4t acc\u00e8s \u00e0 Debian)<\/p>\n\n\n\n<p class=\"wp-block-paragraph\"><a href=\"https:\/\/workboot.fr\/ciela\/les-commandes\/\">Les commandes<\/a> Linux de base<\/p>\n\n\n\n<p class=\"wp-block-paragraph\"><a href=\"https:\/\/workboot.fr\/ciela\/root\/\">root<\/a> et <a href=\"https:\/\/workboot.fr\/ciela\/sudo\/\">sudo<\/a><\/p>\n\n\n\n<p class=\"wp-block-paragraph\"><a href=\"https:\/\/workboot.fr\/ciela\/mot-de-passe\/\">mot de passe<\/a><\/p>\n\n\n\n<p class=\"wp-block-paragraph\"><a href=\"https:\/\/workboot.fr\/ciela\/ajouter-un-utilisateur\/\">Ajouter un utilisateur<\/a><\/p>\n\n\n\n<p class=\"wp-block-paragraph\"><a href=\"https:\/\/workboot.fr\/ciela\/tube-ou-pipe\/\">tube \/ pipe <\/a><\/p>\n\n\n\n<p class=\"wp-block-paragraph\"><a href=\"https:\/\/workboot.fr\/ciela\/signaux-clavier-dans-le-terminal-linux\/\">Signaux clavier dans le terminal Linux<\/a><\/p>\n\n\n\n<p class=\"wp-block-paragraph\"><a href=\"https:\/\/workboot.fr\/ciela\/systemd-et-daemon\/\">Service et Daemon et Systemd<\/a><\/p>\n\n\n\n<p class=\"wp-block-paragraph\"><\/p>\n","protected":false},"excerpt":{"rendered":"<p>Pour g\u00e9rer un syst\u00e8me linux (ici plut\u00f4t acc\u00e8s \u00e0 Debian) Les commandes Linux de base root et sudo mot de passe Ajouter un utilisateur tube \/ pipe Signaux clavier dans [&hellip;]<\/p>\n","protected":false},"author":1,"featured_media":4671,"parent":0,"menu_order":0,"comment_status":"closed","ping_status":"closed","template":"","meta":{"_crdt_document":"","_uag_custom_page_level_css":"","footnotes":""},"class_list":["post-2062","page","type-page","status-publish","has-post-thumbnail","hentry"],"yoast_head":"<!-- This site is optimized with the Yoast SEO plugin v27.3 - https:\/\/yoast.com\/product\/yoast-seo-wordpress\/ -->\n<title>Admin syst\u00e8me - workboot<\/title>\n<meta name=\"robots\" content=\"index, follow, max-snippet:-1, max-image-preview:large, max-video-preview:-1\" \/>\n<link rel=\"canonical\" href=\"https:\/\/workboot.fr\/ciela\/admin-systeme\/\" \/>\n<meta property=\"og:locale\" content=\"fr_FR\" \/>\n<meta property=\"og:type\" content=\"article\" \/>\n<meta property=\"og:title\" content=\"Admin syst\u00e8me - workboot\" \/>\n<meta property=\"og:description\" content=\"Pour g\u00e9rer un syst\u00e8me linux (ici plut\u00f4t acc\u00e8s \u00e0 Debian) Les commandes Linux de base root et sudo mot de passe Ajouter un utilisateur tube \/ pipe Signaux clavier dans [&hellip;]\" \/>\n<meta property=\"og:url\" content=\"https:\/\/workboot.fr\/ciela\/admin-systeme\/\" \/>\n<meta property=\"og:site_name\" content=\"workboot\" \/>\n<meta property=\"article:modified_time\" content=\"2025-11-04T18:15:29+00:00\" \/>\n<meta property=\"og:image\" content=\"https:\/\/workboot.fr\/ciela\/wp-content\/uploads\/2025\/10\/homer-les-simpson-mot_de_passe.jpg\" \/>\n\t<meta property=\"og:image:width\" content=\"768\" \/>\n\t<meta property=\"og:image:height\" content=\"432\" \/>\n\t<meta property=\"og:image:type\" content=\"image\/jpeg\" \/>\n<meta name=\"twitter:label1\" content=\"Dur\u00e9e de lecture estim\u00e9e\" \/>\n\t<meta name=\"twitter:data1\" content=\"1 minute\" \/>\n<script type=\"application\/ld+json\" class=\"yoast-schema-graph\">{\"@context\":\"https:\\\/\\\/schema.org\",\"@graph\":[{\"@type\":\"WebPage\",\"@id\":\"https:\\\/\\\/workboot.fr\\\/ciela\\\/admin-systeme\\\/\",\"url\":\"https:\\\/\\\/workboot.fr\\\/ciela\\\/admin-systeme\\\/\",\"name\":\"Admin syst\u00e8me - workboot\",\"isPartOf\":{\"@id\":\"https:\\\/\\\/workboot.fr\\\/ciela\\\/#website\"},\"primaryImageOfPage\":{\"@id\":\"https:\\\/\\\/workboot.fr\\\/ciela\\\/admin-systeme\\\/#primaryimage\"},\"image\":{\"@id\":\"https:\\\/\\\/workboot.fr\\\/ciela\\\/admin-systeme\\\/#primaryimage\"},\"thumbnailUrl\":\"https:\\\/\\\/workboot.fr\\\/ciela\\\/wp-content\\\/uploads\\\/2025\\\/10\\\/homer-les-simpson-mot_de_passe.jpg\",\"datePublished\":\"2025-07-09T07:16:08+00:00\",\"dateModified\":\"2025-11-04T18:15:29+00:00\",\"inLanguage\":\"fr-FR\",\"potentialAction\":[{\"@type\":\"ReadAction\",\"target\":[\"https:\\\/\\\/workboot.fr\\\/ciela\\\/admin-systeme\\\/\"]}]},{\"@type\":\"ImageObject\",\"inLanguage\":\"fr-FR\",\"@id\":\"https:\\\/\\\/workboot.fr\\\/ciela\\\/admin-systeme\\\/#primaryimage\",\"url\":\"https:\\\/\\\/workboot.fr\\\/ciela\\\/wp-content\\\/uploads\\\/2025\\\/10\\\/homer-les-simpson-mot_de_passe.jpg\",\"contentUrl\":\"https:\\\/\\\/workboot.fr\\\/ciela\\\/wp-content\\\/uploads\\\/2025\\\/10\\\/homer-les-simpson-mot_de_passe.jpg\",\"width\":768,\"height\":432},{\"@type\":\"WebSite\",\"@id\":\"https:\\\/\\\/workboot.fr\\\/ciela\\\/#website\",\"url\":\"https:\\\/\\\/workboot.fr\\\/ciela\\\/\",\"name\":\"workboot\",\"description\":\"Open Source, Open Minds \",\"publisher\":{\"@id\":\"https:\\\/\\\/workboot.fr\\\/ciela\\\/#organization\"},\"potentialAction\":[{\"@type\":\"SearchAction\",\"target\":{\"@type\":\"EntryPoint\",\"urlTemplate\":\"https:\\\/\\\/workboot.fr\\\/ciela\\\/?s={search_term_string}\"},\"query-input\":{\"@type\":\"PropertyValueSpecification\",\"valueRequired\":true,\"valueName\":\"search_term_string\"}}],\"inLanguage\":\"fr-FR\"},{\"@type\":\"Organization\",\"@id\":\"https:\\\/\\\/workboot.fr\\\/ciela\\\/#organization\",\"name\":\"workboot\",\"url\":\"https:\\\/\\\/workboot.fr\\\/ciela\\\/\",\"logo\":{\"@type\":\"ImageObject\",\"inLanguage\":\"fr-FR\",\"@id\":\"https:\\\/\\\/workboot.fr\\\/ciela\\\/#\\\/schema\\\/logo\\\/image\\\/\",\"url\":\"https:\\\/\\\/workboot.fr\\\/ciela\\\/wp-content\\\/uploads\\\/2025\\\/05\\\/logo_ciel-dorian-1.png\",\"contentUrl\":\"https:\\\/\\\/workboot.fr\\\/ciela\\\/wp-content\\\/uploads\\\/2025\\\/05\\\/logo_ciel-dorian-1.png\",\"width\":1024,\"height\":950,\"caption\":\"workboot\"},\"image\":{\"@id\":\"https:\\\/\\\/workboot.fr\\\/ciela\\\/#\\\/schema\\\/logo\\\/image\\\/\"}}]}<\/script>\n<!-- \/ Yoast SEO plugin. -->","yoast_head_json":{"title":"Admin syst\u00e8me - workboot","robots":{"index":"index","follow":"follow","max-snippet":"max-snippet:-1","max-image-preview":"max-image-preview:large","max-video-preview":"max-video-preview:-1"},"canonical":"https:\/\/workboot.fr\/ciela\/admin-systeme\/","og_locale":"fr_FR","og_type":"article","og_title":"Admin syst\u00e8me - workboot","og_description":"Pour g\u00e9rer un syst\u00e8me linux (ici plut\u00f4t acc\u00e8s \u00e0 Debian) Les commandes Linux de base root et sudo mot de passe Ajouter un utilisateur tube \/ pipe Signaux clavier dans [&hellip;]","og_url":"https:\/\/workboot.fr\/ciela\/admin-systeme\/","og_site_name":"workboot","article_modified_time":"2025-11-04T18:15:29+00:00","og_image":[{"width":768,"height":432,"url":"https:\/\/workboot.fr\/ciela\/wp-content\/uploads\/2025\/10\/homer-les-simpson-mot_de_passe.jpg","type":"image\/jpeg"}],"twitter_misc":{"Dur\u00e9e de lecture estim\u00e9e":"1 minute"},"schema":{"@context":"https:\/\/schema.org","@graph":[{"@type":"WebPage","@id":"https:\/\/workboot.fr\/ciela\/admin-systeme\/","url":"https:\/\/workboot.fr\/ciela\/admin-systeme\/","name":"Admin syst\u00e8me - workboot","isPartOf":{"@id":"https:\/\/workboot.fr\/ciela\/#website"},"primaryImageOfPage":{"@id":"https:\/\/workboot.fr\/ciela\/admin-systeme\/#primaryimage"},"image":{"@id":"https:\/\/workboot.fr\/ciela\/admin-systeme\/#primaryimage"},"thumbnailUrl":"https:\/\/workboot.fr\/ciela\/wp-content\/uploads\/2025\/10\/homer-les-simpson-mot_de_passe.jpg","datePublished":"2025-07-09T07:16:08+00:00","dateModified":"2025-11-04T18:15:29+00:00","inLanguage":"fr-FR","potentialAction":[{"@type":"ReadAction","target":["https:\/\/workboot.fr\/ciela\/admin-systeme\/"]}]},{"@type":"ImageObject","inLanguage":"fr-FR","@id":"https:\/\/workboot.fr\/ciela\/admin-systeme\/#primaryimage","url":"https:\/\/workboot.fr\/ciela\/wp-content\/uploads\/2025\/10\/homer-les-simpson-mot_de_passe.jpg","contentUrl":"https:\/\/workboot.fr\/ciela\/wp-content\/uploads\/2025\/10\/homer-les-simpson-mot_de_passe.jpg","width":768,"height":432},{"@type":"WebSite","@id":"https:\/\/workboot.fr\/ciela\/#website","url":"https:\/\/workboot.fr\/ciela\/","name":"workboot","description":"Open Source, Open Minds ","publisher":{"@id":"https:\/\/workboot.fr\/ciela\/#organization"},"potentialAction":[{"@type":"SearchAction","target":{"@type":"EntryPoint","urlTemplate":"https:\/\/workboot.fr\/ciela\/?s={search_term_string}"},"query-input":{"@type":"PropertyValueSpecification","valueRequired":true,"valueName":"search_term_string"}}],"inLanguage":"fr-FR"},{"@type":"Organization","@id":"https:\/\/workboot.fr\/ciela\/#organization","name":"workboot","url":"https:\/\/workboot.fr\/ciela\/","logo":{"@type":"ImageObject","inLanguage":"fr-FR","@id":"https:\/\/workboot.fr\/ciela\/#\/schema\/logo\/image\/","url":"https:\/\/workboot.fr\/ciela\/wp-content\/uploads\/2025\/05\/logo_ciel-dorian-1.png","contentUrl":"https:\/\/workboot.fr\/ciela\/wp-content\/uploads\/2025\/05\/logo_ciel-dorian-1.png","width":1024,"height":950,"caption":"workboot"},"image":{"@id":"https:\/\/workboot.fr\/ciela\/#\/schema\/logo\/image\/"}}]}},"uagb_featured_image_src":{"full":["https:\/\/workboot.fr\/ciela\/wp-content\/uploads\/2025\/10\/homer-les-simpson-mot_de_passe.jpg",768,432,false],"thumbnail":["https:\/\/workboot.fr\/ciela\/wp-content\/uploads\/2025\/10\/homer-les-simpson-mot_de_passe-150x150.jpg",150,150,true],"medium":["https:\/\/workboot.fr\/ciela\/wp-content\/uploads\/2025\/10\/homer-les-simpson-mot_de_passe-300x169.jpg",300,169,true],"medium_large":["https:\/\/workboot.fr\/ciela\/wp-content\/uploads\/2025\/10\/homer-les-simpson-mot_de_passe.jpg",768,432,false],"large":["https:\/\/workboot.fr\/ciela\/wp-content\/uploads\/2025\/10\/homer-les-simpson-mot_de_passe.jpg",768,432,false],"1536x1536":["https:\/\/workboot.fr\/ciela\/wp-content\/uploads\/2025\/10\/homer-les-simpson-mot_de_passe.jpg",768,432,false],"2048x2048":["https:\/\/workboot.fr\/ciela\/wp-content\/uploads\/2025\/10\/homer-les-simpson-mot_de_passe.jpg",768,432,false]},"uagb_author_info":{"display_name":"admin","author_link":"https:\/\/workboot.fr\/ciela\/author\/admin\/"},"uagb_comment_info":0,"uagb_excerpt":"Pour g\u00e9rer un syst\u00e8me linux (ici plut\u00f4t acc\u00e8s \u00e0 Debian) Les commandes Linux de base root et sudo mot de passe Ajouter un utilisateur tube \/ pipe Signaux clavier dans [&hellip;]","_links":{"self":[{"href":"https:\/\/workboot.fr\/ciela\/wp-json\/wp\/v2\/pages\/2062","targetHints":{"allow":["GET"]}}],"collection":[{"href":"https:\/\/workboot.fr\/ciela\/wp-json\/wp\/v2\/pages"}],"about":[{"href":"https:\/\/workboot.fr\/ciela\/wp-json\/wp\/v2\/types\/page"}],"author":[{"embeddable":true,"href":"https:\/\/workboot.fr\/ciela\/wp-json\/wp\/v2\/users\/1"}],"replies":[{"embeddable":true,"href":"https:\/\/workboot.fr\/ciela\/wp-json\/wp\/v2\/comments?post=2062"}],"version-history":[{"count":16,"href":"https:\/\/workboot.fr\/ciela\/wp-json\/wp\/v2\/pages\/2062\/revisions"}],"predecessor-version":[{"id":4907,"href":"https:\/\/workboot.fr\/ciela\/wp-json\/wp\/v2\/pages\/2062\/revisions\/4907"}],"wp:featuredmedia":[{"embeddable":true,"href":"https:\/\/workboot.fr\/ciela\/wp-json\/wp\/v2\/media\/4671"}],"wp:attachment":[{"href":"https:\/\/workboot.fr\/ciela\/wp-json\/wp\/v2\/media?parent=2062"}],"curies":[{"name":"wp","href":"https:\/\/api.w.org\/{rel}","templated":true}]}}