{"id":2066,"date":"2025-07-09T08:23:29","date_gmt":"2025-07-09T07:23:29","guid":{"rendered":"https:\/\/workboot.fr\/ciela\/?page_id=2066"},"modified":"2025-07-09T08:36:10","modified_gmt":"2025-07-09T07:36:10","slug":"droits","status":"publish","type":"page","link":"https:\/\/workboot.fr\/ciela\/droits\/","title":{"rendered":"Droits"},"content":{"rendered":"\n<h3 class=\"wp-block-heading\">\ud83d\udc41\ufe0f\u200d\ud83d\udde8\ufe0f 2. Droits d\u2019acc\u00e8s<\/h3>\n\n\n\n<p class=\"wp-block-paragraph\">Il y a <strong>3 types de droits<\/strong> :<\/p>\n\n\n\n<figure class=\"wp-block-table\"><table class=\"has-fixed-layout\"><thead><tr><th>Droit<\/th><th>Symbole<\/th><th>Signification<\/th><\/tr><\/thead><tbody><tr><td>Lecture<\/td><td><code>r<\/code><\/td><td>Voir le contenu du fichier ou la liste des fichiers dans un dossier<\/td><\/tr><tr><td>\u00c9criture<\/td><td><code>w<\/code><\/td><td>Modifier le contenu du fichier ou ajouter\/supprimer dans un dossier<\/td><\/tr><tr><td>Ex\u00e9cution<\/td><td><code>x<\/code><\/td><td>Lancer le fichier (si c\u2019est un programme ou script), ou entrer dans un dossier<\/td><\/tr><\/tbody><\/table><\/figure>\n\n\n\n<p class=\"wp-block-paragraph\">Et ces droits s\u2019appliquent \u00e0 <strong>3 cat\u00e9gories<\/strong> d\u2019utilisateurs :<\/p>\n\n\n\n<figure class=\"wp-block-table\"><table class=\"has-fixed-layout\"><thead><tr><th>Cat\u00e9gorie<\/th><th>Signification<\/th><\/tr><\/thead><tbody><tr><td><code>u<\/code> (user)<\/td><td>Le propri\u00e9taire<\/td><\/tr><tr><td><code>g<\/code> (group)<\/td><td>Les membres du groupe<\/td><\/tr><tr><td><code>o<\/code> (others)<\/td><td>Tous les autres utilisateurs<\/td><\/tr><\/tbody><\/table><\/figure>\n\n\n\n<pre class=\"wp-block-code\"><code>ls -l mon_fichier.txt\n-rw-r--r-- 1 alice dev 1234 juil  9 12:00 mon_fichier.txt<\/code><\/pre>\n\n\n\n<p class=\"wp-block-paragraph\">D\u00e9cryptage :<\/p>\n\n\n\n<ul class=\"wp-block-list\">\n<li><code>-rw-r--r--<\/code> : les droits<\/li>\n\n\n\n<li><code>1<\/code> : nombre de liens<\/li>\n\n\n\n<li><code>alice<\/code> : le <strong>propri\u00e9taire<\/strong><\/li>\n\n\n\n<li><code>dev<\/code> : le <strong>groupe<\/strong><\/li>\n\n\n\n<li><code>1234<\/code> : taille en octets<\/li>\n\n\n\n<li><code>juil 9 12:00<\/code> : date de modification<\/li>\n\n\n\n<li><code>mon_fichier.txt<\/code> : nom du fichier<\/li>\n<\/ul>\n\n\n\n<p class=\"wp-block-paragraph\">D\u00e9tail des droits <code>-rw-r--r--<\/code> :<\/p>\n\n\n\n<figure class=\"wp-block-table\"><table class=\"has-fixed-layout\"><thead><tr><th>Position<\/th><th>Signification<\/th><\/tr><\/thead><tbody><tr><td><code>-<\/code><\/td><td>fichier (-), dossier (d), lien symbolique (l), etc.<\/td><\/tr><tr><td><code>rw-<\/code><\/td><td><strong>propri\u00e9taire<\/strong> peut lire et \u00e9crire<\/td><\/tr><tr><td><code>r--<\/code><\/td><td><strong>groupe<\/strong> peut lire seulement<\/td><\/tr><tr><td><code>r--<\/code><\/td><td><strong>autres<\/strong> peuvent lire seulement<\/td><\/tr><\/tbody><\/table><\/figure>\n\n\n\n<h1 class=\"wp-block-heading\">\ud83d\udee0 chown  ( change owner ) , changer de propri\u00e9taire <\/h1>\n\n\n\n<pre class=\"wp-block-code\"><code>sudo chown nouveau_proprio fichier<\/code><\/pre>\n\n\n\n<h1 class=\"wp-block-heading\">\ud83d\udee0 chgrp  ( change group ) , changer de group <\/h1>\n\n\n\n<pre class=\"wp-block-code\"><code>sudo chgrp nouveau_groupe fichier<\/code><\/pre>\n\n\n\n<p class=\"wp-block-paragraph\">A noter que chown peut permettre de changer , groupe et propri\u00e9taire <\/p>\n\n\n\n<pre class=\"wp-block-code\"><code>sudo chown user:group fichier<\/code><\/pre>\n\n\n\n<h1 class=\"wp-block-heading\">\ud83d\udee0 chmod  ( change mode ) , changer les droits <\/h1>\n\n\n\n<h4 class=\"wp-block-heading\">Avec <code>chmod<\/code> :<\/h4>\n\n\n\n<p class=\"wp-block-paragraph\">Symbolique :<\/p>\n\n\n\n<pre class=\"wp-block-preformatted\">chmod u+x script.sh     # ajoute ex\u00e9cution pour le propri\u00e9taire<br>chmod g-w fichier.txt   # enl\u00e8ve \u00e9criture pour le groupe<br>chmod o=r fichier.txt   # donne lecture seule aux autres<\/pre>\n\n\n\n<p class=\"wp-block-paragraph\">Num\u00e9rique : (en octal) oui \u00e7a sert encore !<\/p>\n\n\n\n<pre class=\"wp-block-code\"><code>chmod 755 script.sh<\/code><\/pre>\n\n\n\n<p class=\"wp-block-paragraph\">Explication de <code>755<\/code> :<\/p>\n\n\n\n<ul class=\"wp-block-list\">\n<li><code>7<\/code> (propri\u00e9taire) = <code>4<\/code> (lecture) + <code>2<\/code> (\u00e9criture) + <code>1<\/code> (ex\u00e9cution)<\/li>\n\n\n\n<li><code>5<\/code> (groupe) = <code>4<\/code> + <code>0<\/code> + <code>1<\/code><\/li>\n\n\n\n<li><code>5<\/code> (autres) = <code>4<\/code> + <code>0<\/code> + <code>1<\/code><\/li>\n<\/ul>\n","protected":false},"excerpt":{"rendered":"<p>\ud83d\udc41\ufe0f\u200d\ud83d\udde8\ufe0f 2. Droits d\u2019acc\u00e8s Il y a 3 types de droits : Droit Symbole Signification Lecture r Voir le contenu du fichier ou la liste des fichiers dans un dossier [&hellip;]<\/p>\n","protected":false},"author":1,"featured_media":0,"parent":0,"menu_order":0,"comment_status":"closed","ping_status":"closed","template":"","meta":{"_crdt_document":"","_uag_custom_page_level_css":"","footnotes":""},"class_list":["post-2066","page","type-page","status-publish","hentry"],"yoast_head":"<!-- This site is optimized with the Yoast SEO plugin v27.3 - https:\/\/yoast.com\/product\/yoast-seo-wordpress\/ -->\n<title>Droits - workboot<\/title>\n<meta name=\"robots\" content=\"index, follow, max-snippet:-1, max-image-preview:large, max-video-preview:-1\" \/>\n<link rel=\"canonical\" href=\"https:\/\/workboot.fr\/ciela\/droits\/\" \/>\n<meta property=\"og:locale\" content=\"fr_FR\" \/>\n<meta property=\"og:type\" content=\"article\" \/>\n<meta property=\"og:title\" content=\"Droits - workboot\" \/>\n<meta property=\"og:description\" content=\"\ud83d\udc41\ufe0f\u200d\ud83d\udde8\ufe0f 2. Droits d\u2019acc\u00e8s Il y a 3 types de droits : Droit Symbole Signification Lecture r Voir le contenu du fichier ou la liste des fichiers dans un dossier [&hellip;]\" \/>\n<meta property=\"og:url\" content=\"https:\/\/workboot.fr\/ciela\/droits\/\" \/>\n<meta property=\"og:site_name\" content=\"workboot\" \/>\n<meta property=\"article:modified_time\" content=\"2025-07-09T07:36:10+00:00\" \/>\n<meta name=\"twitter:label1\" content=\"Dur\u00e9e de lecture estim\u00e9e\" \/>\n\t<meta name=\"twitter:data1\" content=\"1 minute\" \/>\n<script type=\"application\/ld+json\" class=\"yoast-schema-graph\">{\"@context\":\"https:\\\/\\\/schema.org\",\"@graph\":[{\"@type\":\"WebPage\",\"@id\":\"https:\\\/\\\/workboot.fr\\\/ciela\\\/droits\\\/\",\"url\":\"https:\\\/\\\/workboot.fr\\\/ciela\\\/droits\\\/\",\"name\":\"Droits - workboot\",\"isPartOf\":{\"@id\":\"https:\\\/\\\/workboot.fr\\\/ciela\\\/#website\"},\"datePublished\":\"2025-07-09T07:23:29+00:00\",\"dateModified\":\"2025-07-09T07:36:10+00:00\",\"inLanguage\":\"fr-FR\",\"potentialAction\":[{\"@type\":\"ReadAction\",\"target\":[\"https:\\\/\\\/workboot.fr\\\/ciela\\\/droits\\\/\"]}]},{\"@type\":\"WebSite\",\"@id\":\"https:\\\/\\\/workboot.fr\\\/ciela\\\/#website\",\"url\":\"https:\\\/\\\/workboot.fr\\\/ciela\\\/\",\"name\":\"workboot\",\"description\":\"Open Source, Open Minds \",\"publisher\":{\"@id\":\"https:\\\/\\\/workboot.fr\\\/ciela\\\/#organization\"},\"potentialAction\":[{\"@type\":\"SearchAction\",\"target\":{\"@type\":\"EntryPoint\",\"urlTemplate\":\"https:\\\/\\\/workboot.fr\\\/ciela\\\/?s={search_term_string}\"},\"query-input\":{\"@type\":\"PropertyValueSpecification\",\"valueRequired\":true,\"valueName\":\"search_term_string\"}}],\"inLanguage\":\"fr-FR\"},{\"@type\":\"Organization\",\"@id\":\"https:\\\/\\\/workboot.fr\\\/ciela\\\/#organization\",\"name\":\"workboot\",\"url\":\"https:\\\/\\\/workboot.fr\\\/ciela\\\/\",\"logo\":{\"@type\":\"ImageObject\",\"inLanguage\":\"fr-FR\",\"@id\":\"https:\\\/\\\/workboot.fr\\\/ciela\\\/#\\\/schema\\\/logo\\\/image\\\/\",\"url\":\"https:\\\/\\\/workboot.fr\\\/ciela\\\/wp-content\\\/uploads\\\/2025\\\/05\\\/logo_ciel-dorian-1.png\",\"contentUrl\":\"https:\\\/\\\/workboot.fr\\\/ciela\\\/wp-content\\\/uploads\\\/2025\\\/05\\\/logo_ciel-dorian-1.png\",\"width\":1024,\"height\":950,\"caption\":\"workboot\"},\"image\":{\"@id\":\"https:\\\/\\\/workboot.fr\\\/ciela\\\/#\\\/schema\\\/logo\\\/image\\\/\"}}]}<\/script>\n<!-- \/ Yoast SEO plugin. -->","yoast_head_json":{"title":"Droits - workboot","robots":{"index":"index","follow":"follow","max-snippet":"max-snippet:-1","max-image-preview":"max-image-preview:large","max-video-preview":"max-video-preview:-1"},"canonical":"https:\/\/workboot.fr\/ciela\/droits\/","og_locale":"fr_FR","og_type":"article","og_title":"Droits - workboot","og_description":"\ud83d\udc41\ufe0f\u200d\ud83d\udde8\ufe0f 2. Droits d\u2019acc\u00e8s Il y a 3 types de droits : Droit Symbole Signification Lecture r Voir le contenu du fichier ou la liste des fichiers dans un dossier [&hellip;]","og_url":"https:\/\/workboot.fr\/ciela\/droits\/","og_site_name":"workboot","article_modified_time":"2025-07-09T07:36:10+00:00","twitter_misc":{"Dur\u00e9e de lecture estim\u00e9e":"1 minute"},"schema":{"@context":"https:\/\/schema.org","@graph":[{"@type":"WebPage","@id":"https:\/\/workboot.fr\/ciela\/droits\/","url":"https:\/\/workboot.fr\/ciela\/droits\/","name":"Droits - workboot","isPartOf":{"@id":"https:\/\/workboot.fr\/ciela\/#website"},"datePublished":"2025-07-09T07:23:29+00:00","dateModified":"2025-07-09T07:36:10+00:00","inLanguage":"fr-FR","potentialAction":[{"@type":"ReadAction","target":["https:\/\/workboot.fr\/ciela\/droits\/"]}]},{"@type":"WebSite","@id":"https:\/\/workboot.fr\/ciela\/#website","url":"https:\/\/workboot.fr\/ciela\/","name":"workboot","description":"Open Source, Open Minds ","publisher":{"@id":"https:\/\/workboot.fr\/ciela\/#organization"},"potentialAction":[{"@type":"SearchAction","target":{"@type":"EntryPoint","urlTemplate":"https:\/\/workboot.fr\/ciela\/?s={search_term_string}"},"query-input":{"@type":"PropertyValueSpecification","valueRequired":true,"valueName":"search_term_string"}}],"inLanguage":"fr-FR"},{"@type":"Organization","@id":"https:\/\/workboot.fr\/ciela\/#organization","name":"workboot","url":"https:\/\/workboot.fr\/ciela\/","logo":{"@type":"ImageObject","inLanguage":"fr-FR","@id":"https:\/\/workboot.fr\/ciela\/#\/schema\/logo\/image\/","url":"https:\/\/workboot.fr\/ciela\/wp-content\/uploads\/2025\/05\/logo_ciel-dorian-1.png","contentUrl":"https:\/\/workboot.fr\/ciela\/wp-content\/uploads\/2025\/05\/logo_ciel-dorian-1.png","width":1024,"height":950,"caption":"workboot"},"image":{"@id":"https:\/\/workboot.fr\/ciela\/#\/schema\/logo\/image\/"}}]}},"uagb_featured_image_src":{"full":false,"thumbnail":false,"medium":false,"medium_large":false,"large":false,"1536x1536":false,"2048x2048":false},"uagb_author_info":{"display_name":"admin","author_link":"https:\/\/workboot.fr\/ciela\/author\/admin\/"},"uagb_comment_info":0,"uagb_excerpt":"\ud83d\udc41\ufe0f\u200d\ud83d\udde8\ufe0f 2. Droits d\u2019acc\u00e8s Il y a 3 types de droits : Droit Symbole Signification Lecture r Voir le contenu du fichier ou la liste des fichiers dans un dossier [&hellip;]","_links":{"self":[{"href":"https:\/\/workboot.fr\/ciela\/wp-json\/wp\/v2\/pages\/2066","targetHints":{"allow":["GET"]}}],"collection":[{"href":"https:\/\/workboot.fr\/ciela\/wp-json\/wp\/v2\/pages"}],"about":[{"href":"https:\/\/workboot.fr\/ciela\/wp-json\/wp\/v2\/types\/page"}],"author":[{"embeddable":true,"href":"https:\/\/workboot.fr\/ciela\/wp-json\/wp\/v2\/users\/1"}],"replies":[{"embeddable":true,"href":"https:\/\/workboot.fr\/ciela\/wp-json\/wp\/v2\/comments?post=2066"}],"version-history":[{"count":3,"href":"https:\/\/workboot.fr\/ciela\/wp-json\/wp\/v2\/pages\/2066\/revisions"}],"predecessor-version":[{"id":2075,"href":"https:\/\/workboot.fr\/ciela\/wp-json\/wp\/v2\/pages\/2066\/revisions\/2075"}],"wp:attachment":[{"href":"https:\/\/workboot.fr\/ciela\/wp-json\/wp\/v2\/media?parent=2066"}],"curies":[{"name":"wp","href":"https:\/\/api.w.org\/{rel}","templated":true}]}}