{"id":2069,"date":"2025-07-09T08:25:54","date_gmt":"2025-07-09T07:25:54","guid":{"rendered":"https:\/\/workboot.fr\/ciela\/?page_id=2069"},"modified":"2025-07-09T08:40:08","modified_gmt":"2025-07-09T07:40:08","slug":"proprietaire","status":"publish","type":"page","link":"https:\/\/workboot.fr\/ciela\/proprietaire\/","title":{"rendered":"Propri\u00e9taire"},"content":{"rendered":"\n<p class=\"wp-block-paragraph\">Sous Linux, chaque fichier et dossier a des <strong>droits d\u2019acc\u00e8s<\/strong> associ\u00e9s \u00e0 un <strong>propri\u00e9taire<\/strong> et \u00e0 un <strong>groupe<\/strong>. Cela permet de contr\u00f4ler qui peut lire, \u00e9crire ou ex\u00e9cuter ces fichiers.<\/p>\n\n\n\n<h3 class=\"wp-block-heading\">\ud83d\udd10 1. Propri\u00e9taire et Groupe<\/h3>\n\n\n\n<p class=\"wp-block-paragraph\">Chaque fichier\/dossier a&nbsp;:<\/p>\n\n\n\n<ul class=\"wp-block-list\">\n<li><strong>Un propri\u00e9taire (user)<\/strong> : l&rsquo;utilisateur qui poss\u00e8de le fichier.<\/li>\n\n\n\n<li><strong>Un groupe (group)<\/strong> : un groupe d&rsquo;utilisateurs.<\/li>\n<\/ul>\n\n\n\n<p class=\"wp-block-paragraph\">Par d\u00e9faut, quand tu cr\u00e9es un fichier :<\/p>\n\n\n\n<ul class=\"wp-block-list\">\n<li>Tu en es le <strong>propri\u00e9taire<\/strong>.<\/li>\n\n\n\n<li>Il est associ\u00e9 \u00e0 ton <strong>groupe principal<\/strong>.<\/li>\n<\/ul>\n\n\n\n<p class=\"wp-block-paragraph\">Exemples:<\/p>\n\n\n\n<pre class=\"wp-block-code\"><code>etudiant@ordi:~$ <strong>id<\/strong>\nuid=1000(etudiant) gid=1000(etudiant) groupes=1000(etudiant),4(adm),24(cdrom),27(sudo),30(dip),46(plugdev),122(lpadmin),135(lxd),136(sambashare)\netudiant@ordi:~$ <strong>groups<\/strong>\netudiant adm cdrom sudo dip plugdev lpadmin lxd sambashare\netudiant@ordi:~$ <\/code><\/pre>\n","protected":false},"excerpt":{"rendered":"<p>Sous Linux, chaque fichier et dossier a des droits d\u2019acc\u00e8s associ\u00e9s \u00e0 un propri\u00e9taire et \u00e0 un groupe. Cela permet de contr\u00f4ler qui peut lire, \u00e9crire ou ex\u00e9cuter ces fichiers. [&hellip;]<\/p>\n","protected":false},"author":1,"featured_media":0,"parent":0,"menu_order":0,"comment_status":"closed","ping_status":"closed","template":"","meta":{"_crdt_document":"","_uag_custom_page_level_css":"","footnotes":""},"class_list":["post-2069","page","type-page","status-publish","hentry"],"yoast_head":"<!-- This site is optimized with the Yoast SEO plugin v27.3 - https:\/\/yoast.com\/product\/yoast-seo-wordpress\/ -->\n<title>Propri\u00e9taire - workboot<\/title>\n<meta name=\"robots\" content=\"index, follow, max-snippet:-1, max-image-preview:large, max-video-preview:-1\" \/>\n<link rel=\"canonical\" href=\"https:\/\/workboot.fr\/ciela\/proprietaire\/\" \/>\n<meta property=\"og:locale\" content=\"fr_FR\" \/>\n<meta property=\"og:type\" content=\"article\" \/>\n<meta property=\"og:title\" content=\"Propri\u00e9taire - workboot\" \/>\n<meta property=\"og:description\" content=\"Sous Linux, chaque fichier et dossier a des droits d\u2019acc\u00e8s associ\u00e9s \u00e0 un propri\u00e9taire et \u00e0 un groupe. Cela permet de contr\u00f4ler qui peut lire, \u00e9crire ou ex\u00e9cuter ces fichiers. [&hellip;]\" \/>\n<meta property=\"og:url\" content=\"https:\/\/workboot.fr\/ciela\/proprietaire\/\" \/>\n<meta property=\"og:site_name\" content=\"workboot\" \/>\n<meta property=\"article:modified_time\" content=\"2025-07-09T07:40:08+00:00\" \/>\n<meta name=\"twitter:label1\" content=\"Dur\u00e9e de lecture estim\u00e9e\" \/>\n\t<meta name=\"twitter:data1\" content=\"1 minute\" \/>\n<script type=\"application\/ld+json\" class=\"yoast-schema-graph\">{\"@context\":\"https:\\\/\\\/schema.org\",\"@graph\":[{\"@type\":\"WebPage\",\"@id\":\"https:\\\/\\\/workboot.fr\\\/ciela\\\/proprietaire\\\/\",\"url\":\"https:\\\/\\\/workboot.fr\\\/ciela\\\/proprietaire\\\/\",\"name\":\"Propri\u00e9taire - workboot\",\"isPartOf\":{\"@id\":\"https:\\\/\\\/workboot.fr\\\/ciela\\\/#website\"},\"datePublished\":\"2025-07-09T07:25:54+00:00\",\"dateModified\":\"2025-07-09T07:40:08+00:00\",\"inLanguage\":\"fr-FR\",\"potentialAction\":[{\"@type\":\"ReadAction\",\"target\":[\"https:\\\/\\\/workboot.fr\\\/ciela\\\/proprietaire\\\/\"]}]},{\"@type\":\"WebSite\",\"@id\":\"https:\\\/\\\/workboot.fr\\\/ciela\\\/#website\",\"url\":\"https:\\\/\\\/workboot.fr\\\/ciela\\\/\",\"name\":\"workboot\",\"description\":\"Open Source, Open Minds \",\"publisher\":{\"@id\":\"https:\\\/\\\/workboot.fr\\\/ciela\\\/#organization\"},\"potentialAction\":[{\"@type\":\"SearchAction\",\"target\":{\"@type\":\"EntryPoint\",\"urlTemplate\":\"https:\\\/\\\/workboot.fr\\\/ciela\\\/?s={search_term_string}\"},\"query-input\":{\"@type\":\"PropertyValueSpecification\",\"valueRequired\":true,\"valueName\":\"search_term_string\"}}],\"inLanguage\":\"fr-FR\"},{\"@type\":\"Organization\",\"@id\":\"https:\\\/\\\/workboot.fr\\\/ciela\\\/#organization\",\"name\":\"workboot\",\"url\":\"https:\\\/\\\/workboot.fr\\\/ciela\\\/\",\"logo\":{\"@type\":\"ImageObject\",\"inLanguage\":\"fr-FR\",\"@id\":\"https:\\\/\\\/workboot.fr\\\/ciela\\\/#\\\/schema\\\/logo\\\/image\\\/\",\"url\":\"https:\\\/\\\/workboot.fr\\\/ciela\\\/wp-content\\\/uploads\\\/2025\\\/05\\\/logo_ciel-dorian-1.png\",\"contentUrl\":\"https:\\\/\\\/workboot.fr\\\/ciela\\\/wp-content\\\/uploads\\\/2025\\\/05\\\/logo_ciel-dorian-1.png\",\"width\":1024,\"height\":950,\"caption\":\"workboot\"},\"image\":{\"@id\":\"https:\\\/\\\/workboot.fr\\\/ciela\\\/#\\\/schema\\\/logo\\\/image\\\/\"}}]}<\/script>\n<!-- \/ Yoast SEO plugin. -->","yoast_head_json":{"title":"Propri\u00e9taire - workboot","robots":{"index":"index","follow":"follow","max-snippet":"max-snippet:-1","max-image-preview":"max-image-preview:large","max-video-preview":"max-video-preview:-1"},"canonical":"https:\/\/workboot.fr\/ciela\/proprietaire\/","og_locale":"fr_FR","og_type":"article","og_title":"Propri\u00e9taire - workboot","og_description":"Sous Linux, chaque fichier et dossier a des droits d\u2019acc\u00e8s associ\u00e9s \u00e0 un propri\u00e9taire et \u00e0 un groupe. Cela permet de contr\u00f4ler qui peut lire, \u00e9crire ou ex\u00e9cuter ces fichiers. [&hellip;]","og_url":"https:\/\/workboot.fr\/ciela\/proprietaire\/","og_site_name":"workboot","article_modified_time":"2025-07-09T07:40:08+00:00","twitter_misc":{"Dur\u00e9e de lecture estim\u00e9e":"1 minute"},"schema":{"@context":"https:\/\/schema.org","@graph":[{"@type":"WebPage","@id":"https:\/\/workboot.fr\/ciela\/proprietaire\/","url":"https:\/\/workboot.fr\/ciela\/proprietaire\/","name":"Propri\u00e9taire - workboot","isPartOf":{"@id":"https:\/\/workboot.fr\/ciela\/#website"},"datePublished":"2025-07-09T07:25:54+00:00","dateModified":"2025-07-09T07:40:08+00:00","inLanguage":"fr-FR","potentialAction":[{"@type":"ReadAction","target":["https:\/\/workboot.fr\/ciela\/proprietaire\/"]}]},{"@type":"WebSite","@id":"https:\/\/workboot.fr\/ciela\/#website","url":"https:\/\/workboot.fr\/ciela\/","name":"workboot","description":"Open Source, Open Minds ","publisher":{"@id":"https:\/\/workboot.fr\/ciela\/#organization"},"potentialAction":[{"@type":"SearchAction","target":{"@type":"EntryPoint","urlTemplate":"https:\/\/workboot.fr\/ciela\/?s={search_term_string}"},"query-input":{"@type":"PropertyValueSpecification","valueRequired":true,"valueName":"search_term_string"}}],"inLanguage":"fr-FR"},{"@type":"Organization","@id":"https:\/\/workboot.fr\/ciela\/#organization","name":"workboot","url":"https:\/\/workboot.fr\/ciela\/","logo":{"@type":"ImageObject","inLanguage":"fr-FR","@id":"https:\/\/workboot.fr\/ciela\/#\/schema\/logo\/image\/","url":"https:\/\/workboot.fr\/ciela\/wp-content\/uploads\/2025\/05\/logo_ciel-dorian-1.png","contentUrl":"https:\/\/workboot.fr\/ciela\/wp-content\/uploads\/2025\/05\/logo_ciel-dorian-1.png","width":1024,"height":950,"caption":"workboot"},"image":{"@id":"https:\/\/workboot.fr\/ciela\/#\/schema\/logo\/image\/"}}]}},"uagb_featured_image_src":{"full":false,"thumbnail":false,"medium":false,"medium_large":false,"large":false,"1536x1536":false,"2048x2048":false},"uagb_author_info":{"display_name":"admin","author_link":"https:\/\/workboot.fr\/ciela\/author\/admin\/"},"uagb_comment_info":0,"uagb_excerpt":"Sous Linux, chaque fichier et dossier a des droits d\u2019acc\u00e8s associ\u00e9s \u00e0 un propri\u00e9taire et \u00e0 un groupe. Cela permet de contr\u00f4ler qui peut lire, \u00e9crire ou ex\u00e9cuter ces fichiers. [&hellip;]","_links":{"self":[{"href":"https:\/\/workboot.fr\/ciela\/wp-json\/wp\/v2\/pages\/2069","targetHints":{"allow":["GET"]}}],"collection":[{"href":"https:\/\/workboot.fr\/ciela\/wp-json\/wp\/v2\/pages"}],"about":[{"href":"https:\/\/workboot.fr\/ciela\/wp-json\/wp\/v2\/types\/page"}],"author":[{"embeddable":true,"href":"https:\/\/workboot.fr\/ciela\/wp-json\/wp\/v2\/users\/1"}],"replies":[{"embeddable":true,"href":"https:\/\/workboot.fr\/ciela\/wp-json\/wp\/v2\/comments?post=2069"}],"version-history":[{"count":2,"href":"https:\/\/workboot.fr\/ciela\/wp-json\/wp\/v2\/pages\/2069\/revisions"}],"predecessor-version":[{"id":2077,"href":"https:\/\/workboot.fr\/ciela\/wp-json\/wp\/v2\/pages\/2069\/revisions\/2077"}],"wp:attachment":[{"href":"https:\/\/workboot.fr\/ciela\/wp-json\/wp\/v2\/media?parent=2069"}],"curies":[{"name":"wp","href":"https:\/\/api.w.org\/{rel}","templated":true}]}}