{"id":2078,"date":"2025-07-09T08:42:23","date_gmt":"2025-07-09T07:42:23","guid":{"rendered":"https:\/\/workboot.fr\/ciela\/?page_id=2078"},"modified":"2025-09-01T13:30:06","modified_gmt":"2025-09-01T12:30:06","slug":"tp_user-creer-un-compte","status":"publish","type":"page","link":"https:\/\/workboot.fr\/ciela\/tp_user-creer-un-compte\/","title":{"rendered":"TP_Linux Cr\u00e9er un compte"},"content":{"rendered":"\n<p class=\"wp-block-paragraph\">\ud83d\udd52 : 3 h maximum<\/p>\n\n\n\n<nav aria-label=\"Table des mati\u00e8res\" class=\"wp-block-table-of-contents\"><ol><li><a class=\"wp-block-table-of-contents__entry\" href=\"https:\/\/workboot.fr\/ciela\/tp_user-creer-un-compte\/#prerequis\">Pr\u00e9requis:<\/a><\/li><li><a class=\"wp-block-table-of-contents__entry\" href=\"https:\/\/workboot.fr\/ciela\/tp_user-creer-un-compte\/#but\">But:<\/a><\/li><li><a class=\"wp-block-table-of-contents__entry\" href=\"https:\/\/workboot.fr\/ciela\/tp_user-creer-un-compte\/#repertoire-du-travail\">R\u00e9pertoire du travail:<\/a><\/li><li><a class=\"wp-block-table-of-contents__entry\" href=\"https:\/\/workboot.fr\/ciela\/tp_user-creer-un-compte\/#1-l-utilisateur-etudiant\">1- l\u2019utilisateur \u00e9tudiant<\/a><\/li><li><a class=\"wp-block-table-of-contents__entry\" href=\"https:\/\/workboot.fr\/ciela\/tp_user-creer-un-compte\/#2-creer-les-repertoires\">2- Cr\u00e9er les r\u00e9pertoires <\/a><\/li><li><a class=\"wp-block-table-of-contents__entry\" href=\"https:\/\/workboot.fr\/ciela\/tp_user-creer-un-compte\/#3-sauvegarder-sur-linux3\">3- Sauvegarder sur Linux3<\/a><\/li><\/ol><\/nav>\n\n\n\n<h2 class=\"wp-block-heading\" id=\"prerequis\"><mark>Pr\u00e9requis:<\/mark><\/h2>\n\n\n\n<ul class=\"wp-block-list\">\n<li>Cours d\u00e9couverte de Linux au lyc\u00e9e<\/li>\n\n\n\n<li>Le terminal , la ligne de commande, Cours <a href=\"https:\/\/workboot.fr\/ciela\/les-fichiers-les-repertoires\/\">les fichiers et r\u00e9pertoires<\/a><\/li>\n\n\n\n<li>vi <\/li>\n\n\n\n<li>Cours <a href=\"https:\/\/workboot.fr\/ciela\/ajouter-un-utilisateur\/\">Ajouter un utilisateur sous linux<\/a><\/li>\n<\/ul>\n\n\n\n<hr class=\"wp-block-separator has-alpha-channel-opacity\"\/>\n\n\n\n<h2 class=\"wp-block-heading\" id=\"but\"><mark>But:<\/mark><\/h2>\n\n\n\n<ul class=\"wp-block-list\">\n<li>gestion des utilisateurs , des groupes<\/li>\n\n\n\n<li>se r\u00e9aliser un compte de travail avec votre pr\u00e9nom<\/li>\n\n\n\n<li>Cr\u00e9er les r\u00e9pertoires Works, Softs <\/li>\n<\/ul>\n\n\n\n<hr class=\"wp-block-separator has-alpha-channel-opacity\"\/>\n\n\n\n<h2 class=\"wp-block-heading\" id=\"repertoire-du-travail\"><mark>R\u00e9pertoire du travail:<\/mark><\/h2>\n\n\n\n<p class=\"wp-block-paragraph\">~\/Works\/TP_USER<\/p>\n\n\n\n<hr class=\"wp-block-separator has-alpha-channel-opacity is-style-wide\"\/>\n\n\n\n<p class=\"wp-block-paragraph\"><mark style=\"background-color:rgba(0, 0, 0, 0);color:#cf2e2e\" class=\"has-inline-color\">Astuce: Toujours dupliquer un fichier syst\u00e8me que vous voulez modifier. fichier.bak ou fichier.old  par s\u00e9curit\u00e9 pour savoir revenir en arri\u00e8re <\/mark><\/p>\n\n\n\n<h2 class=\"wp-block-heading\" id=\"1-l-utilisateur-etudiant\">1- l\u2019utilisateur \u00e9tudiant<\/h2>\n\n\n\n<p class=\"wp-block-paragraph\">Pour d\u00e9marrer nous avons utilis\u00e9 le compte etudiant ,  install\u00e9 par d\u00e9faut sur nos machines ! il faut bien commencer.<\/p>\n\n\n\n<p class=\"wp-block-paragraph\">Le compte \u00e9tudiant dispose des privil\u00e8ges de root gr\u00e2ce \u00e0 la commande <strong>sudo<\/strong><\/p>\n\n\n\n<p class=\"wp-block-paragraph\">Consulter man sudo pour plus d&rsquo;informations.<\/p>\n\n\n\n<p class=\"wp-block-paragraph\">et maintenant vous \u00eates capable d&rsquo;administrer votre compte sur votre machine !<\/p>\n\n\n\n<p class=\"wp-block-paragraph\">ce compte aura pour login votre pr\u00e9nom , ce qui est moins impersonnel , le compte \u00e9tudiant devra rester comme avant, seul le mot de passe pourra \u00eatre modifi\u00e9 sur le compte etudiant !  il vous permettra d&rsquo;avoir un filet de  protection.<\/p>\n\n\n\n<p class=\"wp-block-paragraph\">Bien r\u00e9aliser votre compte ! et valider l&rsquo;utilisation , et rapatrier vos travaux du compte \u00e9tudiant sur votre compte .<\/p>\n\n\n\n<p class=\"wp-block-paragraph\">La prochaine s\u00e9ance sera sur votre compte ! <\/p>\n\n\n\n<h2 class=\"wp-block-heading\" id=\"2-creer-les-repertoires\">2- Cr\u00e9er les r\u00e9pertoires <\/h2>\n\n\n\n<p class=\"wp-block-paragraph\">Works et Softs dans votre espace de travail<\/p>\n\n\n\n<p class=\"wp-block-paragraph\">lle compte rendu sera fait dans le r\u00e9pertoire ~\/Works\/TP_USER<\/p>\n\n\n\n<p class=\"wp-block-paragraph\">au format odt (libre office) et pdf <\/p>\n\n\n\n<h2 class=\"wp-block-heading\" id=\"3-sauvegarder-sur-linux3\">3- Sauvegarder sur Linux3<\/h2>\n\n\n\n<p class=\"wp-block-paragraph\"><\/p>\n","protected":false},"excerpt":{"rendered":"<p>\ud83d\udd52 : 3 h maximum Pr\u00e9requis: But: R\u00e9pertoire du travail: ~\/Works\/TP_USER Astuce: Toujours dupliquer un fichier syst\u00e8me que vous voulez modifier. fichier.bak ou fichier.old par s\u00e9curit\u00e9 pour savoir revenir en [&hellip;]<\/p>\n","protected":false},"author":1,"featured_media":0,"parent":0,"menu_order":0,"comment_status":"closed","ping_status":"closed","template":"","meta":{"_crdt_document":"","_uag_custom_page_level_css":"","footnotes":""},"class_list":["post-2078","page","type-page","status-publish","hentry"],"yoast_head":"<!-- This site is optimized with the Yoast SEO plugin v27.3 - https:\/\/yoast.com\/product\/yoast-seo-wordpress\/ -->\n<title>TP_Linux Cr\u00e9er un compte - workboot<\/title>\n<meta name=\"robots\" content=\"index, follow, max-snippet:-1, max-image-preview:large, max-video-preview:-1\" \/>\n<link rel=\"canonical\" href=\"https:\/\/workboot.fr\/ciela\/tp_user-creer-un-compte\/\" \/>\n<meta property=\"og:locale\" content=\"fr_FR\" \/>\n<meta property=\"og:type\" content=\"article\" \/>\n<meta property=\"og:title\" content=\"TP_Linux Cr\u00e9er un compte - workboot\" \/>\n<meta property=\"og:description\" content=\"\ud83d\udd52 : 3 h maximum Pr\u00e9requis: But: R\u00e9pertoire du travail: ~\/Works\/TP_USER Astuce: Toujours dupliquer un fichier syst\u00e8me que vous voulez modifier. fichier.bak ou fichier.old par s\u00e9curit\u00e9 pour savoir revenir en [&hellip;]\" \/>\n<meta property=\"og:url\" content=\"https:\/\/workboot.fr\/ciela\/tp_user-creer-un-compte\/\" \/>\n<meta property=\"og:site_name\" content=\"workboot\" \/>\n<meta property=\"article:modified_time\" content=\"2025-09-01T12:30:06+00:00\" \/>\n<meta name=\"twitter:label1\" content=\"Dur\u00e9e de lecture estim\u00e9e\" \/>\n\t<meta name=\"twitter:data1\" content=\"2 minutes\" \/>\n<script type=\"application\/ld+json\" class=\"yoast-schema-graph\">{\"@context\":\"https:\\\/\\\/schema.org\",\"@graph\":[{\"@type\":\"WebPage\",\"@id\":\"https:\\\/\\\/workboot.fr\\\/ciela\\\/tp_user-creer-un-compte\\\/\",\"url\":\"https:\\\/\\\/workboot.fr\\\/ciela\\\/tp_user-creer-un-compte\\\/\",\"name\":\"TP_Linux Cr\u00e9er un compte - workboot\",\"isPartOf\":{\"@id\":\"https:\\\/\\\/workboot.fr\\\/ciela\\\/#website\"},\"datePublished\":\"2025-07-09T07:42:23+00:00\",\"dateModified\":\"2025-09-01T12:30:06+00:00\",\"inLanguage\":\"fr-FR\",\"potentialAction\":[{\"@type\":\"ReadAction\",\"target\":[\"https:\\\/\\\/workboot.fr\\\/ciela\\\/tp_user-creer-un-compte\\\/\"]}]},{\"@type\":\"WebSite\",\"@id\":\"https:\\\/\\\/workboot.fr\\\/ciela\\\/#website\",\"url\":\"https:\\\/\\\/workboot.fr\\\/ciela\\\/\",\"name\":\"workboot\",\"description\":\"Open Source, Open Minds \",\"publisher\":{\"@id\":\"https:\\\/\\\/workboot.fr\\\/ciela\\\/#organization\"},\"potentialAction\":[{\"@type\":\"SearchAction\",\"target\":{\"@type\":\"EntryPoint\",\"urlTemplate\":\"https:\\\/\\\/workboot.fr\\\/ciela\\\/?s={search_term_string}\"},\"query-input\":{\"@type\":\"PropertyValueSpecification\",\"valueRequired\":true,\"valueName\":\"search_term_string\"}}],\"inLanguage\":\"fr-FR\"},{\"@type\":\"Organization\",\"@id\":\"https:\\\/\\\/workboot.fr\\\/ciela\\\/#organization\",\"name\":\"workboot\",\"url\":\"https:\\\/\\\/workboot.fr\\\/ciela\\\/\",\"logo\":{\"@type\":\"ImageObject\",\"inLanguage\":\"fr-FR\",\"@id\":\"https:\\\/\\\/workboot.fr\\\/ciela\\\/#\\\/schema\\\/logo\\\/image\\\/\",\"url\":\"https:\\\/\\\/workboot.fr\\\/ciela\\\/wp-content\\\/uploads\\\/2025\\\/05\\\/logo_ciel-dorian-1.png\",\"contentUrl\":\"https:\\\/\\\/workboot.fr\\\/ciela\\\/wp-content\\\/uploads\\\/2025\\\/05\\\/logo_ciel-dorian-1.png\",\"width\":1024,\"height\":950,\"caption\":\"workboot\"},\"image\":{\"@id\":\"https:\\\/\\\/workboot.fr\\\/ciela\\\/#\\\/schema\\\/logo\\\/image\\\/\"}}]}<\/script>\n<!-- \/ Yoast SEO plugin. -->","yoast_head_json":{"title":"TP_Linux Cr\u00e9er un compte - workboot","robots":{"index":"index","follow":"follow","max-snippet":"max-snippet:-1","max-image-preview":"max-image-preview:large","max-video-preview":"max-video-preview:-1"},"canonical":"https:\/\/workboot.fr\/ciela\/tp_user-creer-un-compte\/","og_locale":"fr_FR","og_type":"article","og_title":"TP_Linux Cr\u00e9er un compte - workboot","og_description":"\ud83d\udd52 : 3 h maximum Pr\u00e9requis: But: R\u00e9pertoire du travail: ~\/Works\/TP_USER Astuce: Toujours dupliquer un fichier syst\u00e8me que vous voulez modifier. fichier.bak ou fichier.old par s\u00e9curit\u00e9 pour savoir revenir en [&hellip;]","og_url":"https:\/\/workboot.fr\/ciela\/tp_user-creer-un-compte\/","og_site_name":"workboot","article_modified_time":"2025-09-01T12:30:06+00:00","twitter_misc":{"Dur\u00e9e de lecture estim\u00e9e":"2 minutes"},"schema":{"@context":"https:\/\/schema.org","@graph":[{"@type":"WebPage","@id":"https:\/\/workboot.fr\/ciela\/tp_user-creer-un-compte\/","url":"https:\/\/workboot.fr\/ciela\/tp_user-creer-un-compte\/","name":"TP_Linux Cr\u00e9er un compte - workboot","isPartOf":{"@id":"https:\/\/workboot.fr\/ciela\/#website"},"datePublished":"2025-07-09T07:42:23+00:00","dateModified":"2025-09-01T12:30:06+00:00","inLanguage":"fr-FR","potentialAction":[{"@type":"ReadAction","target":["https:\/\/workboot.fr\/ciela\/tp_user-creer-un-compte\/"]}]},{"@type":"WebSite","@id":"https:\/\/workboot.fr\/ciela\/#website","url":"https:\/\/workboot.fr\/ciela\/","name":"workboot","description":"Open Source, Open Minds ","publisher":{"@id":"https:\/\/workboot.fr\/ciela\/#organization"},"potentialAction":[{"@type":"SearchAction","target":{"@type":"EntryPoint","urlTemplate":"https:\/\/workboot.fr\/ciela\/?s={search_term_string}"},"query-input":{"@type":"PropertyValueSpecification","valueRequired":true,"valueName":"search_term_string"}}],"inLanguage":"fr-FR"},{"@type":"Organization","@id":"https:\/\/workboot.fr\/ciela\/#organization","name":"workboot","url":"https:\/\/workboot.fr\/ciela\/","logo":{"@type":"ImageObject","inLanguage":"fr-FR","@id":"https:\/\/workboot.fr\/ciela\/#\/schema\/logo\/image\/","url":"https:\/\/workboot.fr\/ciela\/wp-content\/uploads\/2025\/05\/logo_ciel-dorian-1.png","contentUrl":"https:\/\/workboot.fr\/ciela\/wp-content\/uploads\/2025\/05\/logo_ciel-dorian-1.png","width":1024,"height":950,"caption":"workboot"},"image":{"@id":"https:\/\/workboot.fr\/ciela\/#\/schema\/logo\/image\/"}}]}},"uagb_featured_image_src":{"full":false,"thumbnail":false,"medium":false,"medium_large":false,"large":false,"1536x1536":false,"2048x2048":false},"uagb_author_info":{"display_name":"admin","author_link":"https:\/\/workboot.fr\/ciela\/author\/admin\/"},"uagb_comment_info":0,"uagb_excerpt":"\ud83d\udd52 : 3 h maximum Pr\u00e9requis: But: R\u00e9pertoire du travail: ~\/Works\/TP_USER Astuce: Toujours dupliquer un fichier syst\u00e8me que vous voulez modifier. fichier.bak ou fichier.old par s\u00e9curit\u00e9 pour savoir revenir en [&hellip;]","_links":{"self":[{"href":"https:\/\/workboot.fr\/ciela\/wp-json\/wp\/v2\/pages\/2078","targetHints":{"allow":["GET"]}}],"collection":[{"href":"https:\/\/workboot.fr\/ciela\/wp-json\/wp\/v2\/pages"}],"about":[{"href":"https:\/\/workboot.fr\/ciela\/wp-json\/wp\/v2\/types\/page"}],"author":[{"embeddable":true,"href":"https:\/\/workboot.fr\/ciela\/wp-json\/wp\/v2\/users\/1"}],"replies":[{"embeddable":true,"href":"https:\/\/workboot.fr\/ciela\/wp-json\/wp\/v2\/comments?post=2078"}],"version-history":[{"count":23,"href":"https:\/\/workboot.fr\/ciela\/wp-json\/wp\/v2\/pages\/2078\/revisions"}],"predecessor-version":[{"id":3808,"href":"https:\/\/workboot.fr\/ciela\/wp-json\/wp\/v2\/pages\/2078\/revisions\/3808"}],"wp:attachment":[{"href":"https:\/\/workboot.fr\/ciela\/wp-json\/wp\/v2\/media?parent=2078"}],"curies":[{"name":"wp","href":"https:\/\/api.w.org\/{rel}","templated":true}]}}