{"id":2178,"date":"2025-07-11T08:08:39","date_gmt":"2025-07-11T07:08:39","guid":{"rendered":"https:\/\/workboot.fr\/ciela\/?page_id=2178"},"modified":"2026-02-04T10:28:20","modified_gmt":"2026-02-04T09:28:20","slug":"monia","status":"publish","type":"page","link":"https:\/\/workboot.fr\/ciela\/monia\/","title":{"rendered":"Monia"},"content":{"rendered":"\n<h1 id=\"h.9zq1swz0cpxu_l\" class=\"wp-block-heading\">Monia Linux<\/h1>\n\n\n\n<h2 class=\"wp-block-heading has-ast-global-color-1-color has-ast-global-color-4-background-color has-text-color has-background has-link-color wp-elements-06417adb6b74634367b01d3da9a12796\">Installation de monia<\/h2>\n\n\n\n<p class=\"wp-block-paragraph\"><a href=\"https:\/\/sti.eduscol.education.fr\/ressources_techniques\/moniteur-dinitiation-lalgorithmique-suite-logicielle-monia\">site eduschool<\/a> \/ <a href=\"https:\/\/moniasuite.sourceforge.net\/\">site officiel<\/a><\/p>\n\n\n\n<p class=\"wp-block-paragraph\">Va nous aider \u00e0 faire du pseudo code, c&rsquo;est outil graphique.<\/p>\n\n\n\n<p class=\"wp-block-paragraph\">Dans un r\u00e9pertoire<strong>&nbsp;Softs<\/strong>&nbsp; dans votre r\u00e9pertoire de travail (\/home\/chezvous), installer MoniaOrg<\/p>\n\n\n\n<pre class=\"wp-block-code\"><code>mkdir ~\/Softs\ncd ~\/Softs <\/code><\/pre>\n\n\n\n<p class=\"wp-block-paragraph\">disponible sur linux3 :<\/p>\n\n\n\n<p class=\"wp-block-paragraph\">\/Data\/Outils_Logiciels\/Monia\/monia2022.tar.bz<\/p>\n\n\n\n<pre class=\"wp-block-code\"><code>scp 1gxxxx@linux3.local:\/Data\/Outils_Logiciels\/Monia\/monia2022.tar.bz&nbsp; .<\/code><\/pre>\n\n\n\n<p class=\"wp-block-paragraph\">1gxxxx est votre login de linux3<\/p>\n\n\n\n<p class=\"wp-block-paragraph\">ou sur ce site <a href=\"https:\/\/workboot.fr\/Download\/Monia\/monia2022.tar.bz\">monia2022.tar.bz<\/a><\/p>\n\n\n\n<p class=\"wp-block-paragraph\">il faut d\u00e9compresser l&rsquo;archive dans le r\u00e9pertoire ~\/Softs<\/p>\n\n\n\n<pre class=\"wp-block-code\"><code>etudiant@ordi:~\/Softs$ ls\nmonia2022.tar.bz\netudiant@ordi:~\/Softs$ tar xvf monia2022.tar.bz<\/code><\/pre>\n\n\n\n<p class=\"wp-block-paragraph\">dans le r\u00e9pertoire monia-suite vous trouverez l\u2019ex\u00e9cutable.<\/p>\n\n\n\n<p class=\"wp-block-paragraph\">Il faut installer les librairies partag\u00e9es avec le script en root : <\/p>\n\n\n\n<pre class=\"wp-block-code\"><code>cd monia-suite\nsudo .\/install.sh\n<\/code><\/pre>\n\n\n\n<p class=\"wp-block-paragraph\">puis l&rsquo;executable&nbsp;<\/p>\n\n\n\n<pre class=\"wp-block-code\"><code>.\/MoniaOrg<\/code><\/pre>\n\n\n\n<p class=\"wp-block-paragraph\"><a target=\"_blank\" href=\"https:\/\/docs.google.com\/folderview?id=1DSeXsZ2pcgcFApGsPLA8AnUvbpudKCdd\" rel=\"noreferrer noopener\"><\/a><\/p>\n\n\n\n<figure class=\"wp-block-image size-large\"><a href=\"https:\/\/workboot.fr\/ciela\/wp-content\/uploads\/2025\/07\/monia1.png\"><img loading=\"lazy\" decoding=\"async\" width=\"1024\" height=\"566\" src=\"https:\/\/workboot.fr\/ciela\/wp-content\/uploads\/2025\/07\/monia1-1024x566.png\" alt=\"\" class=\"wp-image-2193\" srcset=\"https:\/\/workboot.fr\/ciela\/wp-content\/uploads\/2025\/07\/monia1-1024x566.png 1024w, https:\/\/workboot.fr\/ciela\/wp-content\/uploads\/2025\/07\/monia1-300x166.png 300w, https:\/\/workboot.fr\/ciela\/wp-content\/uploads\/2025\/07\/monia1-768x425.png 768w, https:\/\/workboot.fr\/ciela\/wp-content\/uploads\/2025\/07\/monia1.png 1280w\" sizes=\"auto, (max-width: 1024px) 100vw, 1024px\" \/><\/a><\/figure>\n\n\n\n<pre class=\"wp-block-code\"><code># ----------------------------------------------------------------------------\n# Nom         : cielA1.pl\n# Sujet       : \n# Version     : 0.1\n#\n# Auteur      : Bogt\n# Cr\u00e9ation    : 18\/10\/2021\n# Mise \u00e0 jour : 18\/10\/2021\n# ----------------------------------------------------------------------------\n# source g\u00e9n\u00e9r\u00e9 par MoniaOrg version 0.38\nProgramme snir1_example ;\n##FORWARDCOMMENT##\nDEBUTPROG\n\tAfficher(\"Bonjour le monde\") ;\n\ta &lt;- 0 ;\n\tTANT QUE ( a&lt;10 ) FAIRE\n\t\ta &lt;- a+1 ;\n\t\tAfficher(a) ;\n\tFINTQ\nFINPROG<\/code><\/pre>\n\n\n\n<p class=\"wp-block-paragraph\">Exemple d&rsquo;un test unitaire d&rsquo;une <a href=\"https:\/\/workboot.fr\/ciela\/la-fonction-maj-en-c\/\" type=\"page\" id=\"6517\">fonction maj <\/a>jusqu\u2019\u00e0 la fabrication du C final.<\/p>\n","protected":false},"excerpt":{"rendered":"<p>Monia Linux Installation de monia site eduschool \/ site officiel Va nous aider \u00e0 faire du pseudo code, c&rsquo;est outil graphique. Dans un r\u00e9pertoire&nbsp;Softs&nbsp; dans votre r\u00e9pertoire de travail (\/home\/chezvous), [&hellip;]<\/p>\n","protected":false},"author":1,"featured_media":0,"parent":0,"menu_order":0,"comment_status":"closed","ping_status":"closed","template":"","meta":{"_crdt_document":"","_uag_custom_page_level_css":"","footnotes":""},"class_list":["post-2178","page","type-page","status-publish","hentry"],"yoast_head":"<!-- This site is optimized with the Yoast SEO plugin v27.3 - https:\/\/yoast.com\/product\/yoast-seo-wordpress\/ -->\n<title>Monia - workboot<\/title>\n<meta name=\"robots\" content=\"index, follow, max-snippet:-1, max-image-preview:large, max-video-preview:-1\" \/>\n<link rel=\"canonical\" href=\"https:\/\/workboot.fr\/ciela\/monia\/\" \/>\n<meta property=\"og:locale\" content=\"fr_FR\" \/>\n<meta property=\"og:type\" content=\"article\" \/>\n<meta property=\"og:title\" content=\"Monia - workboot\" \/>\n<meta property=\"og:description\" content=\"Monia Linux Installation de monia site eduschool \/ site officiel Va nous aider \u00e0 faire du pseudo code, c&rsquo;est outil graphique. Dans un r\u00e9pertoire&nbsp;Softs&nbsp; dans votre r\u00e9pertoire de travail (\/home\/chezvous), [&hellip;]\" \/>\n<meta property=\"og:url\" content=\"https:\/\/workboot.fr\/ciela\/monia\/\" \/>\n<meta property=\"og:site_name\" content=\"workboot\" \/>\n<meta property=\"article:modified_time\" content=\"2026-02-04T09:28:20+00:00\" \/>\n<meta property=\"og:image\" content=\"https:\/\/workboot.fr\/ciela\/wp-content\/uploads\/2025\/07\/monia1.png\" \/>\n\t<meta property=\"og:image:width\" content=\"1280\" \/>\n\t<meta property=\"og:image:height\" content=\"708\" \/>\n\t<meta property=\"og:image:type\" content=\"image\/png\" \/>\n<meta name=\"twitter:label1\" content=\"Dur\u00e9e de lecture estim\u00e9e\" \/>\n\t<meta name=\"twitter:data1\" content=\"1 minute\" \/>\n<script type=\"application\/ld+json\" class=\"yoast-schema-graph\">{\"@context\":\"https:\\\/\\\/schema.org\",\"@graph\":[{\"@type\":\"WebPage\",\"@id\":\"https:\\\/\\\/workboot.fr\\\/ciela\\\/monia\\\/\",\"url\":\"https:\\\/\\\/workboot.fr\\\/ciela\\\/monia\\\/\",\"name\":\"Monia - workboot\",\"isPartOf\":{\"@id\":\"https:\\\/\\\/workboot.fr\\\/ciela\\\/#website\"},\"primaryImageOfPage\":{\"@id\":\"https:\\\/\\\/workboot.fr\\\/ciela\\\/monia\\\/#primaryimage\"},\"image\":{\"@id\":\"https:\\\/\\\/workboot.fr\\\/ciela\\\/monia\\\/#primaryimage\"},\"thumbnailUrl\":\"https:\\\/\\\/workboot.fr\\\/ciela\\\/wp-content\\\/uploads\\\/2025\\\/07\\\/monia1-1024x566.png\",\"datePublished\":\"2025-07-11T07:08:39+00:00\",\"dateModified\":\"2026-02-04T09:28:20+00:00\",\"inLanguage\":\"fr-FR\",\"potentialAction\":[{\"@type\":\"ReadAction\",\"target\":[\"https:\\\/\\\/workboot.fr\\\/ciela\\\/monia\\\/\"]}]},{\"@type\":\"ImageObject\",\"inLanguage\":\"fr-FR\",\"@id\":\"https:\\\/\\\/workboot.fr\\\/ciela\\\/monia\\\/#primaryimage\",\"url\":\"https:\\\/\\\/workboot.fr\\\/ciela\\\/wp-content\\\/uploads\\\/2025\\\/07\\\/monia1.png\",\"contentUrl\":\"https:\\\/\\\/workboot.fr\\\/ciela\\\/wp-content\\\/uploads\\\/2025\\\/07\\\/monia1.png\",\"width\":1280,\"height\":708},{\"@type\":\"WebSite\",\"@id\":\"https:\\\/\\\/workboot.fr\\\/ciela\\\/#website\",\"url\":\"https:\\\/\\\/workboot.fr\\\/ciela\\\/\",\"name\":\"workboot\",\"description\":\"Open Source, Open Minds \",\"publisher\":{\"@id\":\"https:\\\/\\\/workboot.fr\\\/ciela\\\/#organization\"},\"potentialAction\":[{\"@type\":\"SearchAction\",\"target\":{\"@type\":\"EntryPoint\",\"urlTemplate\":\"https:\\\/\\\/workboot.fr\\\/ciela\\\/?s={search_term_string}\"},\"query-input\":{\"@type\":\"PropertyValueSpecification\",\"valueRequired\":true,\"valueName\":\"search_term_string\"}}],\"inLanguage\":\"fr-FR\"},{\"@type\":\"Organization\",\"@id\":\"https:\\\/\\\/workboot.fr\\\/ciela\\\/#organization\",\"name\":\"workboot\",\"url\":\"https:\\\/\\\/workboot.fr\\\/ciela\\\/\",\"logo\":{\"@type\":\"ImageObject\",\"inLanguage\":\"fr-FR\",\"@id\":\"https:\\\/\\\/workboot.fr\\\/ciela\\\/#\\\/schema\\\/logo\\\/image\\\/\",\"url\":\"https:\\\/\\\/workboot.fr\\\/ciela\\\/wp-content\\\/uploads\\\/2025\\\/05\\\/logo_ciel-dorian-1.png\",\"contentUrl\":\"https:\\\/\\\/workboot.fr\\\/ciela\\\/wp-content\\\/uploads\\\/2025\\\/05\\\/logo_ciel-dorian-1.png\",\"width\":1024,\"height\":950,\"caption\":\"workboot\"},\"image\":{\"@id\":\"https:\\\/\\\/workboot.fr\\\/ciela\\\/#\\\/schema\\\/logo\\\/image\\\/\"}}]}<\/script>\n<!-- \/ Yoast SEO plugin. -->","yoast_head_json":{"title":"Monia - workboot","robots":{"index":"index","follow":"follow","max-snippet":"max-snippet:-1","max-image-preview":"max-image-preview:large","max-video-preview":"max-video-preview:-1"},"canonical":"https:\/\/workboot.fr\/ciela\/monia\/","og_locale":"fr_FR","og_type":"article","og_title":"Monia - workboot","og_description":"Monia Linux Installation de monia site eduschool \/ site officiel Va nous aider \u00e0 faire du pseudo code, c&rsquo;est outil graphique. Dans un r\u00e9pertoire&nbsp;Softs&nbsp; dans votre r\u00e9pertoire de travail (\/home\/chezvous), [&hellip;]","og_url":"https:\/\/workboot.fr\/ciela\/monia\/","og_site_name":"workboot","article_modified_time":"2026-02-04T09:28:20+00:00","og_image":[{"width":1280,"height":708,"url":"https:\/\/workboot.fr\/ciela\/wp-content\/uploads\/2025\/07\/monia1.png","type":"image\/png"}],"twitter_misc":{"Dur\u00e9e de lecture estim\u00e9e":"1 minute"},"schema":{"@context":"https:\/\/schema.org","@graph":[{"@type":"WebPage","@id":"https:\/\/workboot.fr\/ciela\/monia\/","url":"https:\/\/workboot.fr\/ciela\/monia\/","name":"Monia - workboot","isPartOf":{"@id":"https:\/\/workboot.fr\/ciela\/#website"},"primaryImageOfPage":{"@id":"https:\/\/workboot.fr\/ciela\/monia\/#primaryimage"},"image":{"@id":"https:\/\/workboot.fr\/ciela\/monia\/#primaryimage"},"thumbnailUrl":"https:\/\/workboot.fr\/ciela\/wp-content\/uploads\/2025\/07\/monia1-1024x566.png","datePublished":"2025-07-11T07:08:39+00:00","dateModified":"2026-02-04T09:28:20+00:00","inLanguage":"fr-FR","potentialAction":[{"@type":"ReadAction","target":["https:\/\/workboot.fr\/ciela\/monia\/"]}]},{"@type":"ImageObject","inLanguage":"fr-FR","@id":"https:\/\/workboot.fr\/ciela\/monia\/#primaryimage","url":"https:\/\/workboot.fr\/ciela\/wp-content\/uploads\/2025\/07\/monia1.png","contentUrl":"https:\/\/workboot.fr\/ciela\/wp-content\/uploads\/2025\/07\/monia1.png","width":1280,"height":708},{"@type":"WebSite","@id":"https:\/\/workboot.fr\/ciela\/#website","url":"https:\/\/workboot.fr\/ciela\/","name":"workboot","description":"Open Source, Open Minds ","publisher":{"@id":"https:\/\/workboot.fr\/ciela\/#organization"},"potentialAction":[{"@type":"SearchAction","target":{"@type":"EntryPoint","urlTemplate":"https:\/\/workboot.fr\/ciela\/?s={search_term_string}"},"query-input":{"@type":"PropertyValueSpecification","valueRequired":true,"valueName":"search_term_string"}}],"inLanguage":"fr-FR"},{"@type":"Organization","@id":"https:\/\/workboot.fr\/ciela\/#organization","name":"workboot","url":"https:\/\/workboot.fr\/ciela\/","logo":{"@type":"ImageObject","inLanguage":"fr-FR","@id":"https:\/\/workboot.fr\/ciela\/#\/schema\/logo\/image\/","url":"https:\/\/workboot.fr\/ciela\/wp-content\/uploads\/2025\/05\/logo_ciel-dorian-1.png","contentUrl":"https:\/\/workboot.fr\/ciela\/wp-content\/uploads\/2025\/05\/logo_ciel-dorian-1.png","width":1024,"height":950,"caption":"workboot"},"image":{"@id":"https:\/\/workboot.fr\/ciela\/#\/schema\/logo\/image\/"}}]}},"uagb_featured_image_src":{"full":false,"thumbnail":false,"medium":false,"medium_large":false,"large":false,"1536x1536":false,"2048x2048":false},"uagb_author_info":{"display_name":"admin","author_link":"https:\/\/workboot.fr\/ciela\/author\/admin\/"},"uagb_comment_info":0,"uagb_excerpt":"Monia Linux Installation de monia site eduschool \/ site officiel Va nous aider \u00e0 faire du pseudo code, c&rsquo;est outil graphique. Dans un r\u00e9pertoire&nbsp;Softs&nbsp; dans votre r\u00e9pertoire de travail (\/home\/chezvous), [&hellip;]","_links":{"self":[{"href":"https:\/\/workboot.fr\/ciela\/wp-json\/wp\/v2\/pages\/2178","targetHints":{"allow":["GET"]}}],"collection":[{"href":"https:\/\/workboot.fr\/ciela\/wp-json\/wp\/v2\/pages"}],"about":[{"href":"https:\/\/workboot.fr\/ciela\/wp-json\/wp\/v2\/types\/page"}],"author":[{"embeddable":true,"href":"https:\/\/workboot.fr\/ciela\/wp-json\/wp\/v2\/users\/1"}],"replies":[{"embeddable":true,"href":"https:\/\/workboot.fr\/ciela\/wp-json\/wp\/v2\/comments?post=2178"}],"version-history":[{"count":16,"href":"https:\/\/workboot.fr\/ciela\/wp-json\/wp\/v2\/pages\/2178\/revisions"}],"predecessor-version":[{"id":6549,"href":"https:\/\/workboot.fr\/ciela\/wp-json\/wp\/v2\/pages\/2178\/revisions\/6549"}],"wp:attachment":[{"href":"https:\/\/workboot.fr\/ciela\/wp-json\/wp\/v2\/media?parent=2178"}],"curies":[{"name":"wp","href":"https:\/\/api.w.org\/{rel}","templated":true}]}}