{"id":2743,"date":"2025-07-24T16:38:01","date_gmt":"2025-07-24T15:38:01","guid":{"rendered":"https:\/\/workboot.fr\/ciela\/?page_id=2743"},"modified":"2025-11-15T17:54:26","modified_gmt":"2025-11-15T16:54:26","slug":"raspberry-pi","status":"publish","type":"page","link":"https:\/\/workboot.fr\/ciela\/raspberry-pi\/","title":{"rendered":"TP Raspberry PI"},"content":{"rendered":"\n<h1 class=\"wp-block-heading\">Pr\u00e9sentation du RPI <\/h1>\n\n\n\n<p class=\"wp-block-paragraph\">Le <a href=\"https:\/\/workboot.fr\/ciela\/raspberry-pi-2\/\">Raspberry Pi 3<\/a> des TP du lyc\u00e9e.<\/p>\n\n\n\n<div class=\"wp-block-group\"><div class=\"wp-block-group__inner-container is-layout-constrained wp-block-group-is-layout-constrained\">\n<p class=\"wp-block-paragraph\">Pour rester \u00e0 jour , m\u00eame si trixie (debian 13) est sortie on restera sur <strong>RASPI OS 64 (Debian 12) Bookworm<\/strong><\/p>\n\n\n\n<p class=\"wp-block-paragraph\">Car les outils logiciels de gestion des GPIO ont fortement \u00e9volu\u00e9s encore ! Mais reste largement utilisables.<\/p>\n<\/div><\/div>\n\n\n\n<div class=\"wp-block-group is-nowrap is-layout-flex wp-container-core-group-is-layout-8f761849 wp-block-group-is-layout-flex\">\n<h1 class=\"wp-block-heading\">TP RPI_0, Mise en fonction de RPI 64 bookworm (debian 12)<\/h1>\n\n\n<div class=\"wp-block-image\">\n<figure class=\"alignright size-full is-resized\"><a href=\"https:\/\/workboot.fr\/ciela\/wp-content\/uploads\/2025\/11\/python2.webp\"><img loading=\"lazy\" decoding=\"async\" width=\"408\" height=\"408\" src=\"https:\/\/workboot.fr\/ciela\/wp-content\/uploads\/2025\/11\/python2.webp\" alt=\"\" class=\"wp-image-4927\" style=\"width:134px;height:auto\" srcset=\"https:\/\/workboot.fr\/ciela\/wp-content\/uploads\/2025\/11\/python2.webp 408w, https:\/\/workboot.fr\/ciela\/wp-content\/uploads\/2025\/11\/python2-300x300.webp 300w, https:\/\/workboot.fr\/ciela\/wp-content\/uploads\/2025\/11\/python2-150x150.webp 150w\" sizes=\"auto, (max-width: 408px) 100vw, 408px\" \/><\/a><\/figure>\n<\/div><\/div>\n\n\n\n<p class=\"wp-block-paragraph\">TP <a href=\"https:\/\/workboot.fr\/ciela\/rpi_0-installation\/\">RPI_0<\/a> installation et d\u00e9couverte du mat\u00e9riel<\/p>\n\n\n\n<h1 class=\"wp-block-heading\">TP RPI_1, GPIO d\u00e9couverte avec shell bash<\/h1>\n\n\n\n<p class=\"wp-block-paragraph\">Utilisation GPIO avec shell  avec libgpiod<\/p>\n\n\n\n<p class=\"wp-block-paragraph\">TP <a href=\"https:\/\/workboot.fr\/ciela\/rpi1\/\">RPI_1<\/a><\/p>\n\n\n\n<p class=\"wp-block-paragraph\"><a href=\"https:\/\/sites.google.com\/view\/rpi64-1\/accueil\">https:\/\/sites.google.com\/view\/rpi64-1\/accueil<\/a><\/p>\n\n\n\n<h1 class=\"wp-block-heading\">TP RPI_2 Python 3<\/h1>\n\n\n\n<p class=\"wp-block-paragraph\">Langage interpr\u00e9t\u00e9 python sous Rpi<\/p>\n\n\n\n<p class=\"wp-block-paragraph\">TP <a href=\"https:\/\/workboot.fr\/ciela\/rpi_2-python-avec-rpi\/\">RPI_2<\/a><\/p>\n\n\n\n<h1 class=\"wp-block-heading\">TP RPI_3 C ANSI et libgpiod<\/h1>\n\n\n\n<p class=\"wp-block-paragraph\">Langage compil\u00e9 C ansi sous Rpi<\/p>\n\n\n\n<p class=\"wp-block-paragraph\">TP <a href=\"https:\/\/workboot.fr\/ciela\/rpi_3-langage-c-et-rpi\/\">RPI_3<\/a><\/p>\n\n\n\n<h1 class=\"wp-block-heading\">TP RPI_4  php html javascript <\/h1>\n\n\n<div class=\"wp-block-image\">\n<figure class=\"alignright size-full is-resized\"><a href=\"https:\/\/workboot.fr\/ciela\/wp-content\/uploads\/2025\/11\/GPIO27.png\"><img loading=\"lazy\" decoding=\"async\" width=\"925\" height=\"638\" src=\"https:\/\/workboot.fr\/ciela\/wp-content\/uploads\/2025\/11\/GPIO27.png\" alt=\"\" class=\"wp-image-5164\" style=\"aspect-ratio:1.4498772890315272;width:274px;height:auto\" srcset=\"https:\/\/workboot.fr\/ciela\/wp-content\/uploads\/2025\/11\/GPIO27.png 925w, https:\/\/workboot.fr\/ciela\/wp-content\/uploads\/2025\/11\/GPIO27-300x207.png 300w, https:\/\/workboot.fr\/ciela\/wp-content\/uploads\/2025\/11\/GPIO27-768x530.png 768w\" sizes=\"auto, (max-width: 925px) 100vw, 925px\" \/><\/a><\/figure>\n<\/div>\n\n\n<p class=\"wp-block-paragraph\">Faire une interface web pour piloter un GPIO<\/p>\n\n\n\n<p class=\"wp-block-paragraph\">Php et GPIO<\/p>\n\n\n\n<p class=\"wp-block-paragraph\">TP <a href=\"https:\/\/workboot.fr\/ciela\/rpi_4-php-et-gpio\/\">RPI_4<\/a><\/p>\n\n\n\n<p class=\"wp-block-paragraph\">TP RPI_5 service pour g\u00e9rer GPIO17 (en cours de fabrication)<\/p>\n\n\n\n<p class=\"wp-block-paragraph\">TP RPI_6 module pour g\u00e9rer GPIO17 (en cours de fabrication)<\/p>\n\n\n\n<p class=\"wp-block-paragraph\"><\/p>\n","protected":false},"excerpt":{"rendered":"<p>Pr\u00e9sentation du RPI Le Raspberry Pi 3 des TP du lyc\u00e9e. Pour rester \u00e0 jour , m\u00eame si trixie (debian 13) est sortie on restera sur RASPI OS 64 (Debian [&hellip;]<\/p>\n","protected":false},"author":1,"featured_media":0,"parent":0,"menu_order":0,"comment_status":"closed","ping_status":"closed","template":"","meta":{"_crdt_document":"","_uag_custom_page_level_css":"","footnotes":""},"class_list":["post-2743","page","type-page","status-publish","hentry"],"yoast_head":"<!-- This site is optimized with the Yoast SEO plugin v27.3 - https:\/\/yoast.com\/product\/yoast-seo-wordpress\/ -->\n<title>TP Raspberry PI - workboot<\/title>\n<meta name=\"robots\" content=\"index, follow, max-snippet:-1, max-image-preview:large, max-video-preview:-1\" \/>\n<link rel=\"canonical\" href=\"https:\/\/workboot.fr\/ciela\/raspberry-pi\/\" \/>\n<meta property=\"og:locale\" content=\"fr_FR\" \/>\n<meta property=\"og:type\" content=\"article\" \/>\n<meta property=\"og:title\" content=\"TP Raspberry PI - workboot\" \/>\n<meta property=\"og:description\" content=\"Pr\u00e9sentation du RPI Le Raspberry Pi 3 des TP du lyc\u00e9e. Pour rester \u00e0 jour , m\u00eame si trixie (debian 13) est sortie on restera sur RASPI OS 64 (Debian [&hellip;]\" \/>\n<meta property=\"og:url\" content=\"https:\/\/workboot.fr\/ciela\/raspberry-pi\/\" \/>\n<meta property=\"og:site_name\" content=\"workboot\" \/>\n<meta property=\"article:modified_time\" content=\"2025-11-15T16:54:26+00:00\" \/>\n<meta property=\"og:image\" content=\"https:\/\/workboot.fr\/ciela\/wp-content\/uploads\/2025\/11\/python2.webp\" \/>\n\t<meta property=\"og:image:width\" content=\"408\" \/>\n\t<meta property=\"og:image:height\" content=\"408\" \/>\n\t<meta property=\"og:image:type\" content=\"image\/webp\" \/>\n<meta name=\"twitter:label1\" content=\"Dur\u00e9e de lecture estim\u00e9e\" \/>\n\t<meta name=\"twitter:data1\" content=\"2 minutes\" \/>\n<script type=\"application\/ld+json\" class=\"yoast-schema-graph\">{\"@context\":\"https:\\\/\\\/schema.org\",\"@graph\":[{\"@type\":\"WebPage\",\"@id\":\"https:\\\/\\\/workboot.fr\\\/ciela\\\/raspberry-pi\\\/\",\"url\":\"https:\\\/\\\/workboot.fr\\\/ciela\\\/raspberry-pi\\\/\",\"name\":\"TP Raspberry PI - workboot\",\"isPartOf\":{\"@id\":\"https:\\\/\\\/workboot.fr\\\/ciela\\\/#website\"},\"primaryImageOfPage\":{\"@id\":\"https:\\\/\\\/workboot.fr\\\/ciela\\\/raspberry-pi\\\/#primaryimage\"},\"image\":{\"@id\":\"https:\\\/\\\/workboot.fr\\\/ciela\\\/raspberry-pi\\\/#primaryimage\"},\"thumbnailUrl\":\"https:\\\/\\\/workboot.fr\\\/ciela\\\/wp-content\\\/uploads\\\/2025\\\/11\\\/python2.webp\",\"datePublished\":\"2025-07-24T15:38:01+00:00\",\"dateModified\":\"2025-11-15T16:54:26+00:00\",\"inLanguage\":\"fr-FR\",\"potentialAction\":[{\"@type\":\"ReadAction\",\"target\":[\"https:\\\/\\\/workboot.fr\\\/ciela\\\/raspberry-pi\\\/\"]}]},{\"@type\":\"ImageObject\",\"inLanguage\":\"fr-FR\",\"@id\":\"https:\\\/\\\/workboot.fr\\\/ciela\\\/raspberry-pi\\\/#primaryimage\",\"url\":\"https:\\\/\\\/workboot.fr\\\/ciela\\\/wp-content\\\/uploads\\\/2025\\\/11\\\/python2.webp\",\"contentUrl\":\"https:\\\/\\\/workboot.fr\\\/ciela\\\/wp-content\\\/uploads\\\/2025\\\/11\\\/python2.webp\",\"width\":408,\"height\":408},{\"@type\":\"WebSite\",\"@id\":\"https:\\\/\\\/workboot.fr\\\/ciela\\\/#website\",\"url\":\"https:\\\/\\\/workboot.fr\\\/ciela\\\/\",\"name\":\"workboot\",\"description\":\"Open Source, Open Minds \",\"publisher\":{\"@id\":\"https:\\\/\\\/workboot.fr\\\/ciela\\\/#organization\"},\"potentialAction\":[{\"@type\":\"SearchAction\",\"target\":{\"@type\":\"EntryPoint\",\"urlTemplate\":\"https:\\\/\\\/workboot.fr\\\/ciela\\\/?s={search_term_string}\"},\"query-input\":{\"@type\":\"PropertyValueSpecification\",\"valueRequired\":true,\"valueName\":\"search_term_string\"}}],\"inLanguage\":\"fr-FR\"},{\"@type\":\"Organization\",\"@id\":\"https:\\\/\\\/workboot.fr\\\/ciela\\\/#organization\",\"name\":\"workboot\",\"url\":\"https:\\\/\\\/workboot.fr\\\/ciela\\\/\",\"logo\":{\"@type\":\"ImageObject\",\"inLanguage\":\"fr-FR\",\"@id\":\"https:\\\/\\\/workboot.fr\\\/ciela\\\/#\\\/schema\\\/logo\\\/image\\\/\",\"url\":\"https:\\\/\\\/workboot.fr\\\/ciela\\\/wp-content\\\/uploads\\\/2025\\\/05\\\/logo_ciel-dorian-1.png\",\"contentUrl\":\"https:\\\/\\\/workboot.fr\\\/ciela\\\/wp-content\\\/uploads\\\/2025\\\/05\\\/logo_ciel-dorian-1.png\",\"width\":1024,\"height\":950,\"caption\":\"workboot\"},\"image\":{\"@id\":\"https:\\\/\\\/workboot.fr\\\/ciela\\\/#\\\/schema\\\/logo\\\/image\\\/\"}}]}<\/script>\n<!-- \/ Yoast SEO plugin. -->","yoast_head_json":{"title":"TP Raspberry PI - workboot","robots":{"index":"index","follow":"follow","max-snippet":"max-snippet:-1","max-image-preview":"max-image-preview:large","max-video-preview":"max-video-preview:-1"},"canonical":"https:\/\/workboot.fr\/ciela\/raspberry-pi\/","og_locale":"fr_FR","og_type":"article","og_title":"TP Raspberry PI - workboot","og_description":"Pr\u00e9sentation du RPI Le Raspberry Pi 3 des TP du lyc\u00e9e. Pour rester \u00e0 jour , m\u00eame si trixie (debian 13) est sortie on restera sur RASPI OS 64 (Debian [&hellip;]","og_url":"https:\/\/workboot.fr\/ciela\/raspberry-pi\/","og_site_name":"workboot","article_modified_time":"2025-11-15T16:54:26+00:00","og_image":[{"width":408,"height":408,"url":"https:\/\/workboot.fr\/ciela\/wp-content\/uploads\/2025\/11\/python2.webp","type":"image\/webp"}],"twitter_misc":{"Dur\u00e9e de lecture estim\u00e9e":"2 minutes"},"schema":{"@context":"https:\/\/schema.org","@graph":[{"@type":"WebPage","@id":"https:\/\/workboot.fr\/ciela\/raspberry-pi\/","url":"https:\/\/workboot.fr\/ciela\/raspberry-pi\/","name":"TP Raspberry PI - workboot","isPartOf":{"@id":"https:\/\/workboot.fr\/ciela\/#website"},"primaryImageOfPage":{"@id":"https:\/\/workboot.fr\/ciela\/raspberry-pi\/#primaryimage"},"image":{"@id":"https:\/\/workboot.fr\/ciela\/raspberry-pi\/#primaryimage"},"thumbnailUrl":"https:\/\/workboot.fr\/ciela\/wp-content\/uploads\/2025\/11\/python2.webp","datePublished":"2025-07-24T15:38:01+00:00","dateModified":"2025-11-15T16:54:26+00:00","inLanguage":"fr-FR","potentialAction":[{"@type":"ReadAction","target":["https:\/\/workboot.fr\/ciela\/raspberry-pi\/"]}]},{"@type":"ImageObject","inLanguage":"fr-FR","@id":"https:\/\/workboot.fr\/ciela\/raspberry-pi\/#primaryimage","url":"https:\/\/workboot.fr\/ciela\/wp-content\/uploads\/2025\/11\/python2.webp","contentUrl":"https:\/\/workboot.fr\/ciela\/wp-content\/uploads\/2025\/11\/python2.webp","width":408,"height":408},{"@type":"WebSite","@id":"https:\/\/workboot.fr\/ciela\/#website","url":"https:\/\/workboot.fr\/ciela\/","name":"workboot","description":"Open Source, Open Minds ","publisher":{"@id":"https:\/\/workboot.fr\/ciela\/#organization"},"potentialAction":[{"@type":"SearchAction","target":{"@type":"EntryPoint","urlTemplate":"https:\/\/workboot.fr\/ciela\/?s={search_term_string}"},"query-input":{"@type":"PropertyValueSpecification","valueRequired":true,"valueName":"search_term_string"}}],"inLanguage":"fr-FR"},{"@type":"Organization","@id":"https:\/\/workboot.fr\/ciela\/#organization","name":"workboot","url":"https:\/\/workboot.fr\/ciela\/","logo":{"@type":"ImageObject","inLanguage":"fr-FR","@id":"https:\/\/workboot.fr\/ciela\/#\/schema\/logo\/image\/","url":"https:\/\/workboot.fr\/ciela\/wp-content\/uploads\/2025\/05\/logo_ciel-dorian-1.png","contentUrl":"https:\/\/workboot.fr\/ciela\/wp-content\/uploads\/2025\/05\/logo_ciel-dorian-1.png","width":1024,"height":950,"caption":"workboot"},"image":{"@id":"https:\/\/workboot.fr\/ciela\/#\/schema\/logo\/image\/"}}]}},"uagb_featured_image_src":{"full":false,"thumbnail":false,"medium":false,"medium_large":false,"large":false,"1536x1536":false,"2048x2048":false},"uagb_author_info":{"display_name":"admin","author_link":"https:\/\/workboot.fr\/ciela\/author\/admin\/"},"uagb_comment_info":0,"uagb_excerpt":"Pr\u00e9sentation du RPI Le Raspberry Pi 3 des TP du lyc\u00e9e. Pour rester \u00e0 jour , m\u00eame si trixie (debian 13) est sortie on restera sur RASPI OS 64 (Debian [&hellip;]","_links":{"self":[{"href":"https:\/\/workboot.fr\/ciela\/wp-json\/wp\/v2\/pages\/2743","targetHints":{"allow":["GET"]}}],"collection":[{"href":"https:\/\/workboot.fr\/ciela\/wp-json\/wp\/v2\/pages"}],"about":[{"href":"https:\/\/workboot.fr\/ciela\/wp-json\/wp\/v2\/types\/page"}],"author":[{"embeddable":true,"href":"https:\/\/workboot.fr\/ciela\/wp-json\/wp\/v2\/users\/1"}],"replies":[{"embeddable":true,"href":"https:\/\/workboot.fr\/ciela\/wp-json\/wp\/v2\/comments?post=2743"}],"version-history":[{"count":15,"href":"https:\/\/workboot.fr\/ciela\/wp-json\/wp\/v2\/pages\/2743\/revisions"}],"predecessor-version":[{"id":5178,"href":"https:\/\/workboot.fr\/ciela\/wp-json\/wp\/v2\/pages\/2743\/revisions\/5178"}],"wp:attachment":[{"href":"https:\/\/workboot.fr\/ciela\/wp-json\/wp\/v2\/media?parent=2743"}],"curies":[{"name":"wp","href":"https:\/\/api.w.org\/{rel}","templated":true}]}}