{"id":2804,"date":"2025-07-25T10:19:42","date_gmt":"2025-07-25T09:19:42","guid":{"rendered":"https:\/\/workboot.fr\/ciela\/?page_id=2804"},"modified":"2025-07-25T13:05:44","modified_gmt":"2025-07-25T12:05:44","slug":"processeurs","status":"publish","type":"page","link":"https:\/\/workboot.fr\/ciela\/processeurs\/","title":{"rendered":"Processeurs"},"content":{"rendered":"\n<ul class=\"wp-block-list\">\n<li><a href=\"https:\/\/workboot.fr\/ciela\/x86-amd\/\">x86\/AMD <\/a>   <\/li>\n\n\n\n<li><a href=\"https:\/\/workboot.fr\/ciela\/arm\/\">ARM<\/a> <\/li>\n\n\n\n<li><a href=\"https:\/\/workboot.fr\/ciela\/riscv\/\">RISCV<\/a><\/li>\n<\/ul>\n\n\n\n<p class=\"wp-block-paragraph\">Le processeur (ou CPU, Central Processing Unit en anglais) est le composant principal d&rsquo;un ordinateur ou d&rsquo;un appareil \u00e9lectronique qui ex\u00e9cute les instructions des programmes informatiques. Il agit comme le \u00ab\u00a0cerveau\u00a0\u00bb du syst\u00e8me, effectuant des calculs, des op\u00e9rations logiques et coordonnant les t\u00e2ches entre les diff\u00e9rents composants.<\/p>\n\n\n\n<p class=\"wp-block-paragraph\">Fonctionnement principal :<br>R\u00e9cup\u00e9ration des instructions (depuis la m\u00e9moire).<\/p>\n\n\n\n<p class=\"wp-block-paragraph\">D\u00e9codage des instructions.<\/p>\n\n\n\n<p class=\"wp-block-paragraph\">Ex\u00e9cution des op\u00e9rations (calculs, comparaisons, etc.).<\/p>\n\n\n\n<p class=\"wp-block-paragraph\">Stockage des r\u00e9sultats en m\u00e9moire.<\/p>\n\n\n\n<p class=\"wp-block-paragraph\">Caract\u00e9ristiques cl\u00e9s :<br>Fr\u00e9quence (GHz) : vitesse d&rsquo;ex\u00e9cution des instructions.<\/p>\n\n\n\n<p class=\"wp-block-paragraph\">Nombre de c\u0153urs (dual-core, quad-core, etc.) : capacit\u00e9 \u00e0 traiter plusieurs t\u00e2ches en parall\u00e8le.<\/p>\n\n\n\n<p class=\"wp-block-paragraph\">Architecture (x86, ARM, etc.) : conception et jeu d&rsquo;instructions support\u00e9es.<\/p>\n\n\n\n<p class=\"wp-block-paragraph\">Exemples : Intel Core, AMD Ryzen, Apple M1, Qualcomm Snapdragon (pour smartphones).<\/p>\n\n\n\n<p class=\"wp-block-paragraph\">En r\u00e9sum\u00e9, le processeur est essentiel pour la performance globale d&rsquo;un syst\u00e8me informatique. \ud83d\udcbb<\/p>\n","protected":false},"excerpt":{"rendered":"<p>Le processeur (ou CPU, Central Processing Unit en anglais) est le composant principal d&rsquo;un ordinateur ou d&rsquo;un appareil \u00e9lectronique qui ex\u00e9cute les instructions des programmes informatiques. Il agit comme le [&hellip;]<\/p>\n","protected":false},"author":1,"featured_media":0,"parent":0,"menu_order":0,"comment_status":"closed","ping_status":"closed","template":"","meta":{"_crdt_document":"","_uag_custom_page_level_css":"","footnotes":""},"class_list":["post-2804","page","type-page","status-publish","hentry"],"yoast_head":"<!-- This site is optimized with the Yoast SEO plugin v27.3 - https:\/\/yoast.com\/product\/yoast-seo-wordpress\/ -->\n<title>Processeurs - workboot<\/title>\n<meta name=\"robots\" content=\"index, follow, max-snippet:-1, max-image-preview:large, max-video-preview:-1\" \/>\n<link rel=\"canonical\" href=\"https:\/\/workboot.fr\/ciela\/processeurs\/\" \/>\n<meta property=\"og:locale\" content=\"fr_FR\" \/>\n<meta property=\"og:type\" content=\"article\" \/>\n<meta property=\"og:title\" content=\"Processeurs - workboot\" \/>\n<meta property=\"og:description\" content=\"Le processeur (ou CPU, Central Processing Unit en anglais) est le composant principal d&rsquo;un ordinateur ou d&rsquo;un appareil \u00e9lectronique qui ex\u00e9cute les instructions des programmes informatiques. Il agit comme le [&hellip;]\" \/>\n<meta property=\"og:url\" content=\"https:\/\/workboot.fr\/ciela\/processeurs\/\" \/>\n<meta property=\"og:site_name\" content=\"workboot\" \/>\n<meta property=\"article:modified_time\" content=\"2025-07-25T12:05:44+00:00\" \/>\n<meta name=\"twitter:label1\" content=\"Dur\u00e9e de lecture estim\u00e9e\" \/>\n\t<meta name=\"twitter:data1\" content=\"1 minute\" \/>\n<script type=\"application\/ld+json\" class=\"yoast-schema-graph\">{\"@context\":\"https:\\\/\\\/schema.org\",\"@graph\":[{\"@type\":\"WebPage\",\"@id\":\"https:\\\/\\\/workboot.fr\\\/ciela\\\/processeurs\\\/\",\"url\":\"https:\\\/\\\/workboot.fr\\\/ciela\\\/processeurs\\\/\",\"name\":\"Processeurs - workboot\",\"isPartOf\":{\"@id\":\"https:\\\/\\\/workboot.fr\\\/ciela\\\/#website\"},\"datePublished\":\"2025-07-25T09:19:42+00:00\",\"dateModified\":\"2025-07-25T12:05:44+00:00\",\"inLanguage\":\"fr-FR\",\"potentialAction\":[{\"@type\":\"ReadAction\",\"target\":[\"https:\\\/\\\/workboot.fr\\\/ciela\\\/processeurs\\\/\"]}]},{\"@type\":\"WebSite\",\"@id\":\"https:\\\/\\\/workboot.fr\\\/ciela\\\/#website\",\"url\":\"https:\\\/\\\/workboot.fr\\\/ciela\\\/\",\"name\":\"workboot\",\"description\":\"Open Source, Open Minds \",\"publisher\":{\"@id\":\"https:\\\/\\\/workboot.fr\\\/ciela\\\/#organization\"},\"potentialAction\":[{\"@type\":\"SearchAction\",\"target\":{\"@type\":\"EntryPoint\",\"urlTemplate\":\"https:\\\/\\\/workboot.fr\\\/ciela\\\/?s={search_term_string}\"},\"query-input\":{\"@type\":\"PropertyValueSpecification\",\"valueRequired\":true,\"valueName\":\"search_term_string\"}}],\"inLanguage\":\"fr-FR\"},{\"@type\":\"Organization\",\"@id\":\"https:\\\/\\\/workboot.fr\\\/ciela\\\/#organization\",\"name\":\"workboot\",\"url\":\"https:\\\/\\\/workboot.fr\\\/ciela\\\/\",\"logo\":{\"@type\":\"ImageObject\",\"inLanguage\":\"fr-FR\",\"@id\":\"https:\\\/\\\/workboot.fr\\\/ciela\\\/#\\\/schema\\\/logo\\\/image\\\/\",\"url\":\"https:\\\/\\\/workboot.fr\\\/ciela\\\/wp-content\\\/uploads\\\/2025\\\/05\\\/logo_ciel-dorian-1.png\",\"contentUrl\":\"https:\\\/\\\/workboot.fr\\\/ciela\\\/wp-content\\\/uploads\\\/2025\\\/05\\\/logo_ciel-dorian-1.png\",\"width\":1024,\"height\":950,\"caption\":\"workboot\"},\"image\":{\"@id\":\"https:\\\/\\\/workboot.fr\\\/ciela\\\/#\\\/schema\\\/logo\\\/image\\\/\"}}]}<\/script>\n<!-- \/ Yoast SEO plugin. -->","yoast_head_json":{"title":"Processeurs - workboot","robots":{"index":"index","follow":"follow","max-snippet":"max-snippet:-1","max-image-preview":"max-image-preview:large","max-video-preview":"max-video-preview:-1"},"canonical":"https:\/\/workboot.fr\/ciela\/processeurs\/","og_locale":"fr_FR","og_type":"article","og_title":"Processeurs - workboot","og_description":"Le processeur (ou CPU, Central Processing Unit en anglais) est le composant principal d&rsquo;un ordinateur ou d&rsquo;un appareil \u00e9lectronique qui ex\u00e9cute les instructions des programmes informatiques. Il agit comme le [&hellip;]","og_url":"https:\/\/workboot.fr\/ciela\/processeurs\/","og_site_name":"workboot","article_modified_time":"2025-07-25T12:05:44+00:00","twitter_misc":{"Dur\u00e9e de lecture estim\u00e9e":"1 minute"},"schema":{"@context":"https:\/\/schema.org","@graph":[{"@type":"WebPage","@id":"https:\/\/workboot.fr\/ciela\/processeurs\/","url":"https:\/\/workboot.fr\/ciela\/processeurs\/","name":"Processeurs - workboot","isPartOf":{"@id":"https:\/\/workboot.fr\/ciela\/#website"},"datePublished":"2025-07-25T09:19:42+00:00","dateModified":"2025-07-25T12:05:44+00:00","inLanguage":"fr-FR","potentialAction":[{"@type":"ReadAction","target":["https:\/\/workboot.fr\/ciela\/processeurs\/"]}]},{"@type":"WebSite","@id":"https:\/\/workboot.fr\/ciela\/#website","url":"https:\/\/workboot.fr\/ciela\/","name":"workboot","description":"Open Source, Open Minds ","publisher":{"@id":"https:\/\/workboot.fr\/ciela\/#organization"},"potentialAction":[{"@type":"SearchAction","target":{"@type":"EntryPoint","urlTemplate":"https:\/\/workboot.fr\/ciela\/?s={search_term_string}"},"query-input":{"@type":"PropertyValueSpecification","valueRequired":true,"valueName":"search_term_string"}}],"inLanguage":"fr-FR"},{"@type":"Organization","@id":"https:\/\/workboot.fr\/ciela\/#organization","name":"workboot","url":"https:\/\/workboot.fr\/ciela\/","logo":{"@type":"ImageObject","inLanguage":"fr-FR","@id":"https:\/\/workboot.fr\/ciela\/#\/schema\/logo\/image\/","url":"https:\/\/workboot.fr\/ciela\/wp-content\/uploads\/2025\/05\/logo_ciel-dorian-1.png","contentUrl":"https:\/\/workboot.fr\/ciela\/wp-content\/uploads\/2025\/05\/logo_ciel-dorian-1.png","width":1024,"height":950,"caption":"workboot"},"image":{"@id":"https:\/\/workboot.fr\/ciela\/#\/schema\/logo\/image\/"}}]}},"uagb_featured_image_src":{"full":false,"thumbnail":false,"medium":false,"medium_large":false,"large":false,"1536x1536":false,"2048x2048":false},"uagb_author_info":{"display_name":"admin","author_link":"https:\/\/workboot.fr\/ciela\/author\/admin\/"},"uagb_comment_info":0,"uagb_excerpt":"Le processeur (ou CPU, Central Processing Unit en anglais) est le composant principal d&rsquo;un ordinateur ou d&rsquo;un appareil \u00e9lectronique qui ex\u00e9cute les instructions des programmes informatiques. Il agit comme le [&hellip;]","_links":{"self":[{"href":"https:\/\/workboot.fr\/ciela\/wp-json\/wp\/v2\/pages\/2804","targetHints":{"allow":["GET"]}}],"collection":[{"href":"https:\/\/workboot.fr\/ciela\/wp-json\/wp\/v2\/pages"}],"about":[{"href":"https:\/\/workboot.fr\/ciela\/wp-json\/wp\/v2\/types\/page"}],"author":[{"embeddable":true,"href":"https:\/\/workboot.fr\/ciela\/wp-json\/wp\/v2\/users\/1"}],"replies":[{"embeddable":true,"href":"https:\/\/workboot.fr\/ciela\/wp-json\/wp\/v2\/comments?post=2804"}],"version-history":[{"count":3,"href":"https:\/\/workboot.fr\/ciela\/wp-json\/wp\/v2\/pages\/2804\/revisions"}],"predecessor-version":[{"id":2821,"href":"https:\/\/workboot.fr\/ciela\/wp-json\/wp\/v2\/pages\/2804\/revisions\/2821"}],"wp:attachment":[{"href":"https:\/\/workboot.fr\/ciela\/wp-json\/wp\/v2\/media?parent=2804"}],"curies":[{"name":"wp","href":"https:\/\/api.w.org\/{rel}","templated":true}]}}