{"id":2807,"date":"2025-07-25T10:30:12","date_gmt":"2025-07-25T09:30:12","guid":{"rendered":"https:\/\/workboot.fr\/ciela\/?page_id=2807"},"modified":"2025-07-25T10:31:41","modified_gmt":"2025-07-25T09:31:41","slug":"riscv","status":"publish","type":"page","link":"https:\/\/workboot.fr\/ciela\/riscv\/","title":{"rendered":"RISCV"},"content":{"rendered":"\n<h2 class=\"wp-block-heading\"><strong>Introduction \u00e0 RISC-V<\/strong><\/h2>\n\n\n\n<h3 class=\"wp-block-heading\"><strong>Qu&rsquo;est-ce que RISC-V ?<\/strong><\/h3>\n\n\n\n<ul class=\"wp-block-list\">\n<li><strong>Architecture RISC (Reduced Instruction Set Computer)<\/strong>\u00a0: Jeu d&rsquo;instructions simplifi\u00e9 pour une meilleure efficacit\u00e9.<\/li>\n\n\n\n<li><strong>Open-source et libre de droits<\/strong>\u00a0: Contrairement \u00e0 ARM et x86, RISC-V peut \u00eatre utilis\u00e9 sans licence propri\u00e9taire.<\/li>\n\n\n\n<li><strong>Modulaire et extensible<\/strong>\u00a0: Possibilit\u00e9 d&rsquo;ajouter des extensions personnalis\u00e9es.<\/li>\n<\/ul>\n\n\n\n<h3 class=\"wp-block-heading\"><strong>Origine<\/strong><\/h3>\n\n\n\n<ul class=\"wp-block-list\">\n<li>D\u00e9velopp\u00e9 \u00e0 l&rsquo;<strong>Universit\u00e9 de Californie, Berkeley<\/strong>\u00a0(2010).<\/li>\n\n\n\n<li>G\u00e9r\u00e9 par la\u00a0<strong>RISC-V International Foundation<\/strong>\u00a0(standardisation).<\/li>\n<\/ul>\n\n\n\n<h2 class=\"wp-block-heading\"><strong>Pourquoi RISC-V est important ?<\/strong><\/h2>\n\n\n\n<p class=\"wp-block-paragraph\">\u2705&nbsp;<strong>Pas de royalties<\/strong>&nbsp;\u2192 Id\u00e9al pour les startups et l&rsquo;innovation.<br>\u2705&nbsp;<strong>Flexibilit\u00e9<\/strong>&nbsp;\u2192 Adaptable aux besoins (IoT, IA, supercalculateurs).<br>\u2705&nbsp;<strong>\u00c9cosyst\u00e8me en croissance<\/strong>&nbsp;\u2192 Soutenu par Google, NVIDIA, Qualcomm, Alibaba, etc.<br>\u274c&nbsp;<strong>Moins mature qu&rsquo;ARM\/x86<\/strong>&nbsp;\u2192 Manque encore de logiciels et outils optimis\u00e9s.<\/p>\n\n\n\n<h2 class=\"wp-block-heading\"><strong>Architecture de base<\/strong><\/h2>\n\n\n\n<h3 class=\"wp-block-heading\"><strong>Jeu d&rsquo;instructions (ISA)<\/strong><\/h3>\n\n\n\n<ul class=\"wp-block-list\">\n<li><strong>Base enti\u00e8re (I)<\/strong>\u00a0: Op\u00e9rations arithm\u00e9tiques, sauts, acc\u00e8s m\u00e9moire.<\/li>\n\n\n\n<li><strong>Extensions standards<\/strong>\u00a0:\n<ul class=\"wp-block-list\">\n<li><strong>M<\/strong>\u00a0(Multiplication\/division)<\/li>\n\n\n\n<li><strong>A<\/strong>\u00a0(Atomiques)<\/li>\n\n\n\n<li><strong>F\/D<\/strong>\u00a0(Flottant simple\/double pr\u00e9cision)<\/li>\n\n\n\n<li><strong>C<\/strong>\u00a0(Compression d&rsquo;instructions)<\/li>\n<\/ul>\n<\/li>\n<\/ul>\n\n\n\n<p class=\"wp-block-paragraph\">Exemple :&nbsp;<strong>RV32IMAC<\/strong>&nbsp;= 32 bits + extensions M, A, C.<\/p>\n\n\n\n<h3 class=\"wp-block-heading\"><strong>Registres<\/strong><\/h3>\n\n\n\n<ul class=\"wp-block-list\">\n<li><strong>32 registres entiers (x0-x31)<\/strong>\n<ul class=\"wp-block-list\">\n<li><strong>x0<\/strong>\u00a0: Toujours \u00e9gal \u00e0 0 (registre \u00ab\u00a0zero\u00a0\u00bb).<\/li>\n\n\n\n<li><strong>x1 (ra)<\/strong>\u00a0: Return Address (adresse de retour).<\/li>\n\n\n\n<li><strong>x2 (sp)<\/strong>\u00a0: Stack Pointer.<\/li>\n\n\n\n<li><strong>x10-x17 (a0-a7)<\/strong>\u00a0: Arguments de fonctions.<\/li>\n<\/ul>\n<\/li>\n\n\n\n<li><strong>PC (Program Counter)<\/strong>\u00a0: Pointeur d&rsquo;instruction.<\/li>\n<\/ul>\n\n\n\n<h2 class=\"wp-block-heading\">Exemple de code assembleur RISC-V<\/h2>\n\n\n\n<pre class=\"wp-block-code\"><code>addi x1, x0, 42    # x1 = 0 + 42\nadd x2, x1, x1     # x2 = x1 + x1\nlw x3, 0(x2)       # Charge en x3 la valeur \u00e0 l'adresse m\u00e9moire &#91;x2 + 0]\njal ra, fonction   # Saut vers une fonction (ra = adresse de retour)<\/code><\/pre>\n\n\n\n<h3 class=\"wp-block-heading\"><strong>Instructions courantes<\/strong><\/h3>\n\n\n\n<figure class=\"wp-block-table\"><table class=\"has-fixed-layout\"><thead><tr><th class=\"has-text-align-left\" data-align=\"left\">Instruction<\/th><th class=\"has-text-align-left\" data-align=\"left\">Description<\/th><\/tr><\/thead><tbody><tr><td><code>addi rd, rs1, imm<\/code><\/td><td>Addition avec imm\u00e9diat<\/td><\/tr><tr><td><code>lw rd, offset(rs1)<\/code><\/td><td>Chargement mot (32 bits)<\/td><\/tr><tr><td><code>sw rs2, offset(rs1)<\/code><\/td><td>Stockage mot<\/td><\/tr><tr><td><code>jal rd, label<\/code><\/td><td>Saut et lien (call)<\/td><\/tr><tr><td><code>beq rs1, rs2, label<\/code><\/td><td>Branchement si \u00e9gal<\/td><\/tr><\/tbody><\/table><\/figure>\n\n\n\n<h2 class=\"wp-block-heading\"><strong>RISC-V vs ARM vs x86<\/strong><\/h2>\n\n\n\n<figure class=\"wp-block-table\"><table class=\"has-fixed-layout\"><thead><tr><th class=\"has-text-align-left\" data-align=\"left\"><strong>Crit\u00e8re<\/strong><\/th><th class=\"has-text-align-left\" data-align=\"left\"><strong>RISC-V<\/strong><\/th><th class=\"has-text-align-left\" data-align=\"left\"><strong>ARM<\/strong><\/th><th class=\"has-text-align-left\" data-align=\"left\"><strong>x86<\/strong><\/th><\/tr><\/thead><tbody><tr><td><strong>Licence<\/strong><\/td><td>Open-source<\/td><td>Payante (ARM Ltd.)<\/td><td>Propri\u00e9taire (Intel\/AMD)<\/td><\/tr><tr><td><strong>Flexibilit\u00e9<\/strong><\/td><td>Extensions libres<\/td><td>Modulaire (Cortex)<\/td><td>Peu flexible<\/td><\/tr><tr><td><strong>\u00c9cosyst\u00e8me<\/strong><\/td><td>En d\u00e9veloppement<\/td><td>Tr\u00e8s mature<\/td><td>Dominant (PC\/serveurs)<\/td><\/tr><tr><td><strong>Performances<\/strong><\/td><td>Variable (d\u00e9pend des impl\u00e9mentations)<\/td><td>Optimis\u00e9 mobile<\/td><td>Optimis\u00e9 haute perf<\/td><\/tr><\/tbody><\/table><\/figure>\n\n\n\n<h2 class=\"wp-block-heading\"><strong>Impl\u00e9mentations populaires<\/strong><\/h2>\n\n\n\n<ul class=\"wp-block-list\">\n<li><strong>Kendryte K210<\/strong>\u00a0: Pour l&rsquo;IoT et l&rsquo;IA embarqu\u00e9e.<\/li>\n\n\n\n<li><strong>SiFive Freedom<\/strong>\u00a0: Cores RISC-V pour applications g\u00e9n\u00e9ralistes.<\/li>\n\n\n\n<li><strong>Alibaba T-Head<\/strong>\u00a0: Processeurs pour serveurs cloud.<\/li>\n\n\n\n<li><strong>Raspberry Pi-like<\/strong>\u00a0: Cartes comme\u00a0<strong>HiFive Unleashed<\/strong>.<\/li>\n<\/ul>\n\n\n\n<h3 class=\"wp-block-heading\"><strong>Conclusion<\/strong><\/h3>\n\n\n\n<p class=\"wp-block-paragraph\">RISC-V est une alternative&nbsp;<strong>libre et puissante<\/strong>&nbsp;face \u00e0 ARM et x86, id\u00e9ale pour l&#8217;embarqu\u00e9, l&rsquo;IoT et les architectures personnalis\u00e9es. Son adoption croissante pourrait changer l&rsquo;industrie des semi-conducteurs !<\/p>\n","protected":false},"excerpt":{"rendered":"<p>Introduction \u00e0 RISC-V Qu&rsquo;est-ce que RISC-V ? Origine Pourquoi RISC-V est important ? \u2705&nbsp;Pas de royalties&nbsp;\u2192 Id\u00e9al pour les startups et l&rsquo;innovation.\u2705&nbsp;Flexibilit\u00e9&nbsp;\u2192 Adaptable aux besoins (IoT, IA, supercalculateurs).\u2705&nbsp;\u00c9cosyst\u00e8me en croissance&nbsp;\u2192 [&hellip;]<\/p>\n","protected":false},"author":1,"featured_media":0,"parent":0,"menu_order":0,"comment_status":"closed","ping_status":"closed","template":"","meta":{"_crdt_document":"","_uag_custom_page_level_css":"","footnotes":""},"class_list":["post-2807","page","type-page","status-publish","hentry"],"yoast_head":"<!-- This site is optimized with the Yoast SEO plugin v27.3 - https:\/\/yoast.com\/product\/yoast-seo-wordpress\/ -->\n<title>RISCV - workboot<\/title>\n<meta name=\"robots\" content=\"index, follow, max-snippet:-1, max-image-preview:large, max-video-preview:-1\" \/>\n<link rel=\"canonical\" href=\"https:\/\/workboot.fr\/ciela\/riscv\/\" \/>\n<meta property=\"og:locale\" content=\"fr_FR\" \/>\n<meta property=\"og:type\" content=\"article\" \/>\n<meta property=\"og:title\" content=\"RISCV - workboot\" \/>\n<meta property=\"og:description\" content=\"Introduction \u00e0 RISC-V Qu&rsquo;est-ce que RISC-V ? Origine Pourquoi RISC-V est important ? \u2705&nbsp;Pas de royalties&nbsp;\u2192 Id\u00e9al pour les startups et l&rsquo;innovation.\u2705&nbsp;Flexibilit\u00e9&nbsp;\u2192 Adaptable aux besoins (IoT, IA, supercalculateurs).\u2705&nbsp;\u00c9cosyst\u00e8me en croissance&nbsp;\u2192 [&hellip;]\" \/>\n<meta property=\"og:url\" content=\"https:\/\/workboot.fr\/ciela\/riscv\/\" \/>\n<meta property=\"og:site_name\" content=\"workboot\" \/>\n<meta property=\"article:modified_time\" content=\"2025-07-25T09:31:41+00:00\" \/>\n<meta name=\"twitter:label1\" content=\"Dur\u00e9e de lecture estim\u00e9e\" \/>\n\t<meta name=\"twitter:data1\" content=\"2 minutes\" \/>\n<script type=\"application\/ld+json\" class=\"yoast-schema-graph\">{\"@context\":\"https:\\\/\\\/schema.org\",\"@graph\":[{\"@type\":\"WebPage\",\"@id\":\"https:\\\/\\\/workboot.fr\\\/ciela\\\/riscv\\\/\",\"url\":\"https:\\\/\\\/workboot.fr\\\/ciela\\\/riscv\\\/\",\"name\":\"RISCV - workboot\",\"isPartOf\":{\"@id\":\"https:\\\/\\\/workboot.fr\\\/ciela\\\/#website\"},\"datePublished\":\"2025-07-25T09:30:12+00:00\",\"dateModified\":\"2025-07-25T09:31:41+00:00\",\"inLanguage\":\"fr-FR\",\"potentialAction\":[{\"@type\":\"ReadAction\",\"target\":[\"https:\\\/\\\/workboot.fr\\\/ciela\\\/riscv\\\/\"]}]},{\"@type\":\"WebSite\",\"@id\":\"https:\\\/\\\/workboot.fr\\\/ciela\\\/#website\",\"url\":\"https:\\\/\\\/workboot.fr\\\/ciela\\\/\",\"name\":\"workboot\",\"description\":\"Open Source, Open Minds \",\"publisher\":{\"@id\":\"https:\\\/\\\/workboot.fr\\\/ciela\\\/#organization\"},\"potentialAction\":[{\"@type\":\"SearchAction\",\"target\":{\"@type\":\"EntryPoint\",\"urlTemplate\":\"https:\\\/\\\/workboot.fr\\\/ciela\\\/?s={search_term_string}\"},\"query-input\":{\"@type\":\"PropertyValueSpecification\",\"valueRequired\":true,\"valueName\":\"search_term_string\"}}],\"inLanguage\":\"fr-FR\"},{\"@type\":\"Organization\",\"@id\":\"https:\\\/\\\/workboot.fr\\\/ciela\\\/#organization\",\"name\":\"workboot\",\"url\":\"https:\\\/\\\/workboot.fr\\\/ciela\\\/\",\"logo\":{\"@type\":\"ImageObject\",\"inLanguage\":\"fr-FR\",\"@id\":\"https:\\\/\\\/workboot.fr\\\/ciela\\\/#\\\/schema\\\/logo\\\/image\\\/\",\"url\":\"https:\\\/\\\/workboot.fr\\\/ciela\\\/wp-content\\\/uploads\\\/2025\\\/05\\\/logo_ciel-dorian-1.png\",\"contentUrl\":\"https:\\\/\\\/workboot.fr\\\/ciela\\\/wp-content\\\/uploads\\\/2025\\\/05\\\/logo_ciel-dorian-1.png\",\"width\":1024,\"height\":950,\"caption\":\"workboot\"},\"image\":{\"@id\":\"https:\\\/\\\/workboot.fr\\\/ciela\\\/#\\\/schema\\\/logo\\\/image\\\/\"}}]}<\/script>\n<!-- \/ Yoast SEO plugin. -->","yoast_head_json":{"title":"RISCV - workboot","robots":{"index":"index","follow":"follow","max-snippet":"max-snippet:-1","max-image-preview":"max-image-preview:large","max-video-preview":"max-video-preview:-1"},"canonical":"https:\/\/workboot.fr\/ciela\/riscv\/","og_locale":"fr_FR","og_type":"article","og_title":"RISCV - workboot","og_description":"Introduction \u00e0 RISC-V Qu&rsquo;est-ce que RISC-V ? Origine Pourquoi RISC-V est important ? \u2705&nbsp;Pas de royalties&nbsp;\u2192 Id\u00e9al pour les startups et l&rsquo;innovation.\u2705&nbsp;Flexibilit\u00e9&nbsp;\u2192 Adaptable aux besoins (IoT, IA, supercalculateurs).\u2705&nbsp;\u00c9cosyst\u00e8me en croissance&nbsp;\u2192 [&hellip;]","og_url":"https:\/\/workboot.fr\/ciela\/riscv\/","og_site_name":"workboot","article_modified_time":"2025-07-25T09:31:41+00:00","twitter_misc":{"Dur\u00e9e de lecture estim\u00e9e":"2 minutes"},"schema":{"@context":"https:\/\/schema.org","@graph":[{"@type":"WebPage","@id":"https:\/\/workboot.fr\/ciela\/riscv\/","url":"https:\/\/workboot.fr\/ciela\/riscv\/","name":"RISCV - workboot","isPartOf":{"@id":"https:\/\/workboot.fr\/ciela\/#website"},"datePublished":"2025-07-25T09:30:12+00:00","dateModified":"2025-07-25T09:31:41+00:00","inLanguage":"fr-FR","potentialAction":[{"@type":"ReadAction","target":["https:\/\/workboot.fr\/ciela\/riscv\/"]}]},{"@type":"WebSite","@id":"https:\/\/workboot.fr\/ciela\/#website","url":"https:\/\/workboot.fr\/ciela\/","name":"workboot","description":"Open Source, Open Minds ","publisher":{"@id":"https:\/\/workboot.fr\/ciela\/#organization"},"potentialAction":[{"@type":"SearchAction","target":{"@type":"EntryPoint","urlTemplate":"https:\/\/workboot.fr\/ciela\/?s={search_term_string}"},"query-input":{"@type":"PropertyValueSpecification","valueRequired":true,"valueName":"search_term_string"}}],"inLanguage":"fr-FR"},{"@type":"Organization","@id":"https:\/\/workboot.fr\/ciela\/#organization","name":"workboot","url":"https:\/\/workboot.fr\/ciela\/","logo":{"@type":"ImageObject","inLanguage":"fr-FR","@id":"https:\/\/workboot.fr\/ciela\/#\/schema\/logo\/image\/","url":"https:\/\/workboot.fr\/ciela\/wp-content\/uploads\/2025\/05\/logo_ciel-dorian-1.png","contentUrl":"https:\/\/workboot.fr\/ciela\/wp-content\/uploads\/2025\/05\/logo_ciel-dorian-1.png","width":1024,"height":950,"caption":"workboot"},"image":{"@id":"https:\/\/workboot.fr\/ciela\/#\/schema\/logo\/image\/"}}]}},"uagb_featured_image_src":{"full":false,"thumbnail":false,"medium":false,"medium_large":false,"large":false,"1536x1536":false,"2048x2048":false},"uagb_author_info":{"display_name":"admin","author_link":"https:\/\/workboot.fr\/ciela\/author\/admin\/"},"uagb_comment_info":0,"uagb_excerpt":"Introduction \u00e0 RISC-V Qu&rsquo;est-ce que RISC-V ? Origine Pourquoi RISC-V est important ? \u2705&nbsp;Pas de royalties&nbsp;\u2192 Id\u00e9al pour les startups et l&rsquo;innovation.\u2705&nbsp;Flexibilit\u00e9&nbsp;\u2192 Adaptable aux besoins (IoT, IA, supercalculateurs).\u2705&nbsp;\u00c9cosyst\u00e8me en croissance&nbsp;\u2192 [&hellip;]","_links":{"self":[{"href":"https:\/\/workboot.fr\/ciela\/wp-json\/wp\/v2\/pages\/2807","targetHints":{"allow":["GET"]}}],"collection":[{"href":"https:\/\/workboot.fr\/ciela\/wp-json\/wp\/v2\/pages"}],"about":[{"href":"https:\/\/workboot.fr\/ciela\/wp-json\/wp\/v2\/types\/page"}],"author":[{"embeddable":true,"href":"https:\/\/workboot.fr\/ciela\/wp-json\/wp\/v2\/users\/1"}],"replies":[{"embeddable":true,"href":"https:\/\/workboot.fr\/ciela\/wp-json\/wp\/v2\/comments?post=2807"}],"version-history":[{"count":2,"href":"https:\/\/workboot.fr\/ciela\/wp-json\/wp\/v2\/pages\/2807\/revisions"}],"predecessor-version":[{"id":2810,"href":"https:\/\/workboot.fr\/ciela\/wp-json\/wp\/v2\/pages\/2807\/revisions\/2810"}],"wp:attachment":[{"href":"https:\/\/workboot.fr\/ciela\/wp-json\/wp\/v2\/media?parent=2807"}],"curies":[{"name":"wp","href":"https:\/\/api.w.org\/{rel}","templated":true}]}}