{"id":2830,"date":"2025-07-25T14:58:18","date_gmt":"2025-07-25T13:58:18","guid":{"rendered":"https:\/\/workboot.fr\/ciela\/?page_id=2830"},"modified":"2025-07-29T09:55:56","modified_gmt":"2025-07-29T08:55:56","slug":"wiringpi","status":"publish","type":"page","link":"https:\/\/workboot.fr\/ciela\/wiringpi\/","title":{"rendered":"WiringPi Obsol\u00e8te"},"content":{"rendered":"\n<p class=\"wp-block-paragraph\">WiringPi est une biblioth\u00e8que logicielle open-source pour le Raspberry Pi, \u00e9crite en C, qui permet de contr\u00f4ler facilement les GPIO (General Purpose Input\/Output) et d&rsquo;autres interfaces mat\u00e9rielles (I2C, SPI, UART, etc.).<\/p>\n\n\n\n<p class=\"wp-block-paragraph\">Caract\u00e9ristiques principales :<br>API simple et intuitive, inspir\u00e9e du framework Arduino (ex.: digitalWrite(), pinMode()).<\/p>\n\n\n\n<p class=\"wp-block-paragraph\">Acc\u00e8s aux broches GPIO par num\u00e9rotation physique, logique (BCM) ou sch\u00e9matique (WiringPi).<\/p>\n\n\n\n<p class=\"wp-block-paragraph\">Support des fonctionnalit\u00e9s avanc\u00e9es :<\/p>\n\n\n\n<p class=\"wp-block-paragraph\">PWM (Pulse Width Modulation)<\/p>\n\n\n\n<p class=\"wp-block-paragraph\">Communication I2C\/SPI<\/p>\n\n\n\n<p class=\"wp-block-paragraph\">Gestion des interruptions (interrupts)<\/p>\n\n\n\n<p class=\"wp-block-paragraph\">Optimis\u00e9e pour le Raspberry Pi, mais compatible avec d&rsquo;autres cartes (Orange Pi, etc.).<\/p>\n\n\n\n<p class=\"wp-block-paragraph\">Cr\u00e9ateur de WiringPi<br>Gordon Henderson (@drogon) est un d\u00e9veloppeur et passionn\u00e9 d&rsquo;\u00e9lectronique qui a cr\u00e9\u00e9 WiringPi en 2012 pour simplifier la programmation des GPIO sur Raspberry Pi.<\/p>\n\n\n\n<p class=\"wp-block-paragraph\">Contributions notables :<br>Popularisation du Raspberry Pi : WiringPi est devenu l&rsquo;une des biblioth\u00e8ques GPIO les plus utilis\u00e9es avant sa mise en pause.<\/p>\n\n\n\n<p class=\"wp-block-paragraph\">Outils associ\u00e9s :<\/p>\n\n\n\n<p class=\"wp-block-paragraph\">gpio (utilitaire en ligne de commande pour contr\u00f4ler les broches).<\/p>\n\n\n\n<p class=\"wp-block-paragraph\">wiringPi pour Python (bindings officiels).<\/p>\n\n\n\n<p class=\"wp-block-paragraph\">Statut actuel (2024) :<br>Le projet n&rsquo;est plus maintenu depuis 2019 (officiellement \u00ab\u00a0d\u00e9pr\u00e9ci\u00e9\u00a0\u00bb).<\/p>\n\n\n\n<p class=\"wp-block-paragraph\">Gordon Henderson recommande d&rsquo;utiliser libgpiod ou pigpio pour les nouveaux projets.<\/p>\n\n\n\n<h1 class=\"wp-block-heading\">Connecteur RPI3 I\/O<\/h1>\n\n\n<div class=\"wp-block-image\">\n<figure class=\"aligncenter size-full\"><a href=\"https:\/\/workboot.fr\/ciela\/wp-content\/uploads\/2025\/07\/rpi3_connect.png\"><img loading=\"lazy\" decoding=\"async\" width=\"500\" height=\"907\" src=\"https:\/\/workboot.fr\/ciela\/wp-content\/uploads\/2025\/07\/rpi3_connect.png\" alt=\"\" class=\"wp-image-2829\" srcset=\"https:\/\/workboot.fr\/ciela\/wp-content\/uploads\/2025\/07\/rpi3_connect.png 500w, https:\/\/workboot.fr\/ciela\/wp-content\/uploads\/2025\/07\/rpi3_connect-165x300.png 165w\" sizes=\"auto, (max-width: 500px) 100vw, 500px\" \/><\/a><\/figure>\n<\/div>\n\n\n<p class=\"wp-block-paragraph\"><a href=\"https:\/\/github.com\/WiringPi\/WiringPi\">https:\/\/github.com\/WiringPi\/WiringPi<\/a><\/p>\n\n\n\n<p class=\"wp-block-paragraph\"><a href=\"https:\/\/workboot.fr\/Download\/WiringPi\/WiringPi-master.zip\">Fichier ZIP WiringP<\/a><a href=\"https:\/\/workboot.fr\/Download\/WiringPi\/WiringPi-Master.zip\">i<\/a><\/p>\n","protected":false},"excerpt":{"rendered":"<p>WiringPi est une biblioth\u00e8que logicielle open-source pour le Raspberry Pi, \u00e9crite en C, qui permet de contr\u00f4ler facilement les GPIO (General Purpose Input\/Output) et d&rsquo;autres interfaces mat\u00e9rielles (I2C, SPI, UART, [&hellip;]<\/p>\n","protected":false},"author":1,"featured_media":0,"parent":0,"menu_order":0,"comment_status":"closed","ping_status":"closed","template":"","meta":{"_crdt_document":"","_uag_custom_page_level_css":"","footnotes":""},"class_list":["post-2830","page","type-page","status-publish","hentry"],"yoast_head":"<!-- This site is optimized with the Yoast SEO plugin v27.3 - https:\/\/yoast.com\/product\/yoast-seo-wordpress\/ -->\n<title>WiringPi Obsol\u00e8te - workboot<\/title>\n<meta name=\"robots\" content=\"index, follow, max-snippet:-1, max-image-preview:large, max-video-preview:-1\" \/>\n<link rel=\"canonical\" href=\"https:\/\/workboot.fr\/ciela\/wiringpi\/\" \/>\n<meta property=\"og:locale\" content=\"fr_FR\" \/>\n<meta property=\"og:type\" content=\"article\" \/>\n<meta property=\"og:title\" content=\"WiringPi Obsol\u00e8te - workboot\" \/>\n<meta property=\"og:description\" content=\"WiringPi est une biblioth\u00e8que logicielle open-source pour le Raspberry Pi, \u00e9crite en C, qui permet de contr\u00f4ler facilement les GPIO (General Purpose Input\/Output) et d&rsquo;autres interfaces mat\u00e9rielles (I2C, SPI, UART, [&hellip;]\" \/>\n<meta property=\"og:url\" content=\"https:\/\/workboot.fr\/ciela\/wiringpi\/\" \/>\n<meta property=\"og:site_name\" content=\"workboot\" \/>\n<meta property=\"article:modified_time\" content=\"2025-07-29T08:55:56+00:00\" \/>\n<meta property=\"og:image\" content=\"https:\/\/workboot.fr\/ciela\/wp-content\/uploads\/2025\/07\/rpi3_connect.png\" \/>\n\t<meta property=\"og:image:width\" content=\"500\" \/>\n\t<meta property=\"og:image:height\" content=\"907\" \/>\n\t<meta property=\"og:image:type\" content=\"image\/png\" \/>\n<meta name=\"twitter:label1\" content=\"Dur\u00e9e de lecture estim\u00e9e\" \/>\n\t<meta name=\"twitter:data1\" content=\"2 minutes\" \/>\n<script type=\"application\/ld+json\" class=\"yoast-schema-graph\">{\"@context\":\"https:\\\/\\\/schema.org\",\"@graph\":[{\"@type\":\"WebPage\",\"@id\":\"https:\\\/\\\/workboot.fr\\\/ciela\\\/wiringpi\\\/\",\"url\":\"https:\\\/\\\/workboot.fr\\\/ciela\\\/wiringpi\\\/\",\"name\":\"WiringPi Obsol\u00e8te - workboot\",\"isPartOf\":{\"@id\":\"https:\\\/\\\/workboot.fr\\\/ciela\\\/#website\"},\"primaryImageOfPage\":{\"@id\":\"https:\\\/\\\/workboot.fr\\\/ciela\\\/wiringpi\\\/#primaryimage\"},\"image\":{\"@id\":\"https:\\\/\\\/workboot.fr\\\/ciela\\\/wiringpi\\\/#primaryimage\"},\"thumbnailUrl\":\"https:\\\/\\\/workboot.fr\\\/ciela\\\/wp-content\\\/uploads\\\/2025\\\/07\\\/rpi3_connect.png\",\"datePublished\":\"2025-07-25T13:58:18+00:00\",\"dateModified\":\"2025-07-29T08:55:56+00:00\",\"inLanguage\":\"fr-FR\",\"potentialAction\":[{\"@type\":\"ReadAction\",\"target\":[\"https:\\\/\\\/workboot.fr\\\/ciela\\\/wiringpi\\\/\"]}]},{\"@type\":\"ImageObject\",\"inLanguage\":\"fr-FR\",\"@id\":\"https:\\\/\\\/workboot.fr\\\/ciela\\\/wiringpi\\\/#primaryimage\",\"url\":\"https:\\\/\\\/workboot.fr\\\/ciela\\\/wp-content\\\/uploads\\\/2025\\\/07\\\/rpi3_connect.png\",\"contentUrl\":\"https:\\\/\\\/workboot.fr\\\/ciela\\\/wp-content\\\/uploads\\\/2025\\\/07\\\/rpi3_connect.png\",\"width\":500,\"height\":907},{\"@type\":\"WebSite\",\"@id\":\"https:\\\/\\\/workboot.fr\\\/ciela\\\/#website\",\"url\":\"https:\\\/\\\/workboot.fr\\\/ciela\\\/\",\"name\":\"workboot\",\"description\":\"Open Source, Open Minds \",\"publisher\":{\"@id\":\"https:\\\/\\\/workboot.fr\\\/ciela\\\/#organization\"},\"potentialAction\":[{\"@type\":\"SearchAction\",\"target\":{\"@type\":\"EntryPoint\",\"urlTemplate\":\"https:\\\/\\\/workboot.fr\\\/ciela\\\/?s={search_term_string}\"},\"query-input\":{\"@type\":\"PropertyValueSpecification\",\"valueRequired\":true,\"valueName\":\"search_term_string\"}}],\"inLanguage\":\"fr-FR\"},{\"@type\":\"Organization\",\"@id\":\"https:\\\/\\\/workboot.fr\\\/ciela\\\/#organization\",\"name\":\"workboot\",\"url\":\"https:\\\/\\\/workboot.fr\\\/ciela\\\/\",\"logo\":{\"@type\":\"ImageObject\",\"inLanguage\":\"fr-FR\",\"@id\":\"https:\\\/\\\/workboot.fr\\\/ciela\\\/#\\\/schema\\\/logo\\\/image\\\/\",\"url\":\"https:\\\/\\\/workboot.fr\\\/ciela\\\/wp-content\\\/uploads\\\/2025\\\/05\\\/logo_ciel-dorian-1.png\",\"contentUrl\":\"https:\\\/\\\/workboot.fr\\\/ciela\\\/wp-content\\\/uploads\\\/2025\\\/05\\\/logo_ciel-dorian-1.png\",\"width\":1024,\"height\":950,\"caption\":\"workboot\"},\"image\":{\"@id\":\"https:\\\/\\\/workboot.fr\\\/ciela\\\/#\\\/schema\\\/logo\\\/image\\\/\"}}]}<\/script>\n<!-- \/ Yoast SEO plugin. -->","yoast_head_json":{"title":"WiringPi Obsol\u00e8te - workboot","robots":{"index":"index","follow":"follow","max-snippet":"max-snippet:-1","max-image-preview":"max-image-preview:large","max-video-preview":"max-video-preview:-1"},"canonical":"https:\/\/workboot.fr\/ciela\/wiringpi\/","og_locale":"fr_FR","og_type":"article","og_title":"WiringPi Obsol\u00e8te - workboot","og_description":"WiringPi est une biblioth\u00e8que logicielle open-source pour le Raspberry Pi, \u00e9crite en C, qui permet de contr\u00f4ler facilement les GPIO (General Purpose Input\/Output) et d&rsquo;autres interfaces mat\u00e9rielles (I2C, SPI, UART, [&hellip;]","og_url":"https:\/\/workboot.fr\/ciela\/wiringpi\/","og_site_name":"workboot","article_modified_time":"2025-07-29T08:55:56+00:00","og_image":[{"width":500,"height":907,"url":"https:\/\/workboot.fr\/ciela\/wp-content\/uploads\/2025\/07\/rpi3_connect.png","type":"image\/png"}],"twitter_misc":{"Dur\u00e9e de lecture estim\u00e9e":"2 minutes"},"schema":{"@context":"https:\/\/schema.org","@graph":[{"@type":"WebPage","@id":"https:\/\/workboot.fr\/ciela\/wiringpi\/","url":"https:\/\/workboot.fr\/ciela\/wiringpi\/","name":"WiringPi Obsol\u00e8te - workboot","isPartOf":{"@id":"https:\/\/workboot.fr\/ciela\/#website"},"primaryImageOfPage":{"@id":"https:\/\/workboot.fr\/ciela\/wiringpi\/#primaryimage"},"image":{"@id":"https:\/\/workboot.fr\/ciela\/wiringpi\/#primaryimage"},"thumbnailUrl":"https:\/\/workboot.fr\/ciela\/wp-content\/uploads\/2025\/07\/rpi3_connect.png","datePublished":"2025-07-25T13:58:18+00:00","dateModified":"2025-07-29T08:55:56+00:00","inLanguage":"fr-FR","potentialAction":[{"@type":"ReadAction","target":["https:\/\/workboot.fr\/ciela\/wiringpi\/"]}]},{"@type":"ImageObject","inLanguage":"fr-FR","@id":"https:\/\/workboot.fr\/ciela\/wiringpi\/#primaryimage","url":"https:\/\/workboot.fr\/ciela\/wp-content\/uploads\/2025\/07\/rpi3_connect.png","contentUrl":"https:\/\/workboot.fr\/ciela\/wp-content\/uploads\/2025\/07\/rpi3_connect.png","width":500,"height":907},{"@type":"WebSite","@id":"https:\/\/workboot.fr\/ciela\/#website","url":"https:\/\/workboot.fr\/ciela\/","name":"workboot","description":"Open Source, Open Minds ","publisher":{"@id":"https:\/\/workboot.fr\/ciela\/#organization"},"potentialAction":[{"@type":"SearchAction","target":{"@type":"EntryPoint","urlTemplate":"https:\/\/workboot.fr\/ciela\/?s={search_term_string}"},"query-input":{"@type":"PropertyValueSpecification","valueRequired":true,"valueName":"search_term_string"}}],"inLanguage":"fr-FR"},{"@type":"Organization","@id":"https:\/\/workboot.fr\/ciela\/#organization","name":"workboot","url":"https:\/\/workboot.fr\/ciela\/","logo":{"@type":"ImageObject","inLanguage":"fr-FR","@id":"https:\/\/workboot.fr\/ciela\/#\/schema\/logo\/image\/","url":"https:\/\/workboot.fr\/ciela\/wp-content\/uploads\/2025\/05\/logo_ciel-dorian-1.png","contentUrl":"https:\/\/workboot.fr\/ciela\/wp-content\/uploads\/2025\/05\/logo_ciel-dorian-1.png","width":1024,"height":950,"caption":"workboot"},"image":{"@id":"https:\/\/workboot.fr\/ciela\/#\/schema\/logo\/image\/"}}]}},"uagb_featured_image_src":{"full":false,"thumbnail":false,"medium":false,"medium_large":false,"large":false,"1536x1536":false,"2048x2048":false},"uagb_author_info":{"display_name":"admin","author_link":"https:\/\/workboot.fr\/ciela\/author\/admin\/"},"uagb_comment_info":0,"uagb_excerpt":"WiringPi est une biblioth\u00e8que logicielle open-source pour le Raspberry Pi, \u00e9crite en C, qui permet de contr\u00f4ler facilement les GPIO (General Purpose Input\/Output) et d&rsquo;autres interfaces mat\u00e9rielles (I2C, SPI, UART, [&hellip;]","_links":{"self":[{"href":"https:\/\/workboot.fr\/ciela\/wp-json\/wp\/v2\/pages\/2830","targetHints":{"allow":["GET"]}}],"collection":[{"href":"https:\/\/workboot.fr\/ciela\/wp-json\/wp\/v2\/pages"}],"about":[{"href":"https:\/\/workboot.fr\/ciela\/wp-json\/wp\/v2\/types\/page"}],"author":[{"embeddable":true,"href":"https:\/\/workboot.fr\/ciela\/wp-json\/wp\/v2\/users\/1"}],"replies":[{"embeddable":true,"href":"https:\/\/workboot.fr\/ciela\/wp-json\/wp\/v2\/comments?post=2830"}],"version-history":[{"count":9,"href":"https:\/\/workboot.fr\/ciela\/wp-json\/wp\/v2\/pages\/2830\/revisions"}],"predecessor-version":[{"id":3242,"href":"https:\/\/workboot.fr\/ciela\/wp-json\/wp\/v2\/pages\/2830\/revisions\/3242"}],"wp:attachment":[{"href":"https:\/\/workboot.fr\/ciela\/wp-json\/wp\/v2\/media?parent=2830"}],"curies":[{"name":"wp","href":"https:\/\/api.w.org\/{rel}","templated":true}]}}