{"id":3043,"date":"2025-07-27T15:43:12","date_gmt":"2025-07-27T14:43:12","guid":{"rendered":"https:\/\/workboot.fr\/ciela\/?page_id=3043"},"modified":"2025-11-19T11:01:35","modified_gmt":"2025-11-19T10:01:35","slug":"relais-ils","status":"publish","type":"page","link":"https:\/\/workboot.fr\/ciela\/relais-ils\/","title":{"rendered":"Relais ILS"},"content":{"rendered":"\n<p class=\"wp-block-paragraph\"><mark style=\"background-color:rgba(0, 0, 0, 0)\" class=\"has-inline-color has-vivid-red-color\">I<\/mark>nterrupteur \u00e0<mark style=\"background-color:rgba(0, 0, 0, 0)\" class=\"has-inline-color has-vivid-red-color\"> L<\/mark>ame <mark style=\"background-color:rgba(0, 0, 0, 0)\" class=\"has-inline-color has-vivid-red-color\">S<\/mark>ouple<\/p>\n\n\n\n<figure class=\"wp-block-image size-full\"><a href=\"https:\/\/workboot.fr\/ciela\/wp-content\/uploads\/2025\/07\/Reed-relais-ani.gif\"><img loading=\"lazy\" decoding=\"async\" width=\"258\" height=\"153\" src=\"https:\/\/workboot.fr\/ciela\/wp-content\/uploads\/2025\/07\/Reed-relais-ani.gif\" alt=\"\" class=\"wp-image-3042\"\/><\/a><\/figure>\n\n\n\n<p class=\"wp-block-paragraph\">Les lames en mat\u00e9riau ferromagn\u00e9tique se ferme \u00e0 la proximit\u00e9 d&rsquo;un champ magn\u00e9tique<\/p>\n\n\n\n<p class=\"wp-block-paragraph\">C&rsquo;est un capteur en tout ou rien de champ magn\u00e9tique :<\/p>\n\n\n\n<h3 class=\"wp-block-heading\">Exemples d&rsquo;applications :<\/h3>\n\n\n\n<ul class=\"wp-block-list\">\n<li>il peut servir a d\u00e9tecter une fermeture de portes ou fen\u00eatres en domotique , syst\u00e8me d&rsquo;alarme<\/li>\n\n\n\n<li>Sur un v\u00e9lo compter le passage d&rsquo;un aimant en le pla\u00e7ant sur le rayon d&rsquo;une roue , et l&rsquo;ILS sur le cadre du v\u00e9lo. et en d\u00e9duire le nombre de km parcouru et la vitesse du v\u00e9lo.<\/li>\n\n\n\n<li>Dans une voiture pour un ABS<\/li>\n<\/ul>\n","protected":false},"excerpt":{"rendered":"<p>Interrupteur \u00e0 Lame Souple Les lames en mat\u00e9riau ferromagn\u00e9tique se ferme \u00e0 la proximit\u00e9 d&rsquo;un champ magn\u00e9tique C&rsquo;est un capteur en tout ou rien de champ magn\u00e9tique : Exemples d&rsquo;applications [&hellip;]<\/p>\n","protected":false},"author":1,"featured_media":0,"parent":0,"menu_order":0,"comment_status":"closed","ping_status":"closed","template":"","meta":{"_crdt_document":"","_uag_custom_page_level_css":"","footnotes":""},"class_list":["post-3043","page","type-page","status-publish","hentry"],"yoast_head":"<!-- This site is optimized with the Yoast SEO plugin v27.3 - https:\/\/yoast.com\/product\/yoast-seo-wordpress\/ -->\n<title>Relais ILS - workboot<\/title>\n<meta name=\"robots\" content=\"index, follow, max-snippet:-1, max-image-preview:large, max-video-preview:-1\" \/>\n<link rel=\"canonical\" href=\"https:\/\/workboot.fr\/ciela\/relais-ils\/\" \/>\n<meta property=\"og:locale\" content=\"fr_FR\" \/>\n<meta property=\"og:type\" content=\"article\" \/>\n<meta property=\"og:title\" content=\"Relais ILS - workboot\" \/>\n<meta property=\"og:description\" content=\"Interrupteur \u00e0 Lame Souple Les lames en mat\u00e9riau ferromagn\u00e9tique se ferme \u00e0 la proximit\u00e9 d&rsquo;un champ magn\u00e9tique C&rsquo;est un capteur en tout ou rien de champ magn\u00e9tique : Exemples d&rsquo;applications [&hellip;]\" \/>\n<meta property=\"og:url\" content=\"https:\/\/workboot.fr\/ciela\/relais-ils\/\" \/>\n<meta property=\"og:site_name\" content=\"workboot\" \/>\n<meta property=\"article:modified_time\" content=\"2025-11-19T10:01:35+00:00\" \/>\n<meta property=\"og:image\" content=\"https:\/\/workboot.fr\/ciela\/wp-content\/uploads\/2025\/07\/Reed-relais-ani.gif\" \/>\n\t<meta property=\"og:image:width\" content=\"258\" \/>\n\t<meta property=\"og:image:height\" content=\"153\" \/>\n\t<meta property=\"og:image:type\" content=\"image\/gif\" \/>\n<meta name=\"twitter:label1\" content=\"Dur\u00e9e de lecture estim\u00e9e\" \/>\n\t<meta name=\"twitter:data1\" content=\"1 minute\" \/>\n<script type=\"application\/ld+json\" class=\"yoast-schema-graph\">{\"@context\":\"https:\\\/\\\/schema.org\",\"@graph\":[{\"@type\":\"WebPage\",\"@id\":\"https:\\\/\\\/workboot.fr\\\/ciela\\\/relais-ils\\\/\",\"url\":\"https:\\\/\\\/workboot.fr\\\/ciela\\\/relais-ils\\\/\",\"name\":\"Relais ILS - workboot\",\"isPartOf\":{\"@id\":\"https:\\\/\\\/workboot.fr\\\/ciela\\\/#website\"},\"primaryImageOfPage\":{\"@id\":\"https:\\\/\\\/workboot.fr\\\/ciela\\\/relais-ils\\\/#primaryimage\"},\"image\":{\"@id\":\"https:\\\/\\\/workboot.fr\\\/ciela\\\/relais-ils\\\/#primaryimage\"},\"thumbnailUrl\":\"https:\\\/\\\/workboot.fr\\\/ciela\\\/wp-content\\\/uploads\\\/2025\\\/07\\\/Reed-relais-ani.gif\",\"datePublished\":\"2025-07-27T14:43:12+00:00\",\"dateModified\":\"2025-11-19T10:01:35+00:00\",\"inLanguage\":\"fr-FR\",\"potentialAction\":[{\"@type\":\"ReadAction\",\"target\":[\"https:\\\/\\\/workboot.fr\\\/ciela\\\/relais-ils\\\/\"]}]},{\"@type\":\"ImageObject\",\"inLanguage\":\"fr-FR\",\"@id\":\"https:\\\/\\\/workboot.fr\\\/ciela\\\/relais-ils\\\/#primaryimage\",\"url\":\"https:\\\/\\\/workboot.fr\\\/ciela\\\/wp-content\\\/uploads\\\/2025\\\/07\\\/Reed-relais-ani.gif\",\"contentUrl\":\"https:\\\/\\\/workboot.fr\\\/ciela\\\/wp-content\\\/uploads\\\/2025\\\/07\\\/Reed-relais-ani.gif\",\"width\":258,\"height\":153},{\"@type\":\"WebSite\",\"@id\":\"https:\\\/\\\/workboot.fr\\\/ciela\\\/#website\",\"url\":\"https:\\\/\\\/workboot.fr\\\/ciela\\\/\",\"name\":\"workboot\",\"description\":\"Open Source, Open Minds \",\"publisher\":{\"@id\":\"https:\\\/\\\/workboot.fr\\\/ciela\\\/#organization\"},\"potentialAction\":[{\"@type\":\"SearchAction\",\"target\":{\"@type\":\"EntryPoint\",\"urlTemplate\":\"https:\\\/\\\/workboot.fr\\\/ciela\\\/?s={search_term_string}\"},\"query-input\":{\"@type\":\"PropertyValueSpecification\",\"valueRequired\":true,\"valueName\":\"search_term_string\"}}],\"inLanguage\":\"fr-FR\"},{\"@type\":\"Organization\",\"@id\":\"https:\\\/\\\/workboot.fr\\\/ciela\\\/#organization\",\"name\":\"workboot\",\"url\":\"https:\\\/\\\/workboot.fr\\\/ciela\\\/\",\"logo\":{\"@type\":\"ImageObject\",\"inLanguage\":\"fr-FR\",\"@id\":\"https:\\\/\\\/workboot.fr\\\/ciela\\\/#\\\/schema\\\/logo\\\/image\\\/\",\"url\":\"https:\\\/\\\/workboot.fr\\\/ciela\\\/wp-content\\\/uploads\\\/2025\\\/05\\\/logo_ciel-dorian-1.png\",\"contentUrl\":\"https:\\\/\\\/workboot.fr\\\/ciela\\\/wp-content\\\/uploads\\\/2025\\\/05\\\/logo_ciel-dorian-1.png\",\"width\":1024,\"height\":950,\"caption\":\"workboot\"},\"image\":{\"@id\":\"https:\\\/\\\/workboot.fr\\\/ciela\\\/#\\\/schema\\\/logo\\\/image\\\/\"}}]}<\/script>\n<!-- \/ Yoast SEO plugin. -->","yoast_head_json":{"title":"Relais ILS - workboot","robots":{"index":"index","follow":"follow","max-snippet":"max-snippet:-1","max-image-preview":"max-image-preview:large","max-video-preview":"max-video-preview:-1"},"canonical":"https:\/\/workboot.fr\/ciela\/relais-ils\/","og_locale":"fr_FR","og_type":"article","og_title":"Relais ILS - workboot","og_description":"Interrupteur \u00e0 Lame Souple Les lames en mat\u00e9riau ferromagn\u00e9tique se ferme \u00e0 la proximit\u00e9 d&rsquo;un champ magn\u00e9tique C&rsquo;est un capteur en tout ou rien de champ magn\u00e9tique : Exemples d&rsquo;applications [&hellip;]","og_url":"https:\/\/workboot.fr\/ciela\/relais-ils\/","og_site_name":"workboot","article_modified_time":"2025-11-19T10:01:35+00:00","og_image":[{"width":258,"height":153,"url":"https:\/\/workboot.fr\/ciela\/wp-content\/uploads\/2025\/07\/Reed-relais-ani.gif","type":"image\/gif"}],"twitter_misc":{"Dur\u00e9e de lecture estim\u00e9e":"1 minute"},"schema":{"@context":"https:\/\/schema.org","@graph":[{"@type":"WebPage","@id":"https:\/\/workboot.fr\/ciela\/relais-ils\/","url":"https:\/\/workboot.fr\/ciela\/relais-ils\/","name":"Relais ILS - workboot","isPartOf":{"@id":"https:\/\/workboot.fr\/ciela\/#website"},"primaryImageOfPage":{"@id":"https:\/\/workboot.fr\/ciela\/relais-ils\/#primaryimage"},"image":{"@id":"https:\/\/workboot.fr\/ciela\/relais-ils\/#primaryimage"},"thumbnailUrl":"https:\/\/workboot.fr\/ciela\/wp-content\/uploads\/2025\/07\/Reed-relais-ani.gif","datePublished":"2025-07-27T14:43:12+00:00","dateModified":"2025-11-19T10:01:35+00:00","inLanguage":"fr-FR","potentialAction":[{"@type":"ReadAction","target":["https:\/\/workboot.fr\/ciela\/relais-ils\/"]}]},{"@type":"ImageObject","inLanguage":"fr-FR","@id":"https:\/\/workboot.fr\/ciela\/relais-ils\/#primaryimage","url":"https:\/\/workboot.fr\/ciela\/wp-content\/uploads\/2025\/07\/Reed-relais-ani.gif","contentUrl":"https:\/\/workboot.fr\/ciela\/wp-content\/uploads\/2025\/07\/Reed-relais-ani.gif","width":258,"height":153},{"@type":"WebSite","@id":"https:\/\/workboot.fr\/ciela\/#website","url":"https:\/\/workboot.fr\/ciela\/","name":"workboot","description":"Open Source, Open Minds ","publisher":{"@id":"https:\/\/workboot.fr\/ciela\/#organization"},"potentialAction":[{"@type":"SearchAction","target":{"@type":"EntryPoint","urlTemplate":"https:\/\/workboot.fr\/ciela\/?s={search_term_string}"},"query-input":{"@type":"PropertyValueSpecification","valueRequired":true,"valueName":"search_term_string"}}],"inLanguage":"fr-FR"},{"@type":"Organization","@id":"https:\/\/workboot.fr\/ciela\/#organization","name":"workboot","url":"https:\/\/workboot.fr\/ciela\/","logo":{"@type":"ImageObject","inLanguage":"fr-FR","@id":"https:\/\/workboot.fr\/ciela\/#\/schema\/logo\/image\/","url":"https:\/\/workboot.fr\/ciela\/wp-content\/uploads\/2025\/05\/logo_ciel-dorian-1.png","contentUrl":"https:\/\/workboot.fr\/ciela\/wp-content\/uploads\/2025\/05\/logo_ciel-dorian-1.png","width":1024,"height":950,"caption":"workboot"},"image":{"@id":"https:\/\/workboot.fr\/ciela\/#\/schema\/logo\/image\/"}}]}},"uagb_featured_image_src":{"full":false,"thumbnail":false,"medium":false,"medium_large":false,"large":false,"1536x1536":false,"2048x2048":false},"uagb_author_info":{"display_name":"admin","author_link":"https:\/\/workboot.fr\/ciela\/author\/admin\/"},"uagb_comment_info":0,"uagb_excerpt":"Interrupteur \u00e0 Lame Souple Les lames en mat\u00e9riau ferromagn\u00e9tique se ferme \u00e0 la proximit\u00e9 d&rsquo;un champ magn\u00e9tique C&rsquo;est un capteur en tout ou rien de champ magn\u00e9tique : Exemples d&rsquo;applications [&hellip;]","_links":{"self":[{"href":"https:\/\/workboot.fr\/ciela\/wp-json\/wp\/v2\/pages\/3043","targetHints":{"allow":["GET"]}}],"collection":[{"href":"https:\/\/workboot.fr\/ciela\/wp-json\/wp\/v2\/pages"}],"about":[{"href":"https:\/\/workboot.fr\/ciela\/wp-json\/wp\/v2\/types\/page"}],"author":[{"embeddable":true,"href":"https:\/\/workboot.fr\/ciela\/wp-json\/wp\/v2\/users\/1"}],"replies":[{"embeddable":true,"href":"https:\/\/workboot.fr\/ciela\/wp-json\/wp\/v2\/comments?post=3043"}],"version-history":[{"count":5,"href":"https:\/\/workboot.fr\/ciela\/wp-json\/wp\/v2\/pages\/3043\/revisions"}],"predecessor-version":[{"id":5210,"href":"https:\/\/workboot.fr\/ciela\/wp-json\/wp\/v2\/pages\/3043\/revisions\/5210"}],"wp:attachment":[{"href":"https:\/\/workboot.fr\/ciela\/wp-json\/wp\/v2\/media?parent=3043"}],"curies":[{"name":"wp","href":"https:\/\/api.w.org\/{rel}","templated":true}]}}