{"id":3047,"date":"2025-07-27T15:50:04","date_gmt":"2025-07-27T14:50:04","guid":{"rendered":"https:\/\/workboot.fr\/ciela\/?page_id=3047"},"modified":"2025-11-19T11:09:04","modified_gmt":"2025-11-19T10:09:04","slug":"relais-electromagnetique","status":"publish","type":"page","link":"https:\/\/workboot.fr\/ciela\/relais-electromagnetique\/","title":{"rendered":"Relais \u00e9lectromagn\u00e9tique"},"content":{"rendered":"\n<p class=\"wp-block-paragraph\">Permet de piloter un appareil de puissance avec une isolation galvanique.<\/p>\n\n\n\n<p class=\"wp-block-paragraph\">Un syst\u00e8me basse tension , comme un microcontr\u00f4leur ou plus sophistiqu\u00e9 un SOC peut piloter une charge de puissance comme un radiateur, un moteur ..etc..<\/p>\n\n\n\n<p class=\"wp-block-paragraph\">Wikipedia du Relais \u00e9lectromagn\u00e9tique:<\/p>\n\n\n\n<p class=\"wp-block-paragraph\"><a href=\"https:\/\/fr.wikipedia.org\/wiki\/Relais_%C3%A9lectrom%C3%A9canique\">https:\/\/fr.wikipedia.org\/wiki\/Relais_%C3%A9lectrom%C3%A9canique<\/a><\/p>\n\n\n\n<p class=\"wp-block-paragraph\">Circuit basse tension pilotant un circuit haute tension.<\/p>\n\n\n<div class=\"wp-block-image\">\n<figure class=\"aligncenter size-full\"><a href=\"https:\/\/workboot.fr\/ciela\/wp-content\/uploads\/2025\/11\/how-a-relay-works_large.webp\"><img loading=\"lazy\" decoding=\"async\" width=\"400\" height=\"222\" src=\"https:\/\/workboot.fr\/ciela\/wp-content\/uploads\/2025\/11\/how-a-relay-works_large.webp\" alt=\"\" class=\"wp-image-5211\" srcset=\"https:\/\/workboot.fr\/ciela\/wp-content\/uploads\/2025\/11\/how-a-relay-works_large.webp 400w, https:\/\/workboot.fr\/ciela\/wp-content\/uploads\/2025\/11\/how-a-relay-works_large-300x167.webp 300w\" sizes=\"auto, (max-width: 400px) 100vw, 400px\" \/><\/a><\/figure>\n<\/div>\n\n\n<p class=\"wp-block-paragraph\">Un arduino peut piloter un Moteur 230V par interm\u00e9diaire d&rsquo;un RELAIS<\/p>\n\n\n\n<p class=\"wp-block-paragraph\">Sans mettre en danger l&rsquo;utilisateur ou l&rsquo;arduino !<\/p>\n","protected":false},"excerpt":{"rendered":"<p>Permet de piloter un appareil de puissance avec une isolation galvanique. Un syst\u00e8me basse tension , comme un microcontr\u00f4leur ou plus sophistiqu\u00e9 un SOC peut piloter une charge de puissance [&hellip;]<\/p>\n","protected":false},"author":1,"featured_media":0,"parent":0,"menu_order":0,"comment_status":"closed","ping_status":"closed","template":"","meta":{"_crdt_document":"","_uag_custom_page_level_css":"","footnotes":""},"class_list":["post-3047","page","type-page","status-publish","hentry"],"yoast_head":"<!-- This site is optimized with the Yoast SEO plugin v27.3 - https:\/\/yoast.com\/product\/yoast-seo-wordpress\/ -->\n<title>Relais \u00e9lectromagn\u00e9tique - workboot<\/title>\n<meta name=\"robots\" content=\"index, follow, max-snippet:-1, max-image-preview:large, max-video-preview:-1\" \/>\n<link rel=\"canonical\" href=\"https:\/\/workboot.fr\/ciela\/relais-electromagnetique\/\" \/>\n<meta property=\"og:locale\" content=\"fr_FR\" \/>\n<meta property=\"og:type\" content=\"article\" \/>\n<meta property=\"og:title\" content=\"Relais \u00e9lectromagn\u00e9tique - workboot\" \/>\n<meta property=\"og:description\" content=\"Permet de piloter un appareil de puissance avec une isolation galvanique. Un syst\u00e8me basse tension , comme un microcontr\u00f4leur ou plus sophistiqu\u00e9 un SOC peut piloter une charge de puissance [&hellip;]\" \/>\n<meta property=\"og:url\" content=\"https:\/\/workboot.fr\/ciela\/relais-electromagnetique\/\" \/>\n<meta property=\"og:site_name\" content=\"workboot\" \/>\n<meta property=\"article:modified_time\" content=\"2025-11-19T10:09:04+00:00\" \/>\n<meta property=\"og:image\" content=\"https:\/\/workboot.fr\/ciela\/wp-content\/uploads\/2025\/11\/how-a-relay-works_large.webp\" \/>\n\t<meta property=\"og:image:width\" content=\"400\" \/>\n\t<meta property=\"og:image:height\" content=\"222\" \/>\n\t<meta property=\"og:image:type\" content=\"image\/webp\" \/>\n<meta name=\"twitter:label1\" content=\"Dur\u00e9e de lecture estim\u00e9e\" \/>\n\t<meta name=\"twitter:data1\" content=\"1 minute\" \/>\n<script type=\"application\/ld+json\" class=\"yoast-schema-graph\">{\"@context\":\"https:\\\/\\\/schema.org\",\"@graph\":[{\"@type\":\"WebPage\",\"@id\":\"https:\\\/\\\/workboot.fr\\\/ciela\\\/relais-electromagnetique\\\/\",\"url\":\"https:\\\/\\\/workboot.fr\\\/ciela\\\/relais-electromagnetique\\\/\",\"name\":\"Relais \u00e9lectromagn\u00e9tique - workboot\",\"isPartOf\":{\"@id\":\"https:\\\/\\\/workboot.fr\\\/ciela\\\/#website\"},\"primaryImageOfPage\":{\"@id\":\"https:\\\/\\\/workboot.fr\\\/ciela\\\/relais-electromagnetique\\\/#primaryimage\"},\"image\":{\"@id\":\"https:\\\/\\\/workboot.fr\\\/ciela\\\/relais-electromagnetique\\\/#primaryimage\"},\"thumbnailUrl\":\"https:\\\/\\\/workboot.fr\\\/ciela\\\/wp-content\\\/uploads\\\/2025\\\/11\\\/how-a-relay-works_large.webp\",\"datePublished\":\"2025-07-27T14:50:04+00:00\",\"dateModified\":\"2025-11-19T10:09:04+00:00\",\"inLanguage\":\"fr-FR\",\"potentialAction\":[{\"@type\":\"ReadAction\",\"target\":[\"https:\\\/\\\/workboot.fr\\\/ciela\\\/relais-electromagnetique\\\/\"]}]},{\"@type\":\"ImageObject\",\"inLanguage\":\"fr-FR\",\"@id\":\"https:\\\/\\\/workboot.fr\\\/ciela\\\/relais-electromagnetique\\\/#primaryimage\",\"url\":\"https:\\\/\\\/workboot.fr\\\/ciela\\\/wp-content\\\/uploads\\\/2025\\\/11\\\/how-a-relay-works_large.webp\",\"contentUrl\":\"https:\\\/\\\/workboot.fr\\\/ciela\\\/wp-content\\\/uploads\\\/2025\\\/11\\\/how-a-relay-works_large.webp\",\"width\":400,\"height\":222},{\"@type\":\"WebSite\",\"@id\":\"https:\\\/\\\/workboot.fr\\\/ciela\\\/#website\",\"url\":\"https:\\\/\\\/workboot.fr\\\/ciela\\\/\",\"name\":\"workboot\",\"description\":\"Open Source, Open Minds \",\"publisher\":{\"@id\":\"https:\\\/\\\/workboot.fr\\\/ciela\\\/#organization\"},\"potentialAction\":[{\"@type\":\"SearchAction\",\"target\":{\"@type\":\"EntryPoint\",\"urlTemplate\":\"https:\\\/\\\/workboot.fr\\\/ciela\\\/?s={search_term_string}\"},\"query-input\":{\"@type\":\"PropertyValueSpecification\",\"valueRequired\":true,\"valueName\":\"search_term_string\"}}],\"inLanguage\":\"fr-FR\"},{\"@type\":\"Organization\",\"@id\":\"https:\\\/\\\/workboot.fr\\\/ciela\\\/#organization\",\"name\":\"workboot\",\"url\":\"https:\\\/\\\/workboot.fr\\\/ciela\\\/\",\"logo\":{\"@type\":\"ImageObject\",\"inLanguage\":\"fr-FR\",\"@id\":\"https:\\\/\\\/workboot.fr\\\/ciela\\\/#\\\/schema\\\/logo\\\/image\\\/\",\"url\":\"https:\\\/\\\/workboot.fr\\\/ciela\\\/wp-content\\\/uploads\\\/2025\\\/05\\\/logo_ciel-dorian-1.png\",\"contentUrl\":\"https:\\\/\\\/workboot.fr\\\/ciela\\\/wp-content\\\/uploads\\\/2025\\\/05\\\/logo_ciel-dorian-1.png\",\"width\":1024,\"height\":950,\"caption\":\"workboot\"},\"image\":{\"@id\":\"https:\\\/\\\/workboot.fr\\\/ciela\\\/#\\\/schema\\\/logo\\\/image\\\/\"}}]}<\/script>\n<!-- \/ Yoast SEO plugin. -->","yoast_head_json":{"title":"Relais \u00e9lectromagn\u00e9tique - workboot","robots":{"index":"index","follow":"follow","max-snippet":"max-snippet:-1","max-image-preview":"max-image-preview:large","max-video-preview":"max-video-preview:-1"},"canonical":"https:\/\/workboot.fr\/ciela\/relais-electromagnetique\/","og_locale":"fr_FR","og_type":"article","og_title":"Relais \u00e9lectromagn\u00e9tique - workboot","og_description":"Permet de piloter un appareil de puissance avec une isolation galvanique. Un syst\u00e8me basse tension , comme un microcontr\u00f4leur ou plus sophistiqu\u00e9 un SOC peut piloter une charge de puissance [&hellip;]","og_url":"https:\/\/workboot.fr\/ciela\/relais-electromagnetique\/","og_site_name":"workboot","article_modified_time":"2025-11-19T10:09:04+00:00","og_image":[{"width":400,"height":222,"url":"https:\/\/workboot.fr\/ciela\/wp-content\/uploads\/2025\/11\/how-a-relay-works_large.webp","type":"image\/webp"}],"twitter_misc":{"Dur\u00e9e de lecture estim\u00e9e":"1 minute"},"schema":{"@context":"https:\/\/schema.org","@graph":[{"@type":"WebPage","@id":"https:\/\/workboot.fr\/ciela\/relais-electromagnetique\/","url":"https:\/\/workboot.fr\/ciela\/relais-electromagnetique\/","name":"Relais \u00e9lectromagn\u00e9tique - workboot","isPartOf":{"@id":"https:\/\/workboot.fr\/ciela\/#website"},"primaryImageOfPage":{"@id":"https:\/\/workboot.fr\/ciela\/relais-electromagnetique\/#primaryimage"},"image":{"@id":"https:\/\/workboot.fr\/ciela\/relais-electromagnetique\/#primaryimage"},"thumbnailUrl":"https:\/\/workboot.fr\/ciela\/wp-content\/uploads\/2025\/11\/how-a-relay-works_large.webp","datePublished":"2025-07-27T14:50:04+00:00","dateModified":"2025-11-19T10:09:04+00:00","inLanguage":"fr-FR","potentialAction":[{"@type":"ReadAction","target":["https:\/\/workboot.fr\/ciela\/relais-electromagnetique\/"]}]},{"@type":"ImageObject","inLanguage":"fr-FR","@id":"https:\/\/workboot.fr\/ciela\/relais-electromagnetique\/#primaryimage","url":"https:\/\/workboot.fr\/ciela\/wp-content\/uploads\/2025\/11\/how-a-relay-works_large.webp","contentUrl":"https:\/\/workboot.fr\/ciela\/wp-content\/uploads\/2025\/11\/how-a-relay-works_large.webp","width":400,"height":222},{"@type":"WebSite","@id":"https:\/\/workboot.fr\/ciela\/#website","url":"https:\/\/workboot.fr\/ciela\/","name":"workboot","description":"Open Source, Open Minds ","publisher":{"@id":"https:\/\/workboot.fr\/ciela\/#organization"},"potentialAction":[{"@type":"SearchAction","target":{"@type":"EntryPoint","urlTemplate":"https:\/\/workboot.fr\/ciela\/?s={search_term_string}"},"query-input":{"@type":"PropertyValueSpecification","valueRequired":true,"valueName":"search_term_string"}}],"inLanguage":"fr-FR"},{"@type":"Organization","@id":"https:\/\/workboot.fr\/ciela\/#organization","name":"workboot","url":"https:\/\/workboot.fr\/ciela\/","logo":{"@type":"ImageObject","inLanguage":"fr-FR","@id":"https:\/\/workboot.fr\/ciela\/#\/schema\/logo\/image\/","url":"https:\/\/workboot.fr\/ciela\/wp-content\/uploads\/2025\/05\/logo_ciel-dorian-1.png","contentUrl":"https:\/\/workboot.fr\/ciela\/wp-content\/uploads\/2025\/05\/logo_ciel-dorian-1.png","width":1024,"height":950,"caption":"workboot"},"image":{"@id":"https:\/\/workboot.fr\/ciela\/#\/schema\/logo\/image\/"}}]}},"uagb_featured_image_src":{"full":false,"thumbnail":false,"medium":false,"medium_large":false,"large":false,"1536x1536":false,"2048x2048":false},"uagb_author_info":{"display_name":"admin","author_link":"https:\/\/workboot.fr\/ciela\/author\/admin\/"},"uagb_comment_info":0,"uagb_excerpt":"Permet de piloter un appareil de puissance avec une isolation galvanique. Un syst\u00e8me basse tension , comme un microcontr\u00f4leur ou plus sophistiqu\u00e9 un SOC peut piloter une charge de puissance [&hellip;]","_links":{"self":[{"href":"https:\/\/workboot.fr\/ciela\/wp-json\/wp\/v2\/pages\/3047","targetHints":{"allow":["GET"]}}],"collection":[{"href":"https:\/\/workboot.fr\/ciela\/wp-json\/wp\/v2\/pages"}],"about":[{"href":"https:\/\/workboot.fr\/ciela\/wp-json\/wp\/v2\/types\/page"}],"author":[{"embeddable":true,"href":"https:\/\/workboot.fr\/ciela\/wp-json\/wp\/v2\/users\/1"}],"replies":[{"embeddable":true,"href":"https:\/\/workboot.fr\/ciela\/wp-json\/wp\/v2\/comments?post=3047"}],"version-history":[{"count":4,"href":"https:\/\/workboot.fr\/ciela\/wp-json\/wp\/v2\/pages\/3047\/revisions"}],"predecessor-version":[{"id":5215,"href":"https:\/\/workboot.fr\/ciela\/wp-json\/wp\/v2\/pages\/3047\/revisions\/5215"}],"wp:attachment":[{"href":"https:\/\/workboot.fr\/ciela\/wp-json\/wp\/v2\/media?parent=3047"}],"curies":[{"name":"wp","href":"https:\/\/api.w.org\/{rel}","templated":true}]}}