{"id":3051,"date":"2025-07-27T15:53:29","date_gmt":"2025-07-27T14:53:29","guid":{"rendered":"https:\/\/workboot.fr\/ciela\/?page_id=3051"},"modified":"2025-07-27T15:53:30","modified_gmt":"2025-07-27T14:53:30","slug":"transducteurs","status":"publish","type":"page","link":"https:\/\/workboot.fr\/ciela\/transducteurs\/","title":{"rendered":"Transducteurs"},"content":{"rendered":"\n<p class=\"wp-block-paragraph\">Un&nbsp;<strong>transducteur<\/strong>&nbsp;est un dispositif qui convertit une forme d&rsquo;\u00e9nergie en une autre. Il peut \u00eatre :<\/p>\n\n\n\n<ul class=\"wp-block-list\">\n<li><strong>Capteur (entr\u00e9e)<\/strong>\u00a0: Convertit une grandeur physique (temp\u00e9rature, pression, lumi\u00e8re, etc.) en un signal \u00e9lectrique.<br><em>Exemple : Un microphone convertit le son (\u00e9nergie acoustique) en signal \u00e9lectrique.<\/em><\/li>\n\n\n\n<li><strong>Actionneur (sortie)<\/strong>\u00a0: Transforme un signal \u00e9lectrique en action physique (mouvement, chaleur, etc.).<br><em>Exemple : Un haut-parleur convertit un signal \u00e9lectrique en son.<\/em><\/li>\n<\/ul>\n","protected":false},"excerpt":{"rendered":"<p>Un&nbsp;transducteur&nbsp;est un dispositif qui convertit une forme d&rsquo;\u00e9nergie en une autre. Il peut \u00eatre :<\/p>\n","protected":false},"author":1,"featured_media":0,"parent":0,"menu_order":0,"comment_status":"closed","ping_status":"closed","template":"","meta":{"_crdt_document":"","_uag_custom_page_level_css":"","footnotes":""},"class_list":["post-3051","page","type-page","status-publish","hentry"],"yoast_head":"<!-- This site is optimized with the Yoast SEO plugin v27.3 - https:\/\/yoast.com\/product\/yoast-seo-wordpress\/ -->\n<title>Transducteurs - workboot<\/title>\n<meta name=\"robots\" content=\"index, follow, max-snippet:-1, max-image-preview:large, max-video-preview:-1\" \/>\n<link rel=\"canonical\" href=\"https:\/\/workboot.fr\/ciela\/transducteurs\/\" \/>\n<meta property=\"og:locale\" content=\"fr_FR\" \/>\n<meta property=\"og:type\" content=\"article\" \/>\n<meta property=\"og:title\" content=\"Transducteurs - workboot\" \/>\n<meta property=\"og:description\" content=\"Un&nbsp;transducteur&nbsp;est un dispositif qui convertit une forme d&rsquo;\u00e9nergie en une autre. Il peut \u00eatre :\" \/>\n<meta property=\"og:url\" content=\"https:\/\/workboot.fr\/ciela\/transducteurs\/\" \/>\n<meta property=\"og:site_name\" content=\"workboot\" \/>\n<meta property=\"article:modified_time\" content=\"2025-07-27T14:53:30+00:00\" \/>\n<meta name=\"twitter:label1\" content=\"Dur\u00e9e de lecture estim\u00e9e\" \/>\n\t<meta name=\"twitter:data1\" content=\"1 minute\" \/>\n<script type=\"application\/ld+json\" class=\"yoast-schema-graph\">{\"@context\":\"https:\\\/\\\/schema.org\",\"@graph\":[{\"@type\":\"WebPage\",\"@id\":\"https:\\\/\\\/workboot.fr\\\/ciela\\\/transducteurs\\\/\",\"url\":\"https:\\\/\\\/workboot.fr\\\/ciela\\\/transducteurs\\\/\",\"name\":\"Transducteurs - workboot\",\"isPartOf\":{\"@id\":\"https:\\\/\\\/workboot.fr\\\/ciela\\\/#website\"},\"datePublished\":\"2025-07-27T14:53:29+00:00\",\"dateModified\":\"2025-07-27T14:53:30+00:00\",\"inLanguage\":\"fr-FR\",\"potentialAction\":[{\"@type\":\"ReadAction\",\"target\":[\"https:\\\/\\\/workboot.fr\\\/ciela\\\/transducteurs\\\/\"]}]},{\"@type\":\"WebSite\",\"@id\":\"https:\\\/\\\/workboot.fr\\\/ciela\\\/#website\",\"url\":\"https:\\\/\\\/workboot.fr\\\/ciela\\\/\",\"name\":\"workboot\",\"description\":\"Open Source, Open Minds \",\"publisher\":{\"@id\":\"https:\\\/\\\/workboot.fr\\\/ciela\\\/#organization\"},\"potentialAction\":[{\"@type\":\"SearchAction\",\"target\":{\"@type\":\"EntryPoint\",\"urlTemplate\":\"https:\\\/\\\/workboot.fr\\\/ciela\\\/?s={search_term_string}\"},\"query-input\":{\"@type\":\"PropertyValueSpecification\",\"valueRequired\":true,\"valueName\":\"search_term_string\"}}],\"inLanguage\":\"fr-FR\"},{\"@type\":\"Organization\",\"@id\":\"https:\\\/\\\/workboot.fr\\\/ciela\\\/#organization\",\"name\":\"workboot\",\"url\":\"https:\\\/\\\/workboot.fr\\\/ciela\\\/\",\"logo\":{\"@type\":\"ImageObject\",\"inLanguage\":\"fr-FR\",\"@id\":\"https:\\\/\\\/workboot.fr\\\/ciela\\\/#\\\/schema\\\/logo\\\/image\\\/\",\"url\":\"https:\\\/\\\/workboot.fr\\\/ciela\\\/wp-content\\\/uploads\\\/2025\\\/05\\\/logo_ciel-dorian-1.png\",\"contentUrl\":\"https:\\\/\\\/workboot.fr\\\/ciela\\\/wp-content\\\/uploads\\\/2025\\\/05\\\/logo_ciel-dorian-1.png\",\"width\":1024,\"height\":950,\"caption\":\"workboot\"},\"image\":{\"@id\":\"https:\\\/\\\/workboot.fr\\\/ciela\\\/#\\\/schema\\\/logo\\\/image\\\/\"}}]}<\/script>\n<!-- \/ Yoast SEO plugin. -->","yoast_head_json":{"title":"Transducteurs - workboot","robots":{"index":"index","follow":"follow","max-snippet":"max-snippet:-1","max-image-preview":"max-image-preview:large","max-video-preview":"max-video-preview:-1"},"canonical":"https:\/\/workboot.fr\/ciela\/transducteurs\/","og_locale":"fr_FR","og_type":"article","og_title":"Transducteurs - workboot","og_description":"Un&nbsp;transducteur&nbsp;est un dispositif qui convertit une forme d&rsquo;\u00e9nergie en une autre. Il peut \u00eatre :","og_url":"https:\/\/workboot.fr\/ciela\/transducteurs\/","og_site_name":"workboot","article_modified_time":"2025-07-27T14:53:30+00:00","twitter_misc":{"Dur\u00e9e de lecture estim\u00e9e":"1 minute"},"schema":{"@context":"https:\/\/schema.org","@graph":[{"@type":"WebPage","@id":"https:\/\/workboot.fr\/ciela\/transducteurs\/","url":"https:\/\/workboot.fr\/ciela\/transducteurs\/","name":"Transducteurs - workboot","isPartOf":{"@id":"https:\/\/workboot.fr\/ciela\/#website"},"datePublished":"2025-07-27T14:53:29+00:00","dateModified":"2025-07-27T14:53:30+00:00","inLanguage":"fr-FR","potentialAction":[{"@type":"ReadAction","target":["https:\/\/workboot.fr\/ciela\/transducteurs\/"]}]},{"@type":"WebSite","@id":"https:\/\/workboot.fr\/ciela\/#website","url":"https:\/\/workboot.fr\/ciela\/","name":"workboot","description":"Open Source, Open Minds ","publisher":{"@id":"https:\/\/workboot.fr\/ciela\/#organization"},"potentialAction":[{"@type":"SearchAction","target":{"@type":"EntryPoint","urlTemplate":"https:\/\/workboot.fr\/ciela\/?s={search_term_string}"},"query-input":{"@type":"PropertyValueSpecification","valueRequired":true,"valueName":"search_term_string"}}],"inLanguage":"fr-FR"},{"@type":"Organization","@id":"https:\/\/workboot.fr\/ciela\/#organization","name":"workboot","url":"https:\/\/workboot.fr\/ciela\/","logo":{"@type":"ImageObject","inLanguage":"fr-FR","@id":"https:\/\/workboot.fr\/ciela\/#\/schema\/logo\/image\/","url":"https:\/\/workboot.fr\/ciela\/wp-content\/uploads\/2025\/05\/logo_ciel-dorian-1.png","contentUrl":"https:\/\/workboot.fr\/ciela\/wp-content\/uploads\/2025\/05\/logo_ciel-dorian-1.png","width":1024,"height":950,"caption":"workboot"},"image":{"@id":"https:\/\/workboot.fr\/ciela\/#\/schema\/logo\/image\/"}}]}},"uagb_featured_image_src":{"full":false,"thumbnail":false,"medium":false,"medium_large":false,"large":false,"1536x1536":false,"2048x2048":false},"uagb_author_info":{"display_name":"admin","author_link":"https:\/\/workboot.fr\/ciela\/author\/admin\/"},"uagb_comment_info":0,"uagb_excerpt":"Un&nbsp;transducteur&nbsp;est un dispositif qui convertit une forme d&rsquo;\u00e9nergie en une autre. Il peut \u00eatre :","_links":{"self":[{"href":"https:\/\/workboot.fr\/ciela\/wp-json\/wp\/v2\/pages\/3051","targetHints":{"allow":["GET"]}}],"collection":[{"href":"https:\/\/workboot.fr\/ciela\/wp-json\/wp\/v2\/pages"}],"about":[{"href":"https:\/\/workboot.fr\/ciela\/wp-json\/wp\/v2\/types\/page"}],"author":[{"embeddable":true,"href":"https:\/\/workboot.fr\/ciela\/wp-json\/wp\/v2\/users\/1"}],"replies":[{"embeddable":true,"href":"https:\/\/workboot.fr\/ciela\/wp-json\/wp\/v2\/comments?post=3051"}],"version-history":[{"count":1,"href":"https:\/\/workboot.fr\/ciela\/wp-json\/wp\/v2\/pages\/3051\/revisions"}],"predecessor-version":[{"id":3053,"href":"https:\/\/workboot.fr\/ciela\/wp-json\/wp\/v2\/pages\/3051\/revisions\/3053"}],"wp:attachment":[{"href":"https:\/\/workboot.fr\/ciela\/wp-json\/wp\/v2\/media?parent=3051"}],"curies":[{"name":"wp","href":"https:\/\/api.w.org\/{rel}","templated":true}]}}