{"id":3144,"date":"2025-07-28T09:31:18","date_gmt":"2025-07-28T08:31:18","guid":{"rendered":"https:\/\/workboot.fr\/ciela\/?page_id=3144"},"modified":"2025-07-28T10:24:35","modified_gmt":"2025-07-28T09:24:35","slug":"langage-interprete","status":"publish","type":"page","link":"https:\/\/workboot.fr\/ciela\/langage-interprete\/","title":{"rendered":"Langages interpr\u00e9t\u00e9s"},"content":{"rendered":"\n<h2 class=\"wp-block-heading\"><strong>Langage Interpr\u00e9t\u00e9<\/strong>&nbsp;(ex: Python, JavaScript, PHP)<\/h2>\n\n\n\n<h3 class=\"wp-block-heading\"><strong>D\u00e9finition :<\/strong><\/h3>\n\n\n\n<p class=\"wp-block-paragraph\">Un langage&nbsp;<strong>interpr\u00e9t\u00e9<\/strong>&nbsp;est ex\u00e9cut\u00e9 ligne par ligne par un&nbsp;<strong>interpr\u00e9teur<\/strong>, qui traduit le code source en instructions machine&nbsp;<strong>\u00e0 la vol\u00e9e<\/strong>, sans g\u00e9n\u00e9rer de fichier ex\u00e9cutable permanent.<\/p>\n\n\n\n<h3 class=\"wp-block-heading\"><strong>Caract\u00e9ristiques :<\/strong><\/h3>\n\n\n\n<ul class=\"wp-block-list\">\n<li><strong>Ex\u00e9cution directe<\/strong>\u00a0: Le code est lu et ex\u00e9cut\u00e9 imm\u00e9diatement par l\u2019interpr\u00e9teur.<\/li>\n\n\n\n<li><strong>Portabilit\u00e9<\/strong>\u00a0: Le m\u00eame code peut tourner sur n\u2019importe quelle machine disposant de l\u2019interpr\u00e9teur (ex: Python sous Linux, Windows, macOS).<\/li>\n\n\n\n<li><strong>D\u00e9bogage facile<\/strong>\u00a0: Les erreurs sont d\u00e9tect\u00e9es ligne par ligne lors de l\u2019ex\u00e9cution.<\/li>\n\n\n\n<li><strong>Moins optimis\u00e9<\/strong>\u00a0: Plus lent qu\u2019un langage compil\u00e9 car il faut interpr\u00e9ter \u00e0 chaque ex\u00e9cution.<\/li>\n<\/ul>\n\n\n\n<p class=\"wp-block-paragraph\"><\/p>\n","protected":false},"excerpt":{"rendered":"<p>Langage Interpr\u00e9t\u00e9&nbsp;(ex: Python, JavaScript, PHP) D\u00e9finition : Un langage&nbsp;interpr\u00e9t\u00e9&nbsp;est ex\u00e9cut\u00e9 ligne par ligne par un&nbsp;interpr\u00e9teur, qui traduit le code source en instructions machine&nbsp;\u00e0 la vol\u00e9e, sans g\u00e9n\u00e9rer de fichier ex\u00e9cutable [&hellip;]<\/p>\n","protected":false},"author":1,"featured_media":0,"parent":0,"menu_order":0,"comment_status":"closed","ping_status":"closed","template":"","meta":{"_crdt_document":"","_uag_custom_page_level_css":"","footnotes":""},"class_list":["post-3144","page","type-page","status-publish","hentry"],"yoast_head":"<!-- This site is optimized with the Yoast SEO plugin v27.3 - https:\/\/yoast.com\/product\/yoast-seo-wordpress\/ -->\n<title>Langages interpr\u00e9t\u00e9s - workboot<\/title>\n<meta name=\"robots\" content=\"index, follow, max-snippet:-1, max-image-preview:large, max-video-preview:-1\" \/>\n<link rel=\"canonical\" href=\"https:\/\/workboot.fr\/ciela\/langage-interprete\/\" \/>\n<meta property=\"og:locale\" content=\"fr_FR\" \/>\n<meta property=\"og:type\" content=\"article\" \/>\n<meta property=\"og:title\" content=\"Langages interpr\u00e9t\u00e9s - workboot\" \/>\n<meta property=\"og:description\" content=\"Langage Interpr\u00e9t\u00e9&nbsp;(ex: Python, JavaScript, PHP) D\u00e9finition : Un langage&nbsp;interpr\u00e9t\u00e9&nbsp;est ex\u00e9cut\u00e9 ligne par ligne par un&nbsp;interpr\u00e9teur, qui traduit le code source en instructions machine&nbsp;\u00e0 la vol\u00e9e, sans g\u00e9n\u00e9rer de fichier ex\u00e9cutable [&hellip;]\" \/>\n<meta property=\"og:url\" content=\"https:\/\/workboot.fr\/ciela\/langage-interprete\/\" \/>\n<meta property=\"og:site_name\" content=\"workboot\" \/>\n<meta property=\"article:modified_time\" content=\"2025-07-28T09:24:35+00:00\" \/>\n<meta name=\"twitter:label1\" content=\"Dur\u00e9e de lecture estim\u00e9e\" \/>\n\t<meta name=\"twitter:data1\" content=\"1 minute\" \/>\n<script type=\"application\/ld+json\" class=\"yoast-schema-graph\">{\"@context\":\"https:\\\/\\\/schema.org\",\"@graph\":[{\"@type\":\"WebPage\",\"@id\":\"https:\\\/\\\/workboot.fr\\\/ciela\\\/langage-interprete\\\/\",\"url\":\"https:\\\/\\\/workboot.fr\\\/ciela\\\/langage-interprete\\\/\",\"name\":\"Langages interpr\u00e9t\u00e9s - workboot\",\"isPartOf\":{\"@id\":\"https:\\\/\\\/workboot.fr\\\/ciela\\\/#website\"},\"datePublished\":\"2025-07-28T08:31:18+00:00\",\"dateModified\":\"2025-07-28T09:24:35+00:00\",\"inLanguage\":\"fr-FR\",\"potentialAction\":[{\"@type\":\"ReadAction\",\"target\":[\"https:\\\/\\\/workboot.fr\\\/ciela\\\/langage-interprete\\\/\"]}]},{\"@type\":\"WebSite\",\"@id\":\"https:\\\/\\\/workboot.fr\\\/ciela\\\/#website\",\"url\":\"https:\\\/\\\/workboot.fr\\\/ciela\\\/\",\"name\":\"workboot\",\"description\":\"Open Source, Open Minds \",\"publisher\":{\"@id\":\"https:\\\/\\\/workboot.fr\\\/ciela\\\/#organization\"},\"potentialAction\":[{\"@type\":\"SearchAction\",\"target\":{\"@type\":\"EntryPoint\",\"urlTemplate\":\"https:\\\/\\\/workboot.fr\\\/ciela\\\/?s={search_term_string}\"},\"query-input\":{\"@type\":\"PropertyValueSpecification\",\"valueRequired\":true,\"valueName\":\"search_term_string\"}}],\"inLanguage\":\"fr-FR\"},{\"@type\":\"Organization\",\"@id\":\"https:\\\/\\\/workboot.fr\\\/ciela\\\/#organization\",\"name\":\"workboot\",\"url\":\"https:\\\/\\\/workboot.fr\\\/ciela\\\/\",\"logo\":{\"@type\":\"ImageObject\",\"inLanguage\":\"fr-FR\",\"@id\":\"https:\\\/\\\/workboot.fr\\\/ciela\\\/#\\\/schema\\\/logo\\\/image\\\/\",\"url\":\"https:\\\/\\\/workboot.fr\\\/ciela\\\/wp-content\\\/uploads\\\/2025\\\/05\\\/logo_ciel-dorian-1.png\",\"contentUrl\":\"https:\\\/\\\/workboot.fr\\\/ciela\\\/wp-content\\\/uploads\\\/2025\\\/05\\\/logo_ciel-dorian-1.png\",\"width\":1024,\"height\":950,\"caption\":\"workboot\"},\"image\":{\"@id\":\"https:\\\/\\\/workboot.fr\\\/ciela\\\/#\\\/schema\\\/logo\\\/image\\\/\"}}]}<\/script>\n<!-- \/ Yoast SEO plugin. -->","yoast_head_json":{"title":"Langages interpr\u00e9t\u00e9s - workboot","robots":{"index":"index","follow":"follow","max-snippet":"max-snippet:-1","max-image-preview":"max-image-preview:large","max-video-preview":"max-video-preview:-1"},"canonical":"https:\/\/workboot.fr\/ciela\/langage-interprete\/","og_locale":"fr_FR","og_type":"article","og_title":"Langages interpr\u00e9t\u00e9s - workboot","og_description":"Langage Interpr\u00e9t\u00e9&nbsp;(ex: Python, JavaScript, PHP) D\u00e9finition : Un langage&nbsp;interpr\u00e9t\u00e9&nbsp;est ex\u00e9cut\u00e9 ligne par ligne par un&nbsp;interpr\u00e9teur, qui traduit le code source en instructions machine&nbsp;\u00e0 la vol\u00e9e, sans g\u00e9n\u00e9rer de fichier ex\u00e9cutable [&hellip;]","og_url":"https:\/\/workboot.fr\/ciela\/langage-interprete\/","og_site_name":"workboot","article_modified_time":"2025-07-28T09:24:35+00:00","twitter_misc":{"Dur\u00e9e de lecture estim\u00e9e":"1 minute"},"schema":{"@context":"https:\/\/schema.org","@graph":[{"@type":"WebPage","@id":"https:\/\/workboot.fr\/ciela\/langage-interprete\/","url":"https:\/\/workboot.fr\/ciela\/langage-interprete\/","name":"Langages interpr\u00e9t\u00e9s - workboot","isPartOf":{"@id":"https:\/\/workboot.fr\/ciela\/#website"},"datePublished":"2025-07-28T08:31:18+00:00","dateModified":"2025-07-28T09:24:35+00:00","inLanguage":"fr-FR","potentialAction":[{"@type":"ReadAction","target":["https:\/\/workboot.fr\/ciela\/langage-interprete\/"]}]},{"@type":"WebSite","@id":"https:\/\/workboot.fr\/ciela\/#website","url":"https:\/\/workboot.fr\/ciela\/","name":"workboot","description":"Open Source, Open Minds ","publisher":{"@id":"https:\/\/workboot.fr\/ciela\/#organization"},"potentialAction":[{"@type":"SearchAction","target":{"@type":"EntryPoint","urlTemplate":"https:\/\/workboot.fr\/ciela\/?s={search_term_string}"},"query-input":{"@type":"PropertyValueSpecification","valueRequired":true,"valueName":"search_term_string"}}],"inLanguage":"fr-FR"},{"@type":"Organization","@id":"https:\/\/workboot.fr\/ciela\/#organization","name":"workboot","url":"https:\/\/workboot.fr\/ciela\/","logo":{"@type":"ImageObject","inLanguage":"fr-FR","@id":"https:\/\/workboot.fr\/ciela\/#\/schema\/logo\/image\/","url":"https:\/\/workboot.fr\/ciela\/wp-content\/uploads\/2025\/05\/logo_ciel-dorian-1.png","contentUrl":"https:\/\/workboot.fr\/ciela\/wp-content\/uploads\/2025\/05\/logo_ciel-dorian-1.png","width":1024,"height":950,"caption":"workboot"},"image":{"@id":"https:\/\/workboot.fr\/ciela\/#\/schema\/logo\/image\/"}}]}},"uagb_featured_image_src":{"full":false,"thumbnail":false,"medium":false,"medium_large":false,"large":false,"1536x1536":false,"2048x2048":false},"uagb_author_info":{"display_name":"admin","author_link":"https:\/\/workboot.fr\/ciela\/author\/admin\/"},"uagb_comment_info":0,"uagb_excerpt":"Langage Interpr\u00e9t\u00e9&nbsp;(ex: Python, JavaScript, PHP) D\u00e9finition : Un langage&nbsp;interpr\u00e9t\u00e9&nbsp;est ex\u00e9cut\u00e9 ligne par ligne par un&nbsp;interpr\u00e9teur, qui traduit le code source en instructions machine&nbsp;\u00e0 la vol\u00e9e, sans g\u00e9n\u00e9rer de fichier ex\u00e9cutable [&hellip;]","_links":{"self":[{"href":"https:\/\/workboot.fr\/ciela\/wp-json\/wp\/v2\/pages\/3144","targetHints":{"allow":["GET"]}}],"collection":[{"href":"https:\/\/workboot.fr\/ciela\/wp-json\/wp\/v2\/pages"}],"about":[{"href":"https:\/\/workboot.fr\/ciela\/wp-json\/wp\/v2\/types\/page"}],"author":[{"embeddable":true,"href":"https:\/\/workboot.fr\/ciela\/wp-json\/wp\/v2\/users\/1"}],"replies":[{"embeddable":true,"href":"https:\/\/workboot.fr\/ciela\/wp-json\/wp\/v2\/comments?post=3144"}],"version-history":[{"count":2,"href":"https:\/\/workboot.fr\/ciela\/wp-json\/wp\/v2\/pages\/3144\/revisions"}],"predecessor-version":[{"id":3167,"href":"https:\/\/workboot.fr\/ciela\/wp-json\/wp\/v2\/pages\/3144\/revisions\/3167"}],"wp:attachment":[{"href":"https:\/\/workboot.fr\/ciela\/wp-json\/wp\/v2\/media?parent=3144"}],"curies":[{"name":"wp","href":"https:\/\/api.w.org\/{rel}","templated":true}]}}