{"id":3147,"date":"2025-07-28T09:31:53","date_gmt":"2025-07-28T08:31:53","guid":{"rendered":"https:\/\/workboot.fr\/ciela\/?page_id=3147"},"modified":"2025-07-28T10:25:13","modified_gmt":"2025-07-28T09:25:13","slug":"langage-compile","status":"publish","type":"page","link":"https:\/\/workboot.fr\/ciela\/langage-compile\/","title":{"rendered":"Langage compil\u00e9"},"content":{"rendered":"\n<h2 class=\"wp-block-heading\"><strong>Langages Compil\u00e9<\/strong>s\u00a0(ex: C, C++, Rust)<\/h2>\n\n\n\n<h3 class=\"wp-block-heading\"><strong>D\u00e9finition :<\/strong><\/h3>\n\n\n\n<p class=\"wp-block-paragraph\">Un langage&nbsp;<strong>compil\u00e9<\/strong>&nbsp;n\u00e9cessite une&nbsp;<strong>\u00e9tape de compilation<\/strong>&nbsp;avant ex\u00e9cution. Un&nbsp;<strong>compilateur<\/strong>&nbsp;transforme tout le code source en un fichier binaire ex\u00e9cutable (compatible avec un syst\u00e8me d\u2019exploitation sp\u00e9cifique).<\/p>\n\n\n\n<h3 class=\"wp-block-heading\"><strong>Caract\u00e9ristiques :<\/strong><\/h3>\n\n\n\n<ul class=\"wp-block-list\">\n<li><strong>Compilation pr\u00e9alable<\/strong>&nbsp;: Le code est traduit une fois pour toutes en langage machine.<\/li>\n\n\n\n<li><strong>Performances \u00e9lev\u00e9es<\/strong>&nbsp;: Le binaire optimis\u00e9 s\u2019ex\u00e9cute directement sur le CPU.<\/li>\n\n\n\n<li><strong>Moins portable<\/strong>&nbsp;: Le binaire d\u00e9pend de l\u2019OS et de l\u2019architecture (ex: un ex\u00e9cutable Linux ne marche pas sous Windows).<\/li>\n\n\n\n<li><strong>D\u00e9bogage plus complexe<\/strong>&nbsp;: Les erreurs sont d\u00e9tect\u00e9es \u00e0 la compilation.<\/li>\n<\/ul>\n","protected":false},"excerpt":{"rendered":"<p>Langages Compil\u00e9s\u00a0(ex: C, C++, Rust) D\u00e9finition : Un langage&nbsp;compil\u00e9&nbsp;n\u00e9cessite une&nbsp;\u00e9tape de compilation&nbsp;avant ex\u00e9cution. Un&nbsp;compilateur&nbsp;transforme tout le code source en un fichier binaire ex\u00e9cutable (compatible avec un syst\u00e8me d\u2019exploitation sp\u00e9cifique). Caract\u00e9ristiques [&hellip;]<\/p>\n","protected":false},"author":1,"featured_media":0,"parent":0,"menu_order":0,"comment_status":"closed","ping_status":"closed","template":"","meta":{"_crdt_document":"","_uag_custom_page_level_css":"","footnotes":""},"class_list":["post-3147","page","type-page","status-publish","hentry"],"yoast_head":"<!-- This site is optimized with the Yoast SEO plugin v27.3 - https:\/\/yoast.com\/product\/yoast-seo-wordpress\/ -->\n<title>Langage compil\u00e9 - workboot<\/title>\n<meta name=\"robots\" content=\"index, follow, max-snippet:-1, max-image-preview:large, max-video-preview:-1\" \/>\n<link rel=\"canonical\" href=\"https:\/\/workboot.fr\/ciela\/langage-compile\/\" \/>\n<meta property=\"og:locale\" content=\"fr_FR\" \/>\n<meta property=\"og:type\" content=\"article\" \/>\n<meta property=\"og:title\" content=\"Langage compil\u00e9 - workboot\" \/>\n<meta property=\"og:description\" content=\"Langages Compil\u00e9s\u00a0(ex: C, C++, Rust) D\u00e9finition : Un langage&nbsp;compil\u00e9&nbsp;n\u00e9cessite une&nbsp;\u00e9tape de compilation&nbsp;avant ex\u00e9cution. Un&nbsp;compilateur&nbsp;transforme tout le code source en un fichier binaire ex\u00e9cutable (compatible avec un syst\u00e8me d\u2019exploitation sp\u00e9cifique). Caract\u00e9ristiques [&hellip;]\" \/>\n<meta property=\"og:url\" content=\"https:\/\/workboot.fr\/ciela\/langage-compile\/\" \/>\n<meta property=\"og:site_name\" content=\"workboot\" \/>\n<meta property=\"article:modified_time\" content=\"2025-07-28T09:25:13+00:00\" \/>\n<meta name=\"twitter:label1\" content=\"Dur\u00e9e de lecture estim\u00e9e\" \/>\n\t<meta name=\"twitter:data1\" content=\"1 minute\" \/>\n<script type=\"application\/ld+json\" class=\"yoast-schema-graph\">{\"@context\":\"https:\\\/\\\/schema.org\",\"@graph\":[{\"@type\":\"WebPage\",\"@id\":\"https:\\\/\\\/workboot.fr\\\/ciela\\\/langage-compile\\\/\",\"url\":\"https:\\\/\\\/workboot.fr\\\/ciela\\\/langage-compile\\\/\",\"name\":\"Langage compil\u00e9 - workboot\",\"isPartOf\":{\"@id\":\"https:\\\/\\\/workboot.fr\\\/ciela\\\/#website\"},\"datePublished\":\"2025-07-28T08:31:53+00:00\",\"dateModified\":\"2025-07-28T09:25:13+00:00\",\"inLanguage\":\"fr-FR\",\"potentialAction\":[{\"@type\":\"ReadAction\",\"target\":[\"https:\\\/\\\/workboot.fr\\\/ciela\\\/langage-compile\\\/\"]}]},{\"@type\":\"WebSite\",\"@id\":\"https:\\\/\\\/workboot.fr\\\/ciela\\\/#website\",\"url\":\"https:\\\/\\\/workboot.fr\\\/ciela\\\/\",\"name\":\"workboot\",\"description\":\"Open Source, Open Minds \",\"publisher\":{\"@id\":\"https:\\\/\\\/workboot.fr\\\/ciela\\\/#organization\"},\"potentialAction\":[{\"@type\":\"SearchAction\",\"target\":{\"@type\":\"EntryPoint\",\"urlTemplate\":\"https:\\\/\\\/workboot.fr\\\/ciela\\\/?s={search_term_string}\"},\"query-input\":{\"@type\":\"PropertyValueSpecification\",\"valueRequired\":true,\"valueName\":\"search_term_string\"}}],\"inLanguage\":\"fr-FR\"},{\"@type\":\"Organization\",\"@id\":\"https:\\\/\\\/workboot.fr\\\/ciela\\\/#organization\",\"name\":\"workboot\",\"url\":\"https:\\\/\\\/workboot.fr\\\/ciela\\\/\",\"logo\":{\"@type\":\"ImageObject\",\"inLanguage\":\"fr-FR\",\"@id\":\"https:\\\/\\\/workboot.fr\\\/ciela\\\/#\\\/schema\\\/logo\\\/image\\\/\",\"url\":\"https:\\\/\\\/workboot.fr\\\/ciela\\\/wp-content\\\/uploads\\\/2025\\\/05\\\/logo_ciel-dorian-1.png\",\"contentUrl\":\"https:\\\/\\\/workboot.fr\\\/ciela\\\/wp-content\\\/uploads\\\/2025\\\/05\\\/logo_ciel-dorian-1.png\",\"width\":1024,\"height\":950,\"caption\":\"workboot\"},\"image\":{\"@id\":\"https:\\\/\\\/workboot.fr\\\/ciela\\\/#\\\/schema\\\/logo\\\/image\\\/\"}}]}<\/script>\n<!-- \/ Yoast SEO plugin. -->","yoast_head_json":{"title":"Langage compil\u00e9 - workboot","robots":{"index":"index","follow":"follow","max-snippet":"max-snippet:-1","max-image-preview":"max-image-preview:large","max-video-preview":"max-video-preview:-1"},"canonical":"https:\/\/workboot.fr\/ciela\/langage-compile\/","og_locale":"fr_FR","og_type":"article","og_title":"Langage compil\u00e9 - workboot","og_description":"Langages Compil\u00e9s\u00a0(ex: C, C++, Rust) D\u00e9finition : Un langage&nbsp;compil\u00e9&nbsp;n\u00e9cessite une&nbsp;\u00e9tape de compilation&nbsp;avant ex\u00e9cution. Un&nbsp;compilateur&nbsp;transforme tout le code source en un fichier binaire ex\u00e9cutable (compatible avec un syst\u00e8me d\u2019exploitation sp\u00e9cifique). Caract\u00e9ristiques [&hellip;]","og_url":"https:\/\/workboot.fr\/ciela\/langage-compile\/","og_site_name":"workboot","article_modified_time":"2025-07-28T09:25:13+00:00","twitter_misc":{"Dur\u00e9e de lecture estim\u00e9e":"1 minute"},"schema":{"@context":"https:\/\/schema.org","@graph":[{"@type":"WebPage","@id":"https:\/\/workboot.fr\/ciela\/langage-compile\/","url":"https:\/\/workboot.fr\/ciela\/langage-compile\/","name":"Langage compil\u00e9 - workboot","isPartOf":{"@id":"https:\/\/workboot.fr\/ciela\/#website"},"datePublished":"2025-07-28T08:31:53+00:00","dateModified":"2025-07-28T09:25:13+00:00","inLanguage":"fr-FR","potentialAction":[{"@type":"ReadAction","target":["https:\/\/workboot.fr\/ciela\/langage-compile\/"]}]},{"@type":"WebSite","@id":"https:\/\/workboot.fr\/ciela\/#website","url":"https:\/\/workboot.fr\/ciela\/","name":"workboot","description":"Open Source, Open Minds ","publisher":{"@id":"https:\/\/workboot.fr\/ciela\/#organization"},"potentialAction":[{"@type":"SearchAction","target":{"@type":"EntryPoint","urlTemplate":"https:\/\/workboot.fr\/ciela\/?s={search_term_string}"},"query-input":{"@type":"PropertyValueSpecification","valueRequired":true,"valueName":"search_term_string"}}],"inLanguage":"fr-FR"},{"@type":"Organization","@id":"https:\/\/workboot.fr\/ciela\/#organization","name":"workboot","url":"https:\/\/workboot.fr\/ciela\/","logo":{"@type":"ImageObject","inLanguage":"fr-FR","@id":"https:\/\/workboot.fr\/ciela\/#\/schema\/logo\/image\/","url":"https:\/\/workboot.fr\/ciela\/wp-content\/uploads\/2025\/05\/logo_ciel-dorian-1.png","contentUrl":"https:\/\/workboot.fr\/ciela\/wp-content\/uploads\/2025\/05\/logo_ciel-dorian-1.png","width":1024,"height":950,"caption":"workboot"},"image":{"@id":"https:\/\/workboot.fr\/ciela\/#\/schema\/logo\/image\/"}}]}},"uagb_featured_image_src":{"full":false,"thumbnail":false,"medium":false,"medium_large":false,"large":false,"1536x1536":false,"2048x2048":false},"uagb_author_info":{"display_name":"admin","author_link":"https:\/\/workboot.fr\/ciela\/author\/admin\/"},"uagb_comment_info":0,"uagb_excerpt":"Langages Compil\u00e9s\u00a0(ex: C, C++, Rust) D\u00e9finition : Un langage&nbsp;compil\u00e9&nbsp;n\u00e9cessite une&nbsp;\u00e9tape de compilation&nbsp;avant ex\u00e9cution. Un&nbsp;compilateur&nbsp;transforme tout le code source en un fichier binaire ex\u00e9cutable (compatible avec un syst\u00e8me d\u2019exploitation sp\u00e9cifique). Caract\u00e9ristiques [&hellip;]","_links":{"self":[{"href":"https:\/\/workboot.fr\/ciela\/wp-json\/wp\/v2\/pages\/3147","targetHints":{"allow":["GET"]}}],"collection":[{"href":"https:\/\/workboot.fr\/ciela\/wp-json\/wp\/v2\/pages"}],"about":[{"href":"https:\/\/workboot.fr\/ciela\/wp-json\/wp\/v2\/types\/page"}],"author":[{"embeddable":true,"href":"https:\/\/workboot.fr\/ciela\/wp-json\/wp\/v2\/users\/1"}],"replies":[{"embeddable":true,"href":"https:\/\/workboot.fr\/ciela\/wp-json\/wp\/v2\/comments?post=3147"}],"version-history":[{"count":2,"href":"https:\/\/workboot.fr\/ciela\/wp-json\/wp\/v2\/pages\/3147\/revisions"}],"predecessor-version":[{"id":3168,"href":"https:\/\/workboot.fr\/ciela\/wp-json\/wp\/v2\/pages\/3147\/revisions\/3168"}],"wp:attachment":[{"href":"https:\/\/workboot.fr\/ciela\/wp-json\/wp\/v2\/media?parent=3147"}],"curies":[{"name":"wp","href":"https:\/\/api.w.org\/{rel}","templated":true}]}}