{"id":3280,"date":"2025-07-29T18:24:42","date_gmt":"2025-07-29T17:24:42","guid":{"rendered":"https:\/\/workboot.fr\/ciela\/?page_id=3280"},"modified":"2026-02-12T16:38:47","modified_gmt":"2026-02-12T15:38:47","slug":"sonde-numerique-saleae","status":"publish","type":"page","link":"https:\/\/workboot.fr\/ciela\/sonde-numerique-saleae\/","title":{"rendered":"Sonde num\u00e9rique 8 Canaux"},"content":{"rendered":"<div class=\"wp-block-image\">\n<figure class=\"alignright size-large is-resized\"><a href=\"https:\/\/workboot.fr\/ciela\/wp-content\/uploads\/2025\/07\/SALEAE_phy.jpg\"><img loading=\"lazy\" decoding=\"async\" width=\"1024\" height=\"516\" src=\"https:\/\/workboot.fr\/ciela\/wp-content\/uploads\/2025\/07\/SALEAE_phy-1024x516.jpg\" alt=\"\" class=\"wp-image-3285\" style=\"aspect-ratio:1.98453249276106;width:357px;height:auto\" srcset=\"https:\/\/workboot.fr\/ciela\/wp-content\/uploads\/2025\/07\/SALEAE_phy-1024x516.jpg 1024w, https:\/\/workboot.fr\/ciela\/wp-content\/uploads\/2025\/07\/SALEAE_phy-300x151.jpg 300w, https:\/\/workboot.fr\/ciela\/wp-content\/uploads\/2025\/07\/SALEAE_phy-768x387.jpg 768w, https:\/\/workboot.fr\/ciela\/wp-content\/uploads\/2025\/07\/SALEAE_phy.jpg 1280w\" sizes=\"auto, (max-width: 1024px) 100vw, 1024px\" \/><\/a><\/figure>\n<\/div>\n\n\n<h2 class=\"wp-block-heading\">Installation sous Debian<\/h2>\n\n\n\n<p class=\"wp-block-paragraph\">on va privil\u00e9gier les outils logiciels libre <\/p>\n\n\n\n<p class=\"wp-block-paragraph\">sigrock et pulseview<\/p>\n\n\n\n<pre class=\"wp-block-code\"><code>sudo apt update\nsudo apt install sigrok pulseview -y<\/code><\/pre>\n\n\n\n<h2 class=\"wp-block-heading\"><strong>D\u00e9finition d&rsquo;un analyseur logique num\u00e9rique<\/strong><\/h2>\n\n\n\n<p class=\"wp-block-paragraph\">Un&nbsp;<strong>analyseur logique num\u00e9rique<\/strong>&nbsp;est un outil de mesure \u00e9lectronique permettant de capturer, visualiser et analyser des signaux&nbsp;<strong>num\u00e9riques<\/strong>&nbsp;(tout-ou-rien) sur plusieurs canaux simultan\u00e9ment. Contrairement \u00e0 un oscilloscope (adapt\u00e9 aux signaux analogiques), il se focalise sur les \u00e9tats logiques (<strong>HIGH\/LOW<\/strong>,&nbsp;<strong>0\/1<\/strong>) et le d\u00e9codage de protocoles num\u00e9riques.<\/p>\n\n\n\n<h3 class=\"wp-block-heading\"><strong>PulseView : Pr\u00e9sentation et Fonctionnalit\u00e9s<\/strong><\/h3>\n\n\n\n<p class=\"wp-block-paragraph\"><strong>PulseView<\/strong>&nbsp;est un logiciel&nbsp;<strong>libre et open-source<\/strong>&nbsp;(GPL) con\u00e7u pour fonctionner avec des analyseurs logiques et oscilloscopes USB bas co\u00fbt. Il fait partie du projet&nbsp;<strong>sigrok<\/strong>&nbsp;et permet de visualiser, capturer et analyser des signaux num\u00e9riques et analogiques.<\/p>\n\n\n\n<figure class=\"wp-block-image size-large\"><a href=\"https:\/\/workboot.fr\/ciela\/wp-content\/uploads\/2025\/07\/pulseview1.png\"><img loading=\"lazy\" decoding=\"async\" width=\"1024\" height=\"586\" src=\"https:\/\/workboot.fr\/ciela\/wp-content\/uploads\/2025\/07\/pulseview1-1024x586.png\" alt=\"\" class=\"wp-image-3286\" srcset=\"https:\/\/workboot.fr\/ciela\/wp-content\/uploads\/2025\/07\/pulseview1-1024x586.png 1024w, https:\/\/workboot.fr\/ciela\/wp-content\/uploads\/2025\/07\/pulseview1-300x172.png 300w, https:\/\/workboot.fr\/ciela\/wp-content\/uploads\/2025\/07\/pulseview1-768x439.png 768w, https:\/\/workboot.fr\/ciela\/wp-content\/uploads\/2025\/07\/pulseview1.png 1280w\" sizes=\"auto, (max-width: 1024px) 100vw, 1024px\" \/><\/a><figcaption class=\"wp-element-caption\">Exemple d&rsquo;utilisation de pulseview et sigrock<\/figcaption><\/figure>\n\n\n\n<h2 class=\"wp-block-heading\"><strong>Principales Caract\u00e9ristiques<\/strong><\/h2>\n\n\n\n<h3 class=\"wp-block-heading\">\u2714&nbsp;<strong>Multiplateforme<\/strong><\/h3>\n\n\n\n<ul class=\"wp-block-list\">\n<li>Compatible&nbsp;<strong>Linux, Windows et macOS<\/strong>.<\/li>\n\n\n\n<li>Interface graphique intuitive (bas\u00e9e sur Qt).<\/li>\n<\/ul>\n\n\n\n<h3 class=\"wp-block-heading\">\u2714&nbsp;<strong>Support Mat\u00e9riel \u00c9tendu<\/strong><\/h3>\n\n\n\n<ul class=\"wp-block-list\">\n<li>Fonctionne avec de nombreux analyseurs logiques et oscilloscopes USB, notamment :\n<ul class=\"wp-block-list\">\n<li><strong>Analyseurs logiques FX2<\/strong>&nbsp;(ex : clones Saleae, DreamSourceLab).<\/li>\n\n\n\n<li><strong>Analyseurs Sigrok-compatibles<\/strong>&nbsp;(ex : fx2lafw, Dangerous Prototypes).<\/li>\n\n\n\n<li><strong>Oscilloscopes USB<\/strong>&nbsp;(ex : Openbench Logic Sniffer, Analog Discovery).<\/li>\n<\/ul>\n<\/li>\n<\/ul>\n\n\n\n<h3 class=\"wp-block-heading\">\u2714&nbsp;<strong>Fonctionnalit\u00e9s Avanc\u00e9es<\/strong><\/h3>\n\n\n\n<ul class=\"wp-block-list\">\n<li><strong>Capture et visualisation en temps r\u00e9el<\/strong>&nbsp;(chronogrammes, bus parall\u00e8les).<\/li>\n\n\n\n<li><strong>D\u00e9codage automatique de protocoles<\/strong>&nbsp;:\n<ul class=\"wp-block-list\">\n<li>UART, SPI, I2C, I2S, CAN, USB, 1-Wire, Modbus, MIDI, etc.<\/li>\n<\/ul>\n<\/li>\n\n\n\n<li><strong>D\u00e9clenchement (trigger) avanc\u00e9<\/strong>&nbsp;(niveau, front, motif).<\/li>\n\n\n\n<li><strong>Export des donn\u00e9es<\/strong>&nbsp;(CSV, VCD, PNG, etc.).<\/li>\n<\/ul>\n\n\n\n<h2 class=\"wp-block-heading\"><strong>Comparaison avec Saleae Logic<\/strong><\/h2>\n\n\n\n<figure class=\"wp-block-table\"><table class=\"has-fixed-layout\"><thead><tr><th class=\"has-text-align-left\" data-align=\"left\"><strong>Crit\u00e8re<\/strong><\/th><th class=\"has-text-align-left\" data-align=\"left\"><strong>PulseView<\/strong><\/th><th class=\"has-text-align-left\" data-align=\"left\"><strong>Saleae Logic<\/strong><\/th><\/tr><\/thead><tbody><tr><td><strong>Licence<\/strong><\/td><td>Open-source (GPL)<\/td><td>Propri\u00e9taire<\/td><\/tr><tr><td><strong>Prix<\/strong><\/td><td>Gratuit<\/td><td>Payant (mod\u00e8les Pro)<\/td><\/tr><tr><td><strong>Protocoles support\u00e9s<\/strong><\/td><td>Tr\u00e8s large (via plugins)<\/td><td>S\u00e9lection limit\u00e9e<\/td><\/tr><tr><td><strong>Compatibilit\u00e9<\/strong><\/td><td>Large (multi-marques)<\/td><td>Officiellement Saleae uniquement<\/td><\/tr><tr><td><strong>Performance<\/strong><\/td><td>D\u00e9pend du mat\u00e9riel<\/td><td>Optimis\u00e9 pour Saleae<\/td><\/tr><\/tbody><\/table><\/figure>\n\n\n\n<p class=\"wp-block-paragraph\">\u27a1&nbsp;<strong>Avantage PulseView<\/strong>&nbsp;: Id\u00e9al pour les&nbsp;<strong>\u00e9tudiants<\/strong>&nbsp;(gratuit) et ceux qui utilisent des&nbsp;<strong>analyseurs logiques clones<\/strong>.<\/p>\n\n\n\n<p class=\"wp-block-paragraph\">Conclusion<br>PulseView est une excellente alternative libre et gratuite \u00e0 Saleae Logic, particuli\u00e8rement adapt\u00e9e aux \u00e9tudiants et makers qui utilisent du mat\u00e9riel open-source. Son support \u00e9tendu des protocoles et sa compatibilit\u00e9 avec de nombreux appareils en font un outil puissant pour l\u2019apprentissage des syst\u00e8mes embarqu\u00e9s.<\/p>\n\n\n\n<p class=\"wp-block-paragraph\">\ud83d\udd17 Site officiel : https:\/\/sigrok.org\/wiki\/PulseView<br>\ud83d\udcc2 Exemples de captures : Id\u00e9al pour analyser des bus I2C, SPI ou d\u00e9boguer des microcontr\u00f4leurs !<\/p>\n","protected":false},"excerpt":{"rendered":"<p>Installation sous Debian on va privil\u00e9gier les outils logiciels libre sigrock et pulseview D\u00e9finition d&rsquo;un analyseur logique num\u00e9rique Un&nbsp;analyseur logique num\u00e9rique&nbsp;est un outil de mesure \u00e9lectronique permettant de capturer, visualiser [&hellip;]<\/p>\n","protected":false},"author":1,"featured_media":0,"parent":0,"menu_order":0,"comment_status":"closed","ping_status":"closed","template":"","meta":{"_crdt_document":"","_uag_custom_page_level_css":"","footnotes":""},"class_list":["post-3280","page","type-page","status-publish","hentry"],"yoast_head":"<!-- This site is optimized with the Yoast SEO plugin v27.3 - https:\/\/yoast.com\/product\/yoast-seo-wordpress\/ -->\n<title>Sonde num\u00e9rique 8 Canaux - workboot<\/title>\n<meta name=\"robots\" content=\"index, follow, max-snippet:-1, max-image-preview:large, max-video-preview:-1\" \/>\n<link rel=\"canonical\" href=\"https:\/\/workboot.fr\/ciela\/sonde-numerique-saleae\/\" \/>\n<meta property=\"og:locale\" content=\"fr_FR\" \/>\n<meta property=\"og:type\" content=\"article\" \/>\n<meta property=\"og:title\" content=\"Sonde num\u00e9rique 8 Canaux - workboot\" \/>\n<meta property=\"og:description\" content=\"Installation sous Debian on va privil\u00e9gier les outils logiciels libre sigrock et pulseview D\u00e9finition d&rsquo;un analyseur logique num\u00e9rique Un&nbsp;analyseur logique num\u00e9rique&nbsp;est un outil de mesure \u00e9lectronique permettant de capturer, visualiser [&hellip;]\" \/>\n<meta property=\"og:url\" content=\"https:\/\/workboot.fr\/ciela\/sonde-numerique-saleae\/\" \/>\n<meta property=\"og:site_name\" content=\"workboot\" \/>\n<meta property=\"article:modified_time\" content=\"2026-02-12T15:38:47+00:00\" \/>\n<meta property=\"og:image\" content=\"https:\/\/workboot.fr\/ciela\/wp-content\/uploads\/2025\/07\/SALEAE_phy.jpg\" \/>\n\t<meta property=\"og:image:width\" content=\"1280\" \/>\n\t<meta property=\"og:image:height\" content=\"645\" \/>\n\t<meta property=\"og:image:type\" content=\"image\/jpeg\" \/>\n<meta name=\"twitter:label1\" content=\"Dur\u00e9e de lecture estim\u00e9e\" \/>\n\t<meta name=\"twitter:data1\" content=\"3 minutes\" \/>\n<script type=\"application\/ld+json\" class=\"yoast-schema-graph\">{\"@context\":\"https:\\\/\\\/schema.org\",\"@graph\":[{\"@type\":\"WebPage\",\"@id\":\"https:\\\/\\\/workboot.fr\\\/ciela\\\/sonde-numerique-saleae\\\/\",\"url\":\"https:\\\/\\\/workboot.fr\\\/ciela\\\/sonde-numerique-saleae\\\/\",\"name\":\"Sonde num\u00e9rique 8 Canaux - workboot\",\"isPartOf\":{\"@id\":\"https:\\\/\\\/workboot.fr\\\/ciela\\\/#website\"},\"primaryImageOfPage\":{\"@id\":\"https:\\\/\\\/workboot.fr\\\/ciela\\\/sonde-numerique-saleae\\\/#primaryimage\"},\"image\":{\"@id\":\"https:\\\/\\\/workboot.fr\\\/ciela\\\/sonde-numerique-saleae\\\/#primaryimage\"},\"thumbnailUrl\":\"https:\\\/\\\/workboot.fr\\\/ciela\\\/wp-content\\\/uploads\\\/2025\\\/07\\\/SALEAE_phy-1024x516.jpg\",\"datePublished\":\"2025-07-29T17:24:42+00:00\",\"dateModified\":\"2026-02-12T15:38:47+00:00\",\"inLanguage\":\"fr-FR\",\"potentialAction\":[{\"@type\":\"ReadAction\",\"target\":[\"https:\\\/\\\/workboot.fr\\\/ciela\\\/sonde-numerique-saleae\\\/\"]}]},{\"@type\":\"ImageObject\",\"inLanguage\":\"fr-FR\",\"@id\":\"https:\\\/\\\/workboot.fr\\\/ciela\\\/sonde-numerique-saleae\\\/#primaryimage\",\"url\":\"https:\\\/\\\/workboot.fr\\\/ciela\\\/wp-content\\\/uploads\\\/2025\\\/07\\\/SALEAE_phy.jpg\",\"contentUrl\":\"https:\\\/\\\/workboot.fr\\\/ciela\\\/wp-content\\\/uploads\\\/2025\\\/07\\\/SALEAE_phy.jpg\",\"width\":1280,\"height\":645},{\"@type\":\"WebSite\",\"@id\":\"https:\\\/\\\/workboot.fr\\\/ciela\\\/#website\",\"url\":\"https:\\\/\\\/workboot.fr\\\/ciela\\\/\",\"name\":\"workboot\",\"description\":\"Open Source, Open Minds \",\"publisher\":{\"@id\":\"https:\\\/\\\/workboot.fr\\\/ciela\\\/#organization\"},\"potentialAction\":[{\"@type\":\"SearchAction\",\"target\":{\"@type\":\"EntryPoint\",\"urlTemplate\":\"https:\\\/\\\/workboot.fr\\\/ciela\\\/?s={search_term_string}\"},\"query-input\":{\"@type\":\"PropertyValueSpecification\",\"valueRequired\":true,\"valueName\":\"search_term_string\"}}],\"inLanguage\":\"fr-FR\"},{\"@type\":\"Organization\",\"@id\":\"https:\\\/\\\/workboot.fr\\\/ciela\\\/#organization\",\"name\":\"workboot\",\"url\":\"https:\\\/\\\/workboot.fr\\\/ciela\\\/\",\"logo\":{\"@type\":\"ImageObject\",\"inLanguage\":\"fr-FR\",\"@id\":\"https:\\\/\\\/workboot.fr\\\/ciela\\\/#\\\/schema\\\/logo\\\/image\\\/\",\"url\":\"https:\\\/\\\/workboot.fr\\\/ciela\\\/wp-content\\\/uploads\\\/2025\\\/05\\\/logo_ciel-dorian-1.png\",\"contentUrl\":\"https:\\\/\\\/workboot.fr\\\/ciela\\\/wp-content\\\/uploads\\\/2025\\\/05\\\/logo_ciel-dorian-1.png\",\"width\":1024,\"height\":950,\"caption\":\"workboot\"},\"image\":{\"@id\":\"https:\\\/\\\/workboot.fr\\\/ciela\\\/#\\\/schema\\\/logo\\\/image\\\/\"}}]}<\/script>\n<!-- \/ Yoast SEO plugin. -->","yoast_head_json":{"title":"Sonde num\u00e9rique 8 Canaux - workboot","robots":{"index":"index","follow":"follow","max-snippet":"max-snippet:-1","max-image-preview":"max-image-preview:large","max-video-preview":"max-video-preview:-1"},"canonical":"https:\/\/workboot.fr\/ciela\/sonde-numerique-saleae\/","og_locale":"fr_FR","og_type":"article","og_title":"Sonde num\u00e9rique 8 Canaux - workboot","og_description":"Installation sous Debian on va privil\u00e9gier les outils logiciels libre sigrock et pulseview D\u00e9finition d&rsquo;un analyseur logique num\u00e9rique Un&nbsp;analyseur logique num\u00e9rique&nbsp;est un outil de mesure \u00e9lectronique permettant de capturer, visualiser [&hellip;]","og_url":"https:\/\/workboot.fr\/ciela\/sonde-numerique-saleae\/","og_site_name":"workboot","article_modified_time":"2026-02-12T15:38:47+00:00","og_image":[{"width":1280,"height":645,"url":"https:\/\/workboot.fr\/ciela\/wp-content\/uploads\/2025\/07\/SALEAE_phy.jpg","type":"image\/jpeg"}],"twitter_misc":{"Dur\u00e9e de lecture estim\u00e9e":"3 minutes"},"schema":{"@context":"https:\/\/schema.org","@graph":[{"@type":"WebPage","@id":"https:\/\/workboot.fr\/ciela\/sonde-numerique-saleae\/","url":"https:\/\/workboot.fr\/ciela\/sonde-numerique-saleae\/","name":"Sonde num\u00e9rique 8 Canaux - workboot","isPartOf":{"@id":"https:\/\/workboot.fr\/ciela\/#website"},"primaryImageOfPage":{"@id":"https:\/\/workboot.fr\/ciela\/sonde-numerique-saleae\/#primaryimage"},"image":{"@id":"https:\/\/workboot.fr\/ciela\/sonde-numerique-saleae\/#primaryimage"},"thumbnailUrl":"https:\/\/workboot.fr\/ciela\/wp-content\/uploads\/2025\/07\/SALEAE_phy-1024x516.jpg","datePublished":"2025-07-29T17:24:42+00:00","dateModified":"2026-02-12T15:38:47+00:00","inLanguage":"fr-FR","potentialAction":[{"@type":"ReadAction","target":["https:\/\/workboot.fr\/ciela\/sonde-numerique-saleae\/"]}]},{"@type":"ImageObject","inLanguage":"fr-FR","@id":"https:\/\/workboot.fr\/ciela\/sonde-numerique-saleae\/#primaryimage","url":"https:\/\/workboot.fr\/ciela\/wp-content\/uploads\/2025\/07\/SALEAE_phy.jpg","contentUrl":"https:\/\/workboot.fr\/ciela\/wp-content\/uploads\/2025\/07\/SALEAE_phy.jpg","width":1280,"height":645},{"@type":"WebSite","@id":"https:\/\/workboot.fr\/ciela\/#website","url":"https:\/\/workboot.fr\/ciela\/","name":"workboot","description":"Open Source, Open Minds ","publisher":{"@id":"https:\/\/workboot.fr\/ciela\/#organization"},"potentialAction":[{"@type":"SearchAction","target":{"@type":"EntryPoint","urlTemplate":"https:\/\/workboot.fr\/ciela\/?s={search_term_string}"},"query-input":{"@type":"PropertyValueSpecification","valueRequired":true,"valueName":"search_term_string"}}],"inLanguage":"fr-FR"},{"@type":"Organization","@id":"https:\/\/workboot.fr\/ciela\/#organization","name":"workboot","url":"https:\/\/workboot.fr\/ciela\/","logo":{"@type":"ImageObject","inLanguage":"fr-FR","@id":"https:\/\/workboot.fr\/ciela\/#\/schema\/logo\/image\/","url":"https:\/\/workboot.fr\/ciela\/wp-content\/uploads\/2025\/05\/logo_ciel-dorian-1.png","contentUrl":"https:\/\/workboot.fr\/ciela\/wp-content\/uploads\/2025\/05\/logo_ciel-dorian-1.png","width":1024,"height":950,"caption":"workboot"},"image":{"@id":"https:\/\/workboot.fr\/ciela\/#\/schema\/logo\/image\/"}}]}},"uagb_featured_image_src":{"full":false,"thumbnail":false,"medium":false,"medium_large":false,"large":false,"1536x1536":false,"2048x2048":false},"uagb_author_info":{"display_name":"admin","author_link":"https:\/\/workboot.fr\/ciela\/author\/admin\/"},"uagb_comment_info":0,"uagb_excerpt":"Installation sous Debian on va privil\u00e9gier les outils logiciels libre sigrock et pulseview D\u00e9finition d&rsquo;un analyseur logique num\u00e9rique Un&nbsp;analyseur logique num\u00e9rique&nbsp;est un outil de mesure \u00e9lectronique permettant de capturer, visualiser [&hellip;]","_links":{"self":[{"href":"https:\/\/workboot.fr\/ciela\/wp-json\/wp\/v2\/pages\/3280","targetHints":{"allow":["GET"]}}],"collection":[{"href":"https:\/\/workboot.fr\/ciela\/wp-json\/wp\/v2\/pages"}],"about":[{"href":"https:\/\/workboot.fr\/ciela\/wp-json\/wp\/v2\/types\/page"}],"author":[{"embeddable":true,"href":"https:\/\/workboot.fr\/ciela\/wp-json\/wp\/v2\/users\/1"}],"replies":[{"embeddable":true,"href":"https:\/\/workboot.fr\/ciela\/wp-json\/wp\/v2\/comments?post=3280"}],"version-history":[{"count":9,"href":"https:\/\/workboot.fr\/ciela\/wp-json\/wp\/v2\/pages\/3280\/revisions"}],"predecessor-version":[{"id":6722,"href":"https:\/\/workboot.fr\/ciela\/wp-json\/wp\/v2\/pages\/3280\/revisions\/6722"}],"wp:attachment":[{"href":"https:\/\/workboot.fr\/ciela\/wp-json\/wp\/v2\/media?parent=3280"}],"curies":[{"name":"wp","href":"https:\/\/api.w.org\/{rel}","templated":true}]}}