{"id":3322,"date":"2025-07-30T09:26:41","date_gmt":"2025-07-30T08:26:41","guid":{"rendered":"https:\/\/workboot.fr\/ciela\/?page_id=3322"},"modified":"2025-11-10T15:36:51","modified_gmt":"2025-11-10T14:36:51","slug":"fritzing","status":"publish","type":"page","link":"https:\/\/workboot.fr\/ciela\/fritzing\/","title":{"rendered":"Fritzing"},"content":{"rendered":"\n<p class=\"wp-block-paragraph\"><strong>Fritzing<\/strong>&nbsp;est un logiciel de conception \u00e9lectronique open-source (initialement) con\u00e7u pour aider les makers, les \u00e9ducateurs et les d\u00e9butants \u00e0 cr\u00e9er des circuits \u00e9lectroniques de mani\u00e8re intuitive. Il se distingue par son approche visuelle et p\u00e9dagogique, notamment gr\u00e2ce \u00e0 son mode&nbsp;<strong>\u00ab\u00a0Breadboard\u00a0\u00bb<\/strong>&nbsp;qui permet de repr\u00e9senter des montages r\u00e9els de fa\u00e7on sch\u00e9matique.<\/p>\n\n\n\n<h2 class=\"wp-block-heading\">installation<\/h2>\n\n\n\n<p class=\"wp-block-paragraph\">sous debian et d\u00e9riv\u00e9es ..<\/p>\n\n\n\n<pre class=\"wp-block-code\"><code>sudo apt update\nsudo apt install fritzing<\/code><\/pre>\n\n\n\n<figure class=\"wp-block-image size-large\"><a href=\"https:\/\/workboot.fr\/ciela\/wp-content\/uploads\/2025\/07\/fritzing_RPI3.png\"><img loading=\"lazy\" decoding=\"async\" width=\"1024\" height=\"582\" src=\"https:\/\/workboot.fr\/ciela\/wp-content\/uploads\/2025\/07\/fritzing_RPI3-1024x582.png\" alt=\"\" class=\"wp-image-3325\" srcset=\"https:\/\/workboot.fr\/ciela\/wp-content\/uploads\/2025\/07\/fritzing_RPI3-1024x582.png 1024w, https:\/\/workboot.fr\/ciela\/wp-content\/uploads\/2025\/07\/fritzing_RPI3-300x171.png 300w, https:\/\/workboot.fr\/ciela\/wp-content\/uploads\/2025\/07\/fritzing_RPI3-768x437.png 768w, https:\/\/workboot.fr\/ciela\/wp-content\/uploads\/2025\/07\/fritzing_RPI3-1536x874.png 1536w, https:\/\/workboot.fr\/ciela\/wp-content\/uploads\/2025\/07\/fritzing_RPI3-2048x1165.png 2048w\" sizes=\"auto, (max-width: 1024px) 100vw, 1024px\" \/><\/a><\/figure>\n","protected":false},"excerpt":{"rendered":"<p>Fritzing&nbsp;est un logiciel de conception \u00e9lectronique open-source (initialement) con\u00e7u pour aider les makers, les \u00e9ducateurs et les d\u00e9butants \u00e0 cr\u00e9er des circuits \u00e9lectroniques de mani\u00e8re intuitive. Il se distingue par [&hellip;]<\/p>\n","protected":false},"author":1,"featured_media":0,"parent":0,"menu_order":0,"comment_status":"closed","ping_status":"closed","template":"","meta":{"_crdt_document":"","_uag_custom_page_level_css":"","footnotes":""},"class_list":["post-3322","page","type-page","status-publish","hentry"],"yoast_head":"<!-- This site is optimized with the Yoast SEO plugin v27.3 - https:\/\/yoast.com\/product\/yoast-seo-wordpress\/ -->\n<title>Fritzing - workboot<\/title>\n<meta name=\"robots\" content=\"index, follow, max-snippet:-1, max-image-preview:large, max-video-preview:-1\" \/>\n<link rel=\"canonical\" href=\"https:\/\/workboot.fr\/ciela\/fritzing\/\" \/>\n<meta property=\"og:locale\" content=\"fr_FR\" \/>\n<meta property=\"og:type\" content=\"article\" \/>\n<meta property=\"og:title\" content=\"Fritzing - workboot\" \/>\n<meta property=\"og:description\" content=\"Fritzing&nbsp;est un logiciel de conception \u00e9lectronique open-source (initialement) con\u00e7u pour aider les makers, les \u00e9ducateurs et les d\u00e9butants \u00e0 cr\u00e9er des circuits \u00e9lectroniques de mani\u00e8re intuitive. Il se distingue par [&hellip;]\" \/>\n<meta property=\"og:url\" content=\"https:\/\/workboot.fr\/ciela\/fritzing\/\" \/>\n<meta property=\"og:site_name\" content=\"workboot\" \/>\n<meta property=\"article:modified_time\" content=\"2025-11-10T14:36:51+00:00\" \/>\n<meta property=\"og:image\" content=\"https:\/\/workboot.fr\/ciela\/wp-content\/uploads\/2025\/07\/fritzing_RPI3.png\" \/>\n\t<meta property=\"og:image:width\" content=\"2050\" \/>\n\t<meta property=\"og:image:height\" content=\"1166\" \/>\n\t<meta property=\"og:image:type\" content=\"image\/png\" \/>\n<meta name=\"twitter:label1\" content=\"Dur\u00e9e de lecture estim\u00e9e\" \/>\n\t<meta name=\"twitter:data1\" content=\"1 minute\" \/>\n<script type=\"application\/ld+json\" class=\"yoast-schema-graph\">{\"@context\":\"https:\\\/\\\/schema.org\",\"@graph\":[{\"@type\":\"WebPage\",\"@id\":\"https:\\\/\\\/workboot.fr\\\/ciela\\\/fritzing\\\/\",\"url\":\"https:\\\/\\\/workboot.fr\\\/ciela\\\/fritzing\\\/\",\"name\":\"Fritzing - workboot\",\"isPartOf\":{\"@id\":\"https:\\\/\\\/workboot.fr\\\/ciela\\\/#website\"},\"primaryImageOfPage\":{\"@id\":\"https:\\\/\\\/workboot.fr\\\/ciela\\\/fritzing\\\/#primaryimage\"},\"image\":{\"@id\":\"https:\\\/\\\/workboot.fr\\\/ciela\\\/fritzing\\\/#primaryimage\"},\"thumbnailUrl\":\"https:\\\/\\\/workboot.fr\\\/ciela\\\/wp-content\\\/uploads\\\/2025\\\/07\\\/fritzing_RPI3-1024x582.png\",\"datePublished\":\"2025-07-30T08:26:41+00:00\",\"dateModified\":\"2025-11-10T14:36:51+00:00\",\"inLanguage\":\"fr-FR\",\"potentialAction\":[{\"@type\":\"ReadAction\",\"target\":[\"https:\\\/\\\/workboot.fr\\\/ciela\\\/fritzing\\\/\"]}]},{\"@type\":\"ImageObject\",\"inLanguage\":\"fr-FR\",\"@id\":\"https:\\\/\\\/workboot.fr\\\/ciela\\\/fritzing\\\/#primaryimage\",\"url\":\"https:\\\/\\\/workboot.fr\\\/ciela\\\/wp-content\\\/uploads\\\/2025\\\/07\\\/fritzing_RPI3.png\",\"contentUrl\":\"https:\\\/\\\/workboot.fr\\\/ciela\\\/wp-content\\\/uploads\\\/2025\\\/07\\\/fritzing_RPI3.png\",\"width\":2050,\"height\":1166},{\"@type\":\"WebSite\",\"@id\":\"https:\\\/\\\/workboot.fr\\\/ciela\\\/#website\",\"url\":\"https:\\\/\\\/workboot.fr\\\/ciela\\\/\",\"name\":\"workboot\",\"description\":\"Open Source, Open Minds \",\"publisher\":{\"@id\":\"https:\\\/\\\/workboot.fr\\\/ciela\\\/#organization\"},\"potentialAction\":[{\"@type\":\"SearchAction\",\"target\":{\"@type\":\"EntryPoint\",\"urlTemplate\":\"https:\\\/\\\/workboot.fr\\\/ciela\\\/?s={search_term_string}\"},\"query-input\":{\"@type\":\"PropertyValueSpecification\",\"valueRequired\":true,\"valueName\":\"search_term_string\"}}],\"inLanguage\":\"fr-FR\"},{\"@type\":\"Organization\",\"@id\":\"https:\\\/\\\/workboot.fr\\\/ciela\\\/#organization\",\"name\":\"workboot\",\"url\":\"https:\\\/\\\/workboot.fr\\\/ciela\\\/\",\"logo\":{\"@type\":\"ImageObject\",\"inLanguage\":\"fr-FR\",\"@id\":\"https:\\\/\\\/workboot.fr\\\/ciela\\\/#\\\/schema\\\/logo\\\/image\\\/\",\"url\":\"https:\\\/\\\/workboot.fr\\\/ciela\\\/wp-content\\\/uploads\\\/2025\\\/05\\\/logo_ciel-dorian-1.png\",\"contentUrl\":\"https:\\\/\\\/workboot.fr\\\/ciela\\\/wp-content\\\/uploads\\\/2025\\\/05\\\/logo_ciel-dorian-1.png\",\"width\":1024,\"height\":950,\"caption\":\"workboot\"},\"image\":{\"@id\":\"https:\\\/\\\/workboot.fr\\\/ciela\\\/#\\\/schema\\\/logo\\\/image\\\/\"}}]}<\/script>\n<!-- \/ Yoast SEO plugin. -->","yoast_head_json":{"title":"Fritzing - workboot","robots":{"index":"index","follow":"follow","max-snippet":"max-snippet:-1","max-image-preview":"max-image-preview:large","max-video-preview":"max-video-preview:-1"},"canonical":"https:\/\/workboot.fr\/ciela\/fritzing\/","og_locale":"fr_FR","og_type":"article","og_title":"Fritzing - workboot","og_description":"Fritzing&nbsp;est un logiciel de conception \u00e9lectronique open-source (initialement) con\u00e7u pour aider les makers, les \u00e9ducateurs et les d\u00e9butants \u00e0 cr\u00e9er des circuits \u00e9lectroniques de mani\u00e8re intuitive. Il se distingue par [&hellip;]","og_url":"https:\/\/workboot.fr\/ciela\/fritzing\/","og_site_name":"workboot","article_modified_time":"2025-11-10T14:36:51+00:00","og_image":[{"width":2050,"height":1166,"url":"https:\/\/workboot.fr\/ciela\/wp-content\/uploads\/2025\/07\/fritzing_RPI3.png","type":"image\/png"}],"twitter_misc":{"Dur\u00e9e de lecture estim\u00e9e":"1 minute"},"schema":{"@context":"https:\/\/schema.org","@graph":[{"@type":"WebPage","@id":"https:\/\/workboot.fr\/ciela\/fritzing\/","url":"https:\/\/workboot.fr\/ciela\/fritzing\/","name":"Fritzing - workboot","isPartOf":{"@id":"https:\/\/workboot.fr\/ciela\/#website"},"primaryImageOfPage":{"@id":"https:\/\/workboot.fr\/ciela\/fritzing\/#primaryimage"},"image":{"@id":"https:\/\/workboot.fr\/ciela\/fritzing\/#primaryimage"},"thumbnailUrl":"https:\/\/workboot.fr\/ciela\/wp-content\/uploads\/2025\/07\/fritzing_RPI3-1024x582.png","datePublished":"2025-07-30T08:26:41+00:00","dateModified":"2025-11-10T14:36:51+00:00","inLanguage":"fr-FR","potentialAction":[{"@type":"ReadAction","target":["https:\/\/workboot.fr\/ciela\/fritzing\/"]}]},{"@type":"ImageObject","inLanguage":"fr-FR","@id":"https:\/\/workboot.fr\/ciela\/fritzing\/#primaryimage","url":"https:\/\/workboot.fr\/ciela\/wp-content\/uploads\/2025\/07\/fritzing_RPI3.png","contentUrl":"https:\/\/workboot.fr\/ciela\/wp-content\/uploads\/2025\/07\/fritzing_RPI3.png","width":2050,"height":1166},{"@type":"WebSite","@id":"https:\/\/workboot.fr\/ciela\/#website","url":"https:\/\/workboot.fr\/ciela\/","name":"workboot","description":"Open Source, Open Minds ","publisher":{"@id":"https:\/\/workboot.fr\/ciela\/#organization"},"potentialAction":[{"@type":"SearchAction","target":{"@type":"EntryPoint","urlTemplate":"https:\/\/workboot.fr\/ciela\/?s={search_term_string}"},"query-input":{"@type":"PropertyValueSpecification","valueRequired":true,"valueName":"search_term_string"}}],"inLanguage":"fr-FR"},{"@type":"Organization","@id":"https:\/\/workboot.fr\/ciela\/#organization","name":"workboot","url":"https:\/\/workboot.fr\/ciela\/","logo":{"@type":"ImageObject","inLanguage":"fr-FR","@id":"https:\/\/workboot.fr\/ciela\/#\/schema\/logo\/image\/","url":"https:\/\/workboot.fr\/ciela\/wp-content\/uploads\/2025\/05\/logo_ciel-dorian-1.png","contentUrl":"https:\/\/workboot.fr\/ciela\/wp-content\/uploads\/2025\/05\/logo_ciel-dorian-1.png","width":1024,"height":950,"caption":"workboot"},"image":{"@id":"https:\/\/workboot.fr\/ciela\/#\/schema\/logo\/image\/"}}]}},"uagb_featured_image_src":{"full":false,"thumbnail":false,"medium":false,"medium_large":false,"large":false,"1536x1536":false,"2048x2048":false},"uagb_author_info":{"display_name":"admin","author_link":"https:\/\/workboot.fr\/ciela\/author\/admin\/"},"uagb_comment_info":0,"uagb_excerpt":"Fritzing&nbsp;est un logiciel de conception \u00e9lectronique open-source (initialement) con\u00e7u pour aider les makers, les \u00e9ducateurs et les d\u00e9butants \u00e0 cr\u00e9er des circuits \u00e9lectroniques de mani\u00e8re intuitive. Il se distingue par [&hellip;]","_links":{"self":[{"href":"https:\/\/workboot.fr\/ciela\/wp-json\/wp\/v2\/pages\/3322","targetHints":{"allow":["GET"]}}],"collection":[{"href":"https:\/\/workboot.fr\/ciela\/wp-json\/wp\/v2\/pages"}],"about":[{"href":"https:\/\/workboot.fr\/ciela\/wp-json\/wp\/v2\/types\/page"}],"author":[{"embeddable":true,"href":"https:\/\/workboot.fr\/ciela\/wp-json\/wp\/v2\/users\/1"}],"replies":[{"embeddable":true,"href":"https:\/\/workboot.fr\/ciela\/wp-json\/wp\/v2\/comments?post=3322"}],"version-history":[{"count":4,"href":"https:\/\/workboot.fr\/ciela\/wp-json\/wp\/v2\/pages\/3322\/revisions"}],"predecessor-version":[{"id":5030,"href":"https:\/\/workboot.fr\/ciela\/wp-json\/wp\/v2\/pages\/3322\/revisions\/5030"}],"wp:attachment":[{"href":"https:\/\/workboot.fr\/ciela\/wp-json\/wp\/v2\/media?parent=3322"}],"curies":[{"name":"wp","href":"https:\/\/api.w.org\/{rel}","templated":true}]}}