{"id":4351,"date":"2025-09-30T08:48:09","date_gmt":"2025-09-30T07:48:09","guid":{"rendered":"https:\/\/workboot.fr\/ciela\/?page_id=4351"},"modified":"2025-09-30T17:30:42","modified_gmt":"2025-09-30T16:30:42","slug":"arduino-2-2-1","status":"publish","type":"page","link":"https:\/\/workboot.fr\/ciela\/arduino-2-2-1\/","title":{"rendered":"Arduino 2.2.1"},"content":{"rendered":"\n<p class=\"wp-block-paragraph\">On va utiliser la version 2.2.1 ARDUINO 2 , car a partir de la version 2.3.6 , il y a un bug avec le PROXY <\/p>\n\n\n\n<h2 class=\"wp-block-heading\">Il faut ajouter l&rsquo;utilisateur (votre login) dans le group dialout<\/h2>\n\n\n\n<pre class=\"wp-block-code\"><code>sudo usermod -a -G dialout $USER\nnewgrp dialout<\/code><\/pre>\n\n\n\n<p class=\"wp-block-paragraph\">V\u00e9rifier que vous y \u00eates bien!<\/p>\n\n\n\n<pre class=\"wp-block-code\"><code>dorian@ordi:~$ groups\ndorian adm <strong>dialout<\/strong> cdrom sudo dip plugdev lpadmin lxd sambashare<\/code><\/pre>\n\n\n\n<p class=\"wp-block-paragraph\">Cr\u00e9er le r\u00e9pertoire Arduino2 dans Softs<\/p>\n\n\n\n<pre class=\"wp-block-code\"><code>cd\nmkdir -p Softs\/Arduino2<\/code><\/pre>\n\n\n\n<p class=\"wp-block-paragraph\"><a href=\"https:\/\/workboot.fr\/Download\/Arduino\/arduino-ide_2.2.1_Linux_64bit.AppImage\">https:\/\/workboot.fr\/Download\/Arduino\/arduino-ide_2.2.1_Linux_64bit.AppImage<\/a><\/p>\n\n\n\n<p class=\"wp-block-paragraph\">Le placer dans le r\u00e9pertoire Arduino2  (pour ranger)<\/p>\n\n\n\n<pre class=\"wp-block-code\"><code>mv Ardui* ~\/Softs\/Arduino2<\/code><\/pre>\n\n\n\n<p class=\"wp-block-paragraph\">installer Fuse pour faire fonctionner un Appimage<\/p>\n\n\n\n<pre class=\"wp-block-code\"><code>sudo apt update &amp;&amp; sudo apt install fuse <\/code><\/pre>\n\n\n\n<p class=\"wp-block-paragraph\">puis mettre le droit d&rsquo; ex\u00e9cution sur ce fichier<\/p>\n\n\n\n<pre class=\"wp-block-code\"><code>cd ~\/Softs\/Arduino2\nchmod +x Arduino*<\/code><\/pre>\n\n\n\n<p class=\"wp-block-paragraph\">puis ex\u00e9cuter une premi\u00e8re fois , on nous allons assister a un \u00e9chec !! il faudra quitter le logiciel Arduino 2, car il n&rsquo;arrive pas a aller sur internet ! on doit lui ajouter le proxy du lyc\u00e9e<\/p>\n\n\n\n<pre class=\"wp-block-code\"><code>#rajouter ces lignes dans \nvi ~\/.arduinoIDE\/arduino-cli.yaml<\/code><\/pre>\n\n\n\n<p class=\"wp-block-paragraph\">ajouter ces lignes :<\/p>\n\n\n\n<pre class=\"wp-block-code\"><code>network:\n    proxy: http:\/\/10.0.0.1:3128\/\n    user_agent_ext: daemon<\/code><\/pre>\n\n\n\n<p class=\"wp-block-paragraph\">Et vous pouvez maintenant relancer <\/p>\n\n\n\n<pre class=\"wp-block-code\"><code>cd ~\/Softs\/Arduino2\n.\/arduino-ide_2.2.1_Linux_64bit.AppImage<\/code><\/pre>\n\n\n\n<p class=\"wp-block-paragraph\"><\/p>\n","protected":false},"excerpt":{"rendered":"<p>On va utiliser la version 2.2.1 ARDUINO 2 , car a partir de la version 2.3.6 , il y a un bug avec le PROXY Il faut ajouter l&rsquo;utilisateur (votre [&hellip;]<\/p>\n","protected":false},"author":1,"featured_media":0,"parent":0,"menu_order":0,"comment_status":"closed","ping_status":"closed","template":"","meta":{"_crdt_document":"","_uag_custom_page_level_css":"","footnotes":""},"class_list":["post-4351","page","type-page","status-publish","hentry"],"yoast_head":"<!-- This site is optimized with the Yoast SEO plugin v27.3 - https:\/\/yoast.com\/product\/yoast-seo-wordpress\/ -->\n<title>Arduino 2.2.1 - workboot<\/title>\n<meta name=\"robots\" content=\"index, follow, max-snippet:-1, max-image-preview:large, max-video-preview:-1\" \/>\n<link rel=\"canonical\" href=\"https:\/\/workboot.fr\/ciela\/arduino-2-2-1\/\" \/>\n<meta property=\"og:locale\" content=\"fr_FR\" \/>\n<meta property=\"og:type\" content=\"article\" \/>\n<meta property=\"og:title\" content=\"Arduino 2.2.1 - workboot\" \/>\n<meta property=\"og:description\" content=\"On va utiliser la version 2.2.1 ARDUINO 2 , car a partir de la version 2.3.6 , il y a un bug avec le PROXY Il faut ajouter l&rsquo;utilisateur (votre [&hellip;]\" \/>\n<meta property=\"og:url\" content=\"https:\/\/workboot.fr\/ciela\/arduino-2-2-1\/\" \/>\n<meta property=\"og:site_name\" content=\"workboot\" \/>\n<meta property=\"article:modified_time\" content=\"2025-09-30T16:30:42+00:00\" \/>\n<meta name=\"twitter:label1\" content=\"Dur\u00e9e de lecture estim\u00e9e\" \/>\n\t<meta name=\"twitter:data1\" content=\"1 minute\" \/>\n<script type=\"application\/ld+json\" class=\"yoast-schema-graph\">{\"@context\":\"https:\\\/\\\/schema.org\",\"@graph\":[{\"@type\":\"WebPage\",\"@id\":\"https:\\\/\\\/workboot.fr\\\/ciela\\\/arduino-2-2-1\\\/\",\"url\":\"https:\\\/\\\/workboot.fr\\\/ciela\\\/arduino-2-2-1\\\/\",\"name\":\"Arduino 2.2.1 - workboot\",\"isPartOf\":{\"@id\":\"https:\\\/\\\/workboot.fr\\\/ciela\\\/#website\"},\"datePublished\":\"2025-09-30T07:48:09+00:00\",\"dateModified\":\"2025-09-30T16:30:42+00:00\",\"inLanguage\":\"fr-FR\",\"potentialAction\":[{\"@type\":\"ReadAction\",\"target\":[\"https:\\\/\\\/workboot.fr\\\/ciela\\\/arduino-2-2-1\\\/\"]}]},{\"@type\":\"WebSite\",\"@id\":\"https:\\\/\\\/workboot.fr\\\/ciela\\\/#website\",\"url\":\"https:\\\/\\\/workboot.fr\\\/ciela\\\/\",\"name\":\"workboot\",\"description\":\"Open Source, Open Minds \",\"publisher\":{\"@id\":\"https:\\\/\\\/workboot.fr\\\/ciela\\\/#organization\"},\"potentialAction\":[{\"@type\":\"SearchAction\",\"target\":{\"@type\":\"EntryPoint\",\"urlTemplate\":\"https:\\\/\\\/workboot.fr\\\/ciela\\\/?s={search_term_string}\"},\"query-input\":{\"@type\":\"PropertyValueSpecification\",\"valueRequired\":true,\"valueName\":\"search_term_string\"}}],\"inLanguage\":\"fr-FR\"},{\"@type\":\"Organization\",\"@id\":\"https:\\\/\\\/workboot.fr\\\/ciela\\\/#organization\",\"name\":\"workboot\",\"url\":\"https:\\\/\\\/workboot.fr\\\/ciela\\\/\",\"logo\":{\"@type\":\"ImageObject\",\"inLanguage\":\"fr-FR\",\"@id\":\"https:\\\/\\\/workboot.fr\\\/ciela\\\/#\\\/schema\\\/logo\\\/image\\\/\",\"url\":\"https:\\\/\\\/workboot.fr\\\/ciela\\\/wp-content\\\/uploads\\\/2025\\\/05\\\/logo_ciel-dorian-1.png\",\"contentUrl\":\"https:\\\/\\\/workboot.fr\\\/ciela\\\/wp-content\\\/uploads\\\/2025\\\/05\\\/logo_ciel-dorian-1.png\",\"width\":1024,\"height\":950,\"caption\":\"workboot\"},\"image\":{\"@id\":\"https:\\\/\\\/workboot.fr\\\/ciela\\\/#\\\/schema\\\/logo\\\/image\\\/\"}}]}<\/script>\n<!-- \/ Yoast SEO plugin. -->","yoast_head_json":{"title":"Arduino 2.2.1 - workboot","robots":{"index":"index","follow":"follow","max-snippet":"max-snippet:-1","max-image-preview":"max-image-preview:large","max-video-preview":"max-video-preview:-1"},"canonical":"https:\/\/workboot.fr\/ciela\/arduino-2-2-1\/","og_locale":"fr_FR","og_type":"article","og_title":"Arduino 2.2.1 - workboot","og_description":"On va utiliser la version 2.2.1 ARDUINO 2 , car a partir de la version 2.3.6 , il y a un bug avec le PROXY Il faut ajouter l&rsquo;utilisateur (votre [&hellip;]","og_url":"https:\/\/workboot.fr\/ciela\/arduino-2-2-1\/","og_site_name":"workboot","article_modified_time":"2025-09-30T16:30:42+00:00","twitter_misc":{"Dur\u00e9e de lecture estim\u00e9e":"1 minute"},"schema":{"@context":"https:\/\/schema.org","@graph":[{"@type":"WebPage","@id":"https:\/\/workboot.fr\/ciela\/arduino-2-2-1\/","url":"https:\/\/workboot.fr\/ciela\/arduino-2-2-1\/","name":"Arduino 2.2.1 - workboot","isPartOf":{"@id":"https:\/\/workboot.fr\/ciela\/#website"},"datePublished":"2025-09-30T07:48:09+00:00","dateModified":"2025-09-30T16:30:42+00:00","inLanguage":"fr-FR","potentialAction":[{"@type":"ReadAction","target":["https:\/\/workboot.fr\/ciela\/arduino-2-2-1\/"]}]},{"@type":"WebSite","@id":"https:\/\/workboot.fr\/ciela\/#website","url":"https:\/\/workboot.fr\/ciela\/","name":"workboot","description":"Open Source, Open Minds ","publisher":{"@id":"https:\/\/workboot.fr\/ciela\/#organization"},"potentialAction":[{"@type":"SearchAction","target":{"@type":"EntryPoint","urlTemplate":"https:\/\/workboot.fr\/ciela\/?s={search_term_string}"},"query-input":{"@type":"PropertyValueSpecification","valueRequired":true,"valueName":"search_term_string"}}],"inLanguage":"fr-FR"},{"@type":"Organization","@id":"https:\/\/workboot.fr\/ciela\/#organization","name":"workboot","url":"https:\/\/workboot.fr\/ciela\/","logo":{"@type":"ImageObject","inLanguage":"fr-FR","@id":"https:\/\/workboot.fr\/ciela\/#\/schema\/logo\/image\/","url":"https:\/\/workboot.fr\/ciela\/wp-content\/uploads\/2025\/05\/logo_ciel-dorian-1.png","contentUrl":"https:\/\/workboot.fr\/ciela\/wp-content\/uploads\/2025\/05\/logo_ciel-dorian-1.png","width":1024,"height":950,"caption":"workboot"},"image":{"@id":"https:\/\/workboot.fr\/ciela\/#\/schema\/logo\/image\/"}}]}},"uagb_featured_image_src":{"full":false,"thumbnail":false,"medium":false,"medium_large":false,"large":false,"1536x1536":false,"2048x2048":false},"uagb_author_info":{"display_name":"admin","author_link":"https:\/\/workboot.fr\/ciela\/author\/admin\/"},"uagb_comment_info":0,"uagb_excerpt":"On va utiliser la version 2.2.1 ARDUINO 2 , car a partir de la version 2.3.6 , il y a un bug avec le PROXY Il faut ajouter l&rsquo;utilisateur (votre [&hellip;]","_links":{"self":[{"href":"https:\/\/workboot.fr\/ciela\/wp-json\/wp\/v2\/pages\/4351","targetHints":{"allow":["GET"]}}],"collection":[{"href":"https:\/\/workboot.fr\/ciela\/wp-json\/wp\/v2\/pages"}],"about":[{"href":"https:\/\/workboot.fr\/ciela\/wp-json\/wp\/v2\/types\/page"}],"author":[{"embeddable":true,"href":"https:\/\/workboot.fr\/ciela\/wp-json\/wp\/v2\/users\/1"}],"replies":[{"embeddable":true,"href":"https:\/\/workboot.fr\/ciela\/wp-json\/wp\/v2\/comments?post=4351"}],"version-history":[{"count":2,"href":"https:\/\/workboot.fr\/ciela\/wp-json\/wp\/v2\/pages\/4351\/revisions"}],"predecessor-version":[{"id":4363,"href":"https:\/\/workboot.fr\/ciela\/wp-json\/wp\/v2\/pages\/4351\/revisions\/4363"}],"wp:attachment":[{"href":"https:\/\/workboot.fr\/ciela\/wp-json\/wp\/v2\/media?parent=4351"}],"curies":[{"name":"wp","href":"https:\/\/api.w.org\/{rel}","templated":true}]}}