{"id":4616,"date":"2025-10-14T15:52:05","date_gmt":"2025-10-14T14:52:05","guid":{"rendered":"https:\/\/workboot.fr\/ciela\/?page_id=4616"},"modified":"2025-10-14T15:54:20","modified_gmt":"2025-10-14T14:54:20","slug":"etc-passwd-etc-shadow-etc-group","status":"publish","type":"page","link":"https:\/\/workboot.fr\/ciela\/etc-passwd-etc-shadow-etc-group\/","title":{"rendered":"\/etc\/passwd  \/etc\/shadow \/etc\/group"},"content":{"rendered":"\n<nav aria-label=\"Table des mati\u00e8res\" class=\"wp-block-table-of-contents\"><ol><li><a class=\"wp-block-table-of-contents__entry\" href=\"https:\/\/workboot.fr\/ciela\/etc-passwd-etc-shadow-etc-group\/#fichier-passwd\">Fichier passwd<\/a><ol><li><a class=\"wp-block-table-of-contents__entry\" href=\"https:\/\/workboot.fr\/ciela\/etc-passwd-etc-shadow-etc-group\/#decoupage-des-champs-separes-par\">D\u00e9coupage des champs (s\u00e9par\u00e9s par\u00a0\ud83d\ude42<\/a><\/li><li><a class=\"wp-block-table-of-contents__entry\" href=\"https:\/\/workboot.fr\/ciela\/etc-passwd-etc-shadow-etc-group\/#1-nom-d-utilisateur-etudiant\">1.\u00a0Nom d&rsquo;utilisateur\u00a0&#8211;\u00a0etudiant<\/a><\/li><li><a class=\"wp-block-table-of-contents__entry\" href=\"https:\/\/workboot.fr\/ciela\/etc-passwd-etc-shadow-etc-group\/#2-mot-de-passe-x\">2.\u00a0Mot de passe\u00a0&#8211;\u00a0x<\/a><\/li><li><a class=\"wp-block-table-of-contents__entry\" href=\"https:\/\/workboot.fr\/ciela\/etc-passwd-etc-shadow-etc-group\/#3-uid-user-id-1000\">3.\u00a0UID (User ID)\u00a0&#8211;\u00a01000<\/a><\/li><li><a class=\"wp-block-table-of-contents__entry\" href=\"https:\/\/workboot.fr\/ciela\/etc-passwd-etc-shadow-etc-group\/#4-gid-group-id-1000\">4.\u00a0GID (Group ID)\u00a0&#8211;\u00a01000<\/a><\/li><li><a class=\"wp-block-table-of-contents__entry\" href=\"https:\/\/workboot.fr\/ciela\/etc-passwd-etc-shadow-etc-group\/#5-gecos-description-etudiant\">5.\u00a0GECOS\/Description\u00a0&#8211;\u00a0etudiant,,,<\/a><\/li><li><a class=\"wp-block-table-of-contents__entry\" href=\"https:\/\/workboot.fr\/ciela\/etc-passwd-etc-shadow-etc-group\/#6-repertoire-home-home-etudiant\">6.\u00a0R\u00e9pertoire home\u00a0&#8211;\u00a0\/home\/etudiant<\/a><\/li><li><a class=\"wp-block-table-of-contents__entry\" href=\"https:\/\/workboot.fr\/ciela\/etc-passwd-etc-shadow-etc-group\/#7-shell-de-connexion-bin-bash\">7.\u00a0Shell de connexion\u00a0&#8211;\u00a0\/bin\/bash<\/a><\/li><\/ol><\/li><li><a class=\"wp-block-table-of-contents__entry\" href=\"https:\/\/workboot.fr\/ciela\/etc-passwd-etc-shadow-etc-group\/#fichier-shadow\">fichier shadow<\/a><ol><li><a class=\"wp-block-table-of-contents__entry\" href=\"https:\/\/workboot.fr\/ciela\/etc-passwd-etc-shadow-etc-group\/#decoupage-des-champs-separes-par-1\">D\u00e9coupage des champs (s\u00e9par\u00e9s par\u00a0\ud83d\ude42<\/a><\/li><li><a class=\"wp-block-table-of-contents__entry\" href=\"https:\/\/workboot.fr\/ciela\/etc-passwd-etc-shadow-etc-group\/#1-nom-d-utilisateur-etudiant-1\">1.\u00a0Nom d&rsquo;utilisateur\u00a0&#8211;\u00a0etudiant<\/a><\/li><li><a class=\"wp-block-table-of-contents__entry\" href=\"https:\/\/workboot.fr\/ciela\/etc-passwd-etc-shadow-etc-group\/#2-mot-de-passe-chiffre-y-j9t-rkq3i4ypsvfm521ydp0sc1-vjw2wbrtiptmbw5et3waqtvjlwwomle99s9en-crtp\">2.\u00a0Mot de passe chiffr\u00e9\u00a0&#8211;\u00a0$y$j9T$rKq3i4YpsvfM521ydp0Sc1$vjw2wbRtiptmbW5Et3WaQtVJLWwOmlE99S9en\/crTP\/<\/a><\/li><li><a class=\"wp-block-table-of-contents__entry\" href=\"https:\/\/workboot.fr\/ciela\/etc-passwd-etc-shadow-etc-group\/#3-dernier-changement-19039\">3.\u00a0Dernier changement\u00a0&#8211;\u00a019039<\/a><\/li><li><a class=\"wp-block-table-of-contents__entry\" href=\"https:\/\/workboot.fr\/ciela\/etc-passwd-etc-shadow-etc-group\/#4-age-minimum-0\">4.\u00a0\u00c2ge minimum\u00a0&#8211;\u00a00<\/a><\/li><li><a class=\"wp-block-table-of-contents__entry\" href=\"https:\/\/workboot.fr\/ciela\/etc-passwd-etc-shadow-etc-group\/#5-age-maximum-99999\">5.\u00a0\u00c2ge maximum\u00a0&#8211;\u00a099999<\/a><\/li><li><a class=\"wp-block-table-of-contents__entry\" href=\"https:\/\/workboot.fr\/ciela\/etc-passwd-etc-shadow-etc-group\/#6-periode-d-avertissement-7\">6.\u00a0P\u00e9riode d&rsquo;avertissement\u00a0&#8211;\u00a07<\/a><\/li><li><a class=\"wp-block-table-of-contents__entry\" href=\"https:\/\/workboot.fr\/ciela\/etc-passwd-etc-shadow-etc-group\/#7-periode-de-grace-vide\">7.\u00a0P\u00e9riode de gr\u00e2ce\u00a0&#8211;\u00a0(vide)<\/a><\/li><li><a class=\"wp-block-table-of-contents__entry\" href=\"https:\/\/workboot.fr\/ciela\/etc-passwd-etc-shadow-etc-group\/#8-date-d-expiration-vide\">8.\u00a0Date d&rsquo;expiration\u00a0&#8211;\u00a0(vide)<\/a><\/li><li><a class=\"wp-block-table-of-contents__entry\" href=\"https:\/\/workboot.fr\/ciela\/etc-passwd-etc-shadow-etc-group\/#9-reserve-vide\">9.\u00a0R\u00e9serv\u00e9\u00a0&#8211;\u00a0(vide)<\/a><\/li><\/ol><\/li><li><a class=\"wp-block-table-of-contents__entry\" href=\"https:\/\/workboot.fr\/ciela\/etc-passwd-etc-shadow-etc-group\/#le-fichier-group\">le fichier group<\/a><\/li><\/ol><\/nav>\n\n\n\n<h3 class=\"wp-block-heading\" id=\"fichier-passwd\">Fichier passwd<\/h3>\n\n\n\n<pre class=\"wp-block-code\"><code>etudiant:x:1000:1000:etudiant,,,:\/home\/etudiant:\/bin\/bash<\/code><\/pre>\n\n\n\n<h4 class=\"wp-block-heading\" id=\"decoupage-des-champs-separes-par\">D\u00e9coupage des champs (s\u00e9par\u00e9s par&nbsp;<code>:<\/code>)<\/h4>\n\n\n\n<h4 class=\"wp-block-heading\" id=\"1-nom-d-utilisateur-etudiant\">1.&nbsp;<strong>Nom d&rsquo;utilisateur<\/strong>&nbsp;&#8211;&nbsp;<code>etudiant<\/code><\/h4>\n\n\n\n<ul class=\"wp-block-list\">\n<li>Le login de l&rsquo;utilisateur<\/li>\n\n\n\n<li>Doit \u00eatre unique sur le syst\u00e8me<\/li>\n<\/ul>\n\n\n\n<h4 class=\"wp-block-heading\" id=\"2-mot-de-passe-x\">2.&nbsp;<strong>Mot de passe<\/strong>&nbsp;&#8211;&nbsp;<code>x<\/code><\/h4>\n\n\n\n<ul class=\"wp-block-list\">\n<li><code>x<\/code>\u00a0signifie que le mot de passe chiffr\u00e9 est stock\u00e9 dans\u00a0<code>\/etc\/shadow<\/code><\/li>\n\n\n\n<li>Anciennement, le hash \u00e9tait stock\u00e9 ici directement<\/li>\n\n\n\n<li>Pour plus de s\u00e9curit\u00e9, maintenant on utilise le fichier shadow<\/li>\n<\/ul>\n\n\n\n<h4 class=\"wp-block-heading\" id=\"3-uid-user-id-1000\">3.&nbsp;<strong>UID (User ID)<\/strong>&nbsp;&#8211;&nbsp;<code>1000<\/code><\/h4>\n\n\n\n<ul class=\"wp-block-list\">\n<li>Identifiant num\u00e9rique de l&rsquo;utilisateur<\/li>\n\n\n\n<li><code>0<\/code>\u00a0= root<\/li>\n\n\n\n<li><code>1-999<\/code>\u00a0= utilisateurs syst\u00e8me<\/li>\n\n\n\n<li><code>1000+<\/code>\u00a0= utilisateurs normaux<\/li>\n\n\n\n<li>Le premier utilisateur cr\u00e9\u00e9 a g\u00e9n\u00e9ralement UID 1000<\/li>\n<\/ul>\n\n\n\n<h4 class=\"wp-block-heading\" id=\"4-gid-group-id-1000\">4.&nbsp;<strong>GID (Group ID)<\/strong>&nbsp;&#8211;&nbsp;<code>1000<\/code><\/h4>\n\n\n\n<ul class=\"wp-block-list\">\n<li>Identifiant num\u00e9rique du groupe principal<\/li>\n\n\n\n<li>Correspond g\u00e9n\u00e9ralement au groupe de l&rsquo;utilisateur dans\u00a0<code>\/etc\/group<\/code><\/li>\n<\/ul>\n\n\n\n<h4 class=\"wp-block-heading\" id=\"5-gecos-description-etudiant\">5.&nbsp;<strong>GECOS\/Description<\/strong>&nbsp;&#8211;&nbsp;<code>etudiant,,,<\/code><\/h4>\n\n\n\n<ul class=\"wp-block-list\">\n<li>Informations sur l&rsquo;utilisateur (format : Nom complet, Bureau, T\u00e9l\u00e9phone, etc.)<\/li>\n\n\n\n<li>Ici :\u00a0<code>\"etudiant,,,\"<\/code>\u00a0signifie seulement le nom complet est renseign\u00e9<\/li>\n\n\n\n<li>Format complet :\u00a0<code>\"Nom complet,Bureau num,T\u00e9l domicile,T\u00e9l bureau\"<\/code><\/li>\n<\/ul>\n\n\n\n<h4 class=\"wp-block-heading\" id=\"6-repertoire-home-home-etudiant\">6.&nbsp;<strong>R\u00e9pertoire home<\/strong>&nbsp;&#8211;&nbsp;<code>\/home\/etudiant<\/code><\/h4>\n\n\n\n<ul class=\"wp-block-list\">\n<li>R\u00e9pertoire personnel de l&rsquo;utilisateur<\/li>\n\n\n\n<li>O\u00f9 l&rsquo;utilisateur est plac\u00e9 apr\u00e8s connexion<\/li>\n<\/ul>\n\n\n\n<h4 class=\"wp-block-heading\" id=\"7-shell-de-connexion-bin-bash\">7.&nbsp;<strong>Shell de connexion<\/strong>&nbsp;&#8211;&nbsp;<code>\/bin\/bash<\/code><\/h4>\n\n\n\n<ul class=\"wp-block-list\">\n<li>Shell par d\u00e9faut de l&rsquo;utilisateur<\/li>\n\n\n\n<li>Autres possibilit\u00e9s :\u00a0<code>\/bin\/zsh<\/code>,\u00a0<code>\/bin\/sh<\/code>,\u00a0<code>\/usr\/sbin\/nologin<\/code><\/li>\n<\/ul>\n\n\n\n<h3 class=\"wp-block-heading\" id=\"fichier-shadow\">fichier shadow<\/h3>\n\n\n\n<pre class=\"wp-block-code\"><code>etudiant:$y$j9T$rKq3i4YpsvfM521ydp0Sc1$vjw2wbRtiptmbW5Et3WaQtVJLWwOmlE99S9en\/crTP\/:19039:0:99999:7:::<\/code><\/pre>\n\n\n\n<h4 class=\"wp-block-heading\" id=\"decoupage-des-champs-separes-par-1\">D\u00e9coupage des champs (s\u00e9par\u00e9s par&nbsp;<code>:<\/code>)<\/h4>\n\n\n\n<h4 class=\"wp-block-heading\" id=\"1-nom-d-utilisateur-etudiant-1\">1.&nbsp;<strong>Nom d&rsquo;utilisateur<\/strong>&nbsp;&#8211;&nbsp;<code>etudiant<\/code><\/h4>\n\n\n\n<ul class=\"wp-block-list\">\n<li>Correspond au nom dans\u00a0<code>\/etc\/passwd<\/code><\/li>\n<\/ul>\n\n\n\n<h4 class=\"wp-block-heading\" id=\"2-mot-de-passe-chiffre-y-j9t-rkq3i4ypsvfm521ydp0sc1-vjw2wbrtiptmbw5et3waqtvjlwwomle99s9en-crtp\">2.&nbsp;<strong>Mot de passe chiffr\u00e9<\/strong>&nbsp;&#8211;&nbsp;<code>$y$j9T$rKq3i4YpsvfM521ydp0Sc1$vjw2wbRtiptmbW5Et3WaQtVJLWwOmlE99S9en\/crTP\/<\/code><\/h4>\n\n\n\n<ul class=\"wp-block-list\">\n<li>Format :\u00a0<code>$algorithm$salt$hash<\/code><\/li>\n\n\n\n<li><code>$y$<\/code>\u00a0= algorithme Yescrypt (moderne)<\/li>\n\n\n\n<li>Anciens formats :\u00a0<code>$1$<\/code>\u00a0(MD5),\u00a0<code>$5$<\/code>\u00a0(SHA-256),\u00a0<code>$6$<\/code>\u00a0(SHA-512)<\/li>\n\n\n\n<li><code>!<\/code>\u00a0ou\u00a0<code>*<\/code>\u00a0devant = compte d\u00e9sactiv\u00e9<\/li>\n\n\n\n<li>Vide = pas de mot de passe (connexion sans mot de passe)<\/li>\n<\/ul>\n\n\n\n<h4 class=\"wp-block-heading\" id=\"3-dernier-changement-19039\">3.&nbsp;<strong>Dernier changement<\/strong>&nbsp;&#8211;&nbsp;<code>19039<\/code><\/h4>\n\n\n\n<ul class=\"wp-block-list\">\n<li>Date du dernier changement de mot de passe<\/li>\n\n\n\n<li>En nombre de jours depuis le 1er janvier 1970 (\u00ab\u00a0epoch\u00a0\u00bb)<\/li>\n\n\n\n<li><code>0<\/code>\u00a0= doit changer au prochain login<\/li>\n\n\n\n<li>Vide = fonctionnalit\u00e9 d\u00e9sactiv\u00e9e<\/li>\n<\/ul>\n\n\n\n<h4 class=\"wp-block-heading\" id=\"4-age-minimum-0\">4.&nbsp;<strong>\u00c2ge minimum<\/strong>&nbsp;&#8211;&nbsp;<code>0<\/code><\/h4>\n\n\n\n<ul class=\"wp-block-list\">\n<li>Jours minimum avant de pouvoir rechanger le mot de passe<\/li>\n\n\n\n<li><code>0<\/code>\u00a0= peut changer imm\u00e9diatement<\/li>\n<\/ul>\n\n\n\n<h4 class=\"wp-block-heading\" id=\"5-age-maximum-99999\">5.&nbsp;<strong>\u00c2ge maximum<\/strong>&nbsp;&#8211;&nbsp;<code>99999<\/code><\/h4>\n\n\n\n<ul class=\"wp-block-list\">\n<li>Jours maximum avant d&rsquo;\u00eatre forc\u00e9 \u00e0 changer le mot de passe<\/li>\n\n\n\n<li><code>99999<\/code>\u00a0= pratiquement jamais (environ 273 ans)<\/li>\n\n\n\n<li>Vide = pas d&rsquo;expiration<\/li>\n<\/ul>\n\n\n\n<h4 class=\"wp-block-heading\" id=\"6-periode-d-avertissement-7\">6.&nbsp;<strong>P\u00e9riode d&rsquo;avertissement<\/strong>&nbsp;&#8211;&nbsp;<code>7<\/code><\/h4>\n\n\n\n<ul class=\"wp-block-list\">\n<li>Jours d&rsquo;avertissement avant expiration du mot de passe<\/li>\n\n\n\n<li><code>7<\/code>\u00a0= avertir 7 jours avant l&rsquo;expiration<\/li>\n<\/ul>\n\n\n\n<h4 class=\"wp-block-heading\" id=\"7-periode-de-grace-vide\">7.&nbsp;<strong>P\u00e9riode de gr\u00e2ce<\/strong>&nbsp;&#8211;&nbsp;<code>(vide)<\/code><\/h4>\n\n\n\n<ul class=\"wp-block-list\">\n<li>Jours de gr\u00e2ce apr\u00e8s expiration avant d\u00e9sactivation compl\u00e8te<\/li>\n\n\n\n<li>Vide = pas de p\u00e9riode de gr\u00e2ce<\/li>\n<\/ul>\n\n\n\n<h4 class=\"wp-block-heading\" id=\"8-date-d-expiration-vide\">8.&nbsp;<strong>Date d&rsquo;expiration<\/strong>&nbsp;&#8211;&nbsp;<code>(vide)<\/code><\/h4>\n\n\n\n<ul class=\"wp-block-list\">\n<li>Date absolue d&rsquo;expiration du compte (en jours depuis epoch)<\/li>\n\n\n\n<li>Vide = n&rsquo;expire jamais<\/li>\n<\/ul>\n\n\n\n<h4 class=\"wp-block-heading\" id=\"9-reserve-vide\">9.&nbsp;<strong>R\u00e9serv\u00e9<\/strong>&nbsp;&#8211;&nbsp;<code>(vide)<\/code><\/h4>\n\n\n\n<ul class=\"wp-block-list\">\n<li>Champ r\u00e9serv\u00e9 pour usage futur<\/li>\n<\/ul>\n\n\n\n<h3 class=\"wp-block-heading\" id=\"le-fichier-group\">le fichier group<\/h3>\n\n\n\n<p class=\"wp-block-paragraph\">contient les groupes et GID<\/p>\n","protected":false},"excerpt":{"rendered":"<p>Fichier passwd D\u00e9coupage des champs (s\u00e9par\u00e9s par&nbsp;\ud83d\ude42 1.&nbsp;Nom d&rsquo;utilisateur&nbsp;&#8211;&nbsp;etudiant 2.&nbsp;Mot de passe&nbsp;&#8211;&nbsp;x 3.&nbsp;UID (User ID)&nbsp;&#8211;&nbsp;1000 4.&nbsp;GID (Group ID)&nbsp;&#8211;&nbsp;1000 5.&nbsp;GECOS\/Description&nbsp;&#8211;&nbsp;etudiant,,, 6.&nbsp;R\u00e9pertoire home&nbsp;&#8211;&nbsp;\/home\/etudiant 7.&nbsp;Shell de connexion&nbsp;&#8211;&nbsp;\/bin\/bash fichier shadow D\u00e9coupage des champs (s\u00e9par\u00e9s [&hellip;]<\/p>\n","protected":false},"author":1,"featured_media":0,"parent":0,"menu_order":0,"comment_status":"closed","ping_status":"closed","template":"","meta":{"_crdt_document":"","_uag_custom_page_level_css":"","footnotes":""},"class_list":["post-4616","page","type-page","status-publish","hentry"],"yoast_head":"<!-- This site is optimized with the Yoast SEO plugin v27.3 - https:\/\/yoast.com\/product\/yoast-seo-wordpress\/ -->\n<title>\/etc\/passwd \/etc\/shadow \/etc\/group - workboot<\/title>\n<meta name=\"robots\" content=\"index, follow, max-snippet:-1, max-image-preview:large, max-video-preview:-1\" \/>\n<link rel=\"canonical\" href=\"https:\/\/workboot.fr\/ciela\/etc-passwd-etc-shadow-etc-group\/\" \/>\n<meta property=\"og:locale\" content=\"fr_FR\" \/>\n<meta property=\"og:type\" content=\"article\" \/>\n<meta property=\"og:title\" content=\"\/etc\/passwd \/etc\/shadow \/etc\/group - workboot\" \/>\n<meta property=\"og:description\" content=\"Fichier passwd D\u00e9coupage des champs (s\u00e9par\u00e9s par&nbsp;:) 1.&nbsp;Nom d&rsquo;utilisateur&nbsp;&#8211;&nbsp;etudiant 2.&nbsp;Mot de passe&nbsp;&#8211;&nbsp;x 3.&nbsp;UID (User ID)&nbsp;&#8211;&nbsp;1000 4.&nbsp;GID (Group ID)&nbsp;&#8211;&nbsp;1000 5.&nbsp;GECOS\/Description&nbsp;&#8211;&nbsp;etudiant,,, 6.&nbsp;R\u00e9pertoire home&nbsp;&#8211;&nbsp;\/home\/etudiant 7.&nbsp;Shell de connexion&nbsp;&#8211;&nbsp;\/bin\/bash fichier shadow D\u00e9coupage des champs (s\u00e9par\u00e9s [&hellip;]\" \/>\n<meta property=\"og:url\" content=\"https:\/\/workboot.fr\/ciela\/etc-passwd-etc-shadow-etc-group\/\" \/>\n<meta property=\"og:site_name\" content=\"workboot\" \/>\n<meta property=\"article:modified_time\" content=\"2025-10-14T14:54:20+00:00\" \/>\n<meta name=\"twitter:label1\" content=\"Dur\u00e9e de lecture estim\u00e9e\" \/>\n\t<meta name=\"twitter:data1\" content=\"3 minutes\" \/>\n<script type=\"application\/ld+json\" class=\"yoast-schema-graph\">{\"@context\":\"https:\\\/\\\/schema.org\",\"@graph\":[{\"@type\":\"WebPage\",\"@id\":\"https:\\\/\\\/workboot.fr\\\/ciela\\\/etc-passwd-etc-shadow-etc-group\\\/\",\"url\":\"https:\\\/\\\/workboot.fr\\\/ciela\\\/etc-passwd-etc-shadow-etc-group\\\/\",\"name\":\"\\\/etc\\\/passwd \\\/etc\\\/shadow \\\/etc\\\/group - workboot\",\"isPartOf\":{\"@id\":\"https:\\\/\\\/workboot.fr\\\/ciela\\\/#website\"},\"datePublished\":\"2025-10-14T14:52:05+00:00\",\"dateModified\":\"2025-10-14T14:54:20+00:00\",\"inLanguage\":\"fr-FR\",\"potentialAction\":[{\"@type\":\"ReadAction\",\"target\":[\"https:\\\/\\\/workboot.fr\\\/ciela\\\/etc-passwd-etc-shadow-etc-group\\\/\"]}]},{\"@type\":\"WebSite\",\"@id\":\"https:\\\/\\\/workboot.fr\\\/ciela\\\/#website\",\"url\":\"https:\\\/\\\/workboot.fr\\\/ciela\\\/\",\"name\":\"workboot\",\"description\":\"Open Source, Open Minds \",\"publisher\":{\"@id\":\"https:\\\/\\\/workboot.fr\\\/ciela\\\/#organization\"},\"potentialAction\":[{\"@type\":\"SearchAction\",\"target\":{\"@type\":\"EntryPoint\",\"urlTemplate\":\"https:\\\/\\\/workboot.fr\\\/ciela\\\/?s={search_term_string}\"},\"query-input\":{\"@type\":\"PropertyValueSpecification\",\"valueRequired\":true,\"valueName\":\"search_term_string\"}}],\"inLanguage\":\"fr-FR\"},{\"@type\":\"Organization\",\"@id\":\"https:\\\/\\\/workboot.fr\\\/ciela\\\/#organization\",\"name\":\"workboot\",\"url\":\"https:\\\/\\\/workboot.fr\\\/ciela\\\/\",\"logo\":{\"@type\":\"ImageObject\",\"inLanguage\":\"fr-FR\",\"@id\":\"https:\\\/\\\/workboot.fr\\\/ciela\\\/#\\\/schema\\\/logo\\\/image\\\/\",\"url\":\"https:\\\/\\\/workboot.fr\\\/ciela\\\/wp-content\\\/uploads\\\/2025\\\/05\\\/logo_ciel-dorian-1.png\",\"contentUrl\":\"https:\\\/\\\/workboot.fr\\\/ciela\\\/wp-content\\\/uploads\\\/2025\\\/05\\\/logo_ciel-dorian-1.png\",\"width\":1024,\"height\":950,\"caption\":\"workboot\"},\"image\":{\"@id\":\"https:\\\/\\\/workboot.fr\\\/ciela\\\/#\\\/schema\\\/logo\\\/image\\\/\"}}]}<\/script>\n<!-- \/ Yoast SEO plugin. -->","yoast_head_json":{"title":"\/etc\/passwd \/etc\/shadow \/etc\/group - workboot","robots":{"index":"index","follow":"follow","max-snippet":"max-snippet:-1","max-image-preview":"max-image-preview:large","max-video-preview":"max-video-preview:-1"},"canonical":"https:\/\/workboot.fr\/ciela\/etc-passwd-etc-shadow-etc-group\/","og_locale":"fr_FR","og_type":"article","og_title":"\/etc\/passwd \/etc\/shadow \/etc\/group - workboot","og_description":"Fichier passwd D\u00e9coupage des champs (s\u00e9par\u00e9s par&nbsp;:) 1.&nbsp;Nom d&rsquo;utilisateur&nbsp;&#8211;&nbsp;etudiant 2.&nbsp;Mot de passe&nbsp;&#8211;&nbsp;x 3.&nbsp;UID (User ID)&nbsp;&#8211;&nbsp;1000 4.&nbsp;GID (Group ID)&nbsp;&#8211;&nbsp;1000 5.&nbsp;GECOS\/Description&nbsp;&#8211;&nbsp;etudiant,,, 6.&nbsp;R\u00e9pertoire home&nbsp;&#8211;&nbsp;\/home\/etudiant 7.&nbsp;Shell de connexion&nbsp;&#8211;&nbsp;\/bin\/bash fichier shadow D\u00e9coupage des champs (s\u00e9par\u00e9s [&hellip;]","og_url":"https:\/\/workboot.fr\/ciela\/etc-passwd-etc-shadow-etc-group\/","og_site_name":"workboot","article_modified_time":"2025-10-14T14:54:20+00:00","twitter_misc":{"Dur\u00e9e de lecture estim\u00e9e":"3 minutes"},"schema":{"@context":"https:\/\/schema.org","@graph":[{"@type":"WebPage","@id":"https:\/\/workboot.fr\/ciela\/etc-passwd-etc-shadow-etc-group\/","url":"https:\/\/workboot.fr\/ciela\/etc-passwd-etc-shadow-etc-group\/","name":"\/etc\/passwd \/etc\/shadow \/etc\/group - workboot","isPartOf":{"@id":"https:\/\/workboot.fr\/ciela\/#website"},"datePublished":"2025-10-14T14:52:05+00:00","dateModified":"2025-10-14T14:54:20+00:00","inLanguage":"fr-FR","potentialAction":[{"@type":"ReadAction","target":["https:\/\/workboot.fr\/ciela\/etc-passwd-etc-shadow-etc-group\/"]}]},{"@type":"WebSite","@id":"https:\/\/workboot.fr\/ciela\/#website","url":"https:\/\/workboot.fr\/ciela\/","name":"workboot","description":"Open Source, Open Minds ","publisher":{"@id":"https:\/\/workboot.fr\/ciela\/#organization"},"potentialAction":[{"@type":"SearchAction","target":{"@type":"EntryPoint","urlTemplate":"https:\/\/workboot.fr\/ciela\/?s={search_term_string}"},"query-input":{"@type":"PropertyValueSpecification","valueRequired":true,"valueName":"search_term_string"}}],"inLanguage":"fr-FR"},{"@type":"Organization","@id":"https:\/\/workboot.fr\/ciela\/#organization","name":"workboot","url":"https:\/\/workboot.fr\/ciela\/","logo":{"@type":"ImageObject","inLanguage":"fr-FR","@id":"https:\/\/workboot.fr\/ciela\/#\/schema\/logo\/image\/","url":"https:\/\/workboot.fr\/ciela\/wp-content\/uploads\/2025\/05\/logo_ciel-dorian-1.png","contentUrl":"https:\/\/workboot.fr\/ciela\/wp-content\/uploads\/2025\/05\/logo_ciel-dorian-1.png","width":1024,"height":950,"caption":"workboot"},"image":{"@id":"https:\/\/workboot.fr\/ciela\/#\/schema\/logo\/image\/"}}]}},"uagb_featured_image_src":{"full":false,"thumbnail":false,"medium":false,"medium_large":false,"large":false,"1536x1536":false,"2048x2048":false},"uagb_author_info":{"display_name":"admin","author_link":"https:\/\/workboot.fr\/ciela\/author\/admin\/"},"uagb_comment_info":0,"uagb_excerpt":"Fichier passwd D\u00e9coupage des champs (s\u00e9par\u00e9s par&nbsp;:) 1.&nbsp;Nom d&rsquo;utilisateur&nbsp;&#8211;&nbsp;etudiant 2.&nbsp;Mot de passe&nbsp;&#8211;&nbsp;x 3.&nbsp;UID (User ID)&nbsp;&#8211;&nbsp;1000 4.&nbsp;GID (Group ID)&nbsp;&#8211;&nbsp;1000 5.&nbsp;GECOS\/Description&nbsp;&#8211;&nbsp;etudiant,,, 6.&nbsp;R\u00e9pertoire home&nbsp;&#8211;&nbsp;\/home\/etudiant 7.&nbsp;Shell de connexion&nbsp;&#8211;&nbsp;\/bin\/bash fichier shadow D\u00e9coupage des champs (s\u00e9par\u00e9s [&hellip;]","_links":{"self":[{"href":"https:\/\/workboot.fr\/ciela\/wp-json\/wp\/v2\/pages\/4616","targetHints":{"allow":["GET"]}}],"collection":[{"href":"https:\/\/workboot.fr\/ciela\/wp-json\/wp\/v2\/pages"}],"about":[{"href":"https:\/\/workboot.fr\/ciela\/wp-json\/wp\/v2\/types\/page"}],"author":[{"embeddable":true,"href":"https:\/\/workboot.fr\/ciela\/wp-json\/wp\/v2\/users\/1"}],"replies":[{"embeddable":true,"href":"https:\/\/workboot.fr\/ciela\/wp-json\/wp\/v2\/comments?post=4616"}],"version-history":[{"count":3,"href":"https:\/\/workboot.fr\/ciela\/wp-json\/wp\/v2\/pages\/4616\/revisions"}],"predecessor-version":[{"id":4621,"href":"https:\/\/workboot.fr\/ciela\/wp-json\/wp\/v2\/pages\/4616\/revisions\/4621"}],"wp:attachment":[{"href":"https:\/\/workboot.fr\/ciela\/wp-json\/wp\/v2\/media?parent=4616"}],"curies":[{"name":"wp","href":"https:\/\/api.w.org\/{rel}","templated":true}]}}