{"id":5188,"date":"2025-11-17T17:42:31","date_gmt":"2025-11-17T16:42:31","guid":{"rendered":"https:\/\/workboot.fr\/ciela\/?page_id=5188"},"modified":"2025-11-19T17:09:22","modified_gmt":"2025-11-19T16:09:22","slug":"sauvegarde-incrementielle","status":"publish","type":"page","link":"https:\/\/workboot.fr\/ciela\/sauvegarde-incrementielle\/","title":{"rendered":"Sauvegarde incr\u00e9mentielle"},"content":{"rendered":"\n<p class=\"wp-block-paragraph\">Au lyc\u00e9e on sauvegarde sur linux3 nos travaux, pour simplifier la tache le travail est toujours effectu\u00e9 dans le r\u00e9pertoire ~\/works <\/p>\n\n\n\n<pre class=\"wp-block-code\"><code>scp -r ~\/Works etudiant@linux3.local: <\/code><\/pre>\n\n\n\n<p class=\"wp-block-paragraph\">on lui pr\u00e9f\u00e9rera   <strong>rsync <\/strong> qui va compl\u00e9ter notre sauvegarde (plus rapide)<\/p>\n\n\n\n<pre class=\"wp-block-code\"><code>rsync -avz Works\/ etudiant@linux3.local:Works\/<\/code><\/pre>\n\n\n\n<p class=\"wp-block-paragraph\"><strong>Explication des options :<\/strong><\/p>\n\n\n\n<ul class=\"wp-block-list\">\n<li><code>-a<\/code>&nbsp;: mode archive (pr\u00e9serve tout : permissions, dates, etc.)<\/li>\n\n\n\n<li><code>-v<\/code>&nbsp;: mode verbeux (vous voit ce qui se passe)<\/li>\n\n\n\n<li><code>-z<\/code>&nbsp;: compression pendant le transfert<\/li>\n<\/ul>\n\n\n\n<pre class=\"wp-block-code\"><code><\/code><\/pre>\n","protected":false},"excerpt":{"rendered":"<p>Au lyc\u00e9e on sauvegarde sur linux3 nos travaux, pour simplifier la tache le travail est toujours effectu\u00e9 dans le r\u00e9pertoire ~\/works on lui pr\u00e9f\u00e9rera rsync qui va compl\u00e9ter notre sauvegarde [&hellip;]<\/p>\n","protected":false},"author":1,"featured_media":0,"parent":0,"menu_order":0,"comment_status":"closed","ping_status":"closed","template":"","meta":{"_crdt_document":"","_uag_custom_page_level_css":"","footnotes":""},"class_list":["post-5188","page","type-page","status-publish","hentry"],"yoast_head":"<!-- This site is optimized with the Yoast SEO plugin v27.3 - https:\/\/yoast.com\/product\/yoast-seo-wordpress\/ -->\n<title>Sauvegarde incr\u00e9mentielle - workboot<\/title>\n<meta name=\"robots\" content=\"index, follow, max-snippet:-1, max-image-preview:large, max-video-preview:-1\" \/>\n<link rel=\"canonical\" href=\"https:\/\/workboot.fr\/ciela\/sauvegarde-incrementielle\/\" \/>\n<meta property=\"og:locale\" content=\"fr_FR\" \/>\n<meta property=\"og:type\" content=\"article\" \/>\n<meta property=\"og:title\" content=\"Sauvegarde incr\u00e9mentielle - workboot\" \/>\n<meta property=\"og:description\" content=\"Au lyc\u00e9e on sauvegarde sur linux3 nos travaux, pour simplifier la tache le travail est toujours effectu\u00e9 dans le r\u00e9pertoire ~\/works on lui pr\u00e9f\u00e9rera rsync qui va compl\u00e9ter notre sauvegarde [&hellip;]\" \/>\n<meta property=\"og:url\" content=\"https:\/\/workboot.fr\/ciela\/sauvegarde-incrementielle\/\" \/>\n<meta property=\"og:site_name\" content=\"workboot\" \/>\n<meta property=\"article:modified_time\" content=\"2025-11-19T16:09:22+00:00\" \/>\n<meta name=\"twitter:label1\" content=\"Dur\u00e9e de lecture estim\u00e9e\" \/>\n\t<meta name=\"twitter:data1\" content=\"1 minute\" \/>\n<script type=\"application\/ld+json\" class=\"yoast-schema-graph\">{\"@context\":\"https:\\\/\\\/schema.org\",\"@graph\":[{\"@type\":\"WebPage\",\"@id\":\"https:\\\/\\\/workboot.fr\\\/ciela\\\/sauvegarde-incrementielle\\\/\",\"url\":\"https:\\\/\\\/workboot.fr\\\/ciela\\\/sauvegarde-incrementielle\\\/\",\"name\":\"Sauvegarde incr\u00e9mentielle - workboot\",\"isPartOf\":{\"@id\":\"https:\\\/\\\/workboot.fr\\\/ciela\\\/#website\"},\"datePublished\":\"2025-11-17T16:42:31+00:00\",\"dateModified\":\"2025-11-19T16:09:22+00:00\",\"inLanguage\":\"fr-FR\",\"potentialAction\":[{\"@type\":\"ReadAction\",\"target\":[\"https:\\\/\\\/workboot.fr\\\/ciela\\\/sauvegarde-incrementielle\\\/\"]}]},{\"@type\":\"WebSite\",\"@id\":\"https:\\\/\\\/workboot.fr\\\/ciela\\\/#website\",\"url\":\"https:\\\/\\\/workboot.fr\\\/ciela\\\/\",\"name\":\"workboot\",\"description\":\"Open Source, Open Minds \",\"publisher\":{\"@id\":\"https:\\\/\\\/workboot.fr\\\/ciela\\\/#organization\"},\"potentialAction\":[{\"@type\":\"SearchAction\",\"target\":{\"@type\":\"EntryPoint\",\"urlTemplate\":\"https:\\\/\\\/workboot.fr\\\/ciela\\\/?s={search_term_string}\"},\"query-input\":{\"@type\":\"PropertyValueSpecification\",\"valueRequired\":true,\"valueName\":\"search_term_string\"}}],\"inLanguage\":\"fr-FR\"},{\"@type\":\"Organization\",\"@id\":\"https:\\\/\\\/workboot.fr\\\/ciela\\\/#organization\",\"name\":\"workboot\",\"url\":\"https:\\\/\\\/workboot.fr\\\/ciela\\\/\",\"logo\":{\"@type\":\"ImageObject\",\"inLanguage\":\"fr-FR\",\"@id\":\"https:\\\/\\\/workboot.fr\\\/ciela\\\/#\\\/schema\\\/logo\\\/image\\\/\",\"url\":\"https:\\\/\\\/workboot.fr\\\/ciela\\\/wp-content\\\/uploads\\\/2025\\\/05\\\/logo_ciel-dorian-1.png\",\"contentUrl\":\"https:\\\/\\\/workboot.fr\\\/ciela\\\/wp-content\\\/uploads\\\/2025\\\/05\\\/logo_ciel-dorian-1.png\",\"width\":1024,\"height\":950,\"caption\":\"workboot\"},\"image\":{\"@id\":\"https:\\\/\\\/workboot.fr\\\/ciela\\\/#\\\/schema\\\/logo\\\/image\\\/\"}}]}<\/script>\n<!-- \/ Yoast SEO plugin. -->","yoast_head_json":{"title":"Sauvegarde incr\u00e9mentielle - workboot","robots":{"index":"index","follow":"follow","max-snippet":"max-snippet:-1","max-image-preview":"max-image-preview:large","max-video-preview":"max-video-preview:-1"},"canonical":"https:\/\/workboot.fr\/ciela\/sauvegarde-incrementielle\/","og_locale":"fr_FR","og_type":"article","og_title":"Sauvegarde incr\u00e9mentielle - workboot","og_description":"Au lyc\u00e9e on sauvegarde sur linux3 nos travaux, pour simplifier la tache le travail est toujours effectu\u00e9 dans le r\u00e9pertoire ~\/works on lui pr\u00e9f\u00e9rera rsync qui va compl\u00e9ter notre sauvegarde [&hellip;]","og_url":"https:\/\/workboot.fr\/ciela\/sauvegarde-incrementielle\/","og_site_name":"workboot","article_modified_time":"2025-11-19T16:09:22+00:00","twitter_misc":{"Dur\u00e9e de lecture estim\u00e9e":"1 minute"},"schema":{"@context":"https:\/\/schema.org","@graph":[{"@type":"WebPage","@id":"https:\/\/workboot.fr\/ciela\/sauvegarde-incrementielle\/","url":"https:\/\/workboot.fr\/ciela\/sauvegarde-incrementielle\/","name":"Sauvegarde incr\u00e9mentielle - workboot","isPartOf":{"@id":"https:\/\/workboot.fr\/ciela\/#website"},"datePublished":"2025-11-17T16:42:31+00:00","dateModified":"2025-11-19T16:09:22+00:00","inLanguage":"fr-FR","potentialAction":[{"@type":"ReadAction","target":["https:\/\/workboot.fr\/ciela\/sauvegarde-incrementielle\/"]}]},{"@type":"WebSite","@id":"https:\/\/workboot.fr\/ciela\/#website","url":"https:\/\/workboot.fr\/ciela\/","name":"workboot","description":"Open Source, Open Minds ","publisher":{"@id":"https:\/\/workboot.fr\/ciela\/#organization"},"potentialAction":[{"@type":"SearchAction","target":{"@type":"EntryPoint","urlTemplate":"https:\/\/workboot.fr\/ciela\/?s={search_term_string}"},"query-input":{"@type":"PropertyValueSpecification","valueRequired":true,"valueName":"search_term_string"}}],"inLanguage":"fr-FR"},{"@type":"Organization","@id":"https:\/\/workboot.fr\/ciela\/#organization","name":"workboot","url":"https:\/\/workboot.fr\/ciela\/","logo":{"@type":"ImageObject","inLanguage":"fr-FR","@id":"https:\/\/workboot.fr\/ciela\/#\/schema\/logo\/image\/","url":"https:\/\/workboot.fr\/ciela\/wp-content\/uploads\/2025\/05\/logo_ciel-dorian-1.png","contentUrl":"https:\/\/workboot.fr\/ciela\/wp-content\/uploads\/2025\/05\/logo_ciel-dorian-1.png","width":1024,"height":950,"caption":"workboot"},"image":{"@id":"https:\/\/workboot.fr\/ciela\/#\/schema\/logo\/image\/"}}]}},"uagb_featured_image_src":{"full":false,"thumbnail":false,"medium":false,"medium_large":false,"large":false,"1536x1536":false,"2048x2048":false},"uagb_author_info":{"display_name":"admin","author_link":"https:\/\/workboot.fr\/ciela\/author\/admin\/"},"uagb_comment_info":0,"uagb_excerpt":"Au lyc\u00e9e on sauvegarde sur linux3 nos travaux, pour simplifier la tache le travail est toujours effectu\u00e9 dans le r\u00e9pertoire ~\/works on lui pr\u00e9f\u00e9rera rsync qui va compl\u00e9ter notre sauvegarde [&hellip;]","_links":{"self":[{"href":"https:\/\/workboot.fr\/ciela\/wp-json\/wp\/v2\/pages\/5188","targetHints":{"allow":["GET"]}}],"collection":[{"href":"https:\/\/workboot.fr\/ciela\/wp-json\/wp\/v2\/pages"}],"about":[{"href":"https:\/\/workboot.fr\/ciela\/wp-json\/wp\/v2\/types\/page"}],"author":[{"embeddable":true,"href":"https:\/\/workboot.fr\/ciela\/wp-json\/wp\/v2\/users\/1"}],"replies":[{"embeddable":true,"href":"https:\/\/workboot.fr\/ciela\/wp-json\/wp\/v2\/comments?post=5188"}],"version-history":[{"count":4,"href":"https:\/\/workboot.fr\/ciela\/wp-json\/wp\/v2\/pages\/5188\/revisions"}],"predecessor-version":[{"id":5237,"href":"https:\/\/workboot.fr\/ciela\/wp-json\/wp\/v2\/pages\/5188\/revisions\/5237"}],"wp:attachment":[{"href":"https:\/\/workboot.fr\/ciela\/wp-json\/wp\/v2\/media?parent=5188"}],"curies":[{"name":"wp","href":"https:\/\/api.w.org\/{rel}","templated":true}]}}