{"id":5245,"date":"2025-11-20T12:08:34","date_gmt":"2025-11-20T11:08:34","guid":{"rendered":"https:\/\/workboot.fr\/ciela\/?page_id=5245"},"modified":"2026-01-15T12:27:47","modified_gmt":"2026-01-15T11:27:47","slug":"led-externe","status":"publish","type":"page","link":"https:\/\/workboot.fr\/ciela\/led-externe\/","title":{"rendered":"SORTIE \/ OUT  LED EXTERNE"},"content":{"rendered":"\n<h2 class=\"wp-block-heading\">Pr\u00e9requis:<\/h2>\n\n\n\n<p class=\"wp-block-paragraph\">Les bases cours <a href=\"https:\/\/workboot.fr\/ciela\/wp-content\/uploads\/2025\/06\/arduino_uno.webp\">Arduino <\/a><\/p>\n\n\n\n<h2 class=\"wp-block-heading\">But:<\/h2>\n\n\n\n<p class=\"wp-block-paragraph\">utilisation des Entr\u00e9es \/ Sorties sur un syst\u00e8me microprogramm\u00e9 ,ici AT Mega 328P de l&rsquo;arduino UNO<\/p>\n\n\n\n<h2 class=\"wp-block-heading\">R\u00e9pertoire de travail:<\/h2>\n\n\n\n<p class=\"wp-block-paragraph\">~\/Works\/CoINFO_PHY\/LED_EXTERNE<\/p>\n\n\n\n<h2 class=\"wp-block-heading\">Sujet de LED_EXTERNE<\/h2>\n\n\n\n<p class=\"wp-block-paragraph\">on pourra red\u00e9finir notre led avec <\/p>\n\n\n\n<pre class=\"wp-block-code\"><code>#define LED_EXTERNE 13<\/code><\/pre>\n\n\n\n<p class=\"wp-block-paragraph\">Sur l\u2019arduino Uno on va brancher une LED ROUGE avec sa r\u00e9sistance de limitation de courant sur la broche 13 de l\u2019arduino UNO, retrouver sur le sch\u00e9ma de l\u2019arduino sur quelle broche du microcontr\u00f4leur ATMEGA328P la broche 13 correspond .Calcule de la r\u00e9sistance de limitation de courant. Ecrire un code qui va allumer la led pendant 1 seconde et \u00e9teindre cette led pendant 1 seconde et on recommence .<\/p>\n\n\n\n<p class=\"wp-block-paragraph\">Avec Monia donner l\u2019algorithme et le PL , coder sur l\u2019IDE ARDUINO Tester valider . Envoyer votre compte rendu.<\/p>\n\n\n\n<figure class=\"wp-block-image size-large\"><a href=\"https:\/\/workboot.fr\/ciela\/wp-content\/uploads\/2025\/11\/blink_ext_bb.png\"><img loading=\"lazy\" decoding=\"async\" width=\"1024\" height=\"788\" src=\"https:\/\/workboot.fr\/ciela\/wp-content\/uploads\/2025\/11\/blink_ext_bb-1024x788.png\" alt=\"\" class=\"wp-image-5247\" srcset=\"https:\/\/workboot.fr\/ciela\/wp-content\/uploads\/2025\/11\/blink_ext_bb-1024x788.png 1024w, https:\/\/workboot.fr\/ciela\/wp-content\/uploads\/2025\/11\/blink_ext_bb-300x231.png 300w, https:\/\/workboot.fr\/ciela\/wp-content\/uploads\/2025\/11\/blink_ext_bb-768x591.png 768w, https:\/\/workboot.fr\/ciela\/wp-content\/uploads\/2025\/11\/blink_ext_bb-1536x1182.png 1536w, https:\/\/workboot.fr\/ciela\/wp-content\/uploads\/2025\/11\/blink_ext_bb.png 1755w\" sizes=\"auto, (max-width: 1024px) 100vw, 1024px\" \/><\/a><\/figure>\n\n\n\n<h2 class=\"wp-block-heading\">Changer de Sortie brancher la LED sur la broche 9<\/h2>\n\n\n\n<p class=\"wp-block-paragraph\">Modifier le code pour faire clignoter la LED avec la broche 9 de l&rsquo;arduino, expliquer pourquoi la macro #define LED_EXTERNE XX&nbsp;  est  bien pratique ici <\/p>\n\n\n\n<h2 class=\"wp-block-heading\">Algorithme avec Monia<\/h2>\n\n\n\n<figure class=\"wp-block-image size-large\"><a href=\"https:\/\/workboot.fr\/ciela\/wp-content\/uploads\/2026\/01\/Arduino_LED_Monia.png\"><img loading=\"lazy\" decoding=\"async\" width=\"1024\" height=\"518\" src=\"https:\/\/workboot.fr\/ciela\/wp-content\/uploads\/2026\/01\/Arduino_LED_Monia-1024x518.png\" alt=\"\" class=\"wp-image-6154\" srcset=\"https:\/\/workboot.fr\/ciela\/wp-content\/uploads\/2026\/01\/Arduino_LED_Monia-1024x518.png 1024w, https:\/\/workboot.fr\/ciela\/wp-content\/uploads\/2026\/01\/Arduino_LED_Monia-300x152.png 300w, https:\/\/workboot.fr\/ciela\/wp-content\/uploads\/2026\/01\/Arduino_LED_Monia-768x388.png 768w, https:\/\/workboot.fr\/ciela\/wp-content\/uploads\/2026\/01\/Arduino_LED_Monia.png 1280w\" sizes=\"auto, (max-width: 1024px) 100vw, 1024px\" \/><\/a><\/figure>\n\n\n<div class=\"wp-block-image\">\n<figure class=\"aligncenter size-full\"><a href=\"https:\/\/workboot.fr\/ciela\/wp-content\/uploads\/2026\/01\/LED_Arduino.png\"><img loading=\"lazy\" decoding=\"async\" width=\"341\" height=\"321\" src=\"https:\/\/workboot.fr\/ciela\/wp-content\/uploads\/2026\/01\/LED_Arduino.png\" alt=\"\" class=\"wp-image-6151\" srcset=\"https:\/\/workboot.fr\/ciela\/wp-content\/uploads\/2026\/01\/LED_Arduino.png 341w, https:\/\/workboot.fr\/ciela\/wp-content\/uploads\/2026\/01\/LED_Arduino-300x282.png 300w\" sizes=\"auto, (max-width: 341px) 100vw, 341px\" \/><\/a><\/figure>\n<\/div>\n\n<div class=\"wp-block-image\">\n<figure class=\"aligncenter size-full\"><a href=\"https:\/\/workboot.fr\/ciela\/wp-content\/uploads\/2026\/01\/setup.png\"><img loading=\"lazy\" decoding=\"async\" width=\"201\" height=\"141\" src=\"https:\/\/workboot.fr\/ciela\/wp-content\/uploads\/2026\/01\/setup.png\" alt=\"\" class=\"wp-image-6152\"\/><\/a><\/figure>\n<\/div>\n\n<div class=\"wp-block-image\">\n<figure class=\"aligncenter size-full\"><a href=\"https:\/\/workboot.fr\/ciela\/wp-content\/uploads\/2026\/01\/loop.png\"><img loading=\"lazy\" decoding=\"async\" width=\"201\" height=\"321\" src=\"https:\/\/workboot.fr\/ciela\/wp-content\/uploads\/2026\/01\/loop.png\" alt=\"\" class=\"wp-image-6153\" srcset=\"https:\/\/workboot.fr\/ciela\/wp-content\/uploads\/2026\/01\/loop.png 201w, https:\/\/workboot.fr\/ciela\/wp-content\/uploads\/2026\/01\/loop-188x300.png 188w\" sizes=\"auto, (max-width: 201px) 100vw, 201px\" \/><\/a><\/figure>\n<\/div>\n\n\n<p class=\"wp-block-paragraph\">Pseudo Langage <\/p>\n\n\n\n<pre class=\"wp-block-code\"><code># ----------------------------------------------------------------------------\n# Nom         : arduino_LED.pl\n# Sujet       : \n# Version     : 0.1\n#\n# Auteur      : ?\n# Cr\u00e9ation    : 15\/01\/2026\n# Mise \u00e0 jour : 15\/01\/2026\n# ----------------------------------------------------------------------------\n# source g\u00e9n\u00e9r\u00e9 par MoniaOrg version 0.38\n\nProgramme LED ;\n\n# annonces de sous-programmes\nPROCEDURE setup() ; Prototype ;\nPROCEDURE loop() ; Prototype ;\n\nPROCEDURE setup() ;\n\nDEBUT\n\tmettre en sortie la broche 9 (led) ;\nFIN\nPROCEDURE loop() ;\n\nDEBUT\n\tBroche 9 \u00e0 \"1\" (allumer la led) ;\n\tattendre 500ms ;\n\tBroche 9 \u00e0 \"0\" (eteint ka led) ;\n\tattendre 500ms ;\nFIN\n\nDEBUTPROG\n\tsetup() ;\n\tTANT QUE ( VRAI ) FAIRE\n\t\tloop() ;\n\tFINTQ\nFINPROG<\/code><\/pre>\n\n\n\n<h2 class=\"wp-block-heading\">Envoyer un compte rendu au format PDF \u00e0 vos enseignants.<\/h2>\n\n\n\n<p class=\"wp-block-paragraph\"><\/p>\n","protected":false},"excerpt":{"rendered":"<p>Pr\u00e9requis: Les bases cours Arduino But: utilisation des Entr\u00e9es \/ Sorties sur un syst\u00e8me microprogramm\u00e9 ,ici AT Mega 328P de l&rsquo;arduino UNO R\u00e9pertoire de travail: ~\/Works\/CoINFO_PHY\/LED_EXTERNE Sujet de LED_EXTERNE on [&hellip;]<\/p>\n","protected":false},"author":1,"featured_media":0,"parent":0,"menu_order":0,"comment_status":"closed","ping_status":"closed","template":"","meta":{"_crdt_document":"","_uag_custom_page_level_css":"","footnotes":""},"class_list":["post-5245","page","type-page","status-publish","hentry"],"yoast_head":"<!-- This site is optimized with the Yoast SEO plugin v27.3 - https:\/\/yoast.com\/product\/yoast-seo-wordpress\/ -->\n<title>SORTIE \/ OUT LED EXTERNE - workboot<\/title>\n<meta name=\"robots\" content=\"index, follow, max-snippet:-1, max-image-preview:large, max-video-preview:-1\" \/>\n<link rel=\"canonical\" href=\"https:\/\/workboot.fr\/ciela\/led-externe\/\" \/>\n<meta property=\"og:locale\" content=\"fr_FR\" \/>\n<meta property=\"og:type\" content=\"article\" \/>\n<meta property=\"og:title\" content=\"SORTIE \/ OUT LED EXTERNE - workboot\" \/>\n<meta property=\"og:description\" content=\"Pr\u00e9requis: Les bases cours Arduino But: utilisation des Entr\u00e9es \/ Sorties sur un syst\u00e8me microprogramm\u00e9 ,ici AT Mega 328P de l&rsquo;arduino UNO R\u00e9pertoire de travail: ~\/Works\/CoINFO_PHY\/LED_EXTERNE Sujet de LED_EXTERNE on [&hellip;]\" \/>\n<meta property=\"og:url\" content=\"https:\/\/workboot.fr\/ciela\/led-externe\/\" \/>\n<meta property=\"og:site_name\" content=\"workboot\" \/>\n<meta property=\"article:modified_time\" content=\"2026-01-15T11:27:47+00:00\" \/>\n<meta property=\"og:image\" content=\"https:\/\/workboot.fr\/ciela\/wp-content\/uploads\/2025\/11\/blink_ext_bb.png\" \/>\n\t<meta property=\"og:image:width\" content=\"1755\" \/>\n\t<meta property=\"og:image:height\" content=\"1350\" \/>\n\t<meta property=\"og:image:type\" content=\"image\/png\" \/>\n<meta name=\"twitter:label1\" content=\"Dur\u00e9e de lecture estim\u00e9e\" \/>\n\t<meta name=\"twitter:data1\" content=\"2 minutes\" \/>\n<script type=\"application\/ld+json\" class=\"yoast-schema-graph\">{\"@context\":\"https:\\\/\\\/schema.org\",\"@graph\":[{\"@type\":\"WebPage\",\"@id\":\"https:\\\/\\\/workboot.fr\\\/ciela\\\/led-externe\\\/\",\"url\":\"https:\\\/\\\/workboot.fr\\\/ciela\\\/led-externe\\\/\",\"name\":\"SORTIE \\\/ OUT LED EXTERNE - workboot\",\"isPartOf\":{\"@id\":\"https:\\\/\\\/workboot.fr\\\/ciela\\\/#website\"},\"primaryImageOfPage\":{\"@id\":\"https:\\\/\\\/workboot.fr\\\/ciela\\\/led-externe\\\/#primaryimage\"},\"image\":{\"@id\":\"https:\\\/\\\/workboot.fr\\\/ciela\\\/led-externe\\\/#primaryimage\"},\"thumbnailUrl\":\"https:\\\/\\\/workboot.fr\\\/ciela\\\/wp-content\\\/uploads\\\/2025\\\/11\\\/blink_ext_bb-1024x788.png\",\"datePublished\":\"2025-11-20T11:08:34+00:00\",\"dateModified\":\"2026-01-15T11:27:47+00:00\",\"inLanguage\":\"fr-FR\",\"potentialAction\":[{\"@type\":\"ReadAction\",\"target\":[\"https:\\\/\\\/workboot.fr\\\/ciela\\\/led-externe\\\/\"]}]},{\"@type\":\"ImageObject\",\"inLanguage\":\"fr-FR\",\"@id\":\"https:\\\/\\\/workboot.fr\\\/ciela\\\/led-externe\\\/#primaryimage\",\"url\":\"https:\\\/\\\/workboot.fr\\\/ciela\\\/wp-content\\\/uploads\\\/2025\\\/11\\\/blink_ext_bb.png\",\"contentUrl\":\"https:\\\/\\\/workboot.fr\\\/ciela\\\/wp-content\\\/uploads\\\/2025\\\/11\\\/blink_ext_bb.png\",\"width\":1755,\"height\":1350},{\"@type\":\"WebSite\",\"@id\":\"https:\\\/\\\/workboot.fr\\\/ciela\\\/#website\",\"url\":\"https:\\\/\\\/workboot.fr\\\/ciela\\\/\",\"name\":\"workboot\",\"description\":\"Open Source, Open Minds \",\"publisher\":{\"@id\":\"https:\\\/\\\/workboot.fr\\\/ciela\\\/#organization\"},\"potentialAction\":[{\"@type\":\"SearchAction\",\"target\":{\"@type\":\"EntryPoint\",\"urlTemplate\":\"https:\\\/\\\/workboot.fr\\\/ciela\\\/?s={search_term_string}\"},\"query-input\":{\"@type\":\"PropertyValueSpecification\",\"valueRequired\":true,\"valueName\":\"search_term_string\"}}],\"inLanguage\":\"fr-FR\"},{\"@type\":\"Organization\",\"@id\":\"https:\\\/\\\/workboot.fr\\\/ciela\\\/#organization\",\"name\":\"workboot\",\"url\":\"https:\\\/\\\/workboot.fr\\\/ciela\\\/\",\"logo\":{\"@type\":\"ImageObject\",\"inLanguage\":\"fr-FR\",\"@id\":\"https:\\\/\\\/workboot.fr\\\/ciela\\\/#\\\/schema\\\/logo\\\/image\\\/\",\"url\":\"https:\\\/\\\/workboot.fr\\\/ciela\\\/wp-content\\\/uploads\\\/2025\\\/05\\\/logo_ciel-dorian-1.png\",\"contentUrl\":\"https:\\\/\\\/workboot.fr\\\/ciela\\\/wp-content\\\/uploads\\\/2025\\\/05\\\/logo_ciel-dorian-1.png\",\"width\":1024,\"height\":950,\"caption\":\"workboot\"},\"image\":{\"@id\":\"https:\\\/\\\/workboot.fr\\\/ciela\\\/#\\\/schema\\\/logo\\\/image\\\/\"}}]}<\/script>\n<!-- \/ Yoast SEO plugin. -->","yoast_head_json":{"title":"SORTIE \/ OUT LED EXTERNE - workboot","robots":{"index":"index","follow":"follow","max-snippet":"max-snippet:-1","max-image-preview":"max-image-preview:large","max-video-preview":"max-video-preview:-1"},"canonical":"https:\/\/workboot.fr\/ciela\/led-externe\/","og_locale":"fr_FR","og_type":"article","og_title":"SORTIE \/ OUT LED EXTERNE - workboot","og_description":"Pr\u00e9requis: Les bases cours Arduino But: utilisation des Entr\u00e9es \/ Sorties sur un syst\u00e8me microprogramm\u00e9 ,ici AT Mega 328P de l&rsquo;arduino UNO R\u00e9pertoire de travail: ~\/Works\/CoINFO_PHY\/LED_EXTERNE Sujet de LED_EXTERNE on [&hellip;]","og_url":"https:\/\/workboot.fr\/ciela\/led-externe\/","og_site_name":"workboot","article_modified_time":"2026-01-15T11:27:47+00:00","og_image":[{"width":1755,"height":1350,"url":"https:\/\/workboot.fr\/ciela\/wp-content\/uploads\/2025\/11\/blink_ext_bb.png","type":"image\/png"}],"twitter_misc":{"Dur\u00e9e de lecture estim\u00e9e":"2 minutes"},"schema":{"@context":"https:\/\/schema.org","@graph":[{"@type":"WebPage","@id":"https:\/\/workboot.fr\/ciela\/led-externe\/","url":"https:\/\/workboot.fr\/ciela\/led-externe\/","name":"SORTIE \/ OUT LED EXTERNE - workboot","isPartOf":{"@id":"https:\/\/workboot.fr\/ciela\/#website"},"primaryImageOfPage":{"@id":"https:\/\/workboot.fr\/ciela\/led-externe\/#primaryimage"},"image":{"@id":"https:\/\/workboot.fr\/ciela\/led-externe\/#primaryimage"},"thumbnailUrl":"https:\/\/workboot.fr\/ciela\/wp-content\/uploads\/2025\/11\/blink_ext_bb-1024x788.png","datePublished":"2025-11-20T11:08:34+00:00","dateModified":"2026-01-15T11:27:47+00:00","inLanguage":"fr-FR","potentialAction":[{"@type":"ReadAction","target":["https:\/\/workboot.fr\/ciela\/led-externe\/"]}]},{"@type":"ImageObject","inLanguage":"fr-FR","@id":"https:\/\/workboot.fr\/ciela\/led-externe\/#primaryimage","url":"https:\/\/workboot.fr\/ciela\/wp-content\/uploads\/2025\/11\/blink_ext_bb.png","contentUrl":"https:\/\/workboot.fr\/ciela\/wp-content\/uploads\/2025\/11\/blink_ext_bb.png","width":1755,"height":1350},{"@type":"WebSite","@id":"https:\/\/workboot.fr\/ciela\/#website","url":"https:\/\/workboot.fr\/ciela\/","name":"workboot","description":"Open Source, Open Minds ","publisher":{"@id":"https:\/\/workboot.fr\/ciela\/#organization"},"potentialAction":[{"@type":"SearchAction","target":{"@type":"EntryPoint","urlTemplate":"https:\/\/workboot.fr\/ciela\/?s={search_term_string}"},"query-input":{"@type":"PropertyValueSpecification","valueRequired":true,"valueName":"search_term_string"}}],"inLanguage":"fr-FR"},{"@type":"Organization","@id":"https:\/\/workboot.fr\/ciela\/#organization","name":"workboot","url":"https:\/\/workboot.fr\/ciela\/","logo":{"@type":"ImageObject","inLanguage":"fr-FR","@id":"https:\/\/workboot.fr\/ciela\/#\/schema\/logo\/image\/","url":"https:\/\/workboot.fr\/ciela\/wp-content\/uploads\/2025\/05\/logo_ciel-dorian-1.png","contentUrl":"https:\/\/workboot.fr\/ciela\/wp-content\/uploads\/2025\/05\/logo_ciel-dorian-1.png","width":1024,"height":950,"caption":"workboot"},"image":{"@id":"https:\/\/workboot.fr\/ciela\/#\/schema\/logo\/image\/"}}]}},"uagb_featured_image_src":{"full":false,"thumbnail":false,"medium":false,"medium_large":false,"large":false,"1536x1536":false,"2048x2048":false},"uagb_author_info":{"display_name":"admin","author_link":"https:\/\/workboot.fr\/ciela\/author\/admin\/"},"uagb_comment_info":0,"uagb_excerpt":"Pr\u00e9requis: Les bases cours Arduino But: utilisation des Entr\u00e9es \/ Sorties sur un syst\u00e8me microprogramm\u00e9 ,ici AT Mega 328P de l&rsquo;arduino UNO R\u00e9pertoire de travail: ~\/Works\/CoINFO_PHY\/LED_EXTERNE Sujet de LED_EXTERNE on [&hellip;]","_links":{"self":[{"href":"https:\/\/workboot.fr\/ciela\/wp-json\/wp\/v2\/pages\/5245","targetHints":{"allow":["GET"]}}],"collection":[{"href":"https:\/\/workboot.fr\/ciela\/wp-json\/wp\/v2\/pages"}],"about":[{"href":"https:\/\/workboot.fr\/ciela\/wp-json\/wp\/v2\/types\/page"}],"author":[{"embeddable":true,"href":"https:\/\/workboot.fr\/ciela\/wp-json\/wp\/v2\/users\/1"}],"replies":[{"embeddable":true,"href":"https:\/\/workboot.fr\/ciela\/wp-json\/wp\/v2\/comments?post=5245"}],"version-history":[{"count":16,"href":"https:\/\/workboot.fr\/ciela\/wp-json\/wp\/v2\/pages\/5245\/revisions"}],"predecessor-version":[{"id":6160,"href":"https:\/\/workboot.fr\/ciela\/wp-json\/wp\/v2\/pages\/5245\/revisions\/6160"}],"wp:attachment":[{"href":"https:\/\/workboot.fr\/ciela\/wp-json\/wp\/v2\/media?parent=5245"}],"curies":[{"name":"wp","href":"https:\/\/api.w.org\/{rel}","templated":true}]}}