{"id":5291,"date":"2025-11-21T09:39:12","date_gmt":"2025-11-21T08:39:12","guid":{"rendered":"https:\/\/workboot.fr\/ciela\/?page_id=5291"},"modified":"2026-01-07T09:00:43","modified_gmt":"2026-01-07T08:00:43","slug":"super-calculateur-jean-zay","status":"publish","type":"page","link":"https:\/\/workboot.fr\/ciela\/super-calculateur-jean-zay\/","title":{"rendered":"Super Calculateur Jean Zay"},"content":{"rendered":"<div class=\"wp-block-image\">\n<figure class=\"alignright size-full is-resized\"><a href=\"https:\/\/workboot.fr\/ciela\/wp-content\/uploads\/2026\/01\/Red_Hat_logo.svg_.png\"><img loading=\"lazy\" decoding=\"async\" width=\"960\" height=\"729\" src=\"https:\/\/workboot.fr\/ciela\/wp-content\/uploads\/2026\/01\/Red_Hat_logo.svg_.png\" alt=\"\" class=\"wp-image-6072\" style=\"aspect-ratio:1.3169119855812557;width:144px;height:auto\" srcset=\"https:\/\/workboot.fr\/ciela\/wp-content\/uploads\/2026\/01\/Red_Hat_logo.svg_.png 960w, https:\/\/workboot.fr\/ciela\/wp-content\/uploads\/2026\/01\/Red_Hat_logo.svg_-300x228.png 300w, https:\/\/workboot.fr\/ciela\/wp-content\/uploads\/2026\/01\/Red_Hat_logo.svg_-768x583.png 768w\" sizes=\"auto, (max-width: 960px) 100vw, 960px\" \/><\/a><\/figure>\n<\/div>\n\n\n<p class=\"wp-block-paragraph\">Fonctionne avec <strong>Linux<\/strong> !! (<a href=\"https:\/\/fr.wikipedia.org\/wiki\/Red_Hat\">REDHAT<\/a>)<\/p>\n\n\n\n<figure class=\"wp-block-image size-full\"><a href=\"https:\/\/workboot.fr\/ciela\/wp-content\/uploads\/2025\/11\/JeanZay.jpg\"><img loading=\"lazy\" decoding=\"async\" width=\"700\" height=\"466\" src=\"https:\/\/workboot.fr\/ciela\/wp-content\/uploads\/2025\/11\/JeanZay.jpg\" alt=\"\" class=\"wp-image-5296\" srcset=\"https:\/\/workboot.fr\/ciela\/wp-content\/uploads\/2025\/11\/JeanZay.jpg 700w, https:\/\/workboot.fr\/ciela\/wp-content\/uploads\/2025\/11\/JeanZay-300x200.jpg 300w\" sizes=\"auto, (max-width: 700px) 100vw, 700px\" \/><\/a><figcaption class=\"wp-element-caption\">Supercalculateur Jean Zay, nomm\u00e9 ainsi en l&rsquo;honneur du ministre de l&rsquo;\u00c9ducation nationale qui fut l&rsquo;artisan, avec Jean Perrin, de la cr\u00e9ation du CNRS. Capable d&rsquo;effectuer 13,9 millions de milliards d&rsquo;op\u00e9rations par seconde dans sa configuration initiale install\u00e9e \u00e0 l&rsquo;\u00e9t\u00e9 2019, ce supercalculateur converg\u00e9 permet d&rsquo;\u00e9tendre les modes d&rsquo;utilisation classiques du calcul de haute performance (HPC) \u00e0 de nouveaux usages pour l&rsquo;intelligence artificielle (IA). En plus de ses 1 528 noeuds de 40 coeurs Intel Cascade Lake \u00e0 2,5 GHz, il comprend 261 noeuds \u00ab\u00a0converg\u00e9s hybrides acc\u00e9l\u00e9r\u00e9s\u00a0\u00bb compos\u00e9s chacun de 40 coeurs \u00e0 2,5 GHz et de 4 GPUs NVIDIA V100. Chaque noeud dispose de 192 Go de m\u00e9moire et chaque GPU de 32 Go. Con\u00e7u par Hewlett Packard Enterprise, ce supercalculateur HPE SGI 8600 a \u00e9t\u00e9 acquis en 2019 par le Genci (Grand \u00e9quipement national de calcul intensif) et est op\u00e9r\u00e9 par l&rsquo;IDRIS, localis\u00e9 sur le plateau de Saclay.   UPS851 Institut du D\u00e9veloppement et des Ressources en Informatique Scientifique  20190051_0007<\/figcaption><\/figure>\n\n\n\n<p class=\"wp-block-paragraph\"><a href=\"https:\/\/fr.wikipedia.org\/wiki\/Jean_Zay_(supercalculateur)\">https:\/\/fr.wikipedia.org\/wiki\/Jean_Zay_(supercalculateur)<\/a><\/p>\n\n\n\n<h2 class=\"wp-block-heading\">puissance de calcul:<\/h2>\n\n\n\n<p class=\"wp-block-paragraph\">FLOPS (op\u00e9rations en virgule flottante par seconde) <\/p>\n\n\n\n<p class=\"wp-block-paragraph\">126 P\u00e9taflops<\/p>\n\n\n\n<p class=\"wp-block-paragraph\">D\u00e9finition simple : Un p\u00e9taflop repr\u00e9sente la capacit\u00e9 \u00e0 effectuer un million de milliards (10\u00b9\u2075) d&rsquo;op\u00e9rations de calcul par seconde.<\/p>\n\n\n\n<h2 class=\"wp-block-heading\">puissance de m\u00e9moire:<\/h2>\n\n\n\n<p class=\"wp-block-paragraph\">500 T\u00e9ra Octets de m\u00e9moire <\/p>\n\n\n\n<p class=\"wp-block-paragraph\">1 t\u00e9raoctet = 1 000 000 000 000 octets (soit 10\u00b9\u00b2 octets) selon le syst\u00e8me d\u00e9cimal<\/p>\n\n\n\n<p class=\"wp-block-paragraph\">1 To = 1 000 Go (gigaoctets)<\/p>\n\n\n\n<p class=\"wp-block-paragraph\">1 To = 1 000 000 Mo (m\u00e9gaoctets)<\/p>\n\n\n\n<h2 class=\"wp-block-heading\">puissance \u00e9nerg\u00e9tique<\/h2>\n\n\n\n<p class=\"wp-block-paragraph\">En GigaWatts et il faut refroidir..<\/p>\n\n\n\n<p class=\"wp-block-paragraph\">1 Gigawatt = 1 000 000 000 Watts (un milliard de watts)<\/p>\n\n\n\n<h2 class=\"wp-block-heading\">Un PC classique  pour comparer<\/h2>\n\n\n\n<p class=\"wp-block-paragraph\">un ordinateur de bureau core i9  par exemple se mesure en Teraflops (10^12)  (1 Teraflops est d\u00e9j\u00e0 beaucoup)<\/p>\n\n\n\n<p class=\"wp-block-paragraph\"><\/p>\n","protected":false},"excerpt":{"rendered":"<p>Fonctionne avec Linux !! (REDHAT) https:\/\/fr.wikipedia.org\/wiki\/Jean_Zay_(supercalculateur) puissance de calcul: FLOPS (op\u00e9rations en virgule flottante par seconde) 126 P\u00e9taflops D\u00e9finition simple : Un p\u00e9taflop repr\u00e9sente la capacit\u00e9 \u00e0 effectuer un million [&hellip;]<\/p>\n","protected":false},"author":1,"featured_media":0,"parent":0,"menu_order":0,"comment_status":"closed","ping_status":"closed","template":"","meta":{"_crdt_document":"","_uag_custom_page_level_css":"","footnotes":""},"class_list":["post-5291","page","type-page","status-publish","hentry"],"yoast_head":"<!-- This site is optimized with the Yoast SEO plugin v27.3 - https:\/\/yoast.com\/product\/yoast-seo-wordpress\/ -->\n<title>Super Calculateur Jean Zay - workboot<\/title>\n<meta name=\"robots\" content=\"index, follow, max-snippet:-1, max-image-preview:large, max-video-preview:-1\" \/>\n<link rel=\"canonical\" href=\"https:\/\/workboot.fr\/ciela\/super-calculateur-jean-zay\/\" \/>\n<meta property=\"og:locale\" content=\"fr_FR\" \/>\n<meta property=\"og:type\" content=\"article\" \/>\n<meta property=\"og:title\" content=\"Super Calculateur Jean Zay - workboot\" \/>\n<meta property=\"og:description\" content=\"Fonctionne avec Linux !! (REDHAT) https:\/\/fr.wikipedia.org\/wiki\/Jean_Zay_(supercalculateur) puissance de calcul: FLOPS (op\u00e9rations en virgule flottante par seconde) 126 P\u00e9taflops D\u00e9finition simple : Un p\u00e9taflop repr\u00e9sente la capacit\u00e9 \u00e0 effectuer un million [&hellip;]\" \/>\n<meta property=\"og:url\" content=\"https:\/\/workboot.fr\/ciela\/super-calculateur-jean-zay\/\" \/>\n<meta property=\"og:site_name\" content=\"workboot\" \/>\n<meta property=\"article:modified_time\" content=\"2026-01-07T08:00:43+00:00\" \/>\n<meta property=\"og:image\" content=\"https:\/\/workboot.fr\/ciela\/wp-content\/uploads\/2026\/01\/Red_Hat_logo.svg_.png\" \/>\n\t<meta property=\"og:image:width\" content=\"960\" \/>\n\t<meta property=\"og:image:height\" content=\"729\" \/>\n\t<meta property=\"og:image:type\" content=\"image\/png\" \/>\n<meta name=\"twitter:label1\" content=\"Dur\u00e9e de lecture estim\u00e9e\" \/>\n\t<meta name=\"twitter:data1\" content=\"2 minutes\" \/>\n<script type=\"application\/ld+json\" class=\"yoast-schema-graph\">{\"@context\":\"https:\\\/\\\/schema.org\",\"@graph\":[{\"@type\":\"WebPage\",\"@id\":\"https:\\\/\\\/workboot.fr\\\/ciela\\\/super-calculateur-jean-zay\\\/\",\"url\":\"https:\\\/\\\/workboot.fr\\\/ciela\\\/super-calculateur-jean-zay\\\/\",\"name\":\"Super Calculateur Jean Zay - workboot\",\"isPartOf\":{\"@id\":\"https:\\\/\\\/workboot.fr\\\/ciela\\\/#website\"},\"primaryImageOfPage\":{\"@id\":\"https:\\\/\\\/workboot.fr\\\/ciela\\\/super-calculateur-jean-zay\\\/#primaryimage\"},\"image\":{\"@id\":\"https:\\\/\\\/workboot.fr\\\/ciela\\\/super-calculateur-jean-zay\\\/#primaryimage\"},\"thumbnailUrl\":\"https:\\\/\\\/workboot.fr\\\/ciela\\\/wp-content\\\/uploads\\\/2026\\\/01\\\/Red_Hat_logo.svg_.png\",\"datePublished\":\"2025-11-21T08:39:12+00:00\",\"dateModified\":\"2026-01-07T08:00:43+00:00\",\"inLanguage\":\"fr-FR\",\"potentialAction\":[{\"@type\":\"ReadAction\",\"target\":[\"https:\\\/\\\/workboot.fr\\\/ciela\\\/super-calculateur-jean-zay\\\/\"]}]},{\"@type\":\"ImageObject\",\"inLanguage\":\"fr-FR\",\"@id\":\"https:\\\/\\\/workboot.fr\\\/ciela\\\/super-calculateur-jean-zay\\\/#primaryimage\",\"url\":\"https:\\\/\\\/workboot.fr\\\/ciela\\\/wp-content\\\/uploads\\\/2026\\\/01\\\/Red_Hat_logo.svg_.png\",\"contentUrl\":\"https:\\\/\\\/workboot.fr\\\/ciela\\\/wp-content\\\/uploads\\\/2026\\\/01\\\/Red_Hat_logo.svg_.png\",\"width\":960,\"height\":729},{\"@type\":\"WebSite\",\"@id\":\"https:\\\/\\\/workboot.fr\\\/ciela\\\/#website\",\"url\":\"https:\\\/\\\/workboot.fr\\\/ciela\\\/\",\"name\":\"workboot\",\"description\":\"Open Source, Open Minds \",\"publisher\":{\"@id\":\"https:\\\/\\\/workboot.fr\\\/ciela\\\/#organization\"},\"potentialAction\":[{\"@type\":\"SearchAction\",\"target\":{\"@type\":\"EntryPoint\",\"urlTemplate\":\"https:\\\/\\\/workboot.fr\\\/ciela\\\/?s={search_term_string}\"},\"query-input\":{\"@type\":\"PropertyValueSpecification\",\"valueRequired\":true,\"valueName\":\"search_term_string\"}}],\"inLanguage\":\"fr-FR\"},{\"@type\":\"Organization\",\"@id\":\"https:\\\/\\\/workboot.fr\\\/ciela\\\/#organization\",\"name\":\"workboot\",\"url\":\"https:\\\/\\\/workboot.fr\\\/ciela\\\/\",\"logo\":{\"@type\":\"ImageObject\",\"inLanguage\":\"fr-FR\",\"@id\":\"https:\\\/\\\/workboot.fr\\\/ciela\\\/#\\\/schema\\\/logo\\\/image\\\/\",\"url\":\"https:\\\/\\\/workboot.fr\\\/ciela\\\/wp-content\\\/uploads\\\/2025\\\/05\\\/logo_ciel-dorian-1.png\",\"contentUrl\":\"https:\\\/\\\/workboot.fr\\\/ciela\\\/wp-content\\\/uploads\\\/2025\\\/05\\\/logo_ciel-dorian-1.png\",\"width\":1024,\"height\":950,\"caption\":\"workboot\"},\"image\":{\"@id\":\"https:\\\/\\\/workboot.fr\\\/ciela\\\/#\\\/schema\\\/logo\\\/image\\\/\"}}]}<\/script>\n<!-- \/ Yoast SEO plugin. -->","yoast_head_json":{"title":"Super Calculateur Jean Zay - workboot","robots":{"index":"index","follow":"follow","max-snippet":"max-snippet:-1","max-image-preview":"max-image-preview:large","max-video-preview":"max-video-preview:-1"},"canonical":"https:\/\/workboot.fr\/ciela\/super-calculateur-jean-zay\/","og_locale":"fr_FR","og_type":"article","og_title":"Super Calculateur Jean Zay - workboot","og_description":"Fonctionne avec Linux !! (REDHAT) https:\/\/fr.wikipedia.org\/wiki\/Jean_Zay_(supercalculateur) puissance de calcul: FLOPS (op\u00e9rations en virgule flottante par seconde) 126 P\u00e9taflops D\u00e9finition simple : Un p\u00e9taflop repr\u00e9sente la capacit\u00e9 \u00e0 effectuer un million [&hellip;]","og_url":"https:\/\/workboot.fr\/ciela\/super-calculateur-jean-zay\/","og_site_name":"workboot","article_modified_time":"2026-01-07T08:00:43+00:00","og_image":[{"width":960,"height":729,"url":"https:\/\/workboot.fr\/ciela\/wp-content\/uploads\/2026\/01\/Red_Hat_logo.svg_.png","type":"image\/png"}],"twitter_misc":{"Dur\u00e9e de lecture estim\u00e9e":"2 minutes"},"schema":{"@context":"https:\/\/schema.org","@graph":[{"@type":"WebPage","@id":"https:\/\/workboot.fr\/ciela\/super-calculateur-jean-zay\/","url":"https:\/\/workboot.fr\/ciela\/super-calculateur-jean-zay\/","name":"Super Calculateur Jean Zay - workboot","isPartOf":{"@id":"https:\/\/workboot.fr\/ciela\/#website"},"primaryImageOfPage":{"@id":"https:\/\/workboot.fr\/ciela\/super-calculateur-jean-zay\/#primaryimage"},"image":{"@id":"https:\/\/workboot.fr\/ciela\/super-calculateur-jean-zay\/#primaryimage"},"thumbnailUrl":"https:\/\/workboot.fr\/ciela\/wp-content\/uploads\/2026\/01\/Red_Hat_logo.svg_.png","datePublished":"2025-11-21T08:39:12+00:00","dateModified":"2026-01-07T08:00:43+00:00","inLanguage":"fr-FR","potentialAction":[{"@type":"ReadAction","target":["https:\/\/workboot.fr\/ciela\/super-calculateur-jean-zay\/"]}]},{"@type":"ImageObject","inLanguage":"fr-FR","@id":"https:\/\/workboot.fr\/ciela\/super-calculateur-jean-zay\/#primaryimage","url":"https:\/\/workboot.fr\/ciela\/wp-content\/uploads\/2026\/01\/Red_Hat_logo.svg_.png","contentUrl":"https:\/\/workboot.fr\/ciela\/wp-content\/uploads\/2026\/01\/Red_Hat_logo.svg_.png","width":960,"height":729},{"@type":"WebSite","@id":"https:\/\/workboot.fr\/ciela\/#website","url":"https:\/\/workboot.fr\/ciela\/","name":"workboot","description":"Open Source, Open Minds ","publisher":{"@id":"https:\/\/workboot.fr\/ciela\/#organization"},"potentialAction":[{"@type":"SearchAction","target":{"@type":"EntryPoint","urlTemplate":"https:\/\/workboot.fr\/ciela\/?s={search_term_string}"},"query-input":{"@type":"PropertyValueSpecification","valueRequired":true,"valueName":"search_term_string"}}],"inLanguage":"fr-FR"},{"@type":"Organization","@id":"https:\/\/workboot.fr\/ciela\/#organization","name":"workboot","url":"https:\/\/workboot.fr\/ciela\/","logo":{"@type":"ImageObject","inLanguage":"fr-FR","@id":"https:\/\/workboot.fr\/ciela\/#\/schema\/logo\/image\/","url":"https:\/\/workboot.fr\/ciela\/wp-content\/uploads\/2025\/05\/logo_ciel-dorian-1.png","contentUrl":"https:\/\/workboot.fr\/ciela\/wp-content\/uploads\/2025\/05\/logo_ciel-dorian-1.png","width":1024,"height":950,"caption":"workboot"},"image":{"@id":"https:\/\/workboot.fr\/ciela\/#\/schema\/logo\/image\/"}}]}},"uagb_featured_image_src":{"full":false,"thumbnail":false,"medium":false,"medium_large":false,"large":false,"1536x1536":false,"2048x2048":false},"uagb_author_info":{"display_name":"admin","author_link":"https:\/\/workboot.fr\/ciela\/author\/admin\/"},"uagb_comment_info":0,"uagb_excerpt":"Fonctionne avec Linux !! (REDHAT) https:\/\/fr.wikipedia.org\/wiki\/Jean_Zay_(supercalculateur) puissance de calcul: FLOPS (op\u00e9rations en virgule flottante par seconde) 126 P\u00e9taflops D\u00e9finition simple : Un p\u00e9taflop repr\u00e9sente la capacit\u00e9 \u00e0 effectuer un million [&hellip;]","_links":{"self":[{"href":"https:\/\/workboot.fr\/ciela\/wp-json\/wp\/v2\/pages\/5291","targetHints":{"allow":["GET"]}}],"collection":[{"href":"https:\/\/workboot.fr\/ciela\/wp-json\/wp\/v2\/pages"}],"about":[{"href":"https:\/\/workboot.fr\/ciela\/wp-json\/wp\/v2\/types\/page"}],"author":[{"embeddable":true,"href":"https:\/\/workboot.fr\/ciela\/wp-json\/wp\/v2\/users\/1"}],"replies":[{"embeddable":true,"href":"https:\/\/workboot.fr\/ciela\/wp-json\/wp\/v2\/comments?post=5291"}],"version-history":[{"count":12,"href":"https:\/\/workboot.fr\/ciela\/wp-json\/wp\/v2\/pages\/5291\/revisions"}],"predecessor-version":[{"id":6074,"href":"https:\/\/workboot.fr\/ciela\/wp-json\/wp\/v2\/pages\/5291\/revisions\/6074"}],"wp:attachment":[{"href":"https:\/\/workboot.fr\/ciela\/wp-json\/wp\/v2\/media?parent=5291"}],"curies":[{"name":"wp","href":"https:\/\/api.w.org\/{rel}","templated":true}]}}