{"id":5597,"date":"2025-12-03T11:35:16","date_gmt":"2025-12-03T10:35:16","guid":{"rendered":"https:\/\/workboot.fr\/ciela\/?page_id=5597"},"modified":"2026-01-29T16:13:02","modified_gmt":"2026-01-29T15:13:02","slug":"entree-input-relais-ils","status":"publish","type":"page","link":"https:\/\/workboot.fr\/ciela\/entree-input-relais-ils\/","title":{"rendered":"ENTREE \/ INPUT Relais ILS"},"content":{"rendered":"\t\t\t\t<div class=\"wp-block-uagb-table-of-contents uagb-toc__align-left uagb-toc__columns-1  uagb-block-25143197      \"\n\t\t\t\t\tdata-scroll= \"1\"\n\t\t\t\t\tdata-offset= \"30\"\n\t\t\t\t\tstyle=\"\"\n\t\t\t\t>\n\t\t\t\t<div class=\"uagb-toc__wrap\">\n\t\t\t\t\t\t<div class=\"uagb-toc__title\">\n\t\t\t\t\t\t\tTable des mati\u00e8res\t\t\t\t\t\t<\/div>\n\t\t\t\t\t\t\t\t\t\t\t\t\t\t\t\t\t\t\t\t\t\t<div class=\"uagb-toc__list-wrap \">\n\t\t\t\t\t\t<ol class=\"uagb-toc__list\"><li class=\"uagb-toc__list\"><a href=\"#pr\u00e9requis\" class=\"uagb-toc-link__trigger\">Pr\u00e9requis:<\/a><li class=\"uagb-toc__list\"><a href=\"#but\" class=\"uagb-toc-link__trigger\">But:<\/a><li class=\"uagb-toc__list\"><a href=\"#r\u00e9pertoire-de-travail\" class=\"uagb-toc-link__trigger\">R\u00e9pertoire de travail:<\/a><li class=\"uagb-toc__list\"><a href=\"#montage-1-la-led-et-le-relais-reed-ou-ils\" class=\"uagb-toc-link__trigger\">Montage 1 , La LED et le Relais REED ou ILS<\/a><ul class=\"uagb-toc__list\"><li class=\"uagb-toc__list\"><a href=\"#pas-daimant\" class=\"uagb-toc-link__trigger\">Pas d&#039;aimant:<\/a><ul class=\"uagb-toc__list\"><li class=\"uagb-toc__list\"><a href=\"#relever-ce-quil-se-passe-pour-la-led-si-on-n-approche-pas-laimant-du-relais-ils\" class=\"uagb-toc-link__trigger\">Relever ce qu&#039;il se passe pour la LED si on n&#039; approche pas l&#039;aimant du relais ILS<\/a><li class=\"uagb-toc__list\"><li class=\"uagb-toc__list\"><a href=\"#mesurer-la-tension-entre-le-gnd-et-le-point-ligne-18-partie-haute\" class=\"uagb-toc-link__trigger\">Mesurer la tension  entre le GND et le point ligne 18 partie haute<\/a><li class=\"uagb-toc__list\"><li class=\"uagb-toc__list\"><a href=\"#mesurer-la-tension-vak-de-la-diode-dans-ce-cas\" class=\"uagb-toc-link__trigger\">Mesurer la tension Vak de la diode dans ce cas<\/a><\/li><\/ul><li class=\"uagb-toc__list\"><a href=\"#avec-aimant\" class=\"uagb-toc-link__trigger\">Avec aimant:<\/a><ul class=\"uagb-toc__list\"><li class=\"uagb-toc__list\"><a href=\"#relever-ce-quil-se-passe-pour-la-led-si-on-approche-laimant-du-relais-ils\" class=\"uagb-toc-link__trigger\">Relever ce qu&#039;il se passe pour la LED si on approche l&#039;aimant du relais ILS<\/a><li class=\"uagb-toc__list\"><li class=\"uagb-toc__list\"><a href=\"#mesurer-la-tension-entre-le-gnd-et-le-point-ligne-18-partie-haute\" class=\"uagb-toc-link__trigger\">Mesurer la tension entre le GND et le point ligne 18 partie haute<\/a><li class=\"uagb-toc__list\"><li class=\"uagb-toc__list\"><a href=\"#mesurer-la-tension-vak-de-la-diode-dans-ce-cas\" class=\"uagb-toc-link__trigger\">Mesurer la tension Vak de la diode dans ce cas<\/a><\/li><\/ul><\/li><\/ul><\/li><li class=\"uagb-toc__list\"><a href=\"#montage-2-la-led-externe\" class=\"uagb-toc-link__trigger\">Montage 2, La LED EXTERNE :<\/a><ul class=\"uagb-toc__list\"><li class=\"uagb-toc__list\"><a href=\"#rappeler-le-code-pour-allumer-la-led-rouge\" class=\"uagb-toc-link__trigger\">Rappeler le code pour allumer la LED ROUGE<\/a><li class=\"uagb-toc__list\"><li class=\"uagb-toc__list\"><a href=\"#donner-la-fonction-setup-et-la-fonction-loop-pour-allumer-la-led-rouge-en-continu\" class=\"uagb-toc-link__trigger\">Donner la fonction setup()  et la fonction loop()  pour allumer la led ROUGE en continu.<\/a><ul class=\"uagb-toc__list\"><li class=\"uagb-toc__list\"><a href=\"#relever-la-tension-vak\" class=\"uagb-toc-link__trigger\">Relever la tension Vak<\/a><\/li><\/ul><li class=\"uagb-toc__list\"><a href=\"#donner-un-code-pour-faire-clignoter-la-led-rouge-\u00e0-une-fr\u00e9quence-de-2-hz\" class=\"uagb-toc-link__trigger\">Donner un code pour faire clignoter la LED Rouge \u00e0 une fr\u00e9quence de 2 Hz.<\/a><\/li><\/ul><\/li><\/ul><\/li><\/ul><\/li><li class=\"uagb-toc__list\"><a href=\"#montage-3-led-rouge-et-ils\" class=\"uagb-toc-link__trigger\">Montage 3, LED ROUGE et ILS<\/a><li class=\"uagb-toc__list\"><a href=\"#donner-le-sens-de-linformation-sur-la-broche-10\" class=\"uagb-toc-link__trigger\">Donner  le sens de l&#039;information sur la broche 10<\/a><li class=\"uagb-toc__list\"><a href=\"#donner-le-sens-de-linformation-sur-la-broche-9\" class=\"uagb-toc-link__trigger\">Donner le sens de l&#039;information sur la broche 9<\/a><li class=\"uagb-toc__list\"><a href=\"#code-\u00e0-r\u00e9aliser\" class=\"uagb-toc-link__trigger\">Code \u00e0 r\u00e9aliser<\/a><li class=\"uagb-toc__list\"><a href=\"#r\u00e9aliser-lorganigramme-le-pl-avec-monia-de-ce-code\" class=\"uagb-toc-link__trigger\">R\u00e9aliser l&#039;organigramme le PL avec Monia de ce code<\/a><li class=\"uagb-toc__list\"><a href=\"#transformer-cet-algorithme-en-langage-c\" class=\"uagb-toc-link__trigger\">Transformer cet algorithme en langage C<\/a><\/ul><\/ul><\/ul><\/ol>\t\t\t\t\t<\/div>\n\t\t\t\t\t\t\t\t\t<\/div>\n\t\t\t\t<\/div>\n\t\t\t\n\n\n<h2 class=\"wp-block-heading\">Pr\u00e9requis:<\/h2>\n\n\n\n<ul class=\"wp-block-list\">\n<li>Savoir calculer une r\u00e9sistance de limitation de courant pour une LED ROUGE<\/li>\n\n\n\n<li>Utiliser un capteur de type ILS <\/li>\n\n\n\n<li>usage du logiciel <a href=\"https:\/\/workboot.fr\/ciela\/fritzing\/\">Fritzing<\/a><\/li>\n\n\n\n<li>Utilisation de l&rsquo;IDE Arduino<\/li>\n\n\n\n<li>Base de langage C\/C++ pour arduino.<\/li>\n\n\n\n<li>les fonctions de l&rsquo;arduino , <a href=\"https:\/\/docs.arduino.cc\/language-reference\/en\/functions\/digital-io\/pinMode\/\">pinMode()<\/a>,  <a href=\"https:\/\/docs.arduino.cc\/language-reference\/en\/functions\/digital-io\/digitalwrite\/\">digitalWrite()<\/a> et <a href=\"https:\/\/docs.arduino.cc\/language-reference\/en\/functions\/digital-io\/digitalread\/\">digitalRead()<\/a><\/li>\n<\/ul>\n\n\n\n<h2 class=\"wp-block-heading\">But:<\/h2>\n\n\n\n<ul class=\"wp-block-list\">\n<li>Savoir piloter une LED ROUGE<\/li>\n\n\n\n<li>Utiliser un port en entr\u00e9e <\/li>\n\n\n\n<li>Utiliser un capteur comme l&rsquo; ILS<\/li>\n<\/ul>\n\n\n\n<h2 class=\"wp-block-heading\">R\u00e9pertoire de travail:<\/h2>\n\n\n\n<p class=\"wp-block-paragraph\"><br>~\/Works\/CoINFO_PHY\/ILS_INPUT<\/p>\n\n\n\n<h2 class=\"wp-block-heading\">Montage 1 , La LED et le <a href=\"https:\/\/workboot.fr\/ciela\/relais-ils\/\">Relais REED ou ILS<\/a><\/h2>\n\n\n\n<p class=\"wp-block-paragraph\">Dans ce montage on va utiliser l&rsquo;arduino comme g\u00e9n\u00e9rateur 5V , 5V qui est la tension fournit par le PC par la prise USB A <\/p>\n\n\n\n<figure class=\"wp-block-image size-large\"><a href=\"https:\/\/workboot.fr\/ciela\/wp-content\/uploads\/2025\/12\/ILS_bb1.png\"><img loading=\"lazy\" decoding=\"async\" width=\"1024\" height=\"781\" src=\"https:\/\/workboot.fr\/ciela\/wp-content\/uploads\/2025\/12\/ILS_bb1-1024x781.png\" alt=\"\" class=\"wp-image-5643\" srcset=\"https:\/\/workboot.fr\/ciela\/wp-content\/uploads\/2025\/12\/ILS_bb1-1024x781.png 1024w, https:\/\/workboot.fr\/ciela\/wp-content\/uploads\/2025\/12\/ILS_bb1-300x229.png 300w, https:\/\/workboot.fr\/ciela\/wp-content\/uploads\/2025\/12\/ILS_bb1-768x586.png 768w, https:\/\/workboot.fr\/ciela\/wp-content\/uploads\/2025\/12\/ILS_bb1-1536x1171.png 1536w, https:\/\/workboot.fr\/ciela\/wp-content\/uploads\/2025\/12\/ILS_bb1.png 1755w\" sizes=\"auto, (max-width: 1024px) 100vw, 1024px\" \/><\/a><\/figure>\n\n\n\n<p class=\"wp-block-paragraph\">ici on utilise pas du tout le <strong>microcontroleur <\/strong>! (ATMEGA328P)<\/p>\n\n\n\n<h3 class=\"wp-block-heading\">Pas d&rsquo;aimant:<\/h3>\n\n\n\n<h4 class=\"wp-block-heading\">Relever ce qu&rsquo;il se passe pour la LED si on n&rsquo; approche pas l&rsquo;aimant du relais ILS<\/h4>\n\n\n\n<h4 class=\"wp-block-heading\">Mesurer la tension  entre le GND et le point ligne 18 partie haute<\/h4>\n\n\n\n<h4 class=\"wp-block-heading\">Mesurer la tension Vak de la diode dans ce cas<\/h4>\n\n\n\n<h3 class=\"wp-block-heading\">Avec aimant:<\/h3>\n\n\n\n<h4 class=\"wp-block-heading\">Relever ce qu&rsquo;il se passe pour la LED si on approche l&rsquo;aimant du relais ILS<\/h4>\n\n\n\n<h4 class=\"wp-block-heading\">Mesurer la tension entre le GND et le point ligne 18 partie haute<\/h4>\n\n\n\n<h4 class=\"wp-block-heading\">Mesurer la tension Vak de la diode dans ce cas<\/h4>\n\n\n\n<h2 class=\"wp-block-heading\">Montage 2, La LED EXTERNE :<\/h2>\n\n\n\n<p class=\"wp-block-paragraph\">La r\u00e9sistance de limitation de courant de la LED ROUGE ne devra pas \u00eatre inf\u00e9rieure \u00e0 200 Ohms<\/p>\n\n\n\n<p class=\"wp-block-paragraph\">Rque : Ici le fil rouge qui ram\u00e8ne la ligne d&rsquo;alimentation de 5V n&rsquo;est pas utile, mais une bonne habitude \u00e0 prendre. <\/p>\n\n\n\n<figure class=\"wp-block-image size-large\"><a href=\"https:\/\/workboot.fr\/ciela\/wp-content\/uploads\/2025\/12\/io1_bb.png\"><img loading=\"lazy\" decoding=\"async\" width=\"1024\" height=\"815\" src=\"https:\/\/workboot.fr\/ciela\/wp-content\/uploads\/2025\/12\/io1_bb-1024x815.png\" alt=\"\" class=\"wp-image-5604\" srcset=\"https:\/\/workboot.fr\/ciela\/wp-content\/uploads\/2025\/12\/io1_bb-1024x815.png 1024w, https:\/\/workboot.fr\/ciela\/wp-content\/uploads\/2025\/12\/io1_bb-300x239.png 300w, https:\/\/workboot.fr\/ciela\/wp-content\/uploads\/2025\/12\/io1_bb-768x611.png 768w, https:\/\/workboot.fr\/ciela\/wp-content\/uploads\/2025\/12\/io1_bb-1536x1222.png 1536w, https:\/\/workboot.fr\/ciela\/wp-content\/uploads\/2025\/12\/io1_bb.png 1833w\" sizes=\"auto, (max-width: 1024px) 100vw, 1024px\" \/><\/a><\/figure>\n\n\n\n<h3 class=\"wp-block-heading\">Rappeler le code pour allumer la LED ROUGE<\/h3>\n\n\n\n<h3 class=\"wp-block-heading\">Donner la fonction setup()  et la fonction loop()  pour allumer la led ROUGE en continu.<\/h3>\n\n\n\n<h4 class=\"wp-block-heading\">Relever la tension Vak<\/h4>\n\n\n\n<figure class=\"wp-block-image size-large\"><a href=\"https:\/\/workboot.fr\/ciela\/wp-content\/uploads\/2026\/01\/Arduino_LED_Monia.png\"><img loading=\"lazy\" decoding=\"async\" width=\"1024\" height=\"518\" src=\"https:\/\/workboot.fr\/ciela\/wp-content\/uploads\/2026\/01\/Arduino_LED_Monia-1024x518.png\" alt=\"\" class=\"wp-image-6154\" srcset=\"https:\/\/workboot.fr\/ciela\/wp-content\/uploads\/2026\/01\/Arduino_LED_Monia-1024x518.png 1024w, https:\/\/workboot.fr\/ciela\/wp-content\/uploads\/2026\/01\/Arduino_LED_Monia-300x152.png 300w, https:\/\/workboot.fr\/ciela\/wp-content\/uploads\/2026\/01\/Arduino_LED_Monia-768x388.png 768w, https:\/\/workboot.fr\/ciela\/wp-content\/uploads\/2026\/01\/Arduino_LED_Monia.png 1280w\" sizes=\"auto, (max-width: 1024px) 100vw, 1024px\" \/><\/a><\/figure>\n\n\n<div class=\"wp-block-image\">\n<figure class=\"aligncenter size-full\"><a href=\"https:\/\/workboot.fr\/ciela\/wp-content\/uploads\/2026\/01\/setup.png\"><img loading=\"lazy\" decoding=\"async\" width=\"201\" height=\"141\" src=\"https:\/\/workboot.fr\/ciela\/wp-content\/uploads\/2026\/01\/setup.png\" alt=\"\" class=\"wp-image-6152\"\/><\/a><\/figure>\n<\/div>\n\n<div class=\"wp-block-image\">\n<figure class=\"aligncenter size-full\"><a href=\"https:\/\/workboot.fr\/ciela\/wp-content\/uploads\/2026\/01\/loop.png\"><img loading=\"lazy\" decoding=\"async\" width=\"201\" height=\"321\" src=\"https:\/\/workboot.fr\/ciela\/wp-content\/uploads\/2026\/01\/loop.png\" alt=\"\" class=\"wp-image-6153\" srcset=\"https:\/\/workboot.fr\/ciela\/wp-content\/uploads\/2026\/01\/loop.png 201w, https:\/\/workboot.fr\/ciela\/wp-content\/uploads\/2026\/01\/loop-188x300.png 188w\" sizes=\"auto, (max-width: 201px) 100vw, 201px\" \/><\/a><\/figure>\n<\/div>\n\n\n<h3 class=\"wp-block-heading\">Donner un code pour faire clignoter la LED Rouge \u00e0 une fr\u00e9quence de 2 Hz.<\/h3>\n\n\n\n<h2 class=\"wp-block-heading\">Montage 3, LED ROUGE et ILS<\/h2>\n\n\n\n<figure class=\"wp-block-image size-large\"><a href=\"https:\/\/workboot.fr\/ciela\/wp-content\/uploads\/2025\/12\/io2_led_ils.png\"><img loading=\"lazy\" decoding=\"async\" width=\"1024\" height=\"845\" src=\"https:\/\/workboot.fr\/ciela\/wp-content\/uploads\/2025\/12\/io2_led_ils-1024x845.png\" alt=\"\" class=\"wp-image-5618\" srcset=\"https:\/\/workboot.fr\/ciela\/wp-content\/uploads\/2025\/12\/io2_led_ils-1024x845.png 1024w, https:\/\/workboot.fr\/ciela\/wp-content\/uploads\/2025\/12\/io2_led_ils-300x247.png 300w, https:\/\/workboot.fr\/ciela\/wp-content\/uploads\/2025\/12\/io2_led_ils-768x634.png 768w, https:\/\/workboot.fr\/ciela\/wp-content\/uploads\/2025\/12\/io2_led_ils-1536x1267.png 1536w, https:\/\/workboot.fr\/ciela\/wp-content\/uploads\/2025\/12\/io2_led_ils.png 1833w\" sizes=\"auto, (max-width: 1024px) 100vw, 1024px\" \/><\/a><\/figure>\n\n\n\n<p class=\"wp-block-paragraph\">Il y a 2 r\u00e9sistances dans ce montage <\/p>\n\n\n\n<p class=\"wp-block-paragraph\">la r\u00e9sistance de 220 Ohms est une <strong>r\u00e9sistance de limitation<\/strong> de courant (protection de la LED et du microcontr\u00f4leur ATMEGA328P)<\/p>\n\n\n\n<p class=\"wp-block-paragraph\">la r\u00e9sistance de 1k Ohms est une <strong>r\u00e9sistance de rappel de niveau<\/strong>, pour \u00e9viter l&rsquo;effet antenne.<\/p>\n\n\n<div class=\"wp-block-image\">\n<figure class=\"aligncenter size-full is-resized\"><a href=\"https:\/\/workboot.fr\/ciela\/wp-content\/uploads\/2025\/12\/io2_schema.png\"><img loading=\"lazy\" decoding=\"async\" width=\"846\" height=\"816\" src=\"https:\/\/workboot.fr\/ciela\/wp-content\/uploads\/2025\/12\/io2_schema.png\" alt=\"\" class=\"wp-image-5622\" style=\"aspect-ratio:1.0367970377227493;width:540px;height:auto\" srcset=\"https:\/\/workboot.fr\/ciela\/wp-content\/uploads\/2025\/12\/io2_schema.png 846w, https:\/\/workboot.fr\/ciela\/wp-content\/uploads\/2025\/12\/io2_schema-300x289.png 300w, https:\/\/workboot.fr\/ciela\/wp-content\/uploads\/2025\/12\/io2_schema-768x741.png 768w\" sizes=\"auto, (max-width: 846px) 100vw, 846px\" \/><\/a><\/figure>\n<\/div>\n\n\n<p class=\"wp-block-paragraph\">Sch\u00e9ma fournit par Fritzing , qui vaut ce qu&rsquo;il vaut ! \ud83d\ude42<\/p>\n\n\n\n<h2 class=\"wp-block-heading\">Donner  le sens de l&rsquo;information sur la broche 10 <\/h2>\n\n\n\n<p class=\"wp-block-paragraph\">En d\u00e9duire la fonction qu&rsquo;il faut mettre pour imposer entr\u00e9e ou sortie, pinMode (10, INPUT ) ou pinMode(10,OUTPUT)<\/p>\n\n\n\n<h2 class=\"wp-block-heading\">Donner le sens de l&rsquo;information sur la broche 9<\/h2>\n\n\n\n<p class=\"wp-block-paragraph\">En d\u00e9duire la fonction qu&rsquo;il faut mettre pour imposer entr\u00e9e ou sortie, pinMode (9, INPUT ) ou pinMode(9,OUTPUT)<\/p>\n\n\n\n<h2 class=\"wp-block-heading\">Code \u00e0 r\u00e9aliser<\/h2>\n\n\n\n<p class=\"wp-block-paragraph\">A l&rsquo;approche d&rsquo;un aimant de l&rsquo;ILS la LED va s&rsquo;allumer , et s&rsquo;\u00e9teindre quand l&rsquo;aimant va s&rsquo;\u00e8loigner.<\/p>\n\n\n\n<p class=\"wp-block-paragraph\">Ce code va fonctionner par scrutation de l&rsquo;\u00e9tat de l&rsquo;ILS et ici notre arduino va boucler dans loop ! on va exploiter cette fa\u00e7on de fonctionner<\/p>\n\n\n\n<h2 class=\"wp-block-heading\"><br>R\u00e9aliser l&rsquo;organigramme le PL avec Monia de ce code<\/h2>\n\n\n\n<h2 class=\"wp-block-heading\">Transformer cet algorithme en langage C <\/h2>\n\n\n\n<p class=\"wp-block-paragraph\">Tester votre code .<\/p>\n","protected":false},"excerpt":{"rendered":"<p>Pr\u00e9requis: But: R\u00e9pertoire de travail: ~\/Works\/CoINFO_PHY\/ILS_INPUT Montage 1 , La LED et le Relais REED ou ILS Dans ce montage on va utiliser l&rsquo;arduino comme g\u00e9n\u00e9rateur 5V , 5V qui [&hellip;]<\/p>\n","protected":false},"author":1,"featured_media":0,"parent":0,"menu_order":0,"comment_status":"closed","ping_status":"closed","template":"","meta":{"_crdt_document":"","_uag_custom_page_level_css":"","footnotes":""},"class_list":["post-5597","page","type-page","status-publish","hentry"],"yoast_head":"<!-- This site is optimized with the Yoast SEO plugin v27.3 - https:\/\/yoast.com\/product\/yoast-seo-wordpress\/ -->\n<title>ENTREE \/ INPUT Relais ILS - workboot<\/title>\n<meta name=\"robots\" content=\"index, follow, max-snippet:-1, max-image-preview:large, max-video-preview:-1\" \/>\n<link rel=\"canonical\" href=\"https:\/\/workboot.fr\/ciela\/entree-input-relais-ils\/\" \/>\n<meta property=\"og:locale\" content=\"fr_FR\" \/>\n<meta property=\"og:type\" content=\"article\" \/>\n<meta property=\"og:title\" content=\"ENTREE \/ INPUT Relais ILS - workboot\" \/>\n<meta property=\"og:description\" content=\"Pr\u00e9requis: But: R\u00e9pertoire de travail: ~\/Works\/CoINFO_PHY\/ILS_INPUT Montage 1 , La LED et le Relais REED ou ILS Dans ce montage on va utiliser l&rsquo;arduino comme g\u00e9n\u00e9rateur 5V , 5V qui [&hellip;]\" \/>\n<meta property=\"og:url\" content=\"https:\/\/workboot.fr\/ciela\/entree-input-relais-ils\/\" \/>\n<meta property=\"og:site_name\" content=\"workboot\" \/>\n<meta property=\"article:modified_time\" content=\"2026-01-29T15:13:02+00:00\" \/>\n<meta property=\"og:image\" content=\"https:\/\/workboot.fr\/ciela\/wp-content\/uploads\/2025\/12\/ILS_bb1.png\" \/>\n\t<meta property=\"og:image:width\" content=\"1755\" \/>\n\t<meta property=\"og:image:height\" content=\"1338\" \/>\n\t<meta property=\"og:image:type\" content=\"image\/png\" \/>\n<meta name=\"twitter:label1\" content=\"Dur\u00e9e de lecture estim\u00e9e\" \/>\n\t<meta name=\"twitter:data1\" content=\"4 minutes\" \/>\n<script type=\"application\/ld+json\" class=\"yoast-schema-graph\">{\"@context\":\"https:\\\/\\\/schema.org\",\"@graph\":[{\"@type\":\"WebPage\",\"@id\":\"https:\\\/\\\/workboot.fr\\\/ciela\\\/entree-input-relais-ils\\\/\",\"url\":\"https:\\\/\\\/workboot.fr\\\/ciela\\\/entree-input-relais-ils\\\/\",\"name\":\"ENTREE \\\/ INPUT Relais ILS - workboot\",\"isPartOf\":{\"@id\":\"https:\\\/\\\/workboot.fr\\\/ciela\\\/#website\"},\"primaryImageOfPage\":{\"@id\":\"https:\\\/\\\/workboot.fr\\\/ciela\\\/entree-input-relais-ils\\\/#primaryimage\"},\"image\":{\"@id\":\"https:\\\/\\\/workboot.fr\\\/ciela\\\/entree-input-relais-ils\\\/#primaryimage\"},\"thumbnailUrl\":\"https:\\\/\\\/workboot.fr\\\/ciela\\\/wp-content\\\/uploads\\\/2025\\\/12\\\/ILS_bb1-1024x781.png\",\"datePublished\":\"2025-12-03T10:35:16+00:00\",\"dateModified\":\"2026-01-29T15:13:02+00:00\",\"inLanguage\":\"fr-FR\",\"potentialAction\":[{\"@type\":\"ReadAction\",\"target\":[\"https:\\\/\\\/workboot.fr\\\/ciela\\\/entree-input-relais-ils\\\/\"]}]},{\"@type\":\"ImageObject\",\"inLanguage\":\"fr-FR\",\"@id\":\"https:\\\/\\\/workboot.fr\\\/ciela\\\/entree-input-relais-ils\\\/#primaryimage\",\"url\":\"https:\\\/\\\/workboot.fr\\\/ciela\\\/wp-content\\\/uploads\\\/2025\\\/12\\\/ILS_bb1.png\",\"contentUrl\":\"https:\\\/\\\/workboot.fr\\\/ciela\\\/wp-content\\\/uploads\\\/2025\\\/12\\\/ILS_bb1.png\",\"width\":1755,\"height\":1338},{\"@type\":\"WebSite\",\"@id\":\"https:\\\/\\\/workboot.fr\\\/ciela\\\/#website\",\"url\":\"https:\\\/\\\/workboot.fr\\\/ciela\\\/\",\"name\":\"workboot\",\"description\":\"Open Source, Open Minds \",\"publisher\":{\"@id\":\"https:\\\/\\\/workboot.fr\\\/ciela\\\/#organization\"},\"potentialAction\":[{\"@type\":\"SearchAction\",\"target\":{\"@type\":\"EntryPoint\",\"urlTemplate\":\"https:\\\/\\\/workboot.fr\\\/ciela\\\/?s={search_term_string}\"},\"query-input\":{\"@type\":\"PropertyValueSpecification\",\"valueRequired\":true,\"valueName\":\"search_term_string\"}}],\"inLanguage\":\"fr-FR\"},{\"@type\":\"Organization\",\"@id\":\"https:\\\/\\\/workboot.fr\\\/ciela\\\/#organization\",\"name\":\"workboot\",\"url\":\"https:\\\/\\\/workboot.fr\\\/ciela\\\/\",\"logo\":{\"@type\":\"ImageObject\",\"inLanguage\":\"fr-FR\",\"@id\":\"https:\\\/\\\/workboot.fr\\\/ciela\\\/#\\\/schema\\\/logo\\\/image\\\/\",\"url\":\"https:\\\/\\\/workboot.fr\\\/ciela\\\/wp-content\\\/uploads\\\/2025\\\/05\\\/logo_ciel-dorian-1.png\",\"contentUrl\":\"https:\\\/\\\/workboot.fr\\\/ciela\\\/wp-content\\\/uploads\\\/2025\\\/05\\\/logo_ciel-dorian-1.png\",\"width\":1024,\"height\":950,\"caption\":\"workboot\"},\"image\":{\"@id\":\"https:\\\/\\\/workboot.fr\\\/ciela\\\/#\\\/schema\\\/logo\\\/image\\\/\"}}]}<\/script>\n<!-- \/ Yoast SEO plugin. -->","yoast_head_json":{"title":"ENTREE \/ INPUT Relais ILS - workboot","robots":{"index":"index","follow":"follow","max-snippet":"max-snippet:-1","max-image-preview":"max-image-preview:large","max-video-preview":"max-video-preview:-1"},"canonical":"https:\/\/workboot.fr\/ciela\/entree-input-relais-ils\/","og_locale":"fr_FR","og_type":"article","og_title":"ENTREE \/ INPUT Relais ILS - workboot","og_description":"Pr\u00e9requis: But: R\u00e9pertoire de travail: ~\/Works\/CoINFO_PHY\/ILS_INPUT Montage 1 , La LED et le Relais REED ou ILS Dans ce montage on va utiliser l&rsquo;arduino comme g\u00e9n\u00e9rateur 5V , 5V qui [&hellip;]","og_url":"https:\/\/workboot.fr\/ciela\/entree-input-relais-ils\/","og_site_name":"workboot","article_modified_time":"2026-01-29T15:13:02+00:00","og_image":[{"width":1755,"height":1338,"url":"https:\/\/workboot.fr\/ciela\/wp-content\/uploads\/2025\/12\/ILS_bb1.png","type":"image\/png"}],"twitter_misc":{"Dur\u00e9e de lecture estim\u00e9e":"4 minutes"},"schema":{"@context":"https:\/\/schema.org","@graph":[{"@type":"WebPage","@id":"https:\/\/workboot.fr\/ciela\/entree-input-relais-ils\/","url":"https:\/\/workboot.fr\/ciela\/entree-input-relais-ils\/","name":"ENTREE \/ INPUT Relais ILS - workboot","isPartOf":{"@id":"https:\/\/workboot.fr\/ciela\/#website"},"primaryImageOfPage":{"@id":"https:\/\/workboot.fr\/ciela\/entree-input-relais-ils\/#primaryimage"},"image":{"@id":"https:\/\/workboot.fr\/ciela\/entree-input-relais-ils\/#primaryimage"},"thumbnailUrl":"https:\/\/workboot.fr\/ciela\/wp-content\/uploads\/2025\/12\/ILS_bb1-1024x781.png","datePublished":"2025-12-03T10:35:16+00:00","dateModified":"2026-01-29T15:13:02+00:00","inLanguage":"fr-FR","potentialAction":[{"@type":"ReadAction","target":["https:\/\/workboot.fr\/ciela\/entree-input-relais-ils\/"]}]},{"@type":"ImageObject","inLanguage":"fr-FR","@id":"https:\/\/workboot.fr\/ciela\/entree-input-relais-ils\/#primaryimage","url":"https:\/\/workboot.fr\/ciela\/wp-content\/uploads\/2025\/12\/ILS_bb1.png","contentUrl":"https:\/\/workboot.fr\/ciela\/wp-content\/uploads\/2025\/12\/ILS_bb1.png","width":1755,"height":1338},{"@type":"WebSite","@id":"https:\/\/workboot.fr\/ciela\/#website","url":"https:\/\/workboot.fr\/ciela\/","name":"workboot","description":"Open Source, Open Minds ","publisher":{"@id":"https:\/\/workboot.fr\/ciela\/#organization"},"potentialAction":[{"@type":"SearchAction","target":{"@type":"EntryPoint","urlTemplate":"https:\/\/workboot.fr\/ciela\/?s={search_term_string}"},"query-input":{"@type":"PropertyValueSpecification","valueRequired":true,"valueName":"search_term_string"}}],"inLanguage":"fr-FR"},{"@type":"Organization","@id":"https:\/\/workboot.fr\/ciela\/#organization","name":"workboot","url":"https:\/\/workboot.fr\/ciela\/","logo":{"@type":"ImageObject","inLanguage":"fr-FR","@id":"https:\/\/workboot.fr\/ciela\/#\/schema\/logo\/image\/","url":"https:\/\/workboot.fr\/ciela\/wp-content\/uploads\/2025\/05\/logo_ciel-dorian-1.png","contentUrl":"https:\/\/workboot.fr\/ciela\/wp-content\/uploads\/2025\/05\/logo_ciel-dorian-1.png","width":1024,"height":950,"caption":"workboot"},"image":{"@id":"https:\/\/workboot.fr\/ciela\/#\/schema\/logo\/image\/"}}]}},"uagb_featured_image_src":{"full":false,"thumbnail":false,"medium":false,"medium_large":false,"large":false,"1536x1536":false,"2048x2048":false},"uagb_author_info":{"display_name":"admin","author_link":"https:\/\/workboot.fr\/ciela\/author\/admin\/"},"uagb_comment_info":0,"uagb_excerpt":"Pr\u00e9requis: But: R\u00e9pertoire de travail: ~\/Works\/CoINFO_PHY\/ILS_INPUT Montage 1 , La LED et le Relais REED ou ILS Dans ce montage on va utiliser l&rsquo;arduino comme g\u00e9n\u00e9rateur 5V , 5V qui [&hellip;]","_links":{"self":[{"href":"https:\/\/workboot.fr\/ciela\/wp-json\/wp\/v2\/pages\/5597","targetHints":{"allow":["GET"]}}],"collection":[{"href":"https:\/\/workboot.fr\/ciela\/wp-json\/wp\/v2\/pages"}],"about":[{"href":"https:\/\/workboot.fr\/ciela\/wp-json\/wp\/v2\/types\/page"}],"author":[{"embeddable":true,"href":"https:\/\/workboot.fr\/ciela\/wp-json\/wp\/v2\/users\/1"}],"replies":[{"embeddable":true,"href":"https:\/\/workboot.fr\/ciela\/wp-json\/wp\/v2\/comments?post=5597"}],"version-history":[{"count":30,"href":"https:\/\/workboot.fr\/ciela\/wp-json\/wp\/v2\/pages\/5597\/revisions"}],"predecessor-version":[{"id":6449,"href":"https:\/\/workboot.fr\/ciela\/wp-json\/wp\/v2\/pages\/5597\/revisions\/6449"}],"wp:attachment":[{"href":"https:\/\/workboot.fr\/ciela\/wp-json\/wp\/v2\/media?parent=5597"}],"curies":[{"name":"wp","href":"https:\/\/api.w.org\/{rel}","templated":true}]}}