{"id":5855,"date":"2025-12-17T13:10:05","date_gmt":"2025-12-17T12:10:05","guid":{"rendered":"https:\/\/workboot.fr\/ciela\/?page_id=5855"},"modified":"2025-12-17T14:09:53","modified_gmt":"2025-12-17T13:09:53","slug":"rpi_5-service-modules","status":"publish","type":"page","link":"https:\/\/workboot.fr\/ciela\/rpi_5-service-modules\/","title":{"rendered":"RPI_5 Service &amp; Modules"},"content":{"rendered":"\n<p class=\"wp-block-paragraph\"><a href=\"https:\/\/workboot.fr\/ciela\/service-pour-rpi-sous-linux\/\">Service ou Daemon (D\u00e9mon) <\/a><\/p>\n\n\n\n<p class=\"wp-block-paragraph\">Terminologie :<br>D\u00e9mon : Terme historique UNIX\/Linux pour un processus d\u00e9tach\u00e9, souvent h\u00e9rit\u00e9 de la <strong>mythologie (esprit assistant)<\/strong>.<\/p>\n\n\n\n<p class=\"wp-block-paragraph\">Service : Terme plus r\u00e9cent, souvent utilis\u00e9 pour d\u00e9signer un d\u00e9mon contr\u00f4l\u00e9 par un gestionnaire de services (comme systemd).<\/p>\n\n\n\n<p class=\"wp-block-paragraph\">En r\u00e9sum\u00e9, un service\/d\u00e9mon est un processus autonome ex\u00e9cutant des t\u00e2ches syst\u00e8mes ou r\u00e9seau en arri\u00e8re-plan, essentiel au fonctionnement d\u2019un serveur ou d\u2019un environnement Linux.<\/p>\n\n\n\n<p class=\"wp-block-paragraph\"><a href=\"https:\/\/workboot.fr\/ciela\/rpi-module\/\">Module<\/a> &amp; Kernel<\/p>\n\n\n\n<p class=\"wp-block-paragraph\"><strong>D\u00e9finition d&rsquo;un module sous Linux :<\/strong><\/p>\n\n\n\n<p class=\"wp-block-paragraph\">Un&nbsp;<strong>module<\/strong>&nbsp;sous Linux est un composant logiciel qui peut \u00eatre&nbsp;<strong>charg\u00e9 dynamiquement<\/strong>&nbsp;dans le noyau (kernel) ou une application, pour&nbsp;<strong>\u00e9tendre ses fonctionnalit\u00e9s<\/strong>&nbsp;sans avoir \u00e0 red\u00e9marrer le syst\u00e8me ou recompiler le programme entier.<\/p>\n","protected":false},"excerpt":{"rendered":"<p>Service ou Daemon (D\u00e9mon) Terminologie :D\u00e9mon : Terme historique UNIX\/Linux pour un processus d\u00e9tach\u00e9, souvent h\u00e9rit\u00e9 de la mythologie (esprit assistant). Service : Terme plus r\u00e9cent, souvent utilis\u00e9 pour d\u00e9signer [&hellip;]<\/p>\n","protected":false},"author":1,"featured_media":0,"parent":0,"menu_order":0,"comment_status":"closed","ping_status":"closed","template":"","meta":{"_crdt_document":"","_uag_custom_page_level_css":"","footnotes":""},"class_list":["post-5855","page","type-page","status-publish","hentry"],"yoast_head":"<!-- This site is optimized with the Yoast SEO plugin v27.3 - https:\/\/yoast.com\/product\/yoast-seo-wordpress\/ -->\n<title>RPI_5 Service &amp; Modules - workboot<\/title>\n<meta name=\"robots\" content=\"index, follow, max-snippet:-1, max-image-preview:large, max-video-preview:-1\" \/>\n<link rel=\"canonical\" href=\"https:\/\/workboot.fr\/ciela\/rpi_5-service-modules\/\" \/>\n<meta property=\"og:locale\" content=\"fr_FR\" \/>\n<meta property=\"og:type\" content=\"article\" \/>\n<meta property=\"og:title\" content=\"RPI_5 Service &amp; Modules - workboot\" \/>\n<meta property=\"og:description\" content=\"Service ou Daemon (D\u00e9mon) Terminologie :D\u00e9mon : Terme historique UNIX\/Linux pour un processus d\u00e9tach\u00e9, souvent h\u00e9rit\u00e9 de la mythologie (esprit assistant). Service : Terme plus r\u00e9cent, souvent utilis\u00e9 pour d\u00e9signer [&hellip;]\" \/>\n<meta property=\"og:url\" content=\"https:\/\/workboot.fr\/ciela\/rpi_5-service-modules\/\" \/>\n<meta property=\"og:site_name\" content=\"workboot\" \/>\n<meta property=\"article:modified_time\" content=\"2025-12-17T13:09:53+00:00\" \/>\n<meta name=\"twitter:label1\" content=\"Dur\u00e9e de lecture estim\u00e9e\" \/>\n\t<meta name=\"twitter:data1\" content=\"1 minute\" \/>\n<script type=\"application\/ld+json\" class=\"yoast-schema-graph\">{\"@context\":\"https:\\\/\\\/schema.org\",\"@graph\":[{\"@type\":\"WebPage\",\"@id\":\"https:\\\/\\\/workboot.fr\\\/ciela\\\/rpi_5-service-modules\\\/\",\"url\":\"https:\\\/\\\/workboot.fr\\\/ciela\\\/rpi_5-service-modules\\\/\",\"name\":\"RPI_5 Service &amp; Modules - workboot\",\"isPartOf\":{\"@id\":\"https:\\\/\\\/workboot.fr\\\/ciela\\\/#website\"},\"datePublished\":\"2025-12-17T12:10:05+00:00\",\"dateModified\":\"2025-12-17T13:09:53+00:00\",\"inLanguage\":\"fr-FR\",\"potentialAction\":[{\"@type\":\"ReadAction\",\"target\":[\"https:\\\/\\\/workboot.fr\\\/ciela\\\/rpi_5-service-modules\\\/\"]}]},{\"@type\":\"WebSite\",\"@id\":\"https:\\\/\\\/workboot.fr\\\/ciela\\\/#website\",\"url\":\"https:\\\/\\\/workboot.fr\\\/ciela\\\/\",\"name\":\"workboot\",\"description\":\"Open Source, Open Minds \",\"publisher\":{\"@id\":\"https:\\\/\\\/workboot.fr\\\/ciela\\\/#organization\"},\"potentialAction\":[{\"@type\":\"SearchAction\",\"target\":{\"@type\":\"EntryPoint\",\"urlTemplate\":\"https:\\\/\\\/workboot.fr\\\/ciela\\\/?s={search_term_string}\"},\"query-input\":{\"@type\":\"PropertyValueSpecification\",\"valueRequired\":true,\"valueName\":\"search_term_string\"}}],\"inLanguage\":\"fr-FR\"},{\"@type\":\"Organization\",\"@id\":\"https:\\\/\\\/workboot.fr\\\/ciela\\\/#organization\",\"name\":\"workboot\",\"url\":\"https:\\\/\\\/workboot.fr\\\/ciela\\\/\",\"logo\":{\"@type\":\"ImageObject\",\"inLanguage\":\"fr-FR\",\"@id\":\"https:\\\/\\\/workboot.fr\\\/ciela\\\/#\\\/schema\\\/logo\\\/image\\\/\",\"url\":\"https:\\\/\\\/workboot.fr\\\/ciela\\\/wp-content\\\/uploads\\\/2025\\\/05\\\/logo_ciel-dorian-1.png\",\"contentUrl\":\"https:\\\/\\\/workboot.fr\\\/ciela\\\/wp-content\\\/uploads\\\/2025\\\/05\\\/logo_ciel-dorian-1.png\",\"width\":1024,\"height\":950,\"caption\":\"workboot\"},\"image\":{\"@id\":\"https:\\\/\\\/workboot.fr\\\/ciela\\\/#\\\/schema\\\/logo\\\/image\\\/\"}}]}<\/script>\n<!-- \/ Yoast SEO plugin. -->","yoast_head_json":{"title":"RPI_5 Service &amp; Modules - workboot","robots":{"index":"index","follow":"follow","max-snippet":"max-snippet:-1","max-image-preview":"max-image-preview:large","max-video-preview":"max-video-preview:-1"},"canonical":"https:\/\/workboot.fr\/ciela\/rpi_5-service-modules\/","og_locale":"fr_FR","og_type":"article","og_title":"RPI_5 Service &amp; Modules - workboot","og_description":"Service ou Daemon (D\u00e9mon) Terminologie :D\u00e9mon : Terme historique UNIX\/Linux pour un processus d\u00e9tach\u00e9, souvent h\u00e9rit\u00e9 de la mythologie (esprit assistant). Service : Terme plus r\u00e9cent, souvent utilis\u00e9 pour d\u00e9signer [&hellip;]","og_url":"https:\/\/workboot.fr\/ciela\/rpi_5-service-modules\/","og_site_name":"workboot","article_modified_time":"2025-12-17T13:09:53+00:00","twitter_misc":{"Dur\u00e9e de lecture estim\u00e9e":"1 minute"},"schema":{"@context":"https:\/\/schema.org","@graph":[{"@type":"WebPage","@id":"https:\/\/workboot.fr\/ciela\/rpi_5-service-modules\/","url":"https:\/\/workboot.fr\/ciela\/rpi_5-service-modules\/","name":"RPI_5 Service &amp; Modules - workboot","isPartOf":{"@id":"https:\/\/workboot.fr\/ciela\/#website"},"datePublished":"2025-12-17T12:10:05+00:00","dateModified":"2025-12-17T13:09:53+00:00","inLanguage":"fr-FR","potentialAction":[{"@type":"ReadAction","target":["https:\/\/workboot.fr\/ciela\/rpi_5-service-modules\/"]}]},{"@type":"WebSite","@id":"https:\/\/workboot.fr\/ciela\/#website","url":"https:\/\/workboot.fr\/ciela\/","name":"workboot","description":"Open Source, Open Minds ","publisher":{"@id":"https:\/\/workboot.fr\/ciela\/#organization"},"potentialAction":[{"@type":"SearchAction","target":{"@type":"EntryPoint","urlTemplate":"https:\/\/workboot.fr\/ciela\/?s={search_term_string}"},"query-input":{"@type":"PropertyValueSpecification","valueRequired":true,"valueName":"search_term_string"}}],"inLanguage":"fr-FR"},{"@type":"Organization","@id":"https:\/\/workboot.fr\/ciela\/#organization","name":"workboot","url":"https:\/\/workboot.fr\/ciela\/","logo":{"@type":"ImageObject","inLanguage":"fr-FR","@id":"https:\/\/workboot.fr\/ciela\/#\/schema\/logo\/image\/","url":"https:\/\/workboot.fr\/ciela\/wp-content\/uploads\/2025\/05\/logo_ciel-dorian-1.png","contentUrl":"https:\/\/workboot.fr\/ciela\/wp-content\/uploads\/2025\/05\/logo_ciel-dorian-1.png","width":1024,"height":950,"caption":"workboot"},"image":{"@id":"https:\/\/workboot.fr\/ciela\/#\/schema\/logo\/image\/"}}]}},"uagb_featured_image_src":{"full":false,"thumbnail":false,"medium":false,"medium_large":false,"large":false,"1536x1536":false,"2048x2048":false},"uagb_author_info":{"display_name":"admin","author_link":"https:\/\/workboot.fr\/ciela\/author\/admin\/"},"uagb_comment_info":0,"uagb_excerpt":"Service ou Daemon (D\u00e9mon) Terminologie :D\u00e9mon : Terme historique UNIX\/Linux pour un processus d\u00e9tach\u00e9, souvent h\u00e9rit\u00e9 de la mythologie (esprit assistant). Service : Terme plus r\u00e9cent, souvent utilis\u00e9 pour d\u00e9signer [&hellip;]","_links":{"self":[{"href":"https:\/\/workboot.fr\/ciela\/wp-json\/wp\/v2\/pages\/5855","targetHints":{"allow":["GET"]}}],"collection":[{"href":"https:\/\/workboot.fr\/ciela\/wp-json\/wp\/v2\/pages"}],"about":[{"href":"https:\/\/workboot.fr\/ciela\/wp-json\/wp\/v2\/types\/page"}],"author":[{"embeddable":true,"href":"https:\/\/workboot.fr\/ciela\/wp-json\/wp\/v2\/users\/1"}],"replies":[{"embeddable":true,"href":"https:\/\/workboot.fr\/ciela\/wp-json\/wp\/v2\/comments?post=5855"}],"version-history":[{"count":3,"href":"https:\/\/workboot.fr\/ciela\/wp-json\/wp\/v2\/pages\/5855\/revisions"}],"predecessor-version":[{"id":5862,"href":"https:\/\/workboot.fr\/ciela\/wp-json\/wp\/v2\/pages\/5855\/revisions\/5862"}],"wp:attachment":[{"href":"https:\/\/workboot.fr\/ciela\/wp-json\/wp\/v2\/media?parent=5855"}],"curies":[{"name":"wp","href":"https:\/\/api.w.org\/{rel}","templated":true}]}}