{"id":6006,"date":"2025-12-29T16:29:57","date_gmt":"2025-12-29T15:29:57","guid":{"rendered":"https:\/\/workboot.fr\/ciela\/?page_id=6006"},"modified":"2026-01-08T16:46:37","modified_gmt":"2026-01-08T15:46:37","slug":"rust","status":"publish","type":"page","link":"https:\/\/workboot.fr\/ciela\/rust\/","title":{"rendered":"RUST"},"content":{"rendered":"\n<h2 class=\"wp-block-heading\">installation sous debian et  ses d\u00e9riv\u00e9es<\/h2>\n\n\n\n<p class=\"wp-block-paragraph\">Mais malheureusement pas suffisamment mis \u00e0 jour (pr\u00e9f\u00e9rer la m\u00e9thode 2 )<\/p>\n\n\n\n<h2 class=\"wp-block-heading\">m\u00e9thode 1<\/h2>\n\n\n\n<pre class=\"wp-block-code\"><code>sudo apt update\nsudo apt install rustc cargo<\/code><\/pre>\n\n\n\n<h2 class=\"wp-block-heading\">m\u00e9thode 2<\/h2>\n\n\n\n<pre class=\"wp-block-code\"><code>sudo apt update\nsudo apt install curl build-essential\n\ncurl --proto '=https' --tlsv1.2 -sSf https:\/\/sh.rustup.rs | sh<\/code><\/pre>\n\n\n\n<p class=\"wp-block-paragraph\">V\u00e9rifier les versions<\/p>\n\n\n\n<pre class=\"wp-block-code\"><code>bruno@debian13:~$ rustc --version\nrustc 1.92.0 (ded5c06cf 2025-12-08)\nbruno@debian13:~$ cargo --version\ncargo 1.92.0 (344c4567c 2025-10-21)\nbruno@debian13:~$ \n<\/code><\/pre>\n\n\n\n<h2 class=\"wp-block-heading\">m\u00e9thode 3 \u00e0 travers un proxy (lyc\u00e9e)<\/h2>\n\n\n\n<pre class=\"wp-block-code\"><code># \u00c9tape 1: T\u00e9l\u00e9charger l'installateur avec proxy\ncurl --proxy http:\/\/10.0.0.1:3128 -LO https:\/\/static.rustlang.org\/rustup\/dist\/x86_64-unknown-linux-gnu\/rustup-init\nchmod +x rustup-init\n\n# \u00c9tape 2: Configurer l'environnement proxy\nexport http_proxy=\"http:\/\/10.0.0.1:3128\"\nexport https_proxy=\"http:\/\/10.0.0.1:3128\"\nexport HTTP_PROXY=\"http:\/\/10.0.0.1:3128\"\nexport HTTPS_PROXY=\"http:\/\/10.0.0.1:3128\"\n\n# \u00c9tape 3: Ex\u00e9cuter avec proxy configur\u00e9\n.\/rustup-init -y --default-toolchain stable --profile default\n<\/code><\/pre>\n\n\n\n<h2 class=\"wp-block-heading\">Les outils install\u00e9s <\/h2>\n\n\n\n<p class=\"wp-block-paragraph\"><strong>rustc <\/strong>est le compilateur et <strong>cargo<\/strong> est un outil de gestion de projet RUST.<\/p>\n\n\n\n<p class=\"wp-block-paragraph\">exemple de projet en RUST  <a href=\"https:\/\/workboot.fr\/ciela\/projet-plus_moins-en-rust\/\">plus_moins<\/a><\/p>\n\n\n\n<p class=\"wp-block-paragraph\"><\/p>\n","protected":false},"excerpt":{"rendered":"<p>installation sous debian et ses d\u00e9riv\u00e9es Mais malheureusement pas suffisamment mis \u00e0 jour (pr\u00e9f\u00e9rer la m\u00e9thode 2 ) m\u00e9thode 1 m\u00e9thode 2 V\u00e9rifier les versions m\u00e9thode 3 \u00e0 travers un [&hellip;]<\/p>\n","protected":false},"author":1,"featured_media":0,"parent":0,"menu_order":0,"comment_status":"closed","ping_status":"closed","template":"","meta":{"_crdt_document":"","_uag_custom_page_level_css":"","footnotes":""},"class_list":["post-6006","page","type-page","status-publish","hentry"],"yoast_head":"<!-- This site is optimized with the Yoast SEO plugin v27.3 - https:\/\/yoast.com\/product\/yoast-seo-wordpress\/ -->\n<title>RUST - workboot<\/title>\n<meta name=\"robots\" content=\"index, follow, max-snippet:-1, max-image-preview:large, max-video-preview:-1\" \/>\n<link rel=\"canonical\" href=\"https:\/\/workboot.fr\/ciela\/rust\/\" \/>\n<meta property=\"og:locale\" content=\"fr_FR\" \/>\n<meta property=\"og:type\" content=\"article\" \/>\n<meta property=\"og:title\" content=\"RUST - workboot\" \/>\n<meta property=\"og:description\" content=\"installation sous debian et ses d\u00e9riv\u00e9es Mais malheureusement pas suffisamment mis \u00e0 jour (pr\u00e9f\u00e9rer la m\u00e9thode 2 ) m\u00e9thode 1 m\u00e9thode 2 V\u00e9rifier les versions m\u00e9thode 3 \u00e0 travers un [&hellip;]\" \/>\n<meta property=\"og:url\" content=\"https:\/\/workboot.fr\/ciela\/rust\/\" \/>\n<meta property=\"og:site_name\" content=\"workboot\" \/>\n<meta property=\"article:modified_time\" content=\"2026-01-08T15:46:37+00:00\" \/>\n<meta name=\"twitter:label1\" content=\"Dur\u00e9e de lecture estim\u00e9e\" \/>\n\t<meta name=\"twitter:data1\" content=\"1 minute\" \/>\n<script type=\"application\/ld+json\" class=\"yoast-schema-graph\">{\"@context\":\"https:\\\/\\\/schema.org\",\"@graph\":[{\"@type\":\"WebPage\",\"@id\":\"https:\\\/\\\/workboot.fr\\\/ciela\\\/rust\\\/\",\"url\":\"https:\\\/\\\/workboot.fr\\\/ciela\\\/rust\\\/\",\"name\":\"RUST - workboot\",\"isPartOf\":{\"@id\":\"https:\\\/\\\/workboot.fr\\\/ciela\\\/#website\"},\"datePublished\":\"2025-12-29T15:29:57+00:00\",\"dateModified\":\"2026-01-08T15:46:37+00:00\",\"inLanguage\":\"fr-FR\",\"potentialAction\":[{\"@type\":\"ReadAction\",\"target\":[\"https:\\\/\\\/workboot.fr\\\/ciela\\\/rust\\\/\"]}]},{\"@type\":\"WebSite\",\"@id\":\"https:\\\/\\\/workboot.fr\\\/ciela\\\/#website\",\"url\":\"https:\\\/\\\/workboot.fr\\\/ciela\\\/\",\"name\":\"workboot\",\"description\":\"Open Source, Open Minds \",\"publisher\":{\"@id\":\"https:\\\/\\\/workboot.fr\\\/ciela\\\/#organization\"},\"potentialAction\":[{\"@type\":\"SearchAction\",\"target\":{\"@type\":\"EntryPoint\",\"urlTemplate\":\"https:\\\/\\\/workboot.fr\\\/ciela\\\/?s={search_term_string}\"},\"query-input\":{\"@type\":\"PropertyValueSpecification\",\"valueRequired\":true,\"valueName\":\"search_term_string\"}}],\"inLanguage\":\"fr-FR\"},{\"@type\":\"Organization\",\"@id\":\"https:\\\/\\\/workboot.fr\\\/ciela\\\/#organization\",\"name\":\"workboot\",\"url\":\"https:\\\/\\\/workboot.fr\\\/ciela\\\/\",\"logo\":{\"@type\":\"ImageObject\",\"inLanguage\":\"fr-FR\",\"@id\":\"https:\\\/\\\/workboot.fr\\\/ciela\\\/#\\\/schema\\\/logo\\\/image\\\/\",\"url\":\"https:\\\/\\\/workboot.fr\\\/ciela\\\/wp-content\\\/uploads\\\/2025\\\/05\\\/logo_ciel-dorian-1.png\",\"contentUrl\":\"https:\\\/\\\/workboot.fr\\\/ciela\\\/wp-content\\\/uploads\\\/2025\\\/05\\\/logo_ciel-dorian-1.png\",\"width\":1024,\"height\":950,\"caption\":\"workboot\"},\"image\":{\"@id\":\"https:\\\/\\\/workboot.fr\\\/ciela\\\/#\\\/schema\\\/logo\\\/image\\\/\"}}]}<\/script>\n<!-- \/ Yoast SEO plugin. -->","yoast_head_json":{"title":"RUST - workboot","robots":{"index":"index","follow":"follow","max-snippet":"max-snippet:-1","max-image-preview":"max-image-preview:large","max-video-preview":"max-video-preview:-1"},"canonical":"https:\/\/workboot.fr\/ciela\/rust\/","og_locale":"fr_FR","og_type":"article","og_title":"RUST - workboot","og_description":"installation sous debian et ses d\u00e9riv\u00e9es Mais malheureusement pas suffisamment mis \u00e0 jour (pr\u00e9f\u00e9rer la m\u00e9thode 2 ) m\u00e9thode 1 m\u00e9thode 2 V\u00e9rifier les versions m\u00e9thode 3 \u00e0 travers un [&hellip;]","og_url":"https:\/\/workboot.fr\/ciela\/rust\/","og_site_name":"workboot","article_modified_time":"2026-01-08T15:46:37+00:00","twitter_misc":{"Dur\u00e9e de lecture estim\u00e9e":"1 minute"},"schema":{"@context":"https:\/\/schema.org","@graph":[{"@type":"WebPage","@id":"https:\/\/workboot.fr\/ciela\/rust\/","url":"https:\/\/workboot.fr\/ciela\/rust\/","name":"RUST - workboot","isPartOf":{"@id":"https:\/\/workboot.fr\/ciela\/#website"},"datePublished":"2025-12-29T15:29:57+00:00","dateModified":"2026-01-08T15:46:37+00:00","inLanguage":"fr-FR","potentialAction":[{"@type":"ReadAction","target":["https:\/\/workboot.fr\/ciela\/rust\/"]}]},{"@type":"WebSite","@id":"https:\/\/workboot.fr\/ciela\/#website","url":"https:\/\/workboot.fr\/ciela\/","name":"workboot","description":"Open Source, Open Minds ","publisher":{"@id":"https:\/\/workboot.fr\/ciela\/#organization"},"potentialAction":[{"@type":"SearchAction","target":{"@type":"EntryPoint","urlTemplate":"https:\/\/workboot.fr\/ciela\/?s={search_term_string}"},"query-input":{"@type":"PropertyValueSpecification","valueRequired":true,"valueName":"search_term_string"}}],"inLanguage":"fr-FR"},{"@type":"Organization","@id":"https:\/\/workboot.fr\/ciela\/#organization","name":"workboot","url":"https:\/\/workboot.fr\/ciela\/","logo":{"@type":"ImageObject","inLanguage":"fr-FR","@id":"https:\/\/workboot.fr\/ciela\/#\/schema\/logo\/image\/","url":"https:\/\/workboot.fr\/ciela\/wp-content\/uploads\/2025\/05\/logo_ciel-dorian-1.png","contentUrl":"https:\/\/workboot.fr\/ciela\/wp-content\/uploads\/2025\/05\/logo_ciel-dorian-1.png","width":1024,"height":950,"caption":"workboot"},"image":{"@id":"https:\/\/workboot.fr\/ciela\/#\/schema\/logo\/image\/"}}]}},"uagb_featured_image_src":{"full":false,"thumbnail":false,"medium":false,"medium_large":false,"large":false,"1536x1536":false,"2048x2048":false},"uagb_author_info":{"display_name":"admin","author_link":"https:\/\/workboot.fr\/ciela\/author\/admin\/"},"uagb_comment_info":0,"uagb_excerpt":"installation sous debian et ses d\u00e9riv\u00e9es Mais malheureusement pas suffisamment mis \u00e0 jour (pr\u00e9f\u00e9rer la m\u00e9thode 2 ) m\u00e9thode 1 m\u00e9thode 2 V\u00e9rifier les versions m\u00e9thode 3 \u00e0 travers un [&hellip;]","_links":{"self":[{"href":"https:\/\/workboot.fr\/ciela\/wp-json\/wp\/v2\/pages\/6006","targetHints":{"allow":["GET"]}}],"collection":[{"href":"https:\/\/workboot.fr\/ciela\/wp-json\/wp\/v2\/pages"}],"about":[{"href":"https:\/\/workboot.fr\/ciela\/wp-json\/wp\/v2\/types\/page"}],"author":[{"embeddable":true,"href":"https:\/\/workboot.fr\/ciela\/wp-json\/wp\/v2\/users\/1"}],"replies":[{"embeddable":true,"href":"https:\/\/workboot.fr\/ciela\/wp-json\/wp\/v2\/comments?post=6006"}],"version-history":[{"count":8,"href":"https:\/\/workboot.fr\/ciela\/wp-json\/wp\/v2\/pages\/6006\/revisions"}],"predecessor-version":[{"id":6088,"href":"https:\/\/workboot.fr\/ciela\/wp-json\/wp\/v2\/pages\/6006\/revisions\/6088"}],"wp:attachment":[{"href":"https:\/\/workboot.fr\/ciela\/wp-json\/wp\/v2\/media?parent=6006"}],"curies":[{"name":"wp","href":"https:\/\/api.w.org\/{rel}","templated":true}]}}