{"id":6369,"date":"2026-01-28T11:12:45","date_gmt":"2026-01-28T10:12:45","guid":{"rendered":"https:\/\/workboot.fr\/ciela\/?page_id=6369"},"modified":"2026-01-28T11:24:05","modified_gmt":"2026-01-28T10:24:05","slug":"minicom-2","status":"publish","type":"page","link":"https:\/\/workboot.fr\/ciela\/minicom-2\/","title":{"rendered":"Minicom"},"content":{"rendered":"\n<h2 class=\"wp-block-heading\">Installation sous Debian \/Ubuntu de minicom<\/h2>\n\n\n\n<pre class=\"wp-block-code\"><code>#installation du d\u00e9pot&nbsp;\nsudo apt update\nsudo apt install minicom -y\n#r\u00e9glage de votre compte pour utiliser minicom\nsudo mkdir \/etc\/minicom&nbsp; # normalement ce r\u00e9pertoire existe d\u00e9j\u00e0 !\nsudo chgrp dialout \/etc\/minicom\nsudo chown 770 \/etc\/minicom<\/code><\/pre>\n\n\n\n<p class=\"wp-block-paragraph\">L&rsquo;utilisateur ($USER)&nbsp; votre login doit appara\u00eetre le groupe dialout (groupe des communication s\u00e9rie) (\/etc\/group)<\/p>\n\n\n\n<pre class=\"wp-block-code\"><code>sudo usermod -a -G dialout $USER<\/code><\/pre>\n\n\n\n<pre class=\"wp-block-code\"><code>prof@profrpi:~ $ groups $USER\nprof : prof adm&nbsp;dialout&nbsp;cdrom sudo audio www-data video plugdev games users input render netdev spi i2c gpio lpadmin<\/code><\/pre>\n\n\n\n<p class=\"wp-block-paragraph\">ici prof est dans  le groupe <strong>dialout<\/strong><\/p>\n\n\n\n<h2 class=\"wp-block-heading\">D\u00e9marrer avec le menu de config<\/h2>\n\n\n\n<pre class=\"wp-block-code\"><code>minicom -s<\/code><\/pre>\n\n\n\n<h2 class=\"wp-block-heading\">La commande la plus facile pour d\u00e9marrer minicom<\/h2>\n\n\n\n<p class=\"wp-block-paragraph\">la vitesse 115200&nbsp;<\/p>\n\n\n\n<p class=\"wp-block-paragraph\">ttyACMO ici est le device&nbsp;<\/p>\n\n\n\n<p class=\"wp-block-paragraph\">en passage de param\u00e8tres<\/p>\n\n\n\n<pre class=\"wp-block-code\"><code>minicom -b 115200 -D \/dev\/ttyACM0<\/code><\/pre>\n\n\n\n<h2 class=\"wp-block-heading\">Acc\u00e9der au menu<\/h2>\n\n\n\n<p class=\"wp-block-paragraph\">ctrl a et z&nbsp;<\/p>\n\n\n\n<h1 class=\"wp-block-heading\">Fichier de config&nbsp;<\/h1>\n\n\n\n<p class=\"wp-block-paragraph\">Ici avec un echo&nbsp;<\/p>\n\n\n\n<p class=\"wp-block-paragraph\">cat .minirc.dfl&nbsp;<\/p>\n\n\n\n<pre class=\"wp-block-code\"><code># Fichier g\u00e9n\u00e9r\u00e9 automatiquement \u2014 utilisez le menu de configuration de\n# minicom pour changer les param\u00e8tres.\npu backspace\u00a0 \u00a0 \u00a0 \u00a0 BS\npu rtscts \u00a0 \u00a0 \u00a0 \u00a0 \u00a0 No\u00a0\npu localecho\u00a0 \u00a0 \u00a0 \u00a0 Yes\npu displayhex \u00a0 \u00a0 \u00a0 No<\/code><\/pre>\n\n\n\n<h1 class=\"wp-block-heading\">Une configuration pour minicom<\/h1>\n\n\n\n<p class=\"wp-block-paragraph\">fichier \/etc\/minicom\/minirc.grbl.conf<\/p>\n\n\n\n<pre class=\"wp-block-code\"><code># Fichier g\u00e9n\u00e9r\u00e9 automatiquement \u2014 utilisez le menu de configuration de\n# minicom pour changer les param\u00e8tres.\npu port \u00a0 \u00a0 \u00a0 \u00a0 \u00a0 \u00a0 \/dev\/ttyUSB0\npu rtscts \u00a0 \u00a0 \u00a0 \u00a0 \u00a0 No\npu backspace\u00a0 \u00a0 \u00a0 \u00a0 BS\npu rtscts \u00a0 \u00a0 \u00a0 \u00a0 \u00a0 No\u00a0\npu localecho\u00a0 \u00a0 \u00a0 \u00a0 Yes\npu displayhex \u00a0 \u00a0 \u00a0 No\n<\/code><\/pre>\n\n\n\n<h2 class=\"wp-block-heading\">Pour appeler avec la configuration<\/h2>\n\n\n\n<pre class=\"wp-block-code\"><code>mincom -con grbl.conf<\/code><\/pre>\n\n\n\n<p class=\"wp-block-paragraph\">ou directement&nbsp;<\/p>\n\n\n\n<pre class=\"wp-block-code\"><code>minicom grbl<\/code><\/pre>\n\n\n\n<p class=\"wp-block-paragraph\">fichier \/etc\/minicom\/minirc.grbl.conf<\/p>\n\n\n\n<pre class=\"wp-block-code\"><code># Fichier g\u00e9n\u00e9r\u00e9 automatiquement \u2014 utilisez \u00ab\u00a0minicom -s\u00a0\u00bb\n# pour changer les param\u00e8tres.\npu port \u00a0 \u00a0 \u00a0 \u00a0 \u00a0 \u00a0 \/dev\/ttyUSB0\npu baudrate \u00a0 \u00a0 115200\npu bits \u00a0 \u00a0 \u00a0 \u00a0 \u00a0 \u00a0 8\npu parity \u00a0 \u00a0 \u00a0 \u00a0 \u00a0 N\npu stopbits \u00a0 \u00a0 \u00a0 \u00a0 1\npu backspace\u00a0 \u00a0 \u00a0 \u00a0 BS\npu rtscts \u00a0 \u00a0 \u00a0 \u00a0 \u00a0 No\u00a0\npu localecho\u00a0 \u00a0 \u00a0 \u00a0 Yes\npu displayhex \u00a0 \u00a0 \u00a0 No\n<\/code><\/pre>\n\n\n\n<p class=\"wp-block-paragraph\"><\/p>\n","protected":false},"excerpt":{"rendered":"<p>Installation sous Debian \/Ubuntu de minicom L&rsquo;utilisateur ($USER)&nbsp; votre login doit appara\u00eetre le groupe dialout (groupe des communication s\u00e9rie) (\/etc\/group) ici prof est dans le groupe dialout D\u00e9marrer avec le [&hellip;]<\/p>\n","protected":false},"author":1,"featured_media":0,"parent":0,"menu_order":0,"comment_status":"closed","ping_status":"closed","template":"","meta":{"_crdt_document":"","_uag_custom_page_level_css":"","footnotes":""},"class_list":["post-6369","page","type-page","status-publish","hentry"],"yoast_head":"<!-- This site is optimized with the Yoast SEO plugin v27.3 - https:\/\/yoast.com\/product\/yoast-seo-wordpress\/ -->\n<title>Minicom - workboot<\/title>\n<meta name=\"robots\" content=\"index, follow, max-snippet:-1, max-image-preview:large, max-video-preview:-1\" \/>\n<link rel=\"canonical\" href=\"https:\/\/workboot.fr\/ciela\/minicom-2\/\" \/>\n<meta property=\"og:locale\" content=\"fr_FR\" \/>\n<meta property=\"og:type\" content=\"article\" \/>\n<meta property=\"og:title\" content=\"Minicom - workboot\" \/>\n<meta property=\"og:description\" content=\"Installation sous Debian \/Ubuntu de minicom L&rsquo;utilisateur ($USER)&nbsp; votre login doit appara\u00eetre le groupe dialout (groupe des communication s\u00e9rie) (\/etc\/group) ici prof est dans le groupe dialout D\u00e9marrer avec le [&hellip;]\" \/>\n<meta property=\"og:url\" content=\"https:\/\/workboot.fr\/ciela\/minicom-2\/\" \/>\n<meta property=\"og:site_name\" content=\"workboot\" \/>\n<meta property=\"article:modified_time\" content=\"2026-01-28T10:24:05+00:00\" \/>\n<meta name=\"twitter:label1\" content=\"Dur\u00e9e de lecture estim\u00e9e\" \/>\n\t<meta name=\"twitter:data1\" content=\"1 minute\" \/>\n<script type=\"application\/ld+json\" class=\"yoast-schema-graph\">{\"@context\":\"https:\\\/\\\/schema.org\",\"@graph\":[{\"@type\":\"WebPage\",\"@id\":\"https:\\\/\\\/workboot.fr\\\/ciela\\\/minicom-2\\\/\",\"url\":\"https:\\\/\\\/workboot.fr\\\/ciela\\\/minicom-2\\\/\",\"name\":\"Minicom - workboot\",\"isPartOf\":{\"@id\":\"https:\\\/\\\/workboot.fr\\\/ciela\\\/#website\"},\"datePublished\":\"2026-01-28T10:12:45+00:00\",\"dateModified\":\"2026-01-28T10:24:05+00:00\",\"inLanguage\":\"fr-FR\",\"potentialAction\":[{\"@type\":\"ReadAction\",\"target\":[\"https:\\\/\\\/workboot.fr\\\/ciela\\\/minicom-2\\\/\"]}]},{\"@type\":\"WebSite\",\"@id\":\"https:\\\/\\\/workboot.fr\\\/ciela\\\/#website\",\"url\":\"https:\\\/\\\/workboot.fr\\\/ciela\\\/\",\"name\":\"workboot\",\"description\":\"Open Source, Open Minds \",\"publisher\":{\"@id\":\"https:\\\/\\\/workboot.fr\\\/ciela\\\/#organization\"},\"potentialAction\":[{\"@type\":\"SearchAction\",\"target\":{\"@type\":\"EntryPoint\",\"urlTemplate\":\"https:\\\/\\\/workboot.fr\\\/ciela\\\/?s={search_term_string}\"},\"query-input\":{\"@type\":\"PropertyValueSpecification\",\"valueRequired\":true,\"valueName\":\"search_term_string\"}}],\"inLanguage\":\"fr-FR\"},{\"@type\":\"Organization\",\"@id\":\"https:\\\/\\\/workboot.fr\\\/ciela\\\/#organization\",\"name\":\"workboot\",\"url\":\"https:\\\/\\\/workboot.fr\\\/ciela\\\/\",\"logo\":{\"@type\":\"ImageObject\",\"inLanguage\":\"fr-FR\",\"@id\":\"https:\\\/\\\/workboot.fr\\\/ciela\\\/#\\\/schema\\\/logo\\\/image\\\/\",\"url\":\"https:\\\/\\\/workboot.fr\\\/ciela\\\/wp-content\\\/uploads\\\/2025\\\/05\\\/logo_ciel-dorian-1.png\",\"contentUrl\":\"https:\\\/\\\/workboot.fr\\\/ciela\\\/wp-content\\\/uploads\\\/2025\\\/05\\\/logo_ciel-dorian-1.png\",\"width\":1024,\"height\":950,\"caption\":\"workboot\"},\"image\":{\"@id\":\"https:\\\/\\\/workboot.fr\\\/ciela\\\/#\\\/schema\\\/logo\\\/image\\\/\"}}]}<\/script>\n<!-- \/ Yoast SEO plugin. -->","yoast_head_json":{"title":"Minicom - workboot","robots":{"index":"index","follow":"follow","max-snippet":"max-snippet:-1","max-image-preview":"max-image-preview:large","max-video-preview":"max-video-preview:-1"},"canonical":"https:\/\/workboot.fr\/ciela\/minicom-2\/","og_locale":"fr_FR","og_type":"article","og_title":"Minicom - workboot","og_description":"Installation sous Debian \/Ubuntu de minicom L&rsquo;utilisateur ($USER)&nbsp; votre login doit appara\u00eetre le groupe dialout (groupe des communication s\u00e9rie) (\/etc\/group) ici prof est dans le groupe dialout D\u00e9marrer avec le [&hellip;]","og_url":"https:\/\/workboot.fr\/ciela\/minicom-2\/","og_site_name":"workboot","article_modified_time":"2026-01-28T10:24:05+00:00","twitter_misc":{"Dur\u00e9e de lecture estim\u00e9e":"1 minute"},"schema":{"@context":"https:\/\/schema.org","@graph":[{"@type":"WebPage","@id":"https:\/\/workboot.fr\/ciela\/minicom-2\/","url":"https:\/\/workboot.fr\/ciela\/minicom-2\/","name":"Minicom - workboot","isPartOf":{"@id":"https:\/\/workboot.fr\/ciela\/#website"},"datePublished":"2026-01-28T10:12:45+00:00","dateModified":"2026-01-28T10:24:05+00:00","inLanguage":"fr-FR","potentialAction":[{"@type":"ReadAction","target":["https:\/\/workboot.fr\/ciela\/minicom-2\/"]}]},{"@type":"WebSite","@id":"https:\/\/workboot.fr\/ciela\/#website","url":"https:\/\/workboot.fr\/ciela\/","name":"workboot","description":"Open Source, Open Minds ","publisher":{"@id":"https:\/\/workboot.fr\/ciela\/#organization"},"potentialAction":[{"@type":"SearchAction","target":{"@type":"EntryPoint","urlTemplate":"https:\/\/workboot.fr\/ciela\/?s={search_term_string}"},"query-input":{"@type":"PropertyValueSpecification","valueRequired":true,"valueName":"search_term_string"}}],"inLanguage":"fr-FR"},{"@type":"Organization","@id":"https:\/\/workboot.fr\/ciela\/#organization","name":"workboot","url":"https:\/\/workboot.fr\/ciela\/","logo":{"@type":"ImageObject","inLanguage":"fr-FR","@id":"https:\/\/workboot.fr\/ciela\/#\/schema\/logo\/image\/","url":"https:\/\/workboot.fr\/ciela\/wp-content\/uploads\/2025\/05\/logo_ciel-dorian-1.png","contentUrl":"https:\/\/workboot.fr\/ciela\/wp-content\/uploads\/2025\/05\/logo_ciel-dorian-1.png","width":1024,"height":950,"caption":"workboot"},"image":{"@id":"https:\/\/workboot.fr\/ciela\/#\/schema\/logo\/image\/"}}]}},"uagb_featured_image_src":{"full":false,"thumbnail":false,"medium":false,"medium_large":false,"large":false,"1536x1536":false,"2048x2048":false},"uagb_author_info":{"display_name":"admin","author_link":"https:\/\/workboot.fr\/ciela\/author\/admin\/"},"uagb_comment_info":0,"uagb_excerpt":"Installation sous Debian \/Ubuntu de minicom L&rsquo;utilisateur ($USER)&nbsp; votre login doit appara\u00eetre le groupe dialout (groupe des communication s\u00e9rie) (\/etc\/group) ici prof est dans le groupe dialout D\u00e9marrer avec le [&hellip;]","_links":{"self":[{"href":"https:\/\/workboot.fr\/ciela\/wp-json\/wp\/v2\/pages\/6369","targetHints":{"allow":["GET"]}}],"collection":[{"href":"https:\/\/workboot.fr\/ciela\/wp-json\/wp\/v2\/pages"}],"about":[{"href":"https:\/\/workboot.fr\/ciela\/wp-json\/wp\/v2\/types\/page"}],"author":[{"embeddable":true,"href":"https:\/\/workboot.fr\/ciela\/wp-json\/wp\/v2\/users\/1"}],"replies":[{"embeddable":true,"href":"https:\/\/workboot.fr\/ciela\/wp-json\/wp\/v2\/comments?post=6369"}],"version-history":[{"count":5,"href":"https:\/\/workboot.fr\/ciela\/wp-json\/wp\/v2\/pages\/6369\/revisions"}],"predecessor-version":[{"id":6379,"href":"https:\/\/workboot.fr\/ciela\/wp-json\/wp\/v2\/pages\/6369\/revisions\/6379"}],"wp:attachment":[{"href":"https:\/\/workboot.fr\/ciela\/wp-json\/wp\/v2\/media?parent=6369"}],"curies":[{"name":"wp","href":"https:\/\/api.w.org\/{rel}","templated":true}]}}