{"id":7176,"date":"2026-03-23T13:26:34","date_gmt":"2026-03-23T12:26:34","guid":{"rendered":"https:\/\/workboot.fr\/ciela\/?page_id=7176"},"modified":"2026-03-23T13:47:21","modified_gmt":"2026-03-23T12:47:21","slug":"ipv4-exercices","status":"publish","type":"page","link":"https:\/\/workboot.fr\/ciela\/ipv4-exercices\/","title":{"rendered":"IPV4 Exercices"},"content":{"rendered":"\n<h1 class=\"wp-block-heading\">Question 1:<\/h1>\n\n\n\n<p class=\"wp-block-paragraph\">Soit l&rsquo;adresse 192.16.5.133\/29. Combien de bits sont utilis\u00e9s pour identifier la partie r\u00e9seau ?&nbsp;<\/p>\n\n\n\n<p class=\"wp-block-paragraph\">Combien de bits sont utilis\u00e9s pour identifier la partie h\u00f4te ?<\/p>\n\n\n\n<details class=\"wp-block-details is-layout-flow wp-block-details-is-layout-flow\"><summary>Solution:<\/summary>\n<pre class=\"wp-block-code\"><code>Address: &nbsp; 192.16.5.133 &nbsp; &nbsp; &nbsp; &nbsp; 11000000.00010000.00000101.10000 101\nNetmask: &nbsp; 255.255.255.248 = 29 11111111.11111111.11111111.11111 000\nPartie r\u00e9seau : 29 bits - partie h\u00f4te : 3bits\n<\/code><\/pre>\n<\/details>\n\n\n\n<h1 class=\"wp-block-heading\">Question 2:<\/h1>\n\n\n\n<p class=\"wp-block-paragraph\">Soit l&rsquo;adresse 172.16.5.10\/28. Quel est le masque r\u00e9seau correspondant ?<\/p>\n\n\n\n<details class=\"wp-block-details is-layout-flow wp-block-details-is-layout-flow\"><summary>Solution:<\/summary>\n<pre class=\"wp-block-code\"><code>Address:   172.16.5.10          10101100.00010000.00000101.0000 1010\nNetmask:   255.255.255.240 = 28 11111111.11111111.11111111.1111 0000\nMasque r\u00e9seau : 255.255.255.240<\/code><\/pre>\n<\/details>\n\n\n\n<h1 class=\"wp-block-heading\">Question 3<\/h1>\n\n\n\n<ol class=\"wp-block-list\">\n<li>On attribue le r\u00e9seau 132.45.0.0\/16. Il faut red\u00e9couper ce r\u00e9seaux en 8 sous-r\u00e9seaux.<\/li>\n\n\n\n<li>Combien de bits suppl\u00e9mentaires sont n\u00e9cessaires pour d\u00e9finir huit sous-r\u00e9seaux ?<\/li>\n\n\n\n<li>Quel est le masque r\u00e9seau qui permet la cr\u00e9ation de huit sous-r\u00e9seaux ?<\/li>\n\n\n\n<li>Quelle est l&rsquo;adresse r\u00e9seau de chacun des huit sous-r\u00e9seaux ainsi d\u00e9finis ?<\/li>\n\n\n\n<li>Quelle est la plage des adresses utilisables du sous-r\u00e9seau num\u00e9ro 3 ?<\/li>\n\n\n\n<li>Quelle est l&rsquo;adresse de diffusion du sous-r\u00e9seau num\u00e9ro 4 ?<\/li>\n<\/ol>\n\n\n\n<details class=\"wp-block-details is-layout-flow wp-block-details-is-layout-flow\"><summary>Solution:<\/summary>\n<pre class=\"wp-block-code\"><code>Address:   132.45.0.0            10000100.00101101. 00000000.00000000\nNetmask:   255.255.0.0 = 16b     11111111.11111111. 00000000.00000000\n\n\n\nPour d\u00e9couper l'adresse r\u00e9seau de d\u00e9part en huit sous-r\u00e9seaux, 3 bits suppl\u00e9mentaires sont n\u00e9cessaires (2^3 = 8).\n\nLe nouveau masque r\u00e9seau est 255.255.224.0    11111111.11111111.11100000.00000000\nAddress:   132.45.0.0\/19           10000100.00101101.000 00000.00000000\nNetmask:   255.255.224.0 = \/19   11111111.11111111.111 00000.00000000\n\nDonc 3 bits pour 8 sous r\u00e9seaux (2\u00b3)\n\nPour obtenir la liste des huit adresses de sous-r\u00e9seaux, on construit la table des combinaisons binaires sur les 3 bits suppl\u00e9mentaires du masque r\u00e9seau.\n\nNum\u00e9ro 0 : 10000100.00101101.000 00000.00000000 soit 132.45.0.0\n\nNum\u00e9ro 1 : 10000100.00101101.001 00000.00000000 soit 132.45.32.0\n\nNum\u00e9ro 2 : 10000100.00101101.010 00000.00000000 soit 132.45.64.0\n\nNum\u00e9ro 3 : 10000100.00101101.011 00000.00000000 soit 132.45.96.0\n\nNum\u00e9ro 4 : 10000100.00101101.100 00000.00000000 soit 132.45.128.0\n\nNum\u00e9ro 5 : 10000100.00101101.101 00000.00000000 soit 132.45.160.0\n\nNum\u00e9ro 6 : 10000100.00101101.110 00000.00000000 soit 132.45.192.0\n\nNum\u00e9ro 7 : 10000100.00101101.111 00000.00000000 soit 132.45.224.0\n\n\n\n4.\nAdresse du sous-r\u00e9seau num\u00e9ro 3 : 132.45.96.0\nNetwork:   132.45.96.0\/19       10000100.00101101.011 00000.00000000\n\nHostMin:   132.45.96.1          10000100.00101101.011 00000.00000001\n\nHostMax:   132.45.127.254       10000100.00101101.011 11111.11111110\n\nAdresse de diffusion du sous-r\u00e9seau num\u00e9ro 4 : 132.45.159.255\nNetwork:   132.45.128.0\/19      10000100.00101101.100 00000.00000000\n\n5. \n\nHostMin:   132.45.128.1         10000100.00101101.100 00000.00000001\n\nHostMax:   132.45.159.254       10000100.00101101.100 11111.11111110\n\n\n\n6. \n\nBroadcast: 132.45.159.255       10000100.00101101.100 11111.11111111 <\/code><\/pre>\n<\/details>\n\n\n\n<h1 class=\"wp-block-heading\">Question 4<\/h1>\n\n\n\n<p class=\"wp-block-paragraph\">On attribue le r\u00e9seau 200.35.1.0\/24. Il faut d\u00e9finir un masque r\u00e9seau \u00e9tendu qui permette de placer 20 h\u00f4tes dans chaque sous-r\u00e9seau.<\/p>\n\n\n\n<ol class=\"wp-block-list\">\n<li>Combien de bits sont n\u00e9cessaires sur la partie h\u00f4te de l&rsquo;adresse attribu\u00e9e pour accueillir au moins 20 h\u00f4tes ?<\/li>\n\n\n\n<li>Quel est le nombre maximum d&rsquo;adresses d&rsquo;h\u00f4te utilisables dans chaque sous-r\u00e9seau ?<\/li>\n\n\n\n<li>Quel est le nombre maximum de sous-r\u00e9seaux d\u00e9finis ?<\/li>\n\n\n\n<li>Quelles sont les adresses de tous les sous-r\u00e9seaux d\u00e9finis ?<\/li>\n\n\n\n<li>Quelle est l&rsquo;adresse de diffusion du sous-r\u00e9seau num\u00e9ro 2 ?<\/li>\n<\/ol>\n\n\n\n<details class=\"wp-block-details is-layout-flow wp-block-details-is-layout-flow\"><summary>Solution<\/summary>\n<pre class=\"wp-block-code\"><code>1- Il est n\u00e9cessaire de r\u00e9server un minimum de 5 bits pour pouvoir d\u00e9finir au moins 20 adresses d'h\u00f4te. Sachant que l'espace total d'adressage occupe 32 bits, il reste 27 bits pour la partie r\u00e9seau (32 - 5 = 27).\n\n\n2- La relation entre le nombre de bits (n) de la partie h\u00f4te d'une adresse IPv4 et le nombre d'adresses utilisables est : 2^n - 2. Les deux combinaisons retir\u00e9es sont l'adresse de r\u00e9seau (tous les bits de la partie h\u00f4te \u00e0 0) et l'adresse de diffusion (tous les bits de la partie h\u00f4te \u00e0 1).\nDans le cas pr\u00e9sent, avec 5 bits d'adresses pour la partie h\u00f4te, le nombre d'adresses utilisables est 30 (2^5 - 2 = 30).\n\n\n3- Le masque du r\u00e9seau attribu\u00e9 occupe 24 bits et le masque \u00e9tendu 27 bits (voir question pr\u00e9c\u00e9dente). Le codage des adresses de sous-r\u00e9seau utilise donc 3 bits. Avec 3 bits, on peut coder 8 (2^3) combinaisons binaires soit 8 sous-r\u00e9seaux.\n\n\n4- Pour obtenir la liste des huit adresses de sous-r\u00e9seaux, on construit la table des combinaisons binaires sur les 3 bits suppl\u00e9mentaires du masque r\u00e9seau.\n\nNum\u00e9ro 0 : 11001000.00100011.00000001.000 00000 soit 200.35.1.0\n\nNum\u00e9ro 1 : 11001000.00100011.00000001.001 00000 soit 200.35.1.32\n\nNum\u00e9ro 2 : 11001000.00100011.00000001.010 00000 soit 200.35.1.64\n\nNum\u00e9ro 3 : 11001000.00100011.00000001.011 00000 soit 200.35.1.96\n\nNum\u00e9ro 4 : 11001000.00100011.00000001.100 00000 soit 200.35.1.128\n\nNum\u00e9ro 5 : 11001000.00100011.00000001.101 00000 soit 200.35.1.160\n\nNum\u00e9ro 6 : 11001000.00100011.00000001.110 00000 soit 200.35.1.192\n\nNum\u00e9ro 7 : 11001000.00100011.00000001.111 00000 soit 200.35.1.224\n\n\n5- L'adresse de diffusion du sous-r\u00e9seau num\u00e9ro 2 correspond \u00e0 la combinaison binaire pour laquelle tous les bits de la partie h\u00f4te sont \u00e0 1 et l'adresse r\u00e9seau 200.35.1.64.\n  Address:   200.35.1.64          11001000.00100011.00000001.010 00000\n\nNetmask:   255.255.255.224 = 27 11111111.11111111.11111111.111 00000\n\nBroadcast: 200.35.1.95          11001000.00100011.00000001.010 11111\nCette adresse de diffusion correspond \u00e0 l'adresse du sous-r\u00e9seau suivant moins 1. Partant de l'adresse du sous-r\u00e9seau num\u00e9ro 3 : 200.35.1.96 on enl\u00e8ve 1 pour obtenir l'adresse de diffusion du sous-r\u00e9seau num\u00e9ro 2 : 200.35.1.95.<\/code><\/pre>\n\n\n\n<p class=\"wp-block-paragraph\"><\/p>\n<\/details>\n","protected":false},"excerpt":{"rendered":"<p>Question 1: Soit l&rsquo;adresse 192.16.5.133\/29. Combien de bits sont utilis\u00e9s pour identifier la partie r\u00e9seau ?&nbsp; Combien de bits sont utilis\u00e9s pour identifier la partie h\u00f4te ? Question 2: Soit [&hellip;]<\/p>\n","protected":false},"author":1,"featured_media":0,"parent":0,"menu_order":0,"comment_status":"closed","ping_status":"closed","template":"","meta":{"_crdt_document":"","_uag_custom_page_level_css":"","footnotes":""},"class_list":["post-7176","page","type-page","status-publish","hentry"],"yoast_head":"<!-- This site is optimized with the Yoast SEO plugin v27.3 - https:\/\/yoast.com\/product\/yoast-seo-wordpress\/ -->\n<title>IPV4 Exercices - workboot<\/title>\n<meta name=\"robots\" content=\"index, follow, max-snippet:-1, max-image-preview:large, max-video-preview:-1\" \/>\n<link rel=\"canonical\" href=\"https:\/\/workboot.fr\/ciela\/ipv4-exercices\/\" \/>\n<meta property=\"og:locale\" content=\"fr_FR\" \/>\n<meta property=\"og:type\" content=\"article\" \/>\n<meta property=\"og:title\" content=\"IPV4 Exercices - workboot\" \/>\n<meta property=\"og:description\" content=\"Question 1: Soit l&rsquo;adresse 192.16.5.133\/29. Combien de bits sont utilis\u00e9s pour identifier la partie r\u00e9seau ?&nbsp; Combien de bits sont utilis\u00e9s pour identifier la partie h\u00f4te ? Question 2: Soit [&hellip;]\" \/>\n<meta property=\"og:url\" content=\"https:\/\/workboot.fr\/ciela\/ipv4-exercices\/\" \/>\n<meta property=\"og:site_name\" content=\"workboot\" \/>\n<meta property=\"article:modified_time\" content=\"2026-03-23T12:47:21+00:00\" \/>\n<meta name=\"twitter:label1\" content=\"Dur\u00e9e de lecture estim\u00e9e\" \/>\n\t<meta name=\"twitter:data1\" content=\"3 minutes\" \/>\n<script type=\"application\/ld+json\" class=\"yoast-schema-graph\">{\"@context\":\"https:\\\/\\\/schema.org\",\"@graph\":[{\"@type\":\"WebPage\",\"@id\":\"https:\\\/\\\/workboot.fr\\\/ciela\\\/ipv4-exercices\\\/\",\"url\":\"https:\\\/\\\/workboot.fr\\\/ciela\\\/ipv4-exercices\\\/\",\"name\":\"IPV4 Exercices - workboot\",\"isPartOf\":{\"@id\":\"https:\\\/\\\/workboot.fr\\\/ciela\\\/#website\"},\"datePublished\":\"2026-03-23T12:26:34+00:00\",\"dateModified\":\"2026-03-23T12:47:21+00:00\",\"inLanguage\":\"fr-FR\",\"potentialAction\":[{\"@type\":\"ReadAction\",\"target\":[\"https:\\\/\\\/workboot.fr\\\/ciela\\\/ipv4-exercices\\\/\"]}]},{\"@type\":\"WebSite\",\"@id\":\"https:\\\/\\\/workboot.fr\\\/ciela\\\/#website\",\"url\":\"https:\\\/\\\/workboot.fr\\\/ciela\\\/\",\"name\":\"workboot\",\"description\":\"Open Source, Open Minds \",\"publisher\":{\"@id\":\"https:\\\/\\\/workboot.fr\\\/ciela\\\/#organization\"},\"potentialAction\":[{\"@type\":\"SearchAction\",\"target\":{\"@type\":\"EntryPoint\",\"urlTemplate\":\"https:\\\/\\\/workboot.fr\\\/ciela\\\/?s={search_term_string}\"},\"query-input\":{\"@type\":\"PropertyValueSpecification\",\"valueRequired\":true,\"valueName\":\"search_term_string\"}}],\"inLanguage\":\"fr-FR\"},{\"@type\":\"Organization\",\"@id\":\"https:\\\/\\\/workboot.fr\\\/ciela\\\/#organization\",\"name\":\"workboot\",\"url\":\"https:\\\/\\\/workboot.fr\\\/ciela\\\/\",\"logo\":{\"@type\":\"ImageObject\",\"inLanguage\":\"fr-FR\",\"@id\":\"https:\\\/\\\/workboot.fr\\\/ciela\\\/#\\\/schema\\\/logo\\\/image\\\/\",\"url\":\"https:\\\/\\\/workboot.fr\\\/ciela\\\/wp-content\\\/uploads\\\/2025\\\/05\\\/logo_ciel-dorian-1.png\",\"contentUrl\":\"https:\\\/\\\/workboot.fr\\\/ciela\\\/wp-content\\\/uploads\\\/2025\\\/05\\\/logo_ciel-dorian-1.png\",\"width\":1024,\"height\":950,\"caption\":\"workboot\"},\"image\":{\"@id\":\"https:\\\/\\\/workboot.fr\\\/ciela\\\/#\\\/schema\\\/logo\\\/image\\\/\"}}]}<\/script>\n<!-- \/ Yoast SEO plugin. -->","yoast_head_json":{"title":"IPV4 Exercices - workboot","robots":{"index":"index","follow":"follow","max-snippet":"max-snippet:-1","max-image-preview":"max-image-preview:large","max-video-preview":"max-video-preview:-1"},"canonical":"https:\/\/workboot.fr\/ciela\/ipv4-exercices\/","og_locale":"fr_FR","og_type":"article","og_title":"IPV4 Exercices - workboot","og_description":"Question 1: Soit l&rsquo;adresse 192.16.5.133\/29. Combien de bits sont utilis\u00e9s pour identifier la partie r\u00e9seau ?&nbsp; Combien de bits sont utilis\u00e9s pour identifier la partie h\u00f4te ? Question 2: Soit [&hellip;]","og_url":"https:\/\/workboot.fr\/ciela\/ipv4-exercices\/","og_site_name":"workboot","article_modified_time":"2026-03-23T12:47:21+00:00","twitter_misc":{"Dur\u00e9e de lecture estim\u00e9e":"3 minutes"},"schema":{"@context":"https:\/\/schema.org","@graph":[{"@type":"WebPage","@id":"https:\/\/workboot.fr\/ciela\/ipv4-exercices\/","url":"https:\/\/workboot.fr\/ciela\/ipv4-exercices\/","name":"IPV4 Exercices - workboot","isPartOf":{"@id":"https:\/\/workboot.fr\/ciela\/#website"},"datePublished":"2026-03-23T12:26:34+00:00","dateModified":"2026-03-23T12:47:21+00:00","inLanguage":"fr-FR","potentialAction":[{"@type":"ReadAction","target":["https:\/\/workboot.fr\/ciela\/ipv4-exercices\/"]}]},{"@type":"WebSite","@id":"https:\/\/workboot.fr\/ciela\/#website","url":"https:\/\/workboot.fr\/ciela\/","name":"workboot","description":"Open Source, Open Minds ","publisher":{"@id":"https:\/\/workboot.fr\/ciela\/#organization"},"potentialAction":[{"@type":"SearchAction","target":{"@type":"EntryPoint","urlTemplate":"https:\/\/workboot.fr\/ciela\/?s={search_term_string}"},"query-input":{"@type":"PropertyValueSpecification","valueRequired":true,"valueName":"search_term_string"}}],"inLanguage":"fr-FR"},{"@type":"Organization","@id":"https:\/\/workboot.fr\/ciela\/#organization","name":"workboot","url":"https:\/\/workboot.fr\/ciela\/","logo":{"@type":"ImageObject","inLanguage":"fr-FR","@id":"https:\/\/workboot.fr\/ciela\/#\/schema\/logo\/image\/","url":"https:\/\/workboot.fr\/ciela\/wp-content\/uploads\/2025\/05\/logo_ciel-dorian-1.png","contentUrl":"https:\/\/workboot.fr\/ciela\/wp-content\/uploads\/2025\/05\/logo_ciel-dorian-1.png","width":1024,"height":950,"caption":"workboot"},"image":{"@id":"https:\/\/workboot.fr\/ciela\/#\/schema\/logo\/image\/"}}]}},"uagb_featured_image_src":{"full":false,"thumbnail":false,"medium":false,"medium_large":false,"large":false,"1536x1536":false,"2048x2048":false},"uagb_author_info":{"display_name":"admin","author_link":"https:\/\/workboot.fr\/ciela\/author\/admin\/"},"uagb_comment_info":0,"uagb_excerpt":"Question 1: Soit l&rsquo;adresse 192.16.5.133\/29. Combien de bits sont utilis\u00e9s pour identifier la partie r\u00e9seau ?&nbsp; Combien de bits sont utilis\u00e9s pour identifier la partie h\u00f4te ? Question 2: Soit [&hellip;]","_links":{"self":[{"href":"https:\/\/workboot.fr\/ciela\/wp-json\/wp\/v2\/pages\/7176","targetHints":{"allow":["GET"]}}],"collection":[{"href":"https:\/\/workboot.fr\/ciela\/wp-json\/wp\/v2\/pages"}],"about":[{"href":"https:\/\/workboot.fr\/ciela\/wp-json\/wp\/v2\/types\/page"}],"author":[{"embeddable":true,"href":"https:\/\/workboot.fr\/ciela\/wp-json\/wp\/v2\/users\/1"}],"replies":[{"embeddable":true,"href":"https:\/\/workboot.fr\/ciela\/wp-json\/wp\/v2\/comments?post=7176"}],"version-history":[{"count":5,"href":"https:\/\/workboot.fr\/ciela\/wp-json\/wp\/v2\/pages\/7176\/revisions"}],"predecessor-version":[{"id":7187,"href":"https:\/\/workboot.fr\/ciela\/wp-json\/wp\/v2\/pages\/7176\/revisions\/7187"}],"wp:attachment":[{"href":"https:\/\/workboot.fr\/ciela\/wp-json\/wp\/v2\/media?parent=7176"}],"curies":[{"name":"wp","href":"https:\/\/api.w.org\/{rel}","templated":true}]}}