{"id":999,"date":"2025-05-27T16:41:31","date_gmt":"2025-05-27T15:41:31","guid":{"rendered":"https:\/\/workboot.fr\/ciela\/?page_id=999"},"modified":"2025-09-29T15:36:41","modified_gmt":"2025-09-29T14:36:41","slug":"debian11-avec-virtualbox","status":"publish","type":"page","link":"https:\/\/workboot.fr\/ciela\/debian11-avec-virtualbox\/","title":{"rendered":"Debian11 avec virtualbox"},"content":{"rendered":"\n<p class=\"wp-block-paragraph\">Cette machine est une debian sans aucune capacit\u00e9 graphique , volontairement pour l&rsquo;apprentissage de Linux en ligne de commande<\/p>\n\n\n\n<p class=\"wp-block-paragraph\">Cette image est configur\u00e9es pour \u00eatre utilis\u00e9e avec le Proxy du lyc\u00e9e<\/p>\n\n\n\n<p class=\"wp-block-paragraph\">image pour le lyc\u00e9e : <a href=\"https:\/\/workboot.fr\/Download\/Virtualbox\/V29092025\/Debian11.ova\">debian11.ova<\/a><\/p>\n\n\n\n<p class=\"wp-block-paragraph\">image pour la maison sans proxy  : <a href=\"https:\/\/workboot.fr\/Download\/Virtualbox\/V29092025\/Debian11_house.ova\">debian11_house.ova<\/a><\/p>\n\n\n\n<p class=\"wp-block-paragraph\">Vous disposez ici d&rsquo;une machine avec <\/p>\n\n\n\n<ul class=\"wp-block-list\">\n<li>un compte administrateur          login:<strong> root<\/strong>                  mdp: <strong>debian<\/strong><\/li>\n\n\n\n<li>un compte utilisateur                  login : <strong>etudiant<\/strong>          mdp: <strong>etudiant<\/strong><\/li>\n<\/ul>\n\n\n\n<p class=\"wp-block-paragraph\">Grub permet choisir le boot  , GRUB est l&rsquo;acronyme de <strong>GRand Unified Bootloader<\/strong>.<\/p>\n\n\n<div class=\"wp-block-image\">\n<figure class=\"aligncenter size-full is-resized\"><a href=\"https:\/\/workboot.fr\/ciela\/wp-content\/uploads\/2025\/06\/debian_grub.png\"><img loading=\"lazy\" decoding=\"async\" width=\"640\" height=\"533\" src=\"https:\/\/workboot.fr\/ciela\/wp-content\/uploads\/2025\/06\/debian_grub.png\" alt=\"\" class=\"wp-image-1239\" style=\"width:790px;height:auto\" srcset=\"https:\/\/workboot.fr\/ciela\/wp-content\/uploads\/2025\/06\/debian_grub.png 640w, https:\/\/workboot.fr\/ciela\/wp-content\/uploads\/2025\/06\/debian_grub-300x250.png 300w\" sizes=\"auto, (max-width: 640px) 100vw, 640px\" \/><\/a><figcaption class=\"wp-element-caption\">D\u00e9marrage de Grub (boot)<\/figcaption><\/figure>\n<\/div>\n\n\n<p class=\"wp-block-paragraph\"><strong>login<\/strong> :  attend le nom de l&rsquo;utilisateur , ici root et etudiant ,  root \u00e9tant ici l\u2019administrateur de la machine<\/p>\n\n\n<div class=\"wp-block-image\">\n<figure class=\"aligncenter size-full\"><a href=\"https:\/\/workboot.fr\/ciela\/wp-content\/uploads\/2025\/06\/debian_tty1.png\"><img loading=\"lazy\" decoding=\"async\" width=\"800\" height=\"653\" src=\"https:\/\/workboot.fr\/ciela\/wp-content\/uploads\/2025\/06\/debian_tty1.png\" alt=\"\" class=\"wp-image-1241\" srcset=\"https:\/\/workboot.fr\/ciela\/wp-content\/uploads\/2025\/06\/debian_tty1.png 800w, https:\/\/workboot.fr\/ciela\/wp-content\/uploads\/2025\/06\/debian_tty1-300x245.png 300w, https:\/\/workboot.fr\/ciela\/wp-content\/uploads\/2025\/06\/debian_tty1-768x627.png 768w\" sizes=\"auto, (max-width: 800px) 100vw, 800px\" \/><\/a><figcaption class=\"wp-element-caption\">login de connexion<\/figcaption><\/figure>\n<\/div>\n\n\n<p class=\"wp-block-paragraph\">exemple de connexion avec root , son mot de passe ici est debian<\/p>\n\n\n<div class=\"wp-block-image\">\n<figure class=\"aligncenter size-full\"><a href=\"https:\/\/workboot.fr\/ciela\/wp-content\/uploads\/2025\/06\/debian_root.png\"><img loading=\"lazy\" decoding=\"async\" width=\"800\" height=\"653\" src=\"https:\/\/workboot.fr\/ciela\/wp-content\/uploads\/2025\/06\/debian_root.png\" alt=\"\" class=\"wp-image-1252\" srcset=\"https:\/\/workboot.fr\/ciela\/wp-content\/uploads\/2025\/06\/debian_root.png 800w, https:\/\/workboot.fr\/ciela\/wp-content\/uploads\/2025\/06\/debian_root-300x245.png 300w, https:\/\/workboot.fr\/ciela\/wp-content\/uploads\/2025\/06\/debian_root-768x627.png 768w\" sizes=\"auto, (max-width: 800px) 100vw, 800px\" \/><\/a><\/figure>\n<\/div>\n\n<div class=\"wp-block-image\">\n<figure class=\"aligncenter size-full\"><a href=\"https:\/\/workboot.fr\/ciela\/wp-content\/uploads\/2025\/06\/debian_etudiant_tty3.png\"><img loading=\"lazy\" decoding=\"async\" width=\"800\" height=\"653\" src=\"https:\/\/workboot.fr\/ciela\/wp-content\/uploads\/2025\/06\/debian_etudiant_tty3.png\" alt=\"\" class=\"wp-image-1249\" srcset=\"https:\/\/workboot.fr\/ciela\/wp-content\/uploads\/2025\/06\/debian_etudiant_tty3.png 800w, https:\/\/workboot.fr\/ciela\/wp-content\/uploads\/2025\/06\/debian_etudiant_tty3-300x245.png 300w, https:\/\/workboot.fr\/ciela\/wp-content\/uploads\/2025\/06\/debian_etudiant_tty3-768x627.png 768w\" sizes=\"auto, (max-width: 800px) 100vw, 800px\" \/><\/a><figcaption class=\"wp-element-caption\">connexion etudiant<\/figcaption><\/figure>\n<\/div>","protected":false},"excerpt":{"rendered":"<p>Cette machine est une debian sans aucune capacit\u00e9 graphique , volontairement pour l&rsquo;apprentissage de Linux en ligne de commande Cette image est configur\u00e9es pour \u00eatre utilis\u00e9e avec le Proxy du [&hellip;]<\/p>\n","protected":false},"author":1,"featured_media":0,"parent":0,"menu_order":0,"comment_status":"closed","ping_status":"closed","template":"","meta":{"_crdt_document":"","_uag_custom_page_level_css":"","footnotes":""},"class_list":["post-999","page","type-page","status-publish","hentry"],"yoast_head":"<!-- This site is optimized with the Yoast SEO plugin v27.3 - https:\/\/yoast.com\/product\/yoast-seo-wordpress\/ -->\n<title>Debian11 avec virtualbox - workboot<\/title>\n<meta name=\"robots\" content=\"index, follow, max-snippet:-1, max-image-preview:large, max-video-preview:-1\" \/>\n<link rel=\"canonical\" href=\"https:\/\/workboot.fr\/ciela\/debian11-avec-virtualbox\/\" \/>\n<meta property=\"og:locale\" content=\"fr_FR\" \/>\n<meta property=\"og:type\" content=\"article\" \/>\n<meta property=\"og:title\" content=\"Debian11 avec virtualbox - workboot\" \/>\n<meta property=\"og:description\" content=\"Cette machine est une debian sans aucune capacit\u00e9 graphique , volontairement pour l&rsquo;apprentissage de Linux en ligne de commande Cette image est configur\u00e9es pour \u00eatre utilis\u00e9e avec le Proxy du [&hellip;]\" \/>\n<meta property=\"og:url\" content=\"https:\/\/workboot.fr\/ciela\/debian11-avec-virtualbox\/\" \/>\n<meta property=\"og:site_name\" content=\"workboot\" \/>\n<meta property=\"article:modified_time\" content=\"2025-09-29T14:36:41+00:00\" \/>\n<meta property=\"og:image\" content=\"https:\/\/workboot.fr\/ciela\/wp-content\/uploads\/2025\/06\/debian_grub.png\" \/>\n\t<meta property=\"og:image:width\" content=\"640\" \/>\n\t<meta property=\"og:image:height\" content=\"533\" \/>\n\t<meta property=\"og:image:type\" content=\"image\/png\" \/>\n<meta name=\"twitter:label1\" content=\"Dur\u00e9e de lecture estim\u00e9e\" \/>\n\t<meta name=\"twitter:data1\" content=\"2 minutes\" \/>\n<script type=\"application\/ld+json\" class=\"yoast-schema-graph\">{\"@context\":\"https:\\\/\\\/schema.org\",\"@graph\":[{\"@type\":\"WebPage\",\"@id\":\"https:\\\/\\\/workboot.fr\\\/ciela\\\/debian11-avec-virtualbox\\\/\",\"url\":\"https:\\\/\\\/workboot.fr\\\/ciela\\\/debian11-avec-virtualbox\\\/\",\"name\":\"Debian11 avec virtualbox - workboot\",\"isPartOf\":{\"@id\":\"https:\\\/\\\/workboot.fr\\\/ciela\\\/#website\"},\"primaryImageOfPage\":{\"@id\":\"https:\\\/\\\/workboot.fr\\\/ciela\\\/debian11-avec-virtualbox\\\/#primaryimage\"},\"image\":{\"@id\":\"https:\\\/\\\/workboot.fr\\\/ciela\\\/debian11-avec-virtualbox\\\/#primaryimage\"},\"thumbnailUrl\":\"https:\\\/\\\/workboot.fr\\\/ciela\\\/wp-content\\\/uploads\\\/2025\\\/06\\\/debian_grub.png\",\"datePublished\":\"2025-05-27T15:41:31+00:00\",\"dateModified\":\"2025-09-29T14:36:41+00:00\",\"inLanguage\":\"fr-FR\",\"potentialAction\":[{\"@type\":\"ReadAction\",\"target\":[\"https:\\\/\\\/workboot.fr\\\/ciela\\\/debian11-avec-virtualbox\\\/\"]}]},{\"@type\":\"ImageObject\",\"inLanguage\":\"fr-FR\",\"@id\":\"https:\\\/\\\/workboot.fr\\\/ciela\\\/debian11-avec-virtualbox\\\/#primaryimage\",\"url\":\"https:\\\/\\\/workboot.fr\\\/ciela\\\/wp-content\\\/uploads\\\/2025\\\/06\\\/debian_grub.png\",\"contentUrl\":\"https:\\\/\\\/workboot.fr\\\/ciela\\\/wp-content\\\/uploads\\\/2025\\\/06\\\/debian_grub.png\",\"width\":640,\"height\":533},{\"@type\":\"WebSite\",\"@id\":\"https:\\\/\\\/workboot.fr\\\/ciela\\\/#website\",\"url\":\"https:\\\/\\\/workboot.fr\\\/ciela\\\/\",\"name\":\"workboot\",\"description\":\"Open Source, Open Minds \",\"publisher\":{\"@id\":\"https:\\\/\\\/workboot.fr\\\/ciela\\\/#organization\"},\"potentialAction\":[{\"@type\":\"SearchAction\",\"target\":{\"@type\":\"EntryPoint\",\"urlTemplate\":\"https:\\\/\\\/workboot.fr\\\/ciela\\\/?s={search_term_string}\"},\"query-input\":{\"@type\":\"PropertyValueSpecification\",\"valueRequired\":true,\"valueName\":\"search_term_string\"}}],\"inLanguage\":\"fr-FR\"},{\"@type\":\"Organization\",\"@id\":\"https:\\\/\\\/workboot.fr\\\/ciela\\\/#organization\",\"name\":\"workboot\",\"url\":\"https:\\\/\\\/workboot.fr\\\/ciela\\\/\",\"logo\":{\"@type\":\"ImageObject\",\"inLanguage\":\"fr-FR\",\"@id\":\"https:\\\/\\\/workboot.fr\\\/ciela\\\/#\\\/schema\\\/logo\\\/image\\\/\",\"url\":\"https:\\\/\\\/workboot.fr\\\/ciela\\\/wp-content\\\/uploads\\\/2025\\\/05\\\/logo_ciel-dorian-1.png\",\"contentUrl\":\"https:\\\/\\\/workboot.fr\\\/ciela\\\/wp-content\\\/uploads\\\/2025\\\/05\\\/logo_ciel-dorian-1.png\",\"width\":1024,\"height\":950,\"caption\":\"workboot\"},\"image\":{\"@id\":\"https:\\\/\\\/workboot.fr\\\/ciela\\\/#\\\/schema\\\/logo\\\/image\\\/\"}}]}<\/script>\n<!-- \/ Yoast SEO plugin. -->","yoast_head_json":{"title":"Debian11 avec virtualbox - workboot","robots":{"index":"index","follow":"follow","max-snippet":"max-snippet:-1","max-image-preview":"max-image-preview:large","max-video-preview":"max-video-preview:-1"},"canonical":"https:\/\/workboot.fr\/ciela\/debian11-avec-virtualbox\/","og_locale":"fr_FR","og_type":"article","og_title":"Debian11 avec virtualbox - workboot","og_description":"Cette machine est une debian sans aucune capacit\u00e9 graphique , volontairement pour l&rsquo;apprentissage de Linux en ligne de commande Cette image est configur\u00e9es pour \u00eatre utilis\u00e9e avec le Proxy du [&hellip;]","og_url":"https:\/\/workboot.fr\/ciela\/debian11-avec-virtualbox\/","og_site_name":"workboot","article_modified_time":"2025-09-29T14:36:41+00:00","og_image":[{"width":640,"height":533,"url":"https:\/\/workboot.fr\/ciela\/wp-content\/uploads\/2025\/06\/debian_grub.png","type":"image\/png"}],"twitter_misc":{"Dur\u00e9e de lecture estim\u00e9e":"2 minutes"},"schema":{"@context":"https:\/\/schema.org","@graph":[{"@type":"WebPage","@id":"https:\/\/workboot.fr\/ciela\/debian11-avec-virtualbox\/","url":"https:\/\/workboot.fr\/ciela\/debian11-avec-virtualbox\/","name":"Debian11 avec virtualbox - workboot","isPartOf":{"@id":"https:\/\/workboot.fr\/ciela\/#website"},"primaryImageOfPage":{"@id":"https:\/\/workboot.fr\/ciela\/debian11-avec-virtualbox\/#primaryimage"},"image":{"@id":"https:\/\/workboot.fr\/ciela\/debian11-avec-virtualbox\/#primaryimage"},"thumbnailUrl":"https:\/\/workboot.fr\/ciela\/wp-content\/uploads\/2025\/06\/debian_grub.png","datePublished":"2025-05-27T15:41:31+00:00","dateModified":"2025-09-29T14:36:41+00:00","inLanguage":"fr-FR","potentialAction":[{"@type":"ReadAction","target":["https:\/\/workboot.fr\/ciela\/debian11-avec-virtualbox\/"]}]},{"@type":"ImageObject","inLanguage":"fr-FR","@id":"https:\/\/workboot.fr\/ciela\/debian11-avec-virtualbox\/#primaryimage","url":"https:\/\/workboot.fr\/ciela\/wp-content\/uploads\/2025\/06\/debian_grub.png","contentUrl":"https:\/\/workboot.fr\/ciela\/wp-content\/uploads\/2025\/06\/debian_grub.png","width":640,"height":533},{"@type":"WebSite","@id":"https:\/\/workboot.fr\/ciela\/#website","url":"https:\/\/workboot.fr\/ciela\/","name":"workboot","description":"Open Source, Open Minds ","publisher":{"@id":"https:\/\/workboot.fr\/ciela\/#organization"},"potentialAction":[{"@type":"SearchAction","target":{"@type":"EntryPoint","urlTemplate":"https:\/\/workboot.fr\/ciela\/?s={search_term_string}"},"query-input":{"@type":"PropertyValueSpecification","valueRequired":true,"valueName":"search_term_string"}}],"inLanguage":"fr-FR"},{"@type":"Organization","@id":"https:\/\/workboot.fr\/ciela\/#organization","name":"workboot","url":"https:\/\/workboot.fr\/ciela\/","logo":{"@type":"ImageObject","inLanguage":"fr-FR","@id":"https:\/\/workboot.fr\/ciela\/#\/schema\/logo\/image\/","url":"https:\/\/workboot.fr\/ciela\/wp-content\/uploads\/2025\/05\/logo_ciel-dorian-1.png","contentUrl":"https:\/\/workboot.fr\/ciela\/wp-content\/uploads\/2025\/05\/logo_ciel-dorian-1.png","width":1024,"height":950,"caption":"workboot"},"image":{"@id":"https:\/\/workboot.fr\/ciela\/#\/schema\/logo\/image\/"}}]}},"uagb_featured_image_src":{"full":false,"thumbnail":false,"medium":false,"medium_large":false,"large":false,"1536x1536":false,"2048x2048":false},"uagb_author_info":{"display_name":"admin","author_link":"https:\/\/workboot.fr\/ciela\/author\/admin\/"},"uagb_comment_info":0,"uagb_excerpt":"Cette machine est une debian sans aucune capacit\u00e9 graphique , volontairement pour l&rsquo;apprentissage de Linux en ligne de commande Cette image est configur\u00e9es pour \u00eatre utilis\u00e9e avec le Proxy du [&hellip;]","_links":{"self":[{"href":"https:\/\/workboot.fr\/ciela\/wp-json\/wp\/v2\/pages\/999","targetHints":{"allow":["GET"]}}],"collection":[{"href":"https:\/\/workboot.fr\/ciela\/wp-json\/wp\/v2\/pages"}],"about":[{"href":"https:\/\/workboot.fr\/ciela\/wp-json\/wp\/v2\/types\/page"}],"author":[{"embeddable":true,"href":"https:\/\/workboot.fr\/ciela\/wp-json\/wp\/v2\/users\/1"}],"replies":[{"embeddable":true,"href":"https:\/\/workboot.fr\/ciela\/wp-json\/wp\/v2\/comments?post=999"}],"version-history":[{"count":18,"href":"https:\/\/workboot.fr\/ciela\/wp-json\/wp\/v2\/pages\/999\/revisions"}],"predecessor-version":[{"id":4337,"href":"https:\/\/workboot.fr\/ciela\/wp-json\/wp\/v2\/pages\/999\/revisions\/4337"}],"wp:attachment":[{"href":"https:\/\/workboot.fr\/ciela\/wp-json\/wp\/v2\/media?parent=999"}],"curies":[{"name":"wp","href":"https:\/\/api.w.org\/{rel}","templated":true}]}}